{"id":389,"date":"2022-10-23T10:20:50","date_gmt":"2022-10-23T08:20:50","guid":{"rendered":"https:\/\/kiube.se\/zon9\/?page_id=389"},"modified":"2022-10-23T13:02:28","modified_gmt":"2022-10-23T11:02:28","slug":"klimatnodlage","status":"publish","type":"page","link":"https:\/\/kiube.se\/zon9\/klimatnodlage\/","title":{"rendered":"Klimatn\u00f6dl\u00e4ge"},"content":{"rendered":"<p>Kommande generation har r\u00e4tt till ett klimatneutralt samh\u00e4lle. Och det \u00e4r v\u00e5r generation som har ansvar att se till att det blir s\u00e5, trenden idag pekar tyv\u00e4rr i helt fel riktning . Vilket inneb\u00e4r att vi beh\u00f6ver radikala systemf\u00f6r\u00e4ndringar f\u00f6r att v\u00e4nda kurvan. Vi har f\u00f6rm\u00e5ga att testa nya v\u00e4gar, och beh\u00f6ver d\u00e4rf\u00f6r ditt st\u00f6d.<\/p>\n<p>Vi beh\u00f6ver st\u00e4lla om v\u00e5rt s\u00e4tt att agera p\u00e5 denna planet till ett mer h\u00e5llbart och l\u00e5ngsiktigt syns\u00e4tt. Att st\u00e4lla om inneb\u00e4r att vi m\u00e5ste l\u00e4ra oss nya s\u00e4tt att g\u00f6ra saker p\u00e5. Att \u00e4ndra invanda beteende \u00e4r bland det sv\u00e5raste som finns. Men genom att \u00f6va s\u00e5 g\u00e5r det att f\u00f6r\u00e4ndra alla vanor. \u00d6vning \u00e4r det som ger b\u00e4st resultat till f\u00f6r\u00e4ndring<\/p>\n","protected":false},"excerpt":{"rendered":"<p>Kommande generation har r\u00e4tt till ett klimatneutralt samh\u00e4lle. Och det \u00e4r v\u00e5r generation som har ansvar att se till att det blir s\u00e5, trenden idag pekar tyv\u00e4rr i helt fel riktning . Vilket inneb\u00e4r att vi beh\u00f6ver radikala systemf\u00f6r\u00e4ndringar f\u00f6r att v\u00e4nda kurvan. Vi har f\u00f6rm\u00e5ga att testa nya v\u00e4gar, och beh\u00f6ver d\u00e4rf\u00f6r ditt st\u00f6d. &#8230; <a title=\"Klimatn\u00f6dl\u00e4ge\" class=\"read-more\" href=\"https:\/\/kiube.se\/zon9\/klimatnodlage\/\" aria-label=\"L\u00e4s mer om Klimatn\u00f6dl\u00e4ge\">L\u00e4s mer<\/a><\/p>\n","protected":false},"author":118,"featured_media":308,"parent":0,"menu_order":0,"comment_status":"closed","ping_status":"closed","template":"","meta":{"footnotes":""},"class_list":["post-389","page","type-page","status-publish","has-post-thumbnail"],"_links":{"self":[{"href":"https:\/\/kiube.se\/zon9\/wp-json\/wp\/v2\/pages\/389","targetHints":{"allow":["GET"]}}],"collection":[{"href":"https:\/\/kiube.se\/zon9\/wp-json\/wp\/v2\/pages"}],"about":[{"href":"https:\/\/kiube.se\/zon9\/wp-json\/wp\/v2\/types\/page"}],"author":[{"embeddable":true,"href":"https:\/\/kiube.se\/zon9\/wp-json\/wp\/v2\/users\/118"}],"replies":[{"embeddable":true,"href":"https:\/\/kiube.se\/zon9\/wp-json\/wp\/v2\/comments?post=389"}],"version-history":[{"count":0,"href":"https:\/\/kiube.se\/zon9\/wp-json\/wp\/v2\/pages\/389\/revisions"}],"wp:featuredmedia":[{"embeddable":true,"href":"https:\/\/kiube.se\/zon9\/wp-json\/wp\/v2\/media\/308"}],"wp:attachment":[{"href":"https:\/\/kiube.se\/zon9\/wp-json\/wp\/v2\/media?parent=389"}],"curies":[{"name":"wp","href":"https:\/\/api.w.org\/{rel}","templated":true}]}}