{"id":25,"date":"2022-02-18T12:16:09","date_gmt":"2022-02-18T11:16:09","guid":{"rendered":"https:\/\/kiube.se\/zon9\/?page_id=25"},"modified":"2022-02-22T16:59:32","modified_gmt":"2022-02-22T15:59:32","slug":"startsida","status":"publish","type":"page","link":"https:\/\/kiube.se\/zon9\/","title":{"rendered":"Startsida"},"content":{"rendered":"\n<div class=\"wp-block-cover alignfull is-light\"><span aria-hidden=\"true\" class=\"has-background-dim-20 wp-block-cover__gradient-background has-background-dim\"><\/span><img loading=\"lazy\" decoding=\"async\" width=\"700\" height=\"467\" class=\"wp-block-cover__image-background wp-image-218\" alt=\"\" src=\"https:\/\/s3.eu-north-1.amazonaws.com\/kiube.se\/wp-content\/uploads\/sites\/111\/2022\/02\/22134927\/Studiecirkelfoto.jpg\" style=\"object-position:61% 68%\" data-object-fit=\"cover\" data-object-position=\"61% 68%\" srcset=\"https:\/\/s3.eu-north-1.amazonaws.com\/kiube.se\/wp-content\/uploads\/sites\/111\/2022\/02\/22134927\/Studiecirkelfoto.jpg 700w, https:\/\/s3.eu-north-1.amazonaws.com\/kiube.se\/wp-content\/uploads\/sites\/111\/2022\/02\/22134927\/Studiecirkelfoto-300x200.jpg 300w\" sizes=\"auto, (max-width: 700px) 100vw, 700px\" \/><div class=\"wp-block-cover__inner-container is-layout-flow wp-block-cover-is-layout-flow\">\n<p class=\"has-text-align-center has-base-3-color has-text-color has-large-font-size\">V\u00e4lkommen till cirkeln v\u00e5r framtid!<\/p>\n\n\n\n<div class=\"wp-block-columns is-layout-flex wp-container-core-columns-is-layout-9d6595d7 wp-block-columns-is-layout-flex\">\n<div class=\"wp-block-column is-layout-flow wp-block-column-is-layout-flow\"><\/div>\n\n\n\n<div class=\"wp-block-column is-layout-flow wp-block-column-is-layout-flow\">\n<div class=\"wp-block-buttons is-layout-flex wp-block-buttons-is-layout-flex\">\n<div class=\"wp-block-button is-style-fill\"><a class=\"wp-block-button__link has-accent-background-color has-background\" href=\"https:\/\/kiube.se\/zon9\/presentation\/borja-har\/#\/\">B\u00f6rja h\u00e4r!<\/a><\/div>\n<\/div>\n<\/div>\n\n\n\n<div class=\"wp-block-column is-layout-flow wp-block-column-is-layout-flow\"><\/div>\n<\/div>\n<\/div><\/div>\n\n\n\n<p><\/p>\n\n\n\n<div class=\"wp-block-columns is-layout-flex wp-container-core-columns-is-layout-9d6595d7 wp-block-columns-is-layout-flex\">\n<div class=\"wp-block-column is-layout-flow wp-block-column-is-layout-flow\" style=\"flex-basis:22.22%\"><\/div>\n\n\n\n<div class=\"wp-block-column has-contrast-2-color has-text-color is-layout-flow wp-block-column-is-layout-flow\" style=\"flex-basis:44.45%\">\n<p class=\"has-contrast-3-color has-text-color\">Det \u00e4r inte l\u00e4tt att vara m\u00e4nniska i en kaotisk tid d\u00e4r utmaningarna duggar t\u00e4tt oavsett om det g\u00e4ller globala risker, nationella samh\u00e4llsproblem eller personliga pr\u00f6vningar. <\/p>\n\n\n\n<p class=\"has-contrast-3-color has-text-color\">Situationen skapar ett \u00f6kat behov av att prata med varandra. M\u00e5nga m\u00e4nniskor \u00e4r idag ensamma eller har ibland sv\u00e5rt att prata med n\u00e4rst\u00e5ende eftersom vilja, intresse eller f\u00f6rst\u00e5else saknas. <\/p>\n\n\n\n<p class=\"has-contrast-3-color has-text-color\">Och \u00e4ven om du har m\u00e5nga bekanta att prata med s\u00e5 kan det vara uppfriskande att tr\u00e4ffa nya personer fr\u00e5n olika kulturella bakgrunder och \u00e5ldrar som har andra livserfarenheter. <\/p>\n\n\n\n<p class=\"has-contrast-3-color has-text-color\">En studiecirkel kan vara ett fantastiskt s\u00e4tt att tr\u00e4ffa andra, l\u00e4ra sig mer, utvecklas och f\u00e5 nya perspektiv, exempelvis att:<\/p>\n<\/div>\n\n\n\n<div class=\"wp-block-column has-contrast-2-color has-text-color is-layout-flow wp-block-column-is-layout-flow\" style=\"flex-basis:33.33%\"><\/div>\n<\/div>\n","protected":false},"excerpt":{"rendered":"<p>Det \u00e4r inte l\u00e4tt att vara m\u00e4nniska i en kaotisk tid d\u00e4r utmaningarna duggar t\u00e4tt oavsett om det g\u00e4ller globala risker, nationella samh\u00e4llsproblem eller personliga pr\u00f6vningar. Situationen skapar ett \u00f6kat behov av att prata med varandra. M\u00e5nga m\u00e4nniskor \u00e4r idag ensamma eller har ibland sv\u00e5rt att prata med n\u00e4rst\u00e5ende eftersom vilja, intresse eller f\u00f6rst\u00e5else saknas. &#8230; <a title=\"Startsida\" class=\"read-more\" href=\"https:\/\/kiube.se\/zon9\/\" aria-label=\"L\u00e4s mer om Startsida\">L\u00e4s mer<\/a><\/p>\n","protected":false},"author":118,"featured_media":0,"parent":0,"menu_order":0,"comment_status":"closed","ping_status":"closed","template":"","meta":{"footnotes":""},"class_list":["post-25","page","type-page","status-publish"],"_links":{"self":[{"href":"https:\/\/kiube.se\/zon9\/wp-json\/wp\/v2\/pages\/25","targetHints":{"allow":["GET"]}}],"collection":[{"href":"https:\/\/kiube.se\/zon9\/wp-json\/wp\/v2\/pages"}],"about":[{"href":"https:\/\/kiube.se\/zon9\/wp-json\/wp\/v2\/types\/page"}],"author":[{"embeddable":true,"href":"https:\/\/kiube.se\/zon9\/wp-json\/wp\/v2\/users\/118"}],"replies":[{"embeddable":true,"href":"https:\/\/kiube.se\/zon9\/wp-json\/wp\/v2\/comments?post=25"}],"version-history":[{"count":0,"href":"https:\/\/kiube.se\/zon9\/wp-json\/wp\/v2\/pages\/25\/revisions"}],"wp:attachment":[{"href":"https:\/\/kiube.se\/zon9\/wp-json\/wp\/v2\/media?parent=25"}],"curies":[{"name":"wp","href":"https:\/\/api.w.org\/{rel}","templated":true}]}}