{"id":211,"date":"2022-02-22T13:20:31","date_gmt":"2022-02-22T12:20:31","guid":{"rendered":"https:\/\/kiube.se\/zon9\/?page_id=211"},"modified":"2022-02-22T13:28:16","modified_gmt":"2022-02-22T12:28:16","slug":"traff-1-introduktion","status":"publish","type":"page","link":"https:\/\/kiube.se\/zon9\/traff-1-introduktion\/","title":{"rendered":"Tr\u00e4ff 1 &#8211; Introduktion"},"content":{"rendered":"\n<figure class=\"wp-block-embed is-type-rich is-provider-inbaddningshanterare wp-block-embed-inbaddningshanterare wp-embed-aspect-16-9 wp-has-aspect-ratio\"><div class=\"wp-block-embed__wrapper\">\n<iframe loading=\"lazy\" title=\"Tr\u00e4ff1 on 2022 02 22 11 11 p\u00e5 Jitsi\" width=\"1200\" height=\"675\" src=\"https:\/\/www.youtube.com\/embed\/KfS1y4HFPFo?feature=oembed\" frameborder=\"0\" allow=\"accelerometer; autoplay; clipboard-write; encrypted-media; gyroscope; picture-in-picture\" allowfullscreen><\/iframe>\n<\/div><\/figure>\n\n\n\n<hr class=\"wp-block-separator\"\/>\n\n\n\n<h2 class=\"wp-block-heading\" id=\"fragestallningar\">Fr\u00e5gest\u00e4llningar<\/h2>\n\n\n\n<ul class=\"wp-block-list\"><li>Vad k\u00e4nner du n\u00e4r du ser dig sj\u00e4lv<\/li><li>\u00c4r det ok att publicera of\u00e4rdigt material<\/li><li>Vill du skapa en egen cirkel<\/li><\/ul>\n","protected":false},"excerpt":{"rendered":"<p>Fr\u00e5gest\u00e4llningar Vad k\u00e4nner du n\u00e4r du ser dig sj\u00e4lv \u00c4r det ok att publicera of\u00e4rdigt material Vill du skapa en egen cirkel<\/p>\n","protected":false},"author":118,"featured_media":0,"parent":0,"menu_order":0,"comment_status":"closed","ping_status":"closed","template":"","meta":{"footnotes":""},"class_list":["post-211","page","type-page","status-publish"],"_links":{"self":[{"href":"https:\/\/kiube.se\/zon9\/wp-json\/wp\/v2\/pages\/211","targetHints":{"allow":["GET"]}}],"collection":[{"href":"https:\/\/kiube.se\/zon9\/wp-json\/wp\/v2\/pages"}],"about":[{"href":"https:\/\/kiube.se\/zon9\/wp-json\/wp\/v2\/types\/page"}],"author":[{"embeddable":true,"href":"https:\/\/kiube.se\/zon9\/wp-json\/wp\/v2\/users\/118"}],"replies":[{"embeddable":true,"href":"https:\/\/kiube.se\/zon9\/wp-json\/wp\/v2\/comments?post=211"}],"version-history":[{"count":0,"href":"https:\/\/kiube.se\/zon9\/wp-json\/wp\/v2\/pages\/211\/revisions"}],"wp:attachment":[{"href":"https:\/\/kiube.se\/zon9\/wp-json\/wp\/v2\/media?parent=211"}],"curies":[{"name":"wp","href":"https:\/\/api.w.org\/{rel}","templated":true}]}}