{"id":199,"date":"2022-02-20T14:48:01","date_gmt":"2022-02-20T13:48:01","guid":{"rendered":"https:\/\/kiube.se\/zon9\/?page_id=199"},"modified":"2022-12-07T19:56:18","modified_gmt":"2022-12-07T18:56:18","slug":"cirklar","status":"publish","type":"page","link":"https:\/\/kiube.se\/zon9\/cirklar\/","title":{"rendered":"Budb\u00e4rare"},"content":{"rendered":"<div class=\"wpv-view-output\" data-toolset-views-view-editor=\"d293c96711b73b401bcfdbf8c78c6b2f\">\r\n<div class=\"wp-block-toolset-views-view-editor wpv-gutenberg-view-wrapper-91\"><form autocomplete=\"off\" name=\"wpv-filter-91\" action=\"\/zon9\/wp-json\/wp\/v2\/pages\/199?wpv_view_count=91\" method=\"get\" class=\"wpv-filter-form js-wpv-filter-form js-wpv-filter-form-91 js-wpv-form-full js-wpv-dps-enabled js-wpv-ajax-results-enabled\" data-viewnumber=\"91\" data-viewid=\"91\" data-viewhash=\"eyJuYW1lIjoicG9ydGZvbGlvLXRocmVlLWNvbHVtbi1ncmlkLXdpdGgtY2F0ZWdvcnktZmlsdGVycyJ9\" data-viewwidgetid=\"0\" data-orderby=\"\" data-order=\"\" data-orderbyas=\"\" data-orderbysecond=\"\" data-ordersecond=\"\" data-parametric=\"{&quot;query&quot;:&quot;normal&quot;,&quot;id&quot;:&quot;91&quot;,&quot;view_id&quot;:&quot;91&quot;,&quot;widget_id&quot;:0,&quot;view_hash&quot;:&quot;91&quot;,&quot;action&quot;:&quot;\\\/zon9\\\/wp-json\\\/wp\\\/v2\\\/pages\\\/199?wpv_view_count=91&quot;,&quot;sort&quot;:{&quot;orderby&quot;:&quot;&quot;,&quot;order&quot;:&quot;&quot;,&quot;orderby_as&quot;:&quot;&quot;,&quot;orderby_second&quot;:&quot;&quot;,&quot;order_second&quot;:&quot;&quot;},&quot;orderby&quot;:&quot;&quot;,&quot;order&quot;:&quot;&quot;,&quot;orderby_as&quot;:&quot;&quot;,&quot;orderby_second&quot;:&quot;&quot;,&quot;order_second&quot;:&quot;&quot;,&quot;ajax_form&quot;:&quot;&quot;,&quot;ajax_results&quot;:&quot;&quot;,&quot;effect&quot;:&quot;fade&quot;,&quot;prebefore&quot;:&quot;&quot;,&quot;before&quot;:&quot;&quot;,&quot;after&quot;:&quot;&quot;,&quot;attributes&quot;:[],&quot;environment&quot;:{&quot;current_post_id&quot;:199,&quot;parent_post_id&quot;:199,&quot;parent_term_id&quot;:0,&quot;parent_user_id&quot;:0,&quot;archive&quot;:{&quot;type&quot;:&quot;&quot;,&quot;name&quot;:&quot;&quot;,&quot;data&quot;:[]}},&quot;loop&quot;:{&quot;type&quot;:&quot;&quot;,&quot;name&quot;:&quot;&quot;,&quot;data&quot;:[],&quot;id&quot;:0}}\" data-attributes=\"[]\" data-environment=\"{&quot;current_post_id&quot;:199,&quot;parent_post_id&quot;:199,&quot;parent_term_id&quot;:0,&quot;parent_user_id&quot;:0,&quot;archive&quot;:{&quot;type&quot;:&quot;&quot;,&quot;name&quot;:&quot;&quot;,&quot;data&quot;:[]}}\"><input type=\"hidden\" class=\"js-wpv-dps-filter-data js-wpv-filter-data-for-this-form\" data-action=\"\/zon9\/wp-json\/wp\/v2\/pages\/199?wpv_view_count=91\" data-page=\"1\" data-ajax=\"enable\" data-effect=\"fade\" data-maxpages=\"0\" data-ajaxprebefore=\"\" data-ajaxbefore=\"\" data-ajaxafter=\"\" \/><input class=\"wpv_view_count wpv_view_count-91\" type=\"hidden\" name=\"wpv_view_count\" value=\"91\" \/>\n\n<div class=\"category-selector\">\n\t<div class=\"form-check\">\n\t\t\t\t\t\t\t\t\t<input id=\"portfolio-category-\" \tclass=\"form-check-input js-wpv-filter-trigger\"\n\t\t\t\t\t\t\t\t\t\tname=\"wpv-portfolio-category\" type=\"radio\" value=\"0\"  checked='checked'\n\t\t\t\t\t\t\t\t\t\/>\n\t\t\t\t\t\t\t\t\t<label for=\"portfolio-category-\"  class=\"form-check-label \" >\n\t\t\t\t\t\t\t\t\t\tall\n\t\t\t\t\t\t\t\t\t<\/label>\n\t\t\t\t\t\t\t\t<\/div><div class=\"form-check\"><input type=\"radio\" id=\"portfolio-category-borja-har\" class=\"js-wpv-filter-trigger form-check-input\" name=\"wpv-portfolio-category\" value=\"borja-har\" \/><label for=\"portfolio-category-borja-har\" class=\"form-check-label\">B\u00f6rja h\u00e4r<\/label><\/div><div class=\"form-check\"><input type=\"radio\" id=\"portfolio-category-budbarare\" class=\"js-wpv-filter-trigger form-check-input\" name=\"wpv-portfolio-category\" value=\"budbarare\" \/><label for=\"portfolio-category-budbarare\" class=\"form-check-label\">Budb\u00e4rare<\/label><\/div><div class=\"form-check\"><input type=\"radio\" id=\"portfolio-category-jord\" class=\"js-wpv-filter-trigger form-check-input\" name=\"wpv-portfolio-category\" value=\"jord\" \/><label for=\"portfolio-category-jord\" class=\"form-check-label\">Jord<\/label><\/div><div class=\"form-check\"><input type=\"radio\" id=\"portfolio-category-climate\" class=\"js-wpv-filter-trigger form-check-input\" name=\"wpv-portfolio-category\" value=\"climate\" \/><label for=\"portfolio-category-climate\" class=\"form-check-label\">Klimat<\/label><\/div><div class=\"form-check\"><input type=\"radio\" id=\"portfolio-category-team-human\" class=\"js-wpv-filter-trigger form-check-input\" name=\"wpv-portfolio-category\" value=\"team-human\" \/><label for=\"portfolio-category-team-human\" class=\"form-check-label\">Team human<\/label><\/div>\n  \t<div style=\"spinner-container\">\n\t\t<span style=\"display:none\" class=\"js-wpv-dps-spinner\"><img decoding=\"async\" src=\"https:\/\/ref.toolset.com\/toolset-modules\/wp-content\/plugins\/wp-views\/embedded\/res\/img\/ajax-loader2.gif\" \/><\/span>\n\t<\/div>\n<\/div>\n\n\n<\/form>\n<div id=\"wpv-view-layout-91\" class=\"js-wpv-view-layout js-wpv-layout-responsive js-wpv-view-layout-91\" data-viewnumber=\"91\" data-pagination=\"{&quot;id&quot;:&quot;91&quot;,&quot;query&quot;:&quot;normal&quot;,&quot;type&quot;:&quot;disabled&quot;,&quot;effect&quot;:&quot;fade&quot;,&quot;duration&quot;:&quot;500&quot;,&quot;speed&quot;:&quot;5&quot;,&quot;pause_on_hover&quot;:&quot;disabled&quot;,&quot;stop_rollover&quot;:&quot;false&quot;,&quot;cache_pages&quot;:&quot;enabled&quot;,&quot;preload_images&quot;:&quot;enabled&quot;,&quot;preload_pages&quot;:&quot;enabled&quot;,&quot;preload_reach&quot;:&quot;1&quot;,&quot;spinner&quot;:&quot;builtin&quot;,&quot;spinner_image&quot;:&quot;https:\/\/ref.toolset.com\/toolset-modules\/wp-content\/plugins\/wp-views\/embedded\/res\/img\/ajax-loader.gif&quot;,&quot;callback_next&quot;:&quot;&quot;,&quot;manage_history&quot;:&quot;enabled&quot;,&quot;has_controls_in_form&quot;:&quot;disabled&quot;,&quot;infinite_tolerance&quot;:&quot;0&quot;,&quot;max_pages&quot;:0,&quot;page&quot;:1,&quot;base_permalink&quot;:&quot;\/zon9\/wp-json\/wp\/v2\/pages\/199?wpv_view_count=91&amp;wpv_paged=WPV_PAGE_NUM&quot;,&quot;loop&quot;:{&quot;type&quot;:&quot;&quot;,&quot;name&quot;:&quot;&quot;,&quot;data&quot;:[],&quot;id&quot;:0}}\" data-permalink=\"\/zon9\/wp-json\/wp\/v2\/pages\/199?wpv_view_count=91\">\n\n\t\n<div id=\"portfolio-view-1\">\n\t\n\t\n\t\t\n\t\t<div class=\"row \">\n\t\t\t<div class=\"col-md-4\"><div class=\"portfolio-item\">\n  <a href=\"https:\/\/kiube.se\/zon9\/portfolio\/resan-ar-malet\/\"><img decoding=\"async\" src=\"https:\/\/s3.eu-north-1.amazonaws.com\/kiube.se\/wp-content\/uploads\/sites\/111\/2023\/05\/25091812\/2023-05-25-09.17.50-am.png\" \/><\/a>\n  <div class=\"card-body\"> \n    <h4>Resan \u00e4r m\u00e5let<\/h4>\n\t<p>Douglas Rushkoff is a professor of media theory and digital economics at Queens\/CUNY. Named one of t&#8230;<\/p>\n\n    <p><small>Category: <a href=\"https:\/\/kiube.se\/zon9\/portfolio-category\/team-human\/\">Team human<\/a><\/small><\/p>\n    <a class=\"btn btn-light\" href=\"https:\/\/kiube.se\/zon9\/portfolio\/resan-ar-malet\/\">Visa cirkel<\/a>\n  <\/div>\n<\/div><\/div>\n\t\t\n\t\t\n\t\t\t<div class=\"col-md-4\"><div class=\"portfolio-item\">\n  <a href=\"https:\/\/kiube.se\/zon9\/portfolio\/kunskapskanalen\/\"><img decoding=\"async\" src=\"https:\/\/s3.eu-north-1.amazonaws.com\/kiube.se\/wp-content\/uploads\/sites\/111\/2022\/10\/23153208\/IMG_8846.jpg\" \/><\/a>\n  <div class=\"card-body\"> \n    <h4>V\u00e5ra resurser<\/h4>\n\t<p>Paul Karlsson, bor i H\u00f6gdalen i s\u00f6dra Stockholm med fru och en vuxen son. Vision\u00e4r, skapare och utve&#8230;<\/p>\n\n    <p><small>Category: <a href=\"https:\/\/kiube.se\/zon9\/portfolio-category\/budbarare\/\">Budb\u00e4rare<\/a><\/small><\/p>\n    <a class=\"btn btn-light\" href=\"https:\/\/kiube.se\/zon9\/portfolio\/kunskapskanalen\/\">Visa cirkel<\/a>\n  <\/div>\n<\/div><\/div>\n\t\t\n\t\t\n\t\t\t<div class=\"col-md-4\"><div class=\"portfolio-item\">\n  <a href=\"https:\/\/kiube.se\/zon9\/portfolio\/315\/\"><img decoding=\"async\" src=\"https:\/\/s3.eu-north-1.amazonaws.com\/kiube.se\/wp-content\/uploads\/sites\/111\/2022\/08\/15190652\/Nils-Erik.jpg\" \/><\/a>\n  <div class=\"card-body\"> \n    <h4>Cirkelledare 3<\/h4>\n\t<p>Under de \u00e5r jag argumenterat f\u00f6r att bevara jordbruksmark och i synnerhet under den tid jag varit ak&#8230;<\/p>\n\n    <p><small>Category: <a href=\"https:\/\/kiube.se\/zon9\/portfolio-category\/jord\/\">Jord<\/a><\/small><\/p>\n    <a class=\"btn btn-light\" href=\"https:\/\/kiube.se\/zon9\/portfolio\/315\/\">Visa cirkel<\/a>\n  <\/div>\n<\/div><\/div>\n\t\t<\/div>\n\t\t\n\t\t\n\t\t<div class=\"row \">\n\t\t\t<div class=\"col-md-4\"><div class=\"portfolio-item\">\n  <a href=\"https:\/\/kiube.se\/zon9\/portfolio\/geoengineering-av-klimatet\/\"><img decoding=\"async\" src=\"https:\/\/s3.eu-north-1.amazonaws.com\/kiube.se\/wp-content\/uploads\/sites\/111\/2022\/02\/11082151\/IMG_8547.jpeg\" \/><\/a>\n  <div class=\"card-body\"> \n    <h4>Cirkelledare 2<\/h4>\n\t<p>H\u00e4rmed utlyser jag klimatn\u00f6dl\u00e4ge i v\u00e5r gemenskap. Kommande generation har r\u00e4tt till ett klimatneutra&#8230;<\/p>\n\n    <p><small>Category: <a href=\"https:\/\/kiube.se\/zon9\/portfolio-category\/climate\/\">Klimat<\/a><\/small><\/p>\n    <a class=\"btn btn-light\" href=\"https:\/\/kiube.se\/zon9\/portfolio\/geoengineering-av-klimatet\/\">Visa cirkel<\/a>\n  <\/div>\n<\/div><\/div>\n\t\t\n\t\t\n\t\t\t<div class=\"col-md-4\"><div class=\"portfolio-item\">\n  <a href=\"https:\/\/kiube.se\/zon9\/portfolio\/cirkel3\/\"><img decoding=\"async\" src=\"https:\/\/s3.eu-north-1.amazonaws.com\/kiube.se\/wp-content\/uploads\/sites\/111\/2018\/08\/11082309\/Christer.jpeg\" \/><\/a>\n  <div class=\"card-body\"> \n    <h4>Cirkelintroduktion<\/h4>\n\t<p>L\u00e4nk till: Handboken | Live Video L\u00e4nken till Live Video fungerar alltid, men rummet kan vara tomt o&#8230;<\/p>\n\n    <p><small>Category: <a href=\"https:\/\/kiube.se\/zon9\/portfolio-category\/borja-har\/\">B\u00f6rja h\u00e4r<\/a><\/small><\/p>\n    <a class=\"btn btn-light\" href=\"https:\/\/kiube.se\/zon9\/portfolio\/cirkel3\/\">Visa cirkel<\/a>\n  <\/div>\n<\/div><\/div>\n\t\t\n\t\t\t<div class=\"col-md-4\"><\/div>\n\t\t<\/div>\n\t\n\t\n<\/div>\n\t\n\t\n<\/div><\/div>\r\n<\/div>","protected":false},"excerpt":{"rendered":"","protected":false},"author":118,"featured_media":0,"parent":0,"menu_order":0,"comment_status":"closed","ping_status":"closed","template":"","meta":{"footnotes":""},"class_list":["post-199","page","type-page","status-publish"],"_links":{"self":[{"href":"https:\/\/kiube.se\/zon9\/wp-json\/wp\/v2\/pages\/199","targetHints":{"allow":["GET"]}}],"collection":[{"href":"https:\/\/kiube.se\/zon9\/wp-json\/wp\/v2\/pages"}],"about":[{"href":"https:\/\/kiube.se\/zon9\/wp-json\/wp\/v2\/types\/page"}],"author":[{"embeddable":true,"href":"https:\/\/kiube.se\/zon9\/wp-json\/wp\/v2\/users\/118"}],"replies":[{"embeddable":true,"href":"https:\/\/kiube.se\/zon9\/wp-json\/wp\/v2\/comments?post=199"}],"version-history":[{"count":0,"href":"https:\/\/kiube.se\/zon9\/wp-json\/wp\/v2\/pages\/199\/revisions"}],"wp:attachment":[{"href":"https:\/\/kiube.se\/zon9\/wp-json\/wp\/v2\/media?parent=199"}],"curies":[{"name":"wp","href":"https:\/\/api.w.org\/{rel}","templated":true}]}}