{"id":7,"date":"2021-08-30T15:22:16","date_gmt":"2021-08-30T13:22:16","guid":{"rendered":"https:\/\/kiube.se\/zon8\/?page_id=7"},"modified":"2021-09-09T12:59:55","modified_gmt":"2021-09-09T10:59:55","slug":"startsida","status":"publish","type":"page","link":"https:\/\/kiube.se\/zon8\/","title":{"rendered":"Startsida"},"content":{"rendered":"<p>V\u00e4lkommen till denna utbildningsplats som anv\u00e4nds f\u00f6r att l\u00e4ra om hur WordPress fungerar och hur du kan anv\u00e4nda det f\u00f6r ett folkbildande syfte.<\/p>\n<p>En webbplats har inget naturligt fl\u00f6de, utan bes\u00f6karen kan klicka var som helst p\u00e5 sidan. Man kan styra var anv\u00e4ndaren ska klicka genom att anv\u00e4nda l\u00e4nkar, knappar, menyer men \u00e4ven med hj\u00e4lp av utseende p\u00e5 sida som styrs av det Tema man anv\u00e4nder.<\/p>\n<blockquote><p>P\u00e5 denna plats anv\u00e4nder vi \u00e4ven till\u00e4gg f\u00f6r presentationer f\u00f6r att skapa PowerPoint liknande presentationer. G\u00e5 igenom platsen i f\u00f6ljande ordning<\/p><\/blockquote>\n<ol>\n<li>\n<blockquote><p><a href=\"https:\/\/kiube.se\/zon8\/presentation\/introduktion\/\">B\u00f6rja med Introduktion<\/a> (meny uppe till v\u00e4nster, f\u00f6renklad presentation av WordPress<\/p><\/blockquote>\n<\/li>\n<li>\n<blockquote><p>Blogg ( ett fl\u00f6de av inl\u00e4gg som beskriver uppbyggnad och best\u00e5ndsdelar i wordpress) Uppdateras regelbundet!<\/p><\/blockquote>\n<\/li>\n<li>\n<blockquote><p>Installation ( Hur denna plats \u00e4r uppbygd, komponenter och inst\u00e4llningar)<\/p><\/blockquote>\n<\/li>\n<li>\n<blockquote><p>Presentationer ( en ny inneh\u00e5llstyp f\u00f6r presentationer)<\/p><\/blockquote>\n<\/li>\n<\/ol>\n<p>Denna webbplats anv\u00e4nder ett tema som kallas Storefront, och som \u00e4r anpassat till att fungera bra n\u00e4r man bygger en E-handels plats med till\u00e4gget WooCommerce.<\/p>\n","protected":false},"excerpt":{"rendered":"<p>V\u00e4lkommen till denna utbildningsplats som anv\u00e4nds f\u00f6r att l\u00e4ra om hur WordPress fungerar och hur du kan anv\u00e4nda det f\u00f6r ett folkbildande syfte. En webbplats har inget naturligt fl\u00f6de, utan bes\u00f6karen kan klicka var som helst p\u00e5 sidan. Man kan styra var anv\u00e4ndaren ska klicka genom att anv\u00e4nda l\u00e4nkar, knappar, menyer men \u00e4ven med hj\u00e4lp [&hellip;]<\/p>\n","protected":false},"author":118,"featured_media":0,"parent":0,"menu_order":0,"comment_status":"closed","ping_status":"closed","template":"template-fullwidth.php","meta":{"footnotes":""},"class_list":["post-7","page","type-page","status-publish","hentry"],"jetpack_sharing_enabled":true,"_links":{"self":[{"href":"https:\/\/kiube.se\/zon8\/wp-json\/wp\/v2\/pages\/7","targetHints":{"allow":["GET"]}}],"collection":[{"href":"https:\/\/kiube.se\/zon8\/wp-json\/wp\/v2\/pages"}],"about":[{"href":"https:\/\/kiube.se\/zon8\/wp-json\/wp\/v2\/types\/page"}],"author":[{"embeddable":true,"href":"https:\/\/kiube.se\/zon8\/wp-json\/wp\/v2\/users\/118"}],"replies":[{"embeddable":true,"href":"https:\/\/kiube.se\/zon8\/wp-json\/wp\/v2\/comments?post=7"}],"version-history":[{"count":0,"href":"https:\/\/kiube.se\/zon8\/wp-json\/wp\/v2\/pages\/7\/revisions"}],"wp:attachment":[{"href":"https:\/\/kiube.se\/zon8\/wp-json\/wp\/v2\/media?parent=7"}],"curies":[{"name":"wp","href":"https:\/\/api.w.org\/{rel}","templated":true}]}}