{"id":69,"date":"2021-08-31T18:45:35","date_gmt":"2021-08-31T16:45:35","guid":{"rendered":"https:\/\/kiube.se\/zon8\/?page_id=69"},"modified":"2021-09-09T16:16:56","modified_gmt":"2021-09-09T14:16:56","slug":"alla-presentationer","status":"publish","type":"page","link":"https:\/\/kiube.se\/zon8\/alla-presentationer\/","title":{"rendered":"Alla presentationer"},"content":{"rendered":"<pre>Notera! Dessa presentationer \u00e4r inte skarpa utan finns h\u00e4r som exempel. Mycket av inneh\u00e5llet \u00e4r korrekt men b\u00f6r inte anv\u00e4ndas utan f\u00f6reg\u00e5ende redigering.<\/pre>\n<form autocomplete=\"off\" name=\"wpv-filter-67\" action=\"\/zon8\/wp-json\/wp\/v2\/pages\/69?wpv_view_count=67\" method=\"get\" class=\"wpv-filter-form js-wpv-filter-form js-wpv-filter-form-67 js-wpv-form-full\" data-viewnumber=\"67\" data-viewid=\"67\" data-viewhash=\"eyJuYW1lIjoiZm90b3ZpZXcifQ==\" data-viewwidgetid=\"0\" data-orderby=\"\" data-order=\"\" data-orderbyas=\"\" data-orderbysecond=\"\" data-ordersecond=\"\" data-parametric=\"{&quot;query&quot;:&quot;normal&quot;,&quot;id&quot;:&quot;67&quot;,&quot;view_id&quot;:&quot;67&quot;,&quot;widget_id&quot;:0,&quot;view_hash&quot;:&quot;67&quot;,&quot;action&quot;:&quot;\\\/zon8\\\/wp-json\\\/wp\\\/v2\\\/pages\\\/69?wpv_view_count=67&quot;,&quot;sort&quot;:{&quot;orderby&quot;:&quot;&quot;,&quot;order&quot;:&quot;&quot;,&quot;orderby_as&quot;:&quot;&quot;,&quot;orderby_second&quot;:&quot;&quot;,&quot;order_second&quot;:&quot;&quot;},&quot;orderby&quot;:&quot;&quot;,&quot;order&quot;:&quot;&quot;,&quot;orderby_as&quot;:&quot;&quot;,&quot;orderby_second&quot;:&quot;&quot;,&quot;order_second&quot;:&quot;&quot;,&quot;ajax_form&quot;:&quot;&quot;,&quot;ajax_results&quot;:&quot;&quot;,&quot;effect&quot;:&quot;fade&quot;,&quot;prebefore&quot;:&quot;&quot;,&quot;before&quot;:&quot;&quot;,&quot;after&quot;:&quot;&quot;,&quot;attributes&quot;:[],&quot;environment&quot;:{&quot;current_post_id&quot;:69,&quot;parent_post_id&quot;:69,&quot;parent_term_id&quot;:0,&quot;parent_user_id&quot;:0,&quot;archive&quot;:{&quot;type&quot;:&quot;&quot;,&quot;name&quot;:&quot;&quot;,&quot;data&quot;:[]}},&quot;loop&quot;:{&quot;type&quot;:&quot;&quot;,&quot;name&quot;:&quot;&quot;,&quot;data&quot;:[],&quot;id&quot;:0}}\" data-attributes=\"[]\" data-environment=\"{&quot;current_post_id&quot;:69,&quot;parent_post_id&quot;:69,&quot;parent_term_id&quot;:0,&quot;parent_user_id&quot;:0,&quot;archive&quot;:{&quot;type&quot;:&quot;&quot;,&quot;name&quot;:&quot;&quot;,&quot;data&quot;:[]}}\"><input type=\"hidden\" class=\"js-wpv-dps-filter-data js-wpv-filter-data-for-this-form\" data-action=\"\/zon8\/wp-json\/wp\/v2\/pages\/69?wpv_view_count=67\" data-page=\"1\" data-ajax=\"disable\" data-effect=\"fade\" data-maxpages=\"1\" data-ajaxprebefore=\"\" data-ajaxbefore=\"\" data-ajaxafter=\"\" \/><input class=\"wpv_view_count wpv_view_count-67\" type=\"hidden\" name=\"wpv_view_count\" value=\"67\" \/>\n\n\n<\/form>\n<div id=\"wpv-view-layout-67\" class=\"js-wpv-view-layout js-wpv-layout-responsive js-wpv-view-layout-67\" data-viewnumber=\"67\" data-pagination=\"{&quot;id&quot;:&quot;67&quot;,&quot;query&quot;:&quot;normal&quot;,&quot;type&quot;:&quot;paged&quot;,&quot;effect&quot;:&quot;fade&quot;,&quot;duration&quot;:500,&quot;speed&quot;:5,&quot;pause_on_hover&quot;:&quot;enabled&quot;,&quot;stop_rollover&quot;:&quot;false&quot;,&quot;cache_pages&quot;:&quot;enabled&quot;,&quot;preload_images&quot;:&quot;enabled&quot;,&quot;preload_pages&quot;:&quot;enabled&quot;,&quot;preload_reach&quot;:1,&quot;spinner&quot;:&quot;builtin&quot;,&quot;spinner_image&quot;:&quot;https:\/\/kiube.se\/zon8\/wp-content\/plugins\/wp-views\/embedded\/res\/img\/ajax-loader.gif&quot;,&quot;callback_next&quot;:&quot;&quot;,&quot;manage_history&quot;:&quot;enabled&quot;,&quot;has_controls_in_form&quot;:&quot;enabled&quot;,&quot;infinite_tolerance&quot;:&quot;0&quot;,&quot;max_pages&quot;:1,&quot;page&quot;:1,&quot;base_permalink&quot;:&quot;\/zon8\/wp-json\/wp\/v2\/pages\/69?wpv_view_count=67&amp;wpv_paged=WPV_PAGE_NUM&quot;,&quot;loop&quot;:{&quot;type&quot;:&quot;&quot;,&quot;name&quot;:&quot;&quot;,&quot;data&quot;:[],&quot;id&quot;:0}}\" data-permalink=\"\/zon8\/wp-json\/wp\/v2\/pages\/69?wpv_view_count=67\">\n\n\t\n\t\n\t<table width=\"100%\" class=\"wpv-loop js-wpv-loop\">\n\t\n\t\t\n\t\t<tr>\n\t\t\t<td>\n\t\t\t\t\n<img data-recalc-dims=\"1\" loading=\"lazy\" decoding=\"async\" width=\"324\" height=\"324\" src=\"https:\/\/i0.wp.com\/s3.eu-north-1.amazonaws.com\/kiube.se\/wp-content\/uploads\/sites\/108\/2022\/02\/14160052\/2022-02-14-03.55.53-pm-324x324.png?resize=324%2C324&#038;ssl=1\" class=\"attachment-shop_catalog size-shop_catalog wp-post-image\" alt=\"\" srcset=\"https:\/\/s3.eu-north-1.amazonaws.com\/kiube.se\/wp-content\/uploads\/sites\/108\/2022\/02\/14160052\/2022-02-14-03.55.53-pm.png 324w, https:\/\/s3.eu-north-1.amazonaws.com\/kiube.se\/wp-content\/uploads\/sites\/108\/2022\/02\/14160052\/2022-02-14-03.55.53-pm.png 150w, https:\/\/s3.eu-north-1.amazonaws.com\/kiube.se\/wp-content\/uploads\/sites\/108\/2022\/02\/14160052\/2022-02-14-03.55.53-pm.png 100w, https:\/\/s3.eu-north-1.amazonaws.com\/kiube.se\/wp-content\/uploads\/sites\/108\/2022\/02\/14160052\/2022-02-14-03.55.53-pm.png 648w, https:\/\/s3.eu-north-1.amazonaws.com\/kiube.se\/wp-content\/uploads\/sites\/108\/2022\/02\/14160052\/2022-02-14-03.55.53-pm.png 972w\" sizes=\"auto, (max-width: 324px) 100vw, 324px\" data-attachment-id=\"216\" data-permalink=\"https:\/\/kiube.se\/zon8\/presentation\/cykleriet-ett-cykelregister\/2022-02-14-03-55-53-pm\/\" data-orig-file=\"https:\/\/i0.wp.com\/s3.eu-north-1.amazonaws.com\/kiube.se\/wp-content\/uploads\/sites\/108\/2022\/02\/14160052\/2022-02-14-03.55.53-pm.png?fit=1179%2C697&amp;ssl=1\" data-orig-size=\"1179,697\" data-comments-opened=\"0\" data-image-meta=\"{&quot;aperture&quot;:&quot;0&quot;,&quot;credit&quot;:&quot;&quot;,&quot;camera&quot;:&quot;&quot;,&quot;caption&quot;:&quot;&quot;,&quot;created_timestamp&quot;:&quot;0&quot;,&quot;copyright&quot;:&quot;&quot;,&quot;focal_length&quot;:&quot;0&quot;,&quot;iso&quot;:&quot;0&quot;,&quot;shutter_speed&quot;:&quot;0&quot;,&quot;title&quot;:&quot;&quot;,&quot;orientation&quot;:&quot;0&quot;}\" data-image-title=\"2022-02-14 03.55.53 pm\" data-image-description=\"\" data-image-caption=\"\" data-large-file=\"https:\/\/i0.wp.com\/s3.eu-north-1.amazonaws.com\/kiube.se\/wp-content\/uploads\/sites\/108\/2022\/02\/14160052\/2022-02-14-03.55.53-pm.png?fit=980%2C579&amp;ssl=1\" \/>\n<a href=\"https:\/\/kiube.se\/zon8\/presentation\/cykleriet-ett-cykelregister\/\">Cykleriet, ett cykelregister<\/a>\n\t\t\t<\/td>\n\t\t\n\t\t\n\t\t\t<td>\n\t\t\t\t\n<img data-recalc-dims=\"1\" loading=\"lazy\" decoding=\"async\" width=\"324\" height=\"324\" src=\"https:\/\/i0.wp.com\/s3.eu-north-1.amazonaws.com\/kiube.se\/wp-content\/uploads\/sites\/108\/2021\/09\/09124602\/2021-09-09-12.44.22-pm-324x324.png?resize=324%2C324&#038;ssl=1\" class=\"attachment-shop_catalog size-shop_catalog wp-post-image\" alt=\"\" srcset=\"https:\/\/s3.eu-north-1.amazonaws.com\/kiube.se\/wp-content\/uploads\/sites\/108\/2021\/09\/09124602\/2021-09-09-12.44.22-pm.png 324w, https:\/\/s3.eu-north-1.amazonaws.com\/kiube.se\/wp-content\/uploads\/sites\/108\/2021\/09\/09124602\/2021-09-09-12.44.22-pm.png 150w, https:\/\/s3.eu-north-1.amazonaws.com\/kiube.se\/wp-content\/uploads\/sites\/108\/2021\/09\/09124602\/2021-09-09-12.44.22-pm.png 100w, https:\/\/s3.eu-north-1.amazonaws.com\/kiube.se\/wp-content\/uploads\/sites\/108\/2021\/09\/09124602\/2021-09-09-12.44.22-pm.png 648w, https:\/\/s3.eu-north-1.amazonaws.com\/kiube.se\/wp-content\/uploads\/sites\/108\/2021\/09\/09124602\/2021-09-09-12.44.22-pm.png 972w\" sizes=\"auto, (max-width: 324px) 100vw, 324px\" data-attachment-id=\"200\" data-permalink=\"https:\/\/kiube.se\/zon8\/presentation\/introduktion\/2021-09-09-12-44-22-pm\/\" data-orig-file=\"https:\/\/i0.wp.com\/s3.eu-north-1.amazonaws.com\/kiube.se\/wp-content\/uploads\/sites\/108\/2021\/09\/09124602\/2021-09-09-12.44.22-pm.png?fit=1178%2C699&amp;ssl=1\" data-orig-size=\"1178,699\" data-comments-opened=\"1\" data-image-meta=\"{&quot;aperture&quot;:&quot;0&quot;,&quot;credit&quot;:&quot;&quot;,&quot;camera&quot;:&quot;&quot;,&quot;caption&quot;:&quot;&quot;,&quot;created_timestamp&quot;:&quot;0&quot;,&quot;copyright&quot;:&quot;&quot;,&quot;focal_length&quot;:&quot;0&quot;,&quot;iso&quot;:&quot;0&quot;,&quot;shutter_speed&quot;:&quot;0&quot;,&quot;title&quot;:&quot;&quot;,&quot;orientation&quot;:&quot;0&quot;}\" data-image-title=\"2021-09-09 12.44.22 pm\" data-image-description=\"\" data-image-caption=\"\" data-large-file=\"https:\/\/i0.wp.com\/s3.eu-north-1.amazonaws.com\/kiube.se\/wp-content\/uploads\/sites\/108\/2021\/09\/09124602\/2021-09-09-12.44.22-pm.png?fit=980%2C582&amp;ssl=1\" \/>\n<a href=\"https:\/\/kiube.se\/zon8\/presentation\/introduktion\/\">Introduktion<\/a>\n\t\t\t<\/td>\n\t\t\n\t\t\n\t\t\t<td>\n\t\t\t\t\n<img data-recalc-dims=\"1\" loading=\"lazy\" decoding=\"async\" width=\"324\" height=\"324\" src=\"https:\/\/i0.wp.com\/s3.eu-north-1.amazonaws.com\/kiube.se\/wp-content\/uploads\/sites\/108\/2021\/09\/06200632\/2021-09-06-08.05.25-pm-324x324.png?resize=324%2C324&#038;ssl=1\" class=\"attachment-shop_catalog size-shop_catalog wp-post-image\" alt=\"\" srcset=\"https:\/\/s3.eu-north-1.amazonaws.com\/kiube.se\/wp-content\/uploads\/sites\/108\/2021\/09\/06200632\/2021-09-06-08.05.25-pm.png 324w, https:\/\/s3.eu-north-1.amazonaws.com\/kiube.se\/wp-content\/uploads\/sites\/108\/2021\/09\/06200632\/2021-09-06-08.05.25-pm.png 150w, https:\/\/s3.eu-north-1.amazonaws.com\/kiube.se\/wp-content\/uploads\/sites\/108\/2021\/09\/06200632\/2021-09-06-08.05.25-pm.png 100w, https:\/\/s3.eu-north-1.amazonaws.com\/kiube.se\/wp-content\/uploads\/sites\/108\/2021\/09\/06200632\/2021-09-06-08.05.25-pm.png 648w, https:\/\/s3.eu-north-1.amazonaws.com\/kiube.se\/wp-content\/uploads\/sites\/108\/2021\/09\/06200632\/2021-09-06-08.05.25-pm.png 972w\" sizes=\"auto, (max-width: 324px) 100vw, 324px\" data-attachment-id=\"149\" data-permalink=\"https:\/\/kiube.se\/zon8\/presentation\/automatiskt-utkast-2\/2021-09-06-08-05-25-pm\/\" data-orig-file=\"https:\/\/i0.wp.com\/s3.eu-north-1.amazonaws.com\/kiube.se\/wp-content\/uploads\/sites\/108\/2021\/09\/06200632\/2021-09-06-08.05.25-pm.png?fit=1599%2C1199&amp;ssl=1\" data-orig-size=\"1599,1199\" data-comments-opened=\"1\" data-image-meta=\"{&quot;aperture&quot;:&quot;0&quot;,&quot;credit&quot;:&quot;&quot;,&quot;camera&quot;:&quot;&quot;,&quot;caption&quot;:&quot;&quot;,&quot;created_timestamp&quot;:&quot;0&quot;,&quot;copyright&quot;:&quot;&quot;,&quot;focal_length&quot;:&quot;0&quot;,&quot;iso&quot;:&quot;0&quot;,&quot;shutter_speed&quot;:&quot;0&quot;,&quot;title&quot;:&quot;&quot;,&quot;orientation&quot;:&quot;0&quot;}\" data-image-title=\"2021-09-06 08.05.25 pm\" data-image-description=\"\" data-image-caption=\"\" data-large-file=\"https:\/\/i0.wp.com\/s3.eu-north-1.amazonaws.com\/kiube.se\/wp-content\/uploads\/sites\/108\/2021\/09\/06200632\/2021-09-06-08.05.25-pm.png?fit=980%2C735&amp;ssl=1\" \/>\n<a href=\"https:\/\/kiube.se\/zon8\/presentation\/automatiskt-utkast-2\/\">Ekosystem f\u00f6r mobil energi<\/a>\n\t\t\t<\/td>\n\t\t\n\t\t\n\t\t\t<td>\n\t\t\t\t\n<img data-recalc-dims=\"1\" loading=\"lazy\" decoding=\"async\" width=\"324\" height=\"324\" src=\"https:\/\/i0.wp.com\/s3.eu-north-1.amazonaws.com\/kiube.se\/wp-content\/uploads\/sites\/108\/2021\/09\/06191439\/2021-09-06-07.13.11-pm-324x324.png?resize=324%2C324&#038;ssl=1\" class=\"attachment-shop_catalog size-shop_catalog wp-post-image\" alt=\"\" srcset=\"https:\/\/s3.eu-north-1.amazonaws.com\/kiube.se\/wp-content\/uploads\/sites\/108\/2021\/09\/06191439\/2021-09-06-07.13.11-pm.png 324w, https:\/\/s3.eu-north-1.amazonaws.com\/kiube.se\/wp-content\/uploads\/sites\/108\/2021\/09\/06191439\/2021-09-06-07.13.11-pm.png 150w, https:\/\/s3.eu-north-1.amazonaws.com\/kiube.se\/wp-content\/uploads\/sites\/108\/2021\/09\/06191439\/2021-09-06-07.13.11-pm.png 100w, https:\/\/s3.eu-north-1.amazonaws.com\/kiube.se\/wp-content\/uploads\/sites\/108\/2021\/09\/06191439\/2021-09-06-07.13.11-pm.png 648w, https:\/\/s3.eu-north-1.amazonaws.com\/kiube.se\/wp-content\/uploads\/sites\/108\/2021\/09\/06191439\/2021-09-06-07.13.11-pm.png 972w\" sizes=\"auto, (max-width: 324px) 100vw, 324px\" data-attachment-id=\"138\" data-permalink=\"https:\/\/kiube.se\/zon8\/presentation\/automatiskt-utkast\/2021-09-06-07-13-11-pm\/\" data-orig-file=\"https:\/\/i0.wp.com\/s3.eu-north-1.amazonaws.com\/kiube.se\/wp-content\/uploads\/sites\/108\/2021\/09\/06191439\/2021-09-06-07.13.11-pm.png?fit=1920%2C1200&amp;ssl=1\" data-orig-size=\"1920,1200\" data-comments-opened=\"1\" data-image-meta=\"{&quot;aperture&quot;:&quot;0&quot;,&quot;credit&quot;:&quot;&quot;,&quot;camera&quot;:&quot;&quot;,&quot;caption&quot;:&quot;&quot;,&quot;created_timestamp&quot;:&quot;0&quot;,&quot;copyright&quot;:&quot;&quot;,&quot;focal_length&quot;:&quot;0&quot;,&quot;iso&quot;:&quot;0&quot;,&quot;shutter_speed&quot;:&quot;0&quot;,&quot;title&quot;:&quot;&quot;,&quot;orientation&quot;:&quot;0&quot;}\" data-image-title=\"2021-09-06 07.13.11 pm\" data-image-description=\"\" data-image-caption=\"\" data-large-file=\"https:\/\/i0.wp.com\/s3.eu-north-1.amazonaws.com\/kiube.se\/wp-content\/uploads\/sites\/108\/2021\/09\/06191439\/2021-09-06-07.13.11-pm.png?fit=980%2C613&amp;ssl=1\" \/>\n<a href=\"https:\/\/kiube.se\/zon8\/presentation\/automatiskt-utkast\/\">Common Resource Pool<\/a>\n\t\t\t<\/td>\n\t\t<\/tr>\n\t\t\n\t\t\n\t\t<tr>\n\t\t\t<td>\n\t\t\t\t\n<img data-recalc-dims=\"1\" loading=\"lazy\" decoding=\"async\" width=\"324\" height=\"324\" src=\"https:\/\/i0.wp.com\/s3.eu-north-1.amazonaws.com\/kiube.se\/wp-content\/uploads\/sites\/108\/2021\/09\/06190448\/2021-09-06-05.52.20-pm-324x324.png?resize=324%2C324&#038;ssl=1\" class=\"attachment-shop_catalog size-shop_catalog wp-post-image\" alt=\"\" srcset=\"https:\/\/s3.eu-north-1.amazonaws.com\/kiube.se\/wp-content\/uploads\/sites\/108\/2021\/09\/06190448\/2021-09-06-05.52.20-pm.png 324w, https:\/\/s3.eu-north-1.amazonaws.com\/kiube.se\/wp-content\/uploads\/sites\/108\/2021\/09\/06190448\/2021-09-06-05.52.20-pm.png 150w, https:\/\/s3.eu-north-1.amazonaws.com\/kiube.se\/wp-content\/uploads\/sites\/108\/2021\/09\/06190448\/2021-09-06-05.52.20-pm.png 100w, https:\/\/s3.eu-north-1.amazonaws.com\/kiube.se\/wp-content\/uploads\/sites\/108\/2021\/09\/06190448\/2021-09-06-05.52.20-pm.png 648w, https:\/\/s3.eu-north-1.amazonaws.com\/kiube.se\/wp-content\/uploads\/sites\/108\/2021\/09\/06190448\/2021-09-06-05.52.20-pm.png 972w\" sizes=\"auto, (max-width: 324px) 100vw, 324px\" data-attachment-id=\"129\" data-permalink=\"https:\/\/kiube.se\/zon8\/presentation\/demokratisk-styrning-av-komplexa-system\/2021-09-06-05-52-20-pm\/\" data-orig-file=\"https:\/\/i0.wp.com\/s3.eu-north-1.amazonaws.com\/kiube.se\/wp-content\/uploads\/sites\/108\/2021\/09\/06190448\/2021-09-06-05.52.20-pm.png?fit=1025%2C768&amp;ssl=1\" data-orig-size=\"1025,768\" data-comments-opened=\"1\" data-image-meta=\"{&quot;aperture&quot;:&quot;0&quot;,&quot;credit&quot;:&quot;&quot;,&quot;camera&quot;:&quot;&quot;,&quot;caption&quot;:&quot;&quot;,&quot;created_timestamp&quot;:&quot;0&quot;,&quot;copyright&quot;:&quot;&quot;,&quot;focal_length&quot;:&quot;0&quot;,&quot;iso&quot;:&quot;0&quot;,&quot;shutter_speed&quot;:&quot;0&quot;,&quot;title&quot;:&quot;&quot;,&quot;orientation&quot;:&quot;0&quot;}\" data-image-title=\"2021-09-06 05.52.20 pm\" data-image-description=\"\" data-image-caption=\"\" data-large-file=\"https:\/\/i0.wp.com\/s3.eu-north-1.amazonaws.com\/kiube.se\/wp-content\/uploads\/sites\/108\/2021\/09\/06190448\/2021-09-06-05.52.20-pm.png?fit=980%2C734&amp;ssl=1\" \/>\n<a href=\"https:\/\/kiube.se\/zon8\/presentation\/demokratisk-styrning-av-komplexa-system\/\">Demokratisk styrning av komplexa system<\/a>\n\t\t\t<\/td>\n\t\t\n\t\t\n\t\t\t<td>\n\t\t\t\t\n<img data-recalc-dims=\"1\" loading=\"lazy\" decoding=\"async\" width=\"324\" height=\"324\" src=\"https:\/\/i0.wp.com\/s3.eu-north-1.amazonaws.com\/kiube.se\/wp-content\/uploads\/sites\/108\/2021\/09\/06190342\/2021-09-06-05.54.18-pm-324x324.png?resize=324%2C324&#038;ssl=1\" class=\"attachment-shop_catalog size-shop_catalog wp-post-image\" alt=\"\" srcset=\"https:\/\/s3.eu-north-1.amazonaws.com\/kiube.se\/wp-content\/uploads\/sites\/108\/2021\/09\/06190342\/2021-09-06-05.54.18-pm.png 324w, https:\/\/s3.eu-north-1.amazonaws.com\/kiube.se\/wp-content\/uploads\/sites\/108\/2021\/09\/06190342\/2021-09-06-05.54.18-pm.png 150w, https:\/\/s3.eu-north-1.amazonaws.com\/kiube.se\/wp-content\/uploads\/sites\/108\/2021\/09\/06190342\/2021-09-06-05.54.18-pm.png 100w, https:\/\/s3.eu-north-1.amazonaws.com\/kiube.se\/wp-content\/uploads\/sites\/108\/2021\/09\/06190342\/2021-09-06-05.54.18-pm.png 648w, https:\/\/s3.eu-north-1.amazonaws.com\/kiube.se\/wp-content\/uploads\/sites\/108\/2021\/09\/06190342\/2021-09-06-05.54.18-pm.png 972w\" sizes=\"auto, (max-width: 324px) 100vw, 324px\" data-attachment-id=\"126\" data-permalink=\"https:\/\/kiube.se\/zon8\/presentation\/helhetsperspektiv\/2021-09-06-05-54-18-pm\/\" data-orig-file=\"https:\/\/i0.wp.com\/s3.eu-north-1.amazonaws.com\/kiube.se\/wp-content\/uploads\/sites\/108\/2021\/09\/06190342\/2021-09-06-05.54.18-pm.png?fit=1022%2C765&amp;ssl=1\" data-orig-size=\"1022,765\" data-comments-opened=\"1\" data-image-meta=\"{&quot;aperture&quot;:&quot;0&quot;,&quot;credit&quot;:&quot;&quot;,&quot;camera&quot;:&quot;&quot;,&quot;caption&quot;:&quot;&quot;,&quot;created_timestamp&quot;:&quot;0&quot;,&quot;copyright&quot;:&quot;&quot;,&quot;focal_length&quot;:&quot;0&quot;,&quot;iso&quot;:&quot;0&quot;,&quot;shutter_speed&quot;:&quot;0&quot;,&quot;title&quot;:&quot;&quot;,&quot;orientation&quot;:&quot;0&quot;}\" data-image-title=\"2021-09-06 05.54.18 pm\" data-image-description=\"\" data-image-caption=\"\" data-large-file=\"https:\/\/i0.wp.com\/s3.eu-north-1.amazonaws.com\/kiube.se\/wp-content\/uploads\/sites\/108\/2021\/09\/06190342\/2021-09-06-05.54.18-pm.png?fit=980%2C734&amp;ssl=1\" \/>\n<a href=\"https:\/\/kiube.se\/zon8\/presentation\/helhetsperspektiv\/\">Helhetsperspektiv<\/a>\n\t\t\t<\/td>\n\t\t\n\t\t\n\t\t\t<td>\n\t\t\t\t\n<img data-recalc-dims=\"1\" loading=\"lazy\" decoding=\"async\" width=\"324\" height=\"324\" src=\"https:\/\/i0.wp.com\/s3.eu-north-1.amazonaws.com\/kiube.se\/wp-content\/uploads\/sites\/108\/2021\/09\/06190126\/2021-09-06-05.53.32-pm-324x324.png?resize=324%2C324&#038;ssl=1\" class=\"attachment-shop_catalog size-shop_catalog wp-post-image\" alt=\"\" srcset=\"https:\/\/s3.eu-north-1.amazonaws.com\/kiube.se\/wp-content\/uploads\/sites\/108\/2021\/09\/06190126\/2021-09-06-05.53.32-pm.png 324w, https:\/\/s3.eu-north-1.amazonaws.com\/kiube.se\/wp-content\/uploads\/sites\/108\/2021\/09\/06190126\/2021-09-06-05.53.32-pm.png 150w, https:\/\/s3.eu-north-1.amazonaws.com\/kiube.se\/wp-content\/uploads\/sites\/108\/2021\/09\/06190126\/2021-09-06-05.53.32-pm.png 100w, https:\/\/s3.eu-north-1.amazonaws.com\/kiube.se\/wp-content\/uploads\/sites\/108\/2021\/09\/06190126\/2021-09-06-05.53.32-pm.png 648w, https:\/\/s3.eu-north-1.amazonaws.com\/kiube.se\/wp-content\/uploads\/sites\/108\/2021\/09\/06190126\/2021-09-06-05.53.32-pm.png 972w\" sizes=\"auto, (max-width: 324px) 100vw, 324px\" data-attachment-id=\"123\" data-permalink=\"https:\/\/kiube.se\/zon8\/presentation\/mission-zero\/2021-09-06-05-53-32-pm\/\" data-orig-file=\"https:\/\/i0.wp.com\/s3.eu-north-1.amazonaws.com\/kiube.se\/wp-content\/uploads\/sites\/108\/2021\/09\/06190126\/2021-09-06-05.53.32-pm.png?fit=1024%2C800&amp;ssl=1\" data-orig-size=\"1024,800\" data-comments-opened=\"1\" data-image-meta=\"{&quot;aperture&quot;:&quot;0&quot;,&quot;credit&quot;:&quot;&quot;,&quot;camera&quot;:&quot;&quot;,&quot;caption&quot;:&quot;&quot;,&quot;created_timestamp&quot;:&quot;0&quot;,&quot;copyright&quot;:&quot;&quot;,&quot;focal_length&quot;:&quot;0&quot;,&quot;iso&quot;:&quot;0&quot;,&quot;shutter_speed&quot;:&quot;0&quot;,&quot;title&quot;:&quot;&quot;,&quot;orientation&quot;:&quot;0&quot;}\" data-image-title=\"2021-09-06 05.53.32 pm\" data-image-description=\"\" data-image-caption=\"\" data-large-file=\"https:\/\/i0.wp.com\/s3.eu-north-1.amazonaws.com\/kiube.se\/wp-content\/uploads\/sites\/108\/2021\/09\/06190126\/2021-09-06-05.53.32-pm.png?fit=980%2C766&amp;ssl=1\" \/>\n<a href=\"https:\/\/kiube.se\/zon8\/presentation\/mission-zero\/\">Mission Zero<\/a>\n\t\t\t<\/td>\n\t\t\n\t\t\n\t\t\t<td>\n\t\t\t\t\n<img data-recalc-dims=\"1\" loading=\"lazy\" decoding=\"async\" width=\"324\" height=\"324\" src=\"https:\/\/i0.wp.com\/s3.eu-north-1.amazonaws.com\/kiube.se\/wp-content\/uploads\/sites\/108\/2021\/08\/01082804\/pexels-photo-3420262-324x324.jpeg?resize=324%2C324&#038;ssl=1\" class=\"attachment-shop_catalog size-shop_catalog wp-post-image\" alt=\"stairs underwater\" srcset=\"https:\/\/s3.eu-north-1.amazonaws.com\/kiube.se\/wp-content\/uploads\/sites\/108\/2021\/08\/01082804\/pexels-photo-3420262.jpeg 324w, https:\/\/s3.eu-north-1.amazonaws.com\/kiube.se\/wp-content\/uploads\/sites\/108\/2021\/08\/01082804\/pexels-photo-3420262.jpeg 150w, https:\/\/s3.eu-north-1.amazonaws.com\/kiube.se\/wp-content\/uploads\/sites\/108\/2021\/08\/01082804\/pexels-photo-3420262.jpeg 100w, https:\/\/s3.eu-north-1.amazonaws.com\/kiube.se\/wp-content\/uploads\/sites\/108\/2021\/08\/01082804\/pexels-photo-3420262.jpeg 648w, https:\/\/s3.eu-north-1.amazonaws.com\/kiube.se\/wp-content\/uploads\/sites\/108\/2021\/08\/01082804\/pexels-photo-3420262.jpeg 972w\" sizes=\"auto, (max-width: 324px) 100vw, 324px\" data-attachment-id=\"91\" data-permalink=\"https:\/\/kiube.se\/zon8\/presentation\/presentation-no2\/pexels-photo-3420262\/\" data-orig-file=\"https:\/\/i0.wp.com\/s3.eu-north-1.amazonaws.com\/kiube.se\/wp-content\/uploads\/sites\/108\/2021\/08\/01082804\/pexels-photo-3420262.jpeg?fit=1733%2C1300&amp;ssl=1\" data-orig-size=\"1733,1300\" data-comments-opened=\"1\" data-image-meta=\"{&quot;aperture&quot;:&quot;0&quot;,&quot;credit&quot;:&quot;&quot;,&quot;camera&quot;:&quot;&quot;,&quot;caption&quot;:&quot;Photo by Francesco Ungaro on &lt;a href=\\&quot;https:\/\/www.pexels.com\/photo\/stairs-underwater-3420262\/\\&quot; rel=\\&quot;nofollow\\&quot;&gt;Pexels.com&lt;\/a&gt;&quot;,&quot;created_timestamp&quot;:&quot;0&quot;,&quot;copyright&quot;:&quot;&quot;,&quot;focal_length&quot;:&quot;0&quot;,&quot;iso&quot;:&quot;0&quot;,&quot;shutter_speed&quot;:&quot;0&quot;,&quot;title&quot;:&quot;stairs underwater&quot;,&quot;orientation&quot;:&quot;0&quot;}\" data-image-title=\"pexels-photo-3420262\" data-image-description=\"\" data-image-caption=\"&lt;p&gt;Photo by Francesco Ungaro on &lt;a href=&quot;https:\/\/www.pexels.com\/photo\/stairs-underwater-3420262\/&quot; rel=&quot;nofollow&quot;&gt;Pexels.com&lt;\/a&gt;&lt;\/p&gt;\n\" data-large-file=\"https:\/\/i0.wp.com\/s3.eu-north-1.amazonaws.com\/kiube.se\/wp-content\/uploads\/sites\/108\/2021\/08\/01082804\/pexels-photo-3420262.jpeg?fit=980%2C735&amp;ssl=1\" \/>\n<a href=\"https:\/\/kiube.se\/zon8\/presentation\/presentation-no2\/\">Falkmans trappa<\/a>\n\t\t\t<\/td>\n\t\t<\/tr>\n\t\t\n\t\t\n\t\t<tr>\n\t\t\t<td>\n\t\t\t\t\n<img data-recalc-dims=\"1\" loading=\"lazy\" decoding=\"async\" width=\"324\" height=\"324\" src=\"https:\/\/i0.wp.com\/s3.eu-north-1.amazonaws.com\/kiube.se\/wp-content\/uploads\/sites\/108\/2021\/08\/30151839\/Unsplash-lax-scaled-324x324.jpg?resize=324%2C324&#038;ssl=1\" class=\"attachment-shop_catalog size-shop_catalog wp-post-image\" alt=\"\" srcset=\"https:\/\/s3.eu-north-1.amazonaws.com\/kiube.se\/wp-content\/uploads\/sites\/108\/2021\/08\/30151839\/Unsplash-lax-scaled.jpg 324w, https:\/\/s3.eu-north-1.amazonaws.com\/kiube.se\/wp-content\/uploads\/sites\/108\/2021\/08\/30151839\/Unsplash-lax-scaled.jpg 150w, https:\/\/s3.eu-north-1.amazonaws.com\/kiube.se\/wp-content\/uploads\/sites\/108\/2021\/08\/30151839\/Unsplash-lax-scaled.jpg 648w, https:\/\/s3.eu-north-1.amazonaws.com\/kiube.se\/wp-content\/uploads\/sites\/108\/2021\/08\/30151839\/Unsplash-lax-scaled.jpg 972w\" sizes=\"auto, (max-width: 324px) 100vw, 324px\" data-attachment-id=\"3\" data-permalink=\"https:\/\/kiube.se\/zon8\/startsida\/unsplash-lax\/\" data-orig-file=\"https:\/\/i0.wp.com\/s3.eu-north-1.amazonaws.com\/kiube.se\/wp-content\/uploads\/sites\/108\/2021\/08\/30151839\/Unsplash-lax-scaled.jpg?fit=2560%2C2004&amp;ssl=1\" data-orig-size=\"2560,2004\" data-comments-opened=\"1\" data-image-meta=\"{&quot;aperture&quot;:&quot;0&quot;,&quot;credit&quot;:&quot;&quot;,&quot;camera&quot;:&quot;&quot;,&quot;caption&quot;:&quot;&quot;,&quot;created_timestamp&quot;:&quot;0&quot;,&quot;copyright&quot;:&quot;&quot;,&quot;focal_length&quot;:&quot;0&quot;,&quot;iso&quot;:&quot;0&quot;,&quot;shutter_speed&quot;:&quot;0&quot;,&quot;title&quot;:&quot;&quot;,&quot;orientation&quot;:&quot;1&quot;}\" data-image-title=\"Unsplash lax\" data-image-description=\"\" data-image-caption=\"\" data-large-file=\"https:\/\/i0.wp.com\/s3.eu-north-1.amazonaws.com\/kiube.se\/wp-content\/uploads\/sites\/108\/2021\/08\/30151839\/Unsplash-lax-scaled.jpg?fit=980%2C768&amp;ssl=1\" \/>\n<a href=\"https:\/\/kiube.se\/zon8\/presentation\/presentation-no1\/\">Simma motstr\u00f6ms<\/a>\n\t\t\t<\/td>\n\t\t\n\t\t\t<td><\/td>\n\t\t\n\t\t\t<td><\/td>\n\t\t\n\t\t\t<td><\/td>\n\t\t<\/tr>\n\t\n\t<\/table>\n\t\n\t\n\t\n<\/div>\n\n","protected":false},"excerpt":{"rendered":"<p>Notera! Dessa presentationer \u00e4r inte skarpa utan finns h\u00e4r som exempel. Mycket av inneh\u00e5llet \u00e4r korrekt men b\u00f6r inte anv\u00e4ndas utan f\u00f6reg\u00e5ende redigering.<\/p>\n","protected":false},"author":118,"featured_media":0,"parent":0,"menu_order":0,"comment_status":"closed","ping_status":"closed","template":"template-fullwidth.php","meta":{"footnotes":""},"class_list":["post-69","page","type-page","status-publish","hentry"],"jetpack_sharing_enabled":true,"_links":{"self":[{"href":"https:\/\/kiube.se\/zon8\/wp-json\/wp\/v2\/pages\/69","targetHints":{"allow":["GET"]}}],"collection":[{"href":"https:\/\/kiube.se\/zon8\/wp-json\/wp\/v2\/pages"}],"about":[{"href":"https:\/\/kiube.se\/zon8\/wp-json\/wp\/v2\/types\/page"}],"author":[{"embeddable":true,"href":"https:\/\/kiube.se\/zon8\/wp-json\/wp\/v2\/users\/118"}],"replies":[{"embeddable":true,"href":"https:\/\/kiube.se\/zon8\/wp-json\/wp\/v2\/comments?post=69"}],"version-history":[{"count":0,"href":"https:\/\/kiube.se\/zon8\/wp-json\/wp\/v2\/pages\/69\/revisions"}],"wp:attachment":[{"href":"https:\/\/kiube.se\/zon8\/wp-json\/wp\/v2\/media?parent=69"}],"curies":[{"name":"wp","href":"https:\/\/api.w.org\/{rel}","templated":true}]}}