{"id":2,"date":"2021-08-30T15:11:16","date_gmt":"2021-08-30T13:11:16","guid":{"rendered":"https:\/\/kiube.se\/zon8\/?page_id=2"},"modified":"2021-09-15T13:24:34","modified_gmt":"2021-09-15T11:24:34","slug":"exempelsida","status":"publish","type":"page","link":"https:\/\/kiube.se\/zon8\/exempelsida\/","title":{"rendered":"Installation"},"content":{"rendered":"<blockquote>\r\n<p><em><strong>WordPress<\/strong> \u00e4r uppbyggt av ett antal byggstenar som kan kombineras i o\u00e4ndligt m\u00e5nga konfigurationer. Genom den enkla struktur som Wp \u00e4r baserad p\u00e5 fungerar detta ofta helt utan problem. Men ibland blir det konflikt mellan olika komponenter, s\u00e5 att de inte uppf\u00f6r sig som man f\u00f6rv\u00e4ntar sig. Detta brukar vara enkelt att l\u00f6sa. Antingen f\u00e5r man ers\u00e4tta en komponent med en annan, eller ox\u00e5 m\u00e5ste man acceptera vissa begr\u00e4nsningar och anpassa sitt inneh\u00e5ll efter f\u00f6ruts\u00e4ttningar. <\/em><\/p>\r\n<\/blockquote>\r\n\r\n<pre><strong>K\u00e4nda problem:<\/strong> <\/pre>\r\n<h2>Installation<\/h2>\r\n<p>F\u00f6r att konfigurera f\u00f6ljande utseende, installera f\u00f6ljande komponenter:<\/p>\r\n\r\n\r\n\r\n<blockquote class=\"wp-block-quote is-layout-flow wp-block-quote-is-layout-flow\">\r\n<p>Tema WooCommerce<\/p>\r\n<\/blockquote>\r\n\r\n\r\n\r\n<p>&#8230; och f\u00f6ljande till\u00e4gg<\/p>\r\n\r\n\r\n\r\n<blockquote class=\"wp-block-quote is-layout-flow wp-block-quote-is-layout-flow\">\r\n<p>Classic Editor<\/p>\r\n<p>Classic Widget.<\/p>\r\n<p>Advanced Editor Tools<\/p>\r\n<p>Akismet<\/p>\r\n<p>Jetpack<\/p>\r\n<p>Toolset<\/p>\r\n<p>Slides &amp; Presentations<\/p>\r\n<\/blockquote>\r\n\r\n\r\n\r\n<h2>Konfiguration (inst\u00e4llningar)<\/h2>\r\n<p>Som Administrat\u00f6r b\u00f6r du g\u00e5 till din <a href=\"https:\/\/kiube.se\/zon8\/wp-admin\/\">adminpanel<\/a> f\u00f6r att konfigurera ditt inneh\u00e5ll. Lycka till!<\/p>\r\n<p>.. f\u00f6ljande inst\u00e4llningar \u00e4r gjorda<\/p>\r\n<h3>Inst\u00e4llningar i JetPack<\/h3>\r\n<ul>\r\n<li>Load pages faster by allowing Jetpack to optimize your images and serve your images and static files (like CSS and JavaScript) from our global network of servers.<\/li>\r\n<li>Lazy-loading images will improve your site\u2019s speed and create a smoother viewing experience. Images will load as visitors scroll down the screen, instead of all at once.<\/li>\r\n<li>Create full-screen carousel slideshows for the images in your posts and pages. Carousel galleries are mobile-friendly and encourage site visitors to interact with your photos.<\/li>\r\n<\/ul>\r\n","protected":false},"excerpt":{"rendered":"<p>WordPress \u00e4r uppbyggt av ett antal byggstenar som kan kombineras i o\u00e4ndligt m\u00e5nga konfigurationer. Genom den enkla struktur som Wp \u00e4r baserad p\u00e5 fungerar detta ofta helt utan problem. Men ibland blir det konflikt mellan olika komponenter, s\u00e5 att de inte uppf\u00f6r sig som man f\u00f6rv\u00e4ntar sig. Detta brukar vara enkelt att l\u00f6sa. Antingen f\u00e5r [&hellip;]<\/p>\n","protected":false},"author":131,"featured_media":0,"parent":0,"menu_order":0,"comment_status":"closed","ping_status":"open","template":"","meta":{"footnotes":""},"class_list":["post-2","page","type-page","status-publish","hentry"],"jetpack_sharing_enabled":true,"_links":{"self":[{"href":"https:\/\/kiube.se\/zon8\/wp-json\/wp\/v2\/pages\/2","targetHints":{"allow":["GET"]}}],"collection":[{"href":"https:\/\/kiube.se\/zon8\/wp-json\/wp\/v2\/pages"}],"about":[{"href":"https:\/\/kiube.se\/zon8\/wp-json\/wp\/v2\/types\/page"}],"author":[{"embeddable":true,"href":"https:\/\/kiube.se\/zon8\/wp-json\/wp\/v2\/users\/131"}],"replies":[{"embeddable":true,"href":"https:\/\/kiube.se\/zon8\/wp-json\/wp\/v2\/comments?post=2"}],"version-history":[{"count":0,"href":"https:\/\/kiube.se\/zon8\/wp-json\/wp\/v2\/pages\/2\/revisions"}],"wp:attachment":[{"href":"https:\/\/kiube.se\/zon8\/wp-json\/wp\/v2\/media?parent=2"}],"curies":[{"name":"wp","href":"https:\/\/api.w.org\/{rel}","templated":true}]}}