{"id":368,"date":"2019-06-10T20:47:26","date_gmt":"2019-06-10T18:47:26","guid":{"rendered":"http:\/\/kiube.se\/zon6\/?page_id=368"},"modified":"2019-06-10T20:52:56","modified_gmt":"2019-06-10T18:52:56","slug":"upphovsratt","status":"publish","type":"page","link":"https:\/\/kiube.se\/zon6\/upphovsratt\/","title":{"rendered":"Upphovsr\u00e4tt"},"content":{"rendered":"<p>Inneh\u00e5llet p\u00e5 denna kursplats \u00e4r skapat av enskilda personer.<\/p>\n<p>F\u00f6r att f\u00e5 g\u00f6ra inneh\u00e5ll tillg\u00e4ngligt m\u00e5ste det vara licensierat s\u00e5 att det g\u00e5r att dela kunskap i olika social kanaler<\/p>\n<p>&nbsp;<\/p>\n","protected":false},"excerpt":{"rendered":"<p>Inneh\u00e5llet p\u00e5 denna kursplats \u00e4r skapat av enskilda personer. F\u00f6r att f\u00e5 g\u00f6ra inneh\u00e5ll tillg\u00e4ngligt m\u00e5ste det vara licensierat s\u00e5 att det g\u00e5r att dela kunskap i olika social kanaler &nbsp;<\/p>\n","protected":false},"author":131,"featured_media":0,"parent":0,"menu_order":0,"comment_status":"closed","ping_status":"closed","template":"","meta":{"jetpack_post_was_ever_published":false,"footnotes":""},"class_list":["post-368","page","type-page","status-publish","hentry"],"jetpack_sharing_enabled":true,"jetpack_shortlink":"https:\/\/wp.me\/Paz7Fi-5W","_links":{"self":[{"href":"https:\/\/kiube.se\/zon6\/wp-json\/wp\/v2\/pages\/368","targetHints":{"allow":["GET"]}}],"collection":[{"href":"https:\/\/kiube.se\/zon6\/wp-json\/wp\/v2\/pages"}],"about":[{"href":"https:\/\/kiube.se\/zon6\/wp-json\/wp\/v2\/types\/page"}],"author":[{"embeddable":true,"href":"https:\/\/kiube.se\/zon6\/wp-json\/wp\/v2\/users\/131"}],"replies":[{"embeddable":true,"href":"https:\/\/kiube.se\/zon6\/wp-json\/wp\/v2\/comments?post=368"}],"version-history":[{"count":0,"href":"https:\/\/kiube.se\/zon6\/wp-json\/wp\/v2\/pages\/368\/revisions"}],"wp:attachment":[{"href":"https:\/\/kiube.se\/zon6\/wp-json\/wp\/v2\/media?parent=368"}],"curies":[{"name":"wp","href":"https:\/\/api.w.org\/{rel}","templated":true}]}}