{"id":317,"date":"2019-06-04T09:59:52","date_gmt":"2019-06-04T07:59:52","guid":{"rendered":"http:\/\/kiube.se\/zon6\/?page_id=317"},"modified":"2020-07-21T09:58:26","modified_gmt":"2020-07-21T07:58:26","slug":"lathund","status":"publish","type":"page","link":"https:\/\/kiube.se\/zon6\/lathund\/","title":{"rendered":"Lathundar"},"content":{"rendered":"<h3>G\u00e4ngor vevparti<\/h3>\r\n<h3><img decoding=\"async\" src=\"https:\/\/docs.google.com\/drawings\/d\/e\/2PACX-1vSvd4pg0DES-aai-8oCQ5Wy3lQMUPD8NG3CdKxTWThxTeAAnoLWB6XSFrhFD72Wnhx2bpNAu-h-W_wv\/pub?w=960&amp;h=720\" \/><\/h3>\r\n<p><span style=\"color: #999999;\">| <a style=\"color: #999999;\" href=\"https:\/\/docs.google.com\/drawings\/d\/e\/2PACX-1vSvd4pg0DES-aai-8oCQ5Wy3lQMUPD8NG3CdKxTWThxTeAAnoLWB6XSFrhFD72Wnhx2bpNAu-h-W_wv\/pub?w=960&amp;h=720\">Print<\/a> | <a style=\"color: #999999;\" href=\"https:\/\/docs.google.com\/drawings\/d\/1rzr7UfTGA-7tY_IjPZyndAEmbIytO-surg-CWh7kZrU\/edit\">Redigera<\/a> | K\u00e4lla: Bike Kitchen |<\/span><\/p>\r\n<hr \/>\r\n<h3>Typer av laddning f\u00f6r elfordon (Bil, samma princip elcykel) <\/h3>\r\n<figure class=\"wp-block-image\"><a href=\"https:\/\/docs.google.com\/drawings\/d\/e\/2PACX-1vRFRzprnWs33q92oQQ57cdgkvnKO_5bibQ580U2lZXTGsJSxzrB5n_uGdHq51itbSZECPPoprE9P4ji\/pub?w=960&amp;h=720\"><img loading=\"lazy\" decoding=\"async\" class=\"alignnone\" src=\"https:\/\/docs.google.com\/drawings\/d\/e\/2PACX-1vRFRzprnWs33q92oQQ57cdgkvnKO_5bibQ580U2lZXTGsJSxzrB5n_uGdHq51itbSZECPPoprE9P4ji\/pub?w=960&amp;h=720\" alt=\"\" width=\"960\" height=\"720\" \/><\/a><\/figure>\r\n\r\n<p><span style=\"color: #999999;\">|\u00a0<a style=\"color: #999999;\" href=\"https:\/\/docs.google.com\/drawings\/d\/1_MK58wBTUyxJxQaWOE93DyyPRX_OodpIVydADS1VOrw\/edit\">Redigera<\/a>\u00a0| <a style=\"color: #999999;\" href=\"https:\/\/docs.google.com\/drawings\/d\/e\/2PACX-1vRFRzprnWs33q92oQQ57cdgkvnKO_5bibQ580U2lZXTGsJSxzrB5n_uGdHq51itbSZECPPoprE9P4ji\/pub?w=960&amp;h=720\">Print<\/a> | K\u00e4lla: <a style=\"color: #999999;\" href=\"http:\/\/blogg.sundhult.com\">Sundhults blogg<\/a> | Licence: <a style=\"color: #999999;\" href=\"https:\/\/creativecommons.org\/licenses\/by\/4.0\/\">CCBY<\/a> |<\/span><\/p>","protected":false},"excerpt":{"rendered":"<p>G\u00e4ngor vevparti | Print | Redigera | K\u00e4lla: Bike Kitchen | Typer av laddning f\u00f6r elfordon (Bil, samma princip elcykel) |\u00a0Redigera\u00a0| Print | K\u00e4lla: Sundhults blogg | Licence: CCBY |<\/p>\n","protected":false},"author":131,"featured_media":0,"parent":0,"menu_order":0,"comment_status":"closed","ping_status":"closed","template":"","meta":{"jetpack_post_was_ever_published":false,"footnotes":""},"class_list":["post-317","page","type-page","status-publish","hentry"],"jetpack_sharing_enabled":true,"jetpack_shortlink":"https:\/\/wp.me\/Paz7Fi-57","_links":{"self":[{"href":"https:\/\/kiube.se\/zon6\/wp-json\/wp\/v2\/pages\/317","targetHints":{"allow":["GET"]}}],"collection":[{"href":"https:\/\/kiube.se\/zon6\/wp-json\/wp\/v2\/pages"}],"about":[{"href":"https:\/\/kiube.se\/zon6\/wp-json\/wp\/v2\/types\/page"}],"author":[{"embeddable":true,"href":"https:\/\/kiube.se\/zon6\/wp-json\/wp\/v2\/users\/131"}],"replies":[{"embeddable":true,"href":"https:\/\/kiube.se\/zon6\/wp-json\/wp\/v2\/comments?post=317"}],"version-history":[{"count":0,"href":"https:\/\/kiube.se\/zon6\/wp-json\/wp\/v2\/pages\/317\/revisions"}],"wp:attachment":[{"href":"https:\/\/kiube.se\/zon6\/wp-json\/wp\/v2\/media?parent=317"}],"curies":[{"name":"wp","href":"https:\/\/api.w.org\/{rel}","templated":true}]}}