{"id":289,"date":"2019-05-28T12:37:33","date_gmt":"2019-05-28T10:37:33","guid":{"rendered":"http:\/\/kiube.se\/zon6\/?page_id=289"},"modified":"2019-06-04T11:37:41","modified_gmt":"2019-06-04T09:37:41","slug":"ansvar-och-kvalitet","status":"publish","type":"page","link":"https:\/\/kiube.se\/zon6\/ansvar-och-kvalitet\/","title":{"rendered":"Ansvar och kvalitet"},"content":{"rendered":"<p>Avsikten med denna webbplats \u00e4r att kunna ta eget ansvar f\u00f6r sitt l\u00e4rande, men att st\u00e4ndigt f\u00f6rb\u00e4ttra inneh\u00e5ll fr\u00e5n deltagare och praktisk erfarenhet.<\/p>\n<p>F\u00f6r att s\u00e4kerst\u00e4lla att information \u00e4r korrekt och h\u00e5ller en h\u00f6g kvalitet, vill vi ge brukaren m\u00f6jlighet att skicka feedback f\u00f6r att korrigera felaktigheter eller f\u00f6rb\u00e4ttra inneh\u00e5ll.<\/p>\n<p><strong>Kursansvarig:<\/strong> \u00c4r ansvarig f\u00f6r struktur och val av inneh\u00e5ll till kurs<\/p>\n<p><strong>Inneh\u00e5llsansvarig<\/strong>: Vissa omr\u00e5den har en inneh\u00e5llsansvarig som har f\u00f6rdjupad kunskap i \u00e4mnet<\/p>\n<p><strong>Felaktigheter<\/strong>: Anv\u00e4nd feedbackfunktion f\u00f6r att uppm\u00e4rksamma redakt\u00f6ren om felaktigheter eller om n\u00e5got saknas som kan h\u00f6ja v\u00e4rdet p\u00e5 kursinneh\u00e5llet.<\/p>\n","protected":false},"excerpt":{"rendered":"<p>Avsikten med denna webbplats \u00e4r att kunna ta eget ansvar f\u00f6r sitt l\u00e4rande, men att st\u00e4ndigt f\u00f6rb\u00e4ttra inneh\u00e5ll fr\u00e5n deltagare och praktisk erfarenhet. F\u00f6r att s\u00e4kerst\u00e4lla att information \u00e4r korrekt och h\u00e5ller en h\u00f6g kvalitet, vill vi ge brukaren m\u00f6jlighet att skicka feedback f\u00f6r att korrigera felaktigheter eller f\u00f6rb\u00e4ttra inneh\u00e5ll. Kursansvarig: \u00c4r ansvarig f\u00f6r struktur &hellip; <a href=\"https:\/\/kiube.se\/zon6\/ansvar-och-kvalitet\/\" class=\"more-link\">Forts\u00e4tt l\u00e4sa <span class=\"screen-reader-text\">Ansvar och kvalitet<\/span> <span class=\"meta-nav\">&rarr;<\/span><\/a><\/p>\n","protected":false},"author":131,"featured_media":0,"parent":0,"menu_order":0,"comment_status":"closed","ping_status":"closed","template":"","meta":{"jetpack_post_was_ever_published":false,"footnotes":""},"class_list":["post-289","page","type-page","status-publish","hentry"],"jetpack_sharing_enabled":true,"jetpack_shortlink":"https:\/\/wp.me\/Paz7Fi-4F","_links":{"self":[{"href":"https:\/\/kiube.se\/zon6\/wp-json\/wp\/v2\/pages\/289","targetHints":{"allow":["GET"]}}],"collection":[{"href":"https:\/\/kiube.se\/zon6\/wp-json\/wp\/v2\/pages"}],"about":[{"href":"https:\/\/kiube.se\/zon6\/wp-json\/wp\/v2\/types\/page"}],"author":[{"embeddable":true,"href":"https:\/\/kiube.se\/zon6\/wp-json\/wp\/v2\/users\/131"}],"replies":[{"embeddable":true,"href":"https:\/\/kiube.se\/zon6\/wp-json\/wp\/v2\/comments?post=289"}],"version-history":[{"count":0,"href":"https:\/\/kiube.se\/zon6\/wp-json\/wp\/v2\/pages\/289\/revisions"}],"wp:attachment":[{"href":"https:\/\/kiube.se\/zon6\/wp-json\/wp\/v2\/media?parent=289"}],"curies":[{"name":"wp","href":"https:\/\/api.w.org\/{rel}","templated":true}]}}