{"id":288,"date":"2021-08-21T16:44:58","date_gmt":"2021-08-21T14:44:58","guid":{"rendered":"https:\/\/kiube.se\/zon3\/?page_id=288"},"modified":"2021-08-21T16:44:58","modified_gmt":"2021-08-21T14:44:58","slug":"bjorkhimlen","status":"publish","type":"page","link":"https:\/\/kiube.se\/zon3\/bjorkhimlen\/","title":{"rendered":"Bj\u00f6rkhimlen"},"content":{"rendered":"<p>V\u00e5r fasta plats hittar du p\u00e5 Bj\u00f6rkv\u00e4gen \u00a0i \u00c5karp. D\u00e4r har vi byggt upp en forskningsmilj\u00f6 f\u00f6r att utforska saker i praktiken, sk <a href=\"https:\/\/sv.wikipedia.org\/wiki\/Empiri\">empirisk<\/a> forskning. V\u00e5ra design och forskningsomr\u00e5den \u00e4r knutna till v\u00e5ra \u00f6vergripande\u00a0designm\u00e5l. En experimentmilj\u00f6 f\u00f6r att snabbt kunna ta fram enkla experiment som hj\u00e4lper till att bygga l\u00e5ngsiktig erfarenhet. Vi samlar data hur v\u00e5ra produkter utnyttjas som kan anv\u00e4ndas f\u00f6r analys och beslut.<\/p>\n<p>Design<\/p>\n<ul>\n<li>solarXbike milj\u00f6v\u00e4nligt transportsystem laddade med solenergi med h\u00e5llbarhet som v\u00e4rdegrund<\/li>\n<\/ul>\n<p>Forskning<\/p>\n<ul>\n<li>DVDC &#8211; hur tar vi effektivast tillvara den energi som skapas lokalt<\/li>\n<li>Tillsammans med cykelfr\u00e4mjandet samlar vi <a href=\"http:\/\/cykelframjandet.se\/blog\/stod-oss\/donera-din-cykeldata-2\/\">data som kan anv\u00e4ndas f\u00f6r att forska<\/a>\u00a0kring hur vi transportera oss.<\/li>\n<\/ul>\n<p>Metoder<\/p>\n<ul>\n<li>Cirkul\u00e4r ekonomi<\/li>\n<li>Cradle to cradle<\/li>\n<\/ul>\n","protected":false},"excerpt":{"rendered":"<p>V\u00e5r fasta plats hittar du p\u00e5 Bj\u00f6rkv\u00e4gen \u00a0i \u00c5karp. D\u00e4r har vi byggt upp en forskningsmilj\u00f6 f\u00f6r att utforska saker i praktiken, sk empirisk forskning. V\u00e5ra design och forskningsomr\u00e5den \u00e4r knutna till v\u00e5ra \u00f6vergripande\u00a0designm\u00e5l. En experimentmilj\u00f6 f\u00f6r att snabbt kunna ta fram enkla experiment som hj\u00e4lper till att bygga l\u00e5ngsiktig erfarenhet. Vi samlar data hur [&hellip;]<\/p>\n","protected":false},"author":118,"featured_media":0,"parent":0,"menu_order":0,"comment_status":"closed","ping_status":"closed","template":"","meta":{"footnotes":""},"class_list":{"0":"post-288","1":"page","2":"type-page","3":"status-publish","5":"entry"},"yoast_head":"<!-- This site is optimized with the Yoast SEO plugin v27.5 - https:\/\/yoast.com\/product\/yoast-seo-wordpress\/ -->\n<title>Bj\u00f6rkhimlen - Design Greenhouse<\/title>\n<meta name=\"robots\" content=\"index, follow, max-snippet:-1, max-image-preview:large, max-video-preview:-1\" \/>\n<link rel=\"canonical\" href=\"https:\/\/kiube.se\/zon3\/bjorkhimlen\/\" \/>\n<meta property=\"og:locale\" content=\"sv_SE\" \/>\n<meta property=\"og:type\" content=\"article\" \/>\n<meta property=\"og:title\" content=\"Bj\u00f6rkhimlen - Design Greenhouse\" \/>\n<meta property=\"og:description\" content=\"V\u00e5r fasta plats hittar du p\u00e5 Bj\u00f6rkv\u00e4gen \u00a0i \u00c5karp. D\u00e4r har vi byggt upp en forskningsmilj\u00f6 f\u00f6r att utforska saker i praktiken, sk empirisk forskning. V\u00e5ra design och forskningsomr\u00e5den \u00e4r knutna till v\u00e5ra \u00f6vergripande\u00a0designm\u00e5l. En experimentmilj\u00f6 f\u00f6r att snabbt kunna ta fram enkla experiment som hj\u00e4lper till att bygga l\u00e5ngsiktig erfarenhet. Vi samlar data hur [&hellip;]\" \/>\n<meta property=\"og:url\" content=\"https:\/\/kiube.se\/zon3\/bjorkhimlen\/\" \/>\n<meta property=\"og:site_name\" content=\"Design Greenhouse\" \/>\n<meta name=\"twitter:card\" content=\"summary_large_image\" \/>\n<meta name=\"twitter:label1\" content=\"Ber\u00e4knad l\u00e4stid\" \/>\n\t<meta name=\"twitter:data1\" content=\"1 minut\" \/>\n<script type=\"application\/ld+json\" class=\"yoast-schema-graph\">{\"@context\":\"https:\\\/\\\/schema.org\",\"@graph\":[{\"@type\":\"WebPage\",\"@id\":\"https:\\\/\\\/kiube.se\\\/zon3\\\/bjorkhimlen\\\/\",\"url\":\"https:\\\/\\\/kiube.se\\\/zon3\\\/bjorkhimlen\\\/\",\"name\":\"Bj\u00f6rkhimlen - Design Greenhouse\",\"isPartOf\":{\"@id\":\"https:\\\/\\\/kiube.se\\\/zon3\\\/#website\"},\"datePublished\":\"2021-08-21T14:44:58+00:00\",\"breadcrumb\":{\"@id\":\"https:\\\/\\\/kiube.se\\\/zon3\\\/bjorkhimlen\\\/#breadcrumb\"},\"inLanguage\":\"sv-SE\",\"potentialAction\":[{\"@type\":\"ReadAction\",\"target\":[\"https:\\\/\\\/kiube.se\\\/zon3\\\/bjorkhimlen\\\/\"]}]},{\"@type\":\"BreadcrumbList\",\"@id\":\"https:\\\/\\\/kiube.se\\\/zon3\\\/bjorkhimlen\\\/#breadcrumb\",\"itemListElement\":[{\"@type\":\"ListItem\",\"position\":1,\"name\":\"Hem\",\"item\":\"https:\\\/\\\/kiube.se\\\/zon3\\\/\"},{\"@type\":\"ListItem\",\"position\":2,\"name\":\"Bj\u00f6rkhimlen\"}]},{\"@type\":\"WebSite\",\"@id\":\"https:\\\/\\\/kiube.se\\\/zon3\\\/#website\",\"url\":\"https:\\\/\\\/kiube.se\\\/zon3\\\/\",\"name\":\"Design Greenhouse\",\"description\":\"Design with a purpose\",\"potentialAction\":[{\"@type\":\"SearchAction\",\"target\":{\"@type\":\"EntryPoint\",\"urlTemplate\":\"https:\\\/\\\/kiube.se\\\/zon3\\\/?s={search_term_string}\"},\"query-input\":{\"@type\":\"PropertyValueSpecification\",\"valueRequired\":true,\"valueName\":\"search_term_string\"}}],\"inLanguage\":\"sv-SE\"}]}<\/script>\n<!-- \/ Yoast SEO plugin. -->","yoast_head_json":{"title":"Bj\u00f6rkhimlen - Design Greenhouse","robots":{"index":"index","follow":"follow","max-snippet":"max-snippet:-1","max-image-preview":"max-image-preview:large","max-video-preview":"max-video-preview:-1"},"canonical":"https:\/\/kiube.se\/zon3\/bjorkhimlen\/","og_locale":"sv_SE","og_type":"article","og_title":"Bj\u00f6rkhimlen - Design Greenhouse","og_description":"V\u00e5r fasta plats hittar du p\u00e5 Bj\u00f6rkv\u00e4gen \u00a0i \u00c5karp. D\u00e4r har vi byggt upp en forskningsmilj\u00f6 f\u00f6r att utforska saker i praktiken, sk empirisk forskning. V\u00e5ra design och forskningsomr\u00e5den \u00e4r knutna till v\u00e5ra \u00f6vergripande\u00a0designm\u00e5l. En experimentmilj\u00f6 f\u00f6r att snabbt kunna ta fram enkla experiment som hj\u00e4lper till att bygga l\u00e5ngsiktig erfarenhet. Vi samlar data hur [&hellip;]","og_url":"https:\/\/kiube.se\/zon3\/bjorkhimlen\/","og_site_name":"Design Greenhouse","twitter_card":"summary_large_image","twitter_misc":{"Ber\u00e4knad l\u00e4stid":"1 minut"},"schema":{"@context":"https:\/\/schema.org","@graph":[{"@type":"WebPage","@id":"https:\/\/kiube.se\/zon3\/bjorkhimlen\/","url":"https:\/\/kiube.se\/zon3\/bjorkhimlen\/","name":"Bj\u00f6rkhimlen - Design Greenhouse","isPartOf":{"@id":"https:\/\/kiube.se\/zon3\/#website"},"datePublished":"2021-08-21T14:44:58+00:00","breadcrumb":{"@id":"https:\/\/kiube.se\/zon3\/bjorkhimlen\/#breadcrumb"},"inLanguage":"sv-SE","potentialAction":[{"@type":"ReadAction","target":["https:\/\/kiube.se\/zon3\/bjorkhimlen\/"]}]},{"@type":"BreadcrumbList","@id":"https:\/\/kiube.se\/zon3\/bjorkhimlen\/#breadcrumb","itemListElement":[{"@type":"ListItem","position":1,"name":"Hem","item":"https:\/\/kiube.se\/zon3\/"},{"@type":"ListItem","position":2,"name":"Bj\u00f6rkhimlen"}]},{"@type":"WebSite","@id":"https:\/\/kiube.se\/zon3\/#website","url":"https:\/\/kiube.se\/zon3\/","name":"Design Greenhouse","description":"Design with a purpose","potentialAction":[{"@type":"SearchAction","target":{"@type":"EntryPoint","urlTemplate":"https:\/\/kiube.se\/zon3\/?s={search_term_string}"},"query-input":{"@type":"PropertyValueSpecification","valueRequired":true,"valueName":"search_term_string"}}],"inLanguage":"sv-SE"}]}},"jetpack_shortlink":"https:\/\/wp.me\/P7Nl5Z-4E","jetpack_sharing_enabled":true,"_links":{"self":[{"href":"https:\/\/kiube.se\/zon3\/wp-json\/wp\/v2\/pages\/288","targetHints":{"allow":["GET"]}}],"collection":[{"href":"https:\/\/kiube.se\/zon3\/wp-json\/wp\/v2\/pages"}],"about":[{"href":"https:\/\/kiube.se\/zon3\/wp-json\/wp\/v2\/types\/page"}],"author":[{"embeddable":true,"href":"https:\/\/kiube.se\/zon3\/wp-json\/wp\/v2\/users\/118"}],"replies":[{"embeddable":true,"href":"https:\/\/kiube.se\/zon3\/wp-json\/wp\/v2\/comments?post=288"}],"version-history":[{"count":0,"href":"https:\/\/kiube.se\/zon3\/wp-json\/wp\/v2\/pages\/288\/revisions"}],"wp:attachment":[{"href":"https:\/\/kiube.se\/zon3\/wp-json\/wp\/v2\/media?parent=288"}],"curies":[{"name":"wp","href":"https:\/\/api.w.org\/{rel}","templated":true}]}}