{"id":248,"date":"2018-02-17T11:32:03","date_gmt":"2018-02-17T10:32:03","guid":{"rendered":"http:\/\/kiube.se\/zon3\/?page_id=248"},"modified":"2025-04-23T12:09:13","modified_gmt":"2025-04-23T10:09:13","slug":"system","status":"publish","type":"page","link":"https:\/\/kiube.se\/zon3\/system\/","title":{"rendered":"System Design"},"content":{"rendered":"<h3>Tolerans f\u00f6r tvetydighet<\/h3>\n<p id=\"tw-target-text\" class=\"tw-data-text tw-text-large tw-ta\" dir=\"ltr\" data-placeholder=\"\u00d6vers\u00e4ttning\" data-ved=\"2ahUKEwitmai_9O2MAxU0GxAIHaJNKwUQ3ewLegQICBAV\" aria-label=\"\u00d6versatt text: Det inneb\u00e4r att stanna i ovissheten, eller att stanna kvar i fr\u00e5gan, trots obehaget\natt inte veta svaret eller att inte veta vart vi \u00e4r p\u00e5 v\u00e4g. Det kr\u00e4ver\nsl\u00e4ppa kontrollen \u2013 \u00e4ven om en l\u00f6sning inte alltid \u00e4r garanterad \u2013 att g\u00f6ra\nutrymme f\u00f6r nya och framv\u00e4xande kopplingar att kristallisera i en tydlig riktning. Det ocks\u00e5\ninneb\u00e4r att acceptera det faktum att det kan finnas m\u00e5nga s\u00e4tt att svara p\u00e5 detsamma\nfr\u00e5ga, var och en med olika men potentiellt positiva resultat.\"><span class=\"Y2IQFc\" lang=\"sv\">Det inneb\u00e4r att stanna i ovissheten, eller att stanna kvar i fr\u00e5gan, trots obehaget att inte veta svaret eller att inte veta vart vi \u00e4r p\u00e5 v\u00e4g. Det kr\u00e4ver sl\u00e4ppa kontrollen \u2013 \u00e4ven om en l\u00f6sning inte alltid \u00e4r garanterad \u2013 att g\u00f6ra utrymme f\u00f6r nya och framv\u00e4xande kopplingar att kristallisera i en tydlig riktning. Det ocks\u00e5 inneb\u00e4r att acceptera det faktum att det kan finnas m\u00e5nga s\u00e4tt att svara p\u00e5 detsamma fr\u00e5ga, var och en med olika men potentiellt positiva resultat.<\/span><\/p>\n<h3>System utveckling<\/h3>\n<p><em>Ett system kan enklast beskrivas best\u00e5ende av 3 delar<\/em><\/p>\n<ol>\n<li>\u00a02 enskilda objekt<\/li>\n<li>en relation mellan dessa objekt och<\/li>\n<li>en funktion<\/li>\n<\/ol>\n<p>&nbsp;<\/p>\n<h3>Grundl\u00e4ggande principer<\/h3>\n<p><span class=\"embed-youtube\" style=\"text-align:center; display: block;\"><iframe loading=\"lazy\" class=\"youtube-player\" width=\"640\" height=\"360\" src=\"https:\/\/www.youtube.com\/embed\/IDBCxzHthf4?version=3&#038;rel=1&#038;showsearch=0&#038;showinfo=1&#038;iv_load_policy=1&#038;fs=1&#038;hl=sv-SE&#038;autohide=2&#038;wmode=transparent\" allowfullscreen=\"true\" style=\"border:0;\" sandbox=\"allow-scripts allow-same-origin allow-popups allow-presentation allow-popups-to-escape-sandbox\"><\/iframe><\/span><\/p>\n<p>&nbsp;<\/p>\n<p>&nbsp;<\/p>\n<h4>\u00d6verkurs<\/h4>\n<p>Lifecycle | Holistic |<\/p>\n<p><span class=\"embed-youtube\" style=\"text-align:center; display: block;\"><iframe loading=\"lazy\" class=\"youtube-player\" width=\"640\" height=\"360\" src=\"https:\/\/www.youtube.com\/embed\/rniTluP579I?version=3&#038;rel=1&#038;showsearch=0&#038;showinfo=1&#038;iv_load_policy=1&#038;fs=1&#038;hl=sv-SE&#038;autohide=2&#038;wmode=transparent\" allowfullscreen=\"true\" style=\"border:0;\" sandbox=\"allow-scripts allow-same-origin allow-popups allow-presentation allow-popups-to-escape-sandbox\"><\/iframe><\/span><\/p>\n<p>&nbsp;<\/p>\n<h3>Komplexa system<\/h3>\n<p>Vi anv\u00e4nder cynefin f\u00f6r att f\u00f6rst\u00e5 komplex systemutveckling.<\/p>\n<p><span class=\"embed-youtube\" style=\"text-align:center; display: block;\"><iframe loading=\"lazy\" class=\"youtube-player\" width=\"640\" height=\"360\" src=\"https:\/\/www.youtube.com\/embed\/N7oz366X0-8?version=3&#038;rel=1&#038;showsearch=0&#038;showinfo=1&#038;iv_load_policy=1&#038;fs=1&#038;hl=sv-SE&#038;autohide=2&#038;wmode=transparent\" allowfullscreen=\"true\" style=\"border:0;\" sandbox=\"allow-scripts allow-same-origin allow-popups allow-presentation allow-popups-to-escape-sandbox\"><\/iframe><\/span><\/p>\n<h3>Kommunikation<\/h3>\n<h3>Kvalitetss\u00e4kring<\/h3>\n<h3>Beslutsfattande<\/h3>\n<p><a href=\"https:\/\/store.particle.io\/products\/internet-button\">Fatta beslut i grupp &#8211; Wikipedia<\/a><\/p>\n<p>2 olika aspekter p\u00e5 utveckling och konsekvenser och avv\u00e4gningar<\/p>\n<h5>System utveckling<\/h5>\n<p>Skillnader mellan t.ex Toyota och Apple som b\u00e5da h\u00e5ller extremt h\u00f6g kvalitet, men har 2 olika tillv\u00e4gag\u00e5ngss\u00e4tt.<\/p>\n<ul>\n<li>Toyota anv\u00e4nder bepr\u00f6vad teknik och f\u00f6rb\u00e4ttrar konternuerligt<\/li>\n<li>Apple v\u00e4ljer den b\u00e4sta tekniken och ser till att den fungerar<\/li>\n<li><\/li>\n<\/ul>\n<h5>Produktutveckling<\/h5>\n","protected":false},"excerpt":{"rendered":"<p>Tolerans f\u00f6r tvetydighet Det inneb\u00e4r att stanna i ovissheten, eller att stanna kvar i fr\u00e5gan, trots obehaget att inte veta svaret eller att inte veta vart vi \u00e4r p\u00e5 v\u00e4g. Det kr\u00e4ver sl\u00e4ppa kontrollen \u2013 \u00e4ven om en l\u00f6sning inte alltid \u00e4r garanterad \u2013 att g\u00f6ra utrymme f\u00f6r nya och framv\u00e4xande kopplingar att kristallisera i [&hellip;]<\/p>\n","protected":false},"author":131,"featured_media":297,"parent":0,"menu_order":0,"comment_status":"closed","ping_status":"closed","template":"","meta":{"footnotes":""},"class_list":{"0":"post-248","1":"page","2":"type-page","3":"status-publish","4":"has-post-thumbnail","6":"entry"},"yoast_head":"<!-- This site is optimized with the Yoast SEO plugin v27.5 - https:\/\/yoast.com\/product\/yoast-seo-wordpress\/ -->\n<title>System Design - Design Greenhouse<\/title>\n<meta name=\"robots\" content=\"index, follow, max-snippet:-1, max-image-preview:large, max-video-preview:-1\" \/>\n<link rel=\"canonical\" href=\"https:\/\/kiube.se\/zon3\/system\/\" \/>\n<meta property=\"og:locale\" content=\"sv_SE\" \/>\n<meta property=\"og:type\" content=\"article\" \/>\n<meta property=\"og:title\" content=\"System Design - Design Greenhouse\" \/>\n<meta property=\"og:description\" content=\"Tolerans f\u00f6r tvetydighet Det inneb\u00e4r att stanna i ovissheten, eller att stanna kvar i fr\u00e5gan, trots obehaget att inte veta svaret eller att inte veta vart vi \u00e4r p\u00e5 v\u00e4g. Det kr\u00e4ver sl\u00e4ppa kontrollen \u2013 \u00e4ven om en l\u00f6sning inte alltid \u00e4r garanterad \u2013 att g\u00f6ra utrymme f\u00f6r nya och framv\u00e4xande kopplingar att kristallisera i [&hellip;]\" \/>\n<meta property=\"og:url\" content=\"https:\/\/kiube.se\/zon3\/system\/\" \/>\n<meta property=\"og:site_name\" content=\"Design Greenhouse\" \/>\n<meta property=\"article:modified_time\" content=\"2025-04-23T10:09:13+00:00\" \/>\n<meta property=\"og:image\" content=\"https:\/\/s3.eu-north-1.amazonaws.com\/kiube.se\/wp-content\/uploads\/sites\/97\/2022\/07\/20123349\/2022-07-20-12.33.01-pm.png\" \/>\n\t<meta property=\"og:image:width\" content=\"998\" \/>\n\t<meta property=\"og:image:height\" content=\"605\" \/>\n\t<meta property=\"og:image:type\" content=\"image\/png\" \/>\n<meta name=\"twitter:card\" content=\"summary_large_image\" \/>\n<meta name=\"twitter:label1\" content=\"Ber\u00e4knad l\u00e4stid\" \/>\n\t<meta name=\"twitter:data1\" content=\"2 minuter\" \/>\n<script type=\"application\/ld+json\" class=\"yoast-schema-graph\">{\"@context\":\"https:\\\/\\\/schema.org\",\"@graph\":[{\"@type\":\"WebPage\",\"@id\":\"https:\\\/\\\/kiube.se\\\/zon3\\\/system\\\/\",\"url\":\"https:\\\/\\\/kiube.se\\\/zon3\\\/system\\\/\",\"name\":\"System Design - Design Greenhouse\",\"isPartOf\":{\"@id\":\"https:\\\/\\\/kiube.se\\\/zon3\\\/#website\"},\"primaryImageOfPage\":{\"@id\":\"https:\\\/\\\/kiube.se\\\/zon3\\\/system\\\/#primaryimage\"},\"image\":{\"@id\":\"https:\\\/\\\/kiube.se\\\/zon3\\\/system\\\/#primaryimage\"},\"thumbnailUrl\":\"https:\\\/\\\/i0.wp.com\\\/s3.eu-north-1.amazonaws.com\\\/kiube.se\\\/wp-content\\\/uploads\\\/sites\\\/97\\\/2022\\\/07\\\/20123349\\\/2022-07-20-12.33.01-pm.png?fit=998%2C605&ssl=1\",\"datePublished\":\"2018-02-17T10:32:03+00:00\",\"dateModified\":\"2025-04-23T10:09:13+00:00\",\"breadcrumb\":{\"@id\":\"https:\\\/\\\/kiube.se\\\/zon3\\\/system\\\/#breadcrumb\"},\"inLanguage\":\"sv-SE\",\"potentialAction\":[{\"@type\":\"ReadAction\",\"target\":[\"https:\\\/\\\/kiube.se\\\/zon3\\\/system\\\/\"]}]},{\"@type\":\"ImageObject\",\"inLanguage\":\"sv-SE\",\"@id\":\"https:\\\/\\\/kiube.se\\\/zon3\\\/system\\\/#primaryimage\",\"url\":\"https:\\\/\\\/i0.wp.com\\\/s3.eu-north-1.amazonaws.com\\\/kiube.se\\\/wp-content\\\/uploads\\\/sites\\\/97\\\/2022\\\/07\\\/20123349\\\/2022-07-20-12.33.01-pm.png?fit=998%2C605&ssl=1\",\"contentUrl\":\"https:\\\/\\\/i0.wp.com\\\/s3.eu-north-1.amazonaws.com\\\/kiube.se\\\/wp-content\\\/uploads\\\/sites\\\/97\\\/2022\\\/07\\\/20123349\\\/2022-07-20-12.33.01-pm.png?fit=998%2C605&ssl=1\",\"width\":998,\"height\":605},{\"@type\":\"BreadcrumbList\",\"@id\":\"https:\\\/\\\/kiube.se\\\/zon3\\\/system\\\/#breadcrumb\",\"itemListElement\":[{\"@type\":\"ListItem\",\"position\":1,\"name\":\"Hem\",\"item\":\"https:\\\/\\\/kiube.se\\\/zon3\\\/\"},{\"@type\":\"ListItem\",\"position\":2,\"name\":\"System Design\"}]},{\"@type\":\"WebSite\",\"@id\":\"https:\\\/\\\/kiube.se\\\/zon3\\\/#website\",\"url\":\"https:\\\/\\\/kiube.se\\\/zon3\\\/\",\"name\":\"Design Greenhouse\",\"description\":\"Design with a purpose\",\"potentialAction\":[{\"@type\":\"SearchAction\",\"target\":{\"@type\":\"EntryPoint\",\"urlTemplate\":\"https:\\\/\\\/kiube.se\\\/zon3\\\/?s={search_term_string}\"},\"query-input\":{\"@type\":\"PropertyValueSpecification\",\"valueRequired\":true,\"valueName\":\"search_term_string\"}}],\"inLanguage\":\"sv-SE\"}]}<\/script>\n<!-- \/ Yoast SEO plugin. -->","yoast_head_json":{"title":"System Design - Design Greenhouse","robots":{"index":"index","follow":"follow","max-snippet":"max-snippet:-1","max-image-preview":"max-image-preview:large","max-video-preview":"max-video-preview:-1"},"canonical":"https:\/\/kiube.se\/zon3\/system\/","og_locale":"sv_SE","og_type":"article","og_title":"System Design - Design Greenhouse","og_description":"Tolerans f\u00f6r tvetydighet Det inneb\u00e4r att stanna i ovissheten, eller att stanna kvar i fr\u00e5gan, trots obehaget att inte veta svaret eller att inte veta vart vi \u00e4r p\u00e5 v\u00e4g. Det kr\u00e4ver sl\u00e4ppa kontrollen \u2013 \u00e4ven om en l\u00f6sning inte alltid \u00e4r garanterad \u2013 att g\u00f6ra utrymme f\u00f6r nya och framv\u00e4xande kopplingar att kristallisera i [&hellip;]","og_url":"https:\/\/kiube.se\/zon3\/system\/","og_site_name":"Design Greenhouse","article_modified_time":"2025-04-23T10:09:13+00:00","og_image":[{"width":998,"height":605,"url":"https:\/\/s3.eu-north-1.amazonaws.com\/kiube.se\/wp-content\/uploads\/sites\/97\/2022\/07\/20123349\/2022-07-20-12.33.01-pm.png","type":"image\/png"}],"twitter_card":"summary_large_image","twitter_misc":{"Ber\u00e4knad l\u00e4stid":"2 minuter"},"schema":{"@context":"https:\/\/schema.org","@graph":[{"@type":"WebPage","@id":"https:\/\/kiube.se\/zon3\/system\/","url":"https:\/\/kiube.se\/zon3\/system\/","name":"System Design - Design Greenhouse","isPartOf":{"@id":"https:\/\/kiube.se\/zon3\/#website"},"primaryImageOfPage":{"@id":"https:\/\/kiube.se\/zon3\/system\/#primaryimage"},"image":{"@id":"https:\/\/kiube.se\/zon3\/system\/#primaryimage"},"thumbnailUrl":"https:\/\/i0.wp.com\/s3.eu-north-1.amazonaws.com\/kiube.se\/wp-content\/uploads\/sites\/97\/2022\/07\/20123349\/2022-07-20-12.33.01-pm.png?fit=998%2C605&ssl=1","datePublished":"2018-02-17T10:32:03+00:00","dateModified":"2025-04-23T10:09:13+00:00","breadcrumb":{"@id":"https:\/\/kiube.se\/zon3\/system\/#breadcrumb"},"inLanguage":"sv-SE","potentialAction":[{"@type":"ReadAction","target":["https:\/\/kiube.se\/zon3\/system\/"]}]},{"@type":"ImageObject","inLanguage":"sv-SE","@id":"https:\/\/kiube.se\/zon3\/system\/#primaryimage","url":"https:\/\/i0.wp.com\/s3.eu-north-1.amazonaws.com\/kiube.se\/wp-content\/uploads\/sites\/97\/2022\/07\/20123349\/2022-07-20-12.33.01-pm.png?fit=998%2C605&ssl=1","contentUrl":"https:\/\/i0.wp.com\/s3.eu-north-1.amazonaws.com\/kiube.se\/wp-content\/uploads\/sites\/97\/2022\/07\/20123349\/2022-07-20-12.33.01-pm.png?fit=998%2C605&ssl=1","width":998,"height":605},{"@type":"BreadcrumbList","@id":"https:\/\/kiube.se\/zon3\/system\/#breadcrumb","itemListElement":[{"@type":"ListItem","position":1,"name":"Hem","item":"https:\/\/kiube.se\/zon3\/"},{"@type":"ListItem","position":2,"name":"System Design"}]},{"@type":"WebSite","@id":"https:\/\/kiube.se\/zon3\/#website","url":"https:\/\/kiube.se\/zon3\/","name":"Design Greenhouse","description":"Design with a purpose","potentialAction":[{"@type":"SearchAction","target":{"@type":"EntryPoint","urlTemplate":"https:\/\/kiube.se\/zon3\/?s={search_term_string}"},"query-input":{"@type":"PropertyValueSpecification","valueRequired":true,"valueName":"search_term_string"}}],"inLanguage":"sv-SE"}]}},"jetpack_shortlink":"https:\/\/wp.me\/P7Nl5Z-40","jetpack_sharing_enabled":true,"_links":{"self":[{"href":"https:\/\/kiube.se\/zon3\/wp-json\/wp\/v2\/pages\/248","targetHints":{"allow":["GET"]}}],"collection":[{"href":"https:\/\/kiube.se\/zon3\/wp-json\/wp\/v2\/pages"}],"about":[{"href":"https:\/\/kiube.se\/zon3\/wp-json\/wp\/v2\/types\/page"}],"author":[{"embeddable":true,"href":"https:\/\/kiube.se\/zon3\/wp-json\/wp\/v2\/users\/131"}],"replies":[{"embeddable":true,"href":"https:\/\/kiube.se\/zon3\/wp-json\/wp\/v2\/comments?post=248"}],"version-history":[{"count":0,"href":"https:\/\/kiube.se\/zon3\/wp-json\/wp\/v2\/pages\/248\/revisions"}],"wp:featuredmedia":[{"embeddable":true,"href":"https:\/\/kiube.se\/zon3\/wp-json\/wp\/v2\/media\/297"}],"wp:attachment":[{"href":"https:\/\/kiube.se\/zon3\/wp-json\/wp\/v2\/media?parent=248"}],"curies":[{"name":"wp","href":"https:\/\/api.w.org\/{rel}","templated":true}]}}