{"id":23,"date":"2016-08-05T08:22:21","date_gmt":"2016-08-05T06:22:21","guid":{"rendered":"http:\/\/kiube.se\/zon3\/?page_id=23"},"modified":"2025-04-22T07:44:17","modified_gmt":"2025-04-22T05:44:17","slug":"impressum","status":"publish","type":"page","link":"https:\/\/kiube.se\/zon3\/impressum\/","title":{"rendered":"Impressum"},"content":{"rendered":"<p><strong>Organisation<\/strong><\/p>\n<p style=\"padding-left: 30px;\">Design Greenhouse<br \/>\nUtvecklingsorganisation p\u00e5 Internet<br \/>\ni Sverige<\/p>\n<p style=\"padding-left: 30px;\">Kontaktperson:\u00a0<strong>Lars Lindmark<\/strong> lars.lindmark@jidoka.se<\/p>\n<p style=\"padding-left: 70px;\">Ansvarig f\u00f6r inneh\u00e5ll p\u00e5 denna webbplats http:\/\/kiube.se\/zon3:\u00a0Design Greenhouse<br \/>\nAnsvarig f\u00f6r redaktionellt inneh\u00e5ll: Lars Lindmark<br \/>\nF\u00f6r tekniska fr\u00e5gor anv\u00e4nder ni hj\u00e4lpfunktionen p\u00e5 sidan eller ringer\u00a0<a href=\"010 - 884 48 22\">010 &#8211; 884 48 22<\/a><\/p>\n<p><strong>Ekonomi och Juridisk Person<\/strong><\/p>\n<p style=\"padding-left: 30px;\">VD: Lars Lindmark<br \/>\nJidoka Innovation AB<br \/>\nBj\u00f6rkv\u00e4gen 3<br \/>\n23251 \u00c5karp<\/p>\n<p>Design Greenhouse \u00e4r en medlemsbaserad ideburen organisation som ing\u00e5r i n\u00e4tverket Jidoka Innovation AB.<\/p>\n<p>Medlemsavgiften f\u00f6r 2017 \u00e4r beslutad till 365:- \/ \u00e5r och ger r\u00f6str\u00e4tt inom den del i n\u00e4tverket d\u00e4r man valt att vara aktiv, eller i projekt som man deltar i. N\u00e4tverket anv\u00e4nder loomio.org f\u00f6r att ta beslut. Medlemskap ger r\u00e4tten att r\u00f6sta inom n\u00e4tverket och att l\u00e4ggas upp som anv\u00e4ndare p\u00e5 siten med valfri social profil.<\/p>\n<p><strong><span class=\"notranslate\">disclaimer<\/span><\/strong><\/p>\n<p style=\"padding-left: 30px;\"><span class=\"notranslate\">1. Online inneh\u00e5ll<\/span><br \/>\n<span class=\"notranslate\">F\u00f6rfattaren tar inget ansvar f\u00f6r aktualitet, korrekthet, fullst\u00e4ndighet eller kvalitet p\u00e5 informationen.<\/span>\u00a0<span class=\"notranslate\">Skadest\u00e5ndsanspr\u00e5k mot f\u00f6rfattaren r\u00f6r materiella eller immateriella karakt\u00e4r som orsakas av anv\u00e4ndning eller bruk av informationen eller anv\u00e4ndning av felaktiga eller ofullst\u00e4ndiga uppgifter \u00e4r uteslutna, s\u00e5vida inte f\u00f6rfattaren \u00e4r inte avsiktligt eller grovt v\u00e5rdsl\u00f6st fel.<\/span>\u00a0<span class=\"notranslate\">Alla erbjudanden \u00e4r icke-bindande.<\/span>\u00a0<span class=\"notranslate\">F\u00f6rfattaren uttryckligen f\u00f6rbeh\u00e5ller sig r\u00e4tten att \u00e4ndra delar av eller hela erbjudandet utan f\u00f6rvarning, l\u00e4gga till, ta bort eller offentligg\u00f6rande tillf\u00e4lligt eller permanent.<\/span><\/p>\n<p style=\"padding-left: 30px;\"><span class=\"notranslate\">2. Referenser och l\u00e4nkar<\/span><br \/>\n<span class=\"notranslate\">F\u00f6r direkta eller indirekta h\u00e4nvisningar till andra webbplatser ( &#8221;hyperl\u00e4nkar&#8221;) som ligger utanf\u00f6r f\u00f6rfattarens ansvar, skulle ansvar endast till\u00e4mpas i fall tr\u00e4da i kraft, d\u00e4r f\u00f6rfattaren av inneh\u00e5llet har kunskap och det skulle vara tekniskt m\u00f6jligt och rimligt , f\u00f6r att f\u00f6rhindra anv\u00e4ndning av olagligt inneh\u00e5ll.<\/span>\u00a0<span class=\"notranslate\">F\u00f6rfattaren f\u00f6rklarar h\u00e4rmed att vid tidpunkten f\u00f6r l\u00e4nkning, inget olagligt inneh\u00e5ll p\u00e5 sidor som ska identifieras.<\/span>\u00a0<span class=\"notranslate\">P\u00e5 den aktuella och framtida utformning, inneh\u00e5ll eller f\u00f6rfattarskap p\u00e5 de l\u00e4nkade \/ kopplade sidor f\u00f6rfattaren har n\u00e5got inflytande.<\/span>\u00a0<span class=\"notranslate\">Han tar avst\u00e5nd sig d\u00e4rf\u00f6r fr\u00e5n allt inneh\u00e5ll i alla l\u00e4nkade \/ kopplade sidor som \u00e4ndrats efter l\u00e4nken.<\/span>\u00a0<span class=\"notranslate\">Detta uttalande g\u00e4ller f\u00f6r alla inom sina egna Internetl\u00e4nkar och referenser samt f\u00f6r utl\u00e4ndska poster i g\u00e4stb\u00f6cker, diskussionsforum, l\u00e4nklistor, e-postlistor och alla andra former av databaser som extern \u00e5tkomst \u00e4r m\u00f6jlig.<\/span>\u00a0<span class=\"notranslate\">F\u00f6r olagligt, felaktigt eller ofullst\u00e4ndigt inneh\u00e5ll och s\u00e4rskilt f\u00f6r skador som uppst\u00e5r fr\u00e5n anv\u00e4ndning eller bruk av s\u00e5dan information ligger hos leverant\u00f6ren av den webbplats som referens inte var den som har l\u00e4nkat till dessa sidor.<\/span><\/p>\n<p style=\"padding-left: 30px;\"><span class=\"notranslate\">3. Upphovsr\u00e4tt och varum\u00e4rkesr\u00e4tt<\/span><br \/>\n<span class=\"notranslate\">F\u00f6rfattaren str\u00e4var efter att respektera upphovsr\u00e4tten till bilder, grafik, ljud och videoklipp och texter, att anv\u00e4nda sina egna bilder, grafik, ljud- och videoklipp och texter eller att anv\u00e4nda licensfria bilder, ljud, videoklipp och texter ,<\/span>\u00a0<span class=\"notranslate\">Allt eventuellt skyddas av tredje part Internet varum\u00e4rken och varum\u00e4rken \u00e4r best\u00e4mmelserna i g\u00e4llande varum\u00e4rkesr\u00e4tt och \u00e4gander\u00e4tt upphovsr\u00e4ttsinnehavaren.<\/span>\u00a0<span class=\"notranslate\">Blotta omn\u00e4mnandet drar inte slutsatsen att varum\u00e4rken inte skyddas av lagen!<\/span>\u00a0<span class=\"notranslate\">Upphovsr\u00e4tten f\u00f6r publicerad av f\u00f6rfattaren sj\u00e4lv f\u00f6rblir enbart med f\u00f6rfattaren.<\/span>\u00a0<span class=\"notranslate\">All reproduktion eller anv\u00e4ndning av grafik, ljud och videoklipp och texter i andra elektroniska eller tryckta publikationer \u00e4r inte till\u00e5tet utan uttryckligt tillst\u00e5nd av f\u00f6rfattaren.<\/span><\/p>\n<p style=\"padding-left: 30px;\"><span class=\"notranslate\">4. Data Protection<\/span><br \/>\n<span class=\"notranslate\">I den m\u00e5n det finns m\u00f6jlighet att ange personliga eller aff\u00e4rsdata (e-postadresser, namn, adresser), utl\u00e4mnande av dessa uppgifter av anv\u00e4ndaren p\u00e5 frivillig basis.<\/span>\u00a0<span class=\"notranslate\">Anv\u00e4ndning och betalning av alla tj\u00e4nster som erbjuds &#8211; om det \u00e4r tekniskt m\u00f6jligt och rimligt &#8211; utan att l\u00e4mna s\u00e5dana uppgifter eller genom att tillhandah\u00e5lla anonyma data eller en pseudonym.<\/span>\u00a0<span class=\"notranslate\">Anv\u00e4ndningen av publicerats under denna trycksak eller j\u00e4mf\u00f6rbar information s\u00e5som postadresser, telefon- och faxnummer och e-postadresser f\u00f6r att skicka o\u00f6nskad information \u00e4r inte till\u00e5tet.<\/span>\u00a0<span class=\"notranslate\">R\u00e4ttsliga \u00e5tg\u00e4rder mot avs\u00e4ndare av skr\u00e4ppost i strid med detta f\u00f6rbud \u00e4r uttryckligen f\u00f6rbeh\u00e5llna.<\/span><\/p>\n<p style=\"padding-left: 30px;\"><span class=\"notranslate\">5. R\u00e4ttslig giltighet denna disclaimer<\/span><br \/>\n<span class=\"notranslate\">Denna ansvarsfriskrivning \u00e4r att betrakta som en del av Internet erbjudandet h\u00e4nvisas till p\u00e5 denna sida.<\/span>\u00a0<span class=\"notranslate\">Om avsnitt eller enskilda formuleringar i denna text inte, inte l\u00e4ngre eller inte helt korrekt, de \u00e5terst\u00e5ende delarna av dokumentet f\u00f6rblir op\u00e5verkade i deras inneh\u00e5ll och giltighet.<\/span><\/p>\n","protected":false},"excerpt":{"rendered":"<p>Organisation Design Greenhouse Utvecklingsorganisation p\u00e5 Internet i Sverige Kontaktperson:\u00a0Lars Lindmark lars.lindmark@jidoka.se Ansvarig f\u00f6r inneh\u00e5ll p\u00e5 denna webbplats http:\/\/kiube.se\/zon3:\u00a0Design Greenhouse Ansvarig f\u00f6r redaktionellt inneh\u00e5ll: Lars Lindmark F\u00f6r tekniska fr\u00e5gor anv\u00e4nder ni hj\u00e4lpfunktionen p\u00e5 sidan eller ringer\u00a0010 &#8211; 884 48 22 Ekonomi och Juridisk Person VD: Lars Lindmark Jidoka Innovation AB Bj\u00f6rkv\u00e4gen 3 23251 \u00c5karp Design Greenhouse [&hellip;]<\/p>\n","protected":false},"author":131,"featured_media":0,"parent":0,"menu_order":0,"comment_status":"closed","ping_status":"closed","template":"","meta":{"footnotes":""},"class_list":{"0":"post-23","1":"page","2":"type-page","3":"status-publish","5":"entry"},"yoast_head":"<!-- This site is optimized with the Yoast SEO plugin v27.5 - https:\/\/yoast.com\/product\/yoast-seo-wordpress\/ -->\n<title>Impressum - Design Greenhouse<\/title>\n<meta name=\"robots\" content=\"index, follow, max-snippet:-1, max-image-preview:large, max-video-preview:-1\" \/>\n<link rel=\"canonical\" href=\"https:\/\/kiube.se\/zon3\/impressum\/\" \/>\n<meta property=\"og:locale\" content=\"sv_SE\" \/>\n<meta property=\"og:type\" content=\"article\" \/>\n<meta property=\"og:title\" content=\"Impressum - Design Greenhouse\" \/>\n<meta property=\"og:description\" content=\"Organisation Design Greenhouse Utvecklingsorganisation p\u00e5 Internet i Sverige Kontaktperson:\u00a0Lars Lindmark lars.lindmark@jidoka.se Ansvarig f\u00f6r inneh\u00e5ll p\u00e5 denna webbplats http:\/\/kiube.se\/zon3:\u00a0Design Greenhouse Ansvarig f\u00f6r redaktionellt inneh\u00e5ll: Lars Lindmark F\u00f6r tekniska fr\u00e5gor anv\u00e4nder ni hj\u00e4lpfunktionen p\u00e5 sidan eller ringer\u00a0010 &#8211; 884 48 22 Ekonomi och Juridisk Person VD: Lars Lindmark Jidoka Innovation AB Bj\u00f6rkv\u00e4gen 3 23251 \u00c5karp Design Greenhouse [&hellip;]\" \/>\n<meta property=\"og:url\" content=\"https:\/\/kiube.se\/zon3\/impressum\/\" \/>\n<meta property=\"og:site_name\" content=\"Design Greenhouse\" \/>\n<meta property=\"article:modified_time\" content=\"2025-04-22T05:44:17+00:00\" \/>\n<meta name=\"twitter:card\" content=\"summary_large_image\" \/>\n<meta name=\"twitter:label1\" content=\"Ber\u00e4knad l\u00e4stid\" \/>\n\t<meta name=\"twitter:data1\" content=\"4 minuter\" \/>\n<script type=\"application\/ld+json\" class=\"yoast-schema-graph\">{\"@context\":\"https:\\\/\\\/schema.org\",\"@graph\":[{\"@type\":\"WebPage\",\"@id\":\"https:\\\/\\\/kiube.se\\\/zon3\\\/impressum\\\/\",\"url\":\"https:\\\/\\\/kiube.se\\\/zon3\\\/impressum\\\/\",\"name\":\"Impressum - Design Greenhouse\",\"isPartOf\":{\"@id\":\"https:\\\/\\\/kiube.se\\\/zon3\\\/#website\"},\"datePublished\":\"2016-08-05T06:22:21+00:00\",\"dateModified\":\"2025-04-22T05:44:17+00:00\",\"breadcrumb\":{\"@id\":\"https:\\\/\\\/kiube.se\\\/zon3\\\/impressum\\\/#breadcrumb\"},\"inLanguage\":\"sv-SE\",\"potentialAction\":[{\"@type\":\"ReadAction\",\"target\":[\"https:\\\/\\\/kiube.se\\\/zon3\\\/impressum\\\/\"]}]},{\"@type\":\"BreadcrumbList\",\"@id\":\"https:\\\/\\\/kiube.se\\\/zon3\\\/impressum\\\/#breadcrumb\",\"itemListElement\":[{\"@type\":\"ListItem\",\"position\":1,\"name\":\"Hem\",\"item\":\"https:\\\/\\\/kiube.se\\\/zon3\\\/\"},{\"@type\":\"ListItem\",\"position\":2,\"name\":\"Impressum\"}]},{\"@type\":\"WebSite\",\"@id\":\"https:\\\/\\\/kiube.se\\\/zon3\\\/#website\",\"url\":\"https:\\\/\\\/kiube.se\\\/zon3\\\/\",\"name\":\"Design Greenhouse\",\"description\":\"Design with a purpose\",\"potentialAction\":[{\"@type\":\"SearchAction\",\"target\":{\"@type\":\"EntryPoint\",\"urlTemplate\":\"https:\\\/\\\/kiube.se\\\/zon3\\\/?s={search_term_string}\"},\"query-input\":{\"@type\":\"PropertyValueSpecification\",\"valueRequired\":true,\"valueName\":\"search_term_string\"}}],\"inLanguage\":\"sv-SE\"}]}<\/script>\n<!-- \/ Yoast SEO plugin. -->","yoast_head_json":{"title":"Impressum - Design Greenhouse","robots":{"index":"index","follow":"follow","max-snippet":"max-snippet:-1","max-image-preview":"max-image-preview:large","max-video-preview":"max-video-preview:-1"},"canonical":"https:\/\/kiube.se\/zon3\/impressum\/","og_locale":"sv_SE","og_type":"article","og_title":"Impressum - Design Greenhouse","og_description":"Organisation Design Greenhouse Utvecklingsorganisation p\u00e5 Internet i Sverige Kontaktperson:\u00a0Lars Lindmark lars.lindmark@jidoka.se Ansvarig f\u00f6r inneh\u00e5ll p\u00e5 denna webbplats http:\/\/kiube.se\/zon3:\u00a0Design Greenhouse Ansvarig f\u00f6r redaktionellt inneh\u00e5ll: Lars Lindmark F\u00f6r tekniska fr\u00e5gor anv\u00e4nder ni hj\u00e4lpfunktionen p\u00e5 sidan eller ringer\u00a0010 &#8211; 884 48 22 Ekonomi och Juridisk Person VD: Lars Lindmark Jidoka Innovation AB Bj\u00f6rkv\u00e4gen 3 23251 \u00c5karp Design Greenhouse [&hellip;]","og_url":"https:\/\/kiube.se\/zon3\/impressum\/","og_site_name":"Design Greenhouse","article_modified_time":"2025-04-22T05:44:17+00:00","twitter_card":"summary_large_image","twitter_misc":{"Ber\u00e4knad l\u00e4stid":"4 minuter"},"schema":{"@context":"https:\/\/schema.org","@graph":[{"@type":"WebPage","@id":"https:\/\/kiube.se\/zon3\/impressum\/","url":"https:\/\/kiube.se\/zon3\/impressum\/","name":"Impressum - Design Greenhouse","isPartOf":{"@id":"https:\/\/kiube.se\/zon3\/#website"},"datePublished":"2016-08-05T06:22:21+00:00","dateModified":"2025-04-22T05:44:17+00:00","breadcrumb":{"@id":"https:\/\/kiube.se\/zon3\/impressum\/#breadcrumb"},"inLanguage":"sv-SE","potentialAction":[{"@type":"ReadAction","target":["https:\/\/kiube.se\/zon3\/impressum\/"]}]},{"@type":"BreadcrumbList","@id":"https:\/\/kiube.se\/zon3\/impressum\/#breadcrumb","itemListElement":[{"@type":"ListItem","position":1,"name":"Hem","item":"https:\/\/kiube.se\/zon3\/"},{"@type":"ListItem","position":2,"name":"Impressum"}]},{"@type":"WebSite","@id":"https:\/\/kiube.se\/zon3\/#website","url":"https:\/\/kiube.se\/zon3\/","name":"Design Greenhouse","description":"Design with a purpose","potentialAction":[{"@type":"SearchAction","target":{"@type":"EntryPoint","urlTemplate":"https:\/\/kiube.se\/zon3\/?s={search_term_string}"},"query-input":{"@type":"PropertyValueSpecification","valueRequired":true,"valueName":"search_term_string"}}],"inLanguage":"sv-SE"}]}},"jetpack_shortlink":"https:\/\/wp.me\/P7Nl5Z-n","jetpack_sharing_enabled":true,"_links":{"self":[{"href":"https:\/\/kiube.se\/zon3\/wp-json\/wp\/v2\/pages\/23","targetHints":{"allow":["GET"]}}],"collection":[{"href":"https:\/\/kiube.se\/zon3\/wp-json\/wp\/v2\/pages"}],"about":[{"href":"https:\/\/kiube.se\/zon3\/wp-json\/wp\/v2\/types\/page"}],"author":[{"embeddable":true,"href":"https:\/\/kiube.se\/zon3\/wp-json\/wp\/v2\/users\/131"}],"replies":[{"embeddable":true,"href":"https:\/\/kiube.se\/zon3\/wp-json\/wp\/v2\/comments?post=23"}],"version-history":[{"count":0,"href":"https:\/\/kiube.se\/zon3\/wp-json\/wp\/v2\/pages\/23\/revisions"}],"wp:attachment":[{"href":"https:\/\/kiube.se\/zon3\/wp-json\/wp\/v2\/media?parent=23"}],"curies":[{"name":"wp","href":"https:\/\/api.w.org\/{rel}","templated":true}]}}