{"id":209,"date":"2017-09-08T20:01:14","date_gmt":"2017-09-08T18:01:14","guid":{"rendered":"http:\/\/kiube.se\/zon3\/?page_id=209"},"modified":"2017-09-08T20:22:25","modified_gmt":"2017-09-08T18:22:25","slug":"prova-solarxbike-gratis","status":"publish","type":"page","link":"https:\/\/kiube.se\/zon3\/prova-solarxbike-gratis\/","title":{"rendered":"Tillf\u00e4lle, prova solarXbike gratis"},"content":{"rendered":"<p><a href=\"https:\/\/www.donkey.bike\"><img data-recalc-dims=\"1\" loading=\"lazy\" decoding=\"async\" data-attachment-id=\"206\" data-permalink=\"https:\/\/kiube.se\/zon3\/2017\/09\/08\/prova-en-solarxbike-gratis\/img_8381\/\" data-orig-file=\"https:\/\/i0.wp.com\/s3.eu-north-1.amazonaws.com\/kiube.se\/wp-content\/uploads\/sites\/97\/2017\/09\/26181549\/IMG_8381.jpg?fit=750%2C1334&amp;ssl=1\" data-orig-size=\"750,1334\" data-comments-opened=\"0\" data-image-meta=\"{&quot;aperture&quot;:&quot;0&quot;,&quot;credit&quot;:&quot;&quot;,&quot;camera&quot;:&quot;&quot;,&quot;caption&quot;:&quot;&quot;,&quot;created_timestamp&quot;:&quot;1504709691&quot;,&quot;copyright&quot;:&quot;&quot;,&quot;focal_length&quot;:&quot;0&quot;,&quot;iso&quot;:&quot;0&quot;,&quot;shutter_speed&quot;:&quot;0&quot;,&quot;title&quot;:&quot;&quot;,&quot;orientation&quot;:&quot;1&quot;}\" data-image-title=\"IMG_8381\" data-image-description=\"\" data-image-caption=\"\" data-large-file=\"https:\/\/i0.wp.com\/s3.eu-north-1.amazonaws.com\/kiube.se\/wp-content\/uploads\/sites\/97\/2017\/09\/26181549\/IMG_8381.jpg?fit=576%2C1024&amp;ssl=1\" class=\"alignnone wp-image-206 size-large\" src=\"https:\/\/i0.wp.com\/s3.eu-north-1.amazonaws.com\/kiube.se\/wp-content\/uploads\/sites\/97\/2017\/09\/26181549\/IMG_8381-576x1024.jpg?resize=576%2C1024\" alt=\"\" width=\"576\" height=\"1024\" srcset=\"https:\/\/s3.eu-north-1.amazonaws.com\/kiube.se\/wp-content\/uploads\/sites\/97\/2017\/09\/26181549\/IMG_8381.jpg 576w, https:\/\/s3.eu-north-1.amazonaws.com\/kiube.se\/wp-content\/uploads\/sites\/97\/2017\/09\/26181549\/IMG_8381.jpg 169w, https:\/\/s3.eu-north-1.amazonaws.com\/kiube.se\/wp-content\/uploads\/sites\/97\/2017\/09\/26181549\/IMG_8381.jpg 750w\" sizes=\"auto, (max-width: 576px) 100vw, 576px\" \/><\/a><\/p>\n<p>Prova v\u00e5r elcykel, f\u00f6r att prova laddar du ner appen fr\u00e5n<a href=\"https:\/\/www.donkey.bike\"> Donkey Republic<\/a> och v\u00e4ljer n\u00e4r du vill anv\u00e4nda din cykel. Cykeln \u00e4r ansluten till Green Growing Globe och laddas med solenergi. Efter avslutad utl\u00e5ning st\u00e4ller du tillbaka cykeln vid globen och ansluter laddkontakten. P\u00e5 displayen ser du att laddning startar.<\/p>\n<ul>\n<li><a href=\"https:\/\/play.google.com\/store\/apps\/details?id=com.donkeyrepublic.bike.android&amp;referrer=utm_source%3Ddonkey.bike%26utm_medium%3Dhero%26utm_content%3Ddownload-button%26utm_campaign%3Dfrontpage-download\">Ladda ner Android app<\/a><\/li>\n<li><a href=\"https:\/\/itunes.apple.com\/app\/apple-store\/id933526449?mt=8\">Ladda ner Iphone app<\/a><\/li>\n<\/ul>\n<p><a href=\"http:\/\/solarxbike.se\"><img data-recalc-dims=\"1\" loading=\"lazy\" decoding=\"async\" data-attachment-id=\"214\" data-permalink=\"https:\/\/kiube.se\/zon3\/prova-solarxbike-gratis\/logga-kopia\/\" data-orig-file=\"https:\/\/i0.wp.com\/s3.eu-north-1.amazonaws.com\/kiube.se\/wp-content\/uploads\/sites\/97\/2017\/09\/26181549\/logga-kopia.png?fit=595%2C142&amp;ssl=1\" data-orig-size=\"595,142\" data-comments-opened=\"0\" data-image-meta=\"{&quot;aperture&quot;:&quot;0&quot;,&quot;credit&quot;:&quot;&quot;,&quot;camera&quot;:&quot;&quot;,&quot;caption&quot;:&quot;&quot;,&quot;created_timestamp&quot;:&quot;0&quot;,&quot;copyright&quot;:&quot;&quot;,&quot;focal_length&quot;:&quot;0&quot;,&quot;iso&quot;:&quot;0&quot;,&quot;shutter_speed&quot;:&quot;0&quot;,&quot;title&quot;:&quot;&quot;,&quot;orientation&quot;:&quot;0&quot;}\" data-image-title=\"logga kopia\" data-image-description=\"\" data-image-caption=\"\" data-large-file=\"https:\/\/i0.wp.com\/s3.eu-north-1.amazonaws.com\/kiube.se\/wp-content\/uploads\/sites\/97\/2017\/09\/26181549\/logga-kopia.png?fit=595%2C142&amp;ssl=1\" class=\"aligncenter size-full wp-image-214\" src=\"https:\/\/i0.wp.com\/s3.eu-north-1.amazonaws.com\/kiube.se\/wp-content\/uploads\/sites\/97\/2017\/09\/26181549\/logga-kopia.png?resize=595%2C142\" alt=\"\" width=\"595\" height=\"142\" srcset=\"https:\/\/s3.eu-north-1.amazonaws.com\/kiube.se\/wp-content\/uploads\/sites\/97\/2017\/09\/26181549\/logga-kopia.png 595w, https:\/\/s3.eu-north-1.amazonaws.com\/kiube.se\/wp-content\/uploads\/sites\/97\/2017\/09\/26181549\/logga-kopia.png 300w\" sizes=\"auto, (max-width: 595px) 100vw, 595px\" \/><\/a><\/p>\n","protected":false},"excerpt":{"rendered":"<p>Prova v\u00e5r elcykel, f\u00f6r att prova laddar du ner appen fr\u00e5n Donkey Republic och v\u00e4ljer n\u00e4r du vill anv\u00e4nda din cykel. Cykeln \u00e4r ansluten till Green Growing Globe och laddas med solenergi. Efter avslutad utl\u00e5ning st\u00e4ller du tillbaka cykeln vid globen och ansluter laddkontakten. P\u00e5 displayen ser du att laddning startar. Ladda ner Android app [&hellip;]<\/p>\n","protected":false},"author":131,"featured_media":0,"parent":0,"menu_order":0,"comment_status":"closed","ping_status":"closed","template":"page-landing.php","meta":{"footnotes":""},"class_list":{"0":"post-209","1":"page","2":"type-page","3":"status-publish","5":"entry"},"yoast_head":"<!-- This site is optimized with the Yoast SEO plugin v27.5 - https:\/\/yoast.com\/product\/yoast-seo-wordpress\/ -->\n<title>Tillf\u00e4lle, prova solarXbike gratis - Design Greenhouse<\/title>\n<meta name=\"robots\" content=\"index, follow, max-snippet:-1, max-image-preview:large, max-video-preview:-1\" \/>\n<link rel=\"canonical\" href=\"https:\/\/kiube.se\/zon3\/prova-solarxbike-gratis\/\" \/>\n<meta property=\"og:locale\" content=\"sv_SE\" \/>\n<meta property=\"og:type\" content=\"article\" \/>\n<meta property=\"og:title\" content=\"Tillf\u00e4lle, prova solarXbike gratis - Design Greenhouse\" \/>\n<meta property=\"og:description\" content=\"Prova v\u00e5r elcykel, f\u00f6r att prova laddar du ner appen fr\u00e5n Donkey Republic och v\u00e4ljer n\u00e4r du vill anv\u00e4nda din cykel. Cykeln \u00e4r ansluten till Green Growing Globe och laddas med solenergi. Efter avslutad utl\u00e5ning st\u00e4ller du tillbaka cykeln vid globen och ansluter laddkontakten. P\u00e5 displayen ser du att laddning startar. Ladda ner Android app [&hellip;]\" \/>\n<meta property=\"og:url\" content=\"https:\/\/kiube.se\/zon3\/prova-solarxbike-gratis\/\" \/>\n<meta property=\"og:site_name\" content=\"Design Greenhouse\" \/>\n<meta property=\"article:modified_time\" content=\"2017-09-08T18:22:25+00:00\" \/>\n<meta property=\"og:image\" content=\"http:\/\/kiube.se\/zon3\/files\/2017\/09\/IMG_8381-576x1024.jpg\" \/>\n<meta name=\"twitter:card\" content=\"summary_large_image\" \/>\n<script type=\"application\/ld+json\" class=\"yoast-schema-graph\">{\"@context\":\"https:\\\/\\\/schema.org\",\"@graph\":[{\"@type\":\"WebPage\",\"@id\":\"https:\\\/\\\/kiube.se\\\/zon3\\\/prova-solarxbike-gratis\\\/\",\"url\":\"https:\\\/\\\/kiube.se\\\/zon3\\\/prova-solarxbike-gratis\\\/\",\"name\":\"Tillf\u00e4lle, prova solarXbike gratis - Design Greenhouse\",\"isPartOf\":{\"@id\":\"https:\\\/\\\/kiube.se\\\/zon3\\\/#website\"},\"primaryImageOfPage\":{\"@id\":\"https:\\\/\\\/kiube.se\\\/zon3\\\/prova-solarxbike-gratis\\\/#primaryimage\"},\"image\":{\"@id\":\"https:\\\/\\\/kiube.se\\\/zon3\\\/prova-solarxbike-gratis\\\/#primaryimage\"},\"thumbnailUrl\":\"http:\\\/\\\/kiube.se\\\/zon3\\\/files\\\/2017\\\/09\\\/IMG_8381-576x1024.jpg\",\"datePublished\":\"2017-09-08T18:01:14+00:00\",\"dateModified\":\"2017-09-08T18:22:25+00:00\",\"breadcrumb\":{\"@id\":\"https:\\\/\\\/kiube.se\\\/zon3\\\/prova-solarxbike-gratis\\\/#breadcrumb\"},\"inLanguage\":\"sv-SE\",\"potentialAction\":[{\"@type\":\"ReadAction\",\"target\":[\"https:\\\/\\\/kiube.se\\\/zon3\\\/prova-solarxbike-gratis\\\/\"]}]},{\"@type\":\"ImageObject\",\"inLanguage\":\"sv-SE\",\"@id\":\"https:\\\/\\\/kiube.se\\\/zon3\\\/prova-solarxbike-gratis\\\/#primaryimage\",\"url\":\"http:\\\/\\\/kiube.se\\\/zon3\\\/files\\\/2017\\\/09\\\/IMG_8381-576x1024.jpg\",\"contentUrl\":\"http:\\\/\\\/kiube.se\\\/zon3\\\/files\\\/2017\\\/09\\\/IMG_8381-576x1024.jpg\"},{\"@type\":\"BreadcrumbList\",\"@id\":\"https:\\\/\\\/kiube.se\\\/zon3\\\/prova-solarxbike-gratis\\\/#breadcrumb\",\"itemListElement\":[{\"@type\":\"ListItem\",\"position\":1,\"name\":\"Hem\",\"item\":\"https:\\\/\\\/kiube.se\\\/zon3\\\/\"},{\"@type\":\"ListItem\",\"position\":2,\"name\":\"Tillf\u00e4lle, prova solarXbike gratis\"}]},{\"@type\":\"WebSite\",\"@id\":\"https:\\\/\\\/kiube.se\\\/zon3\\\/#website\",\"url\":\"https:\\\/\\\/kiube.se\\\/zon3\\\/\",\"name\":\"Design Greenhouse\",\"description\":\"Design with a purpose\",\"potentialAction\":[{\"@type\":\"SearchAction\",\"target\":{\"@type\":\"EntryPoint\",\"urlTemplate\":\"https:\\\/\\\/kiube.se\\\/zon3\\\/?s={search_term_string}\"},\"query-input\":{\"@type\":\"PropertyValueSpecification\",\"valueRequired\":true,\"valueName\":\"search_term_string\"}}],\"inLanguage\":\"sv-SE\"}]}<\/script>\n<!-- \/ Yoast SEO plugin. -->","yoast_head_json":{"title":"Tillf\u00e4lle, prova solarXbike gratis - Design Greenhouse","robots":{"index":"index","follow":"follow","max-snippet":"max-snippet:-1","max-image-preview":"max-image-preview:large","max-video-preview":"max-video-preview:-1"},"canonical":"https:\/\/kiube.se\/zon3\/prova-solarxbike-gratis\/","og_locale":"sv_SE","og_type":"article","og_title":"Tillf\u00e4lle, prova solarXbike gratis - Design Greenhouse","og_description":"Prova v\u00e5r elcykel, f\u00f6r att prova laddar du ner appen fr\u00e5n Donkey Republic och v\u00e4ljer n\u00e4r du vill anv\u00e4nda din cykel. Cykeln \u00e4r ansluten till Green Growing Globe och laddas med solenergi. Efter avslutad utl\u00e5ning st\u00e4ller du tillbaka cykeln vid globen och ansluter laddkontakten. P\u00e5 displayen ser du att laddning startar. Ladda ner Android app [&hellip;]","og_url":"https:\/\/kiube.se\/zon3\/prova-solarxbike-gratis\/","og_site_name":"Design Greenhouse","article_modified_time":"2017-09-08T18:22:25+00:00","og_image":[{"url":"http:\/\/kiube.se\/zon3\/files\/2017\/09\/IMG_8381-576x1024.jpg","type":"","width":"","height":""}],"twitter_card":"summary_large_image","schema":{"@context":"https:\/\/schema.org","@graph":[{"@type":"WebPage","@id":"https:\/\/kiube.se\/zon3\/prova-solarxbike-gratis\/","url":"https:\/\/kiube.se\/zon3\/prova-solarxbike-gratis\/","name":"Tillf\u00e4lle, prova solarXbike gratis - Design Greenhouse","isPartOf":{"@id":"https:\/\/kiube.se\/zon3\/#website"},"primaryImageOfPage":{"@id":"https:\/\/kiube.se\/zon3\/prova-solarxbike-gratis\/#primaryimage"},"image":{"@id":"https:\/\/kiube.se\/zon3\/prova-solarxbike-gratis\/#primaryimage"},"thumbnailUrl":"http:\/\/kiube.se\/zon3\/files\/2017\/09\/IMG_8381-576x1024.jpg","datePublished":"2017-09-08T18:01:14+00:00","dateModified":"2017-09-08T18:22:25+00:00","breadcrumb":{"@id":"https:\/\/kiube.se\/zon3\/prova-solarxbike-gratis\/#breadcrumb"},"inLanguage":"sv-SE","potentialAction":[{"@type":"ReadAction","target":["https:\/\/kiube.se\/zon3\/prova-solarxbike-gratis\/"]}]},{"@type":"ImageObject","inLanguage":"sv-SE","@id":"https:\/\/kiube.se\/zon3\/prova-solarxbike-gratis\/#primaryimage","url":"http:\/\/kiube.se\/zon3\/files\/2017\/09\/IMG_8381-576x1024.jpg","contentUrl":"http:\/\/kiube.se\/zon3\/files\/2017\/09\/IMG_8381-576x1024.jpg"},{"@type":"BreadcrumbList","@id":"https:\/\/kiube.se\/zon3\/prova-solarxbike-gratis\/#breadcrumb","itemListElement":[{"@type":"ListItem","position":1,"name":"Hem","item":"https:\/\/kiube.se\/zon3\/"},{"@type":"ListItem","position":2,"name":"Tillf\u00e4lle, prova solarXbike gratis"}]},{"@type":"WebSite","@id":"https:\/\/kiube.se\/zon3\/#website","url":"https:\/\/kiube.se\/zon3\/","name":"Design Greenhouse","description":"Design with a purpose","potentialAction":[{"@type":"SearchAction","target":{"@type":"EntryPoint","urlTemplate":"https:\/\/kiube.se\/zon3\/?s={search_term_string}"},"query-input":{"@type":"PropertyValueSpecification","valueRequired":true,"valueName":"search_term_string"}}],"inLanguage":"sv-SE"}]}},"jetpack_shortlink":"https:\/\/wp.me\/P7Nl5Z-3n","jetpack_sharing_enabled":true,"_links":{"self":[{"href":"https:\/\/kiube.se\/zon3\/wp-json\/wp\/v2\/pages\/209","targetHints":{"allow":["GET"]}}],"collection":[{"href":"https:\/\/kiube.se\/zon3\/wp-json\/wp\/v2\/pages"}],"about":[{"href":"https:\/\/kiube.se\/zon3\/wp-json\/wp\/v2\/types\/page"}],"author":[{"embeddable":true,"href":"https:\/\/kiube.se\/zon3\/wp-json\/wp\/v2\/users\/131"}],"replies":[{"embeddable":true,"href":"https:\/\/kiube.se\/zon3\/wp-json\/wp\/v2\/comments?post=209"}],"version-history":[{"count":0,"href":"https:\/\/kiube.se\/zon3\/wp-json\/wp\/v2\/pages\/209\/revisions"}],"wp:attachment":[{"href":"https:\/\/kiube.se\/zon3\/wp-json\/wp\/v2\/media?parent=209"}],"curies":[{"name":"wp","href":"https:\/\/api.w.org\/{rel}","templated":true}]}}