{"id":72,"date":"2016-02-12T08:54:14","date_gmt":"2016-02-12T07:54:14","guid":{"rendered":"http:\/\/kiube.se\/zon0\/?page_id=72"},"modified":"2016-07-25T13:15:04","modified_gmt":"2016-07-25T11:15:04","slug":"vart-erbjudande","status":"publish","type":"page","link":"https:\/\/kiube.se\/zon0\/?page_id=72","title":{"rendered":"V\u00e5r Vision"},"content":{"rendered":"<h2>Skapa utrymme i tid och rum<\/h2>\n<p>En kreativ m\u00f6tesplats f\u00f6r konstn\u00e4rligt och designm\u00e4ssigt skapande med m\u00f6jlighet till att s\u00e4tta upp egna spelregler anpassade till olika m\u00e5lgrupper.\u00a0Vi v\u00e4nder oss till skolor och f\u00f6retag som vill ge medarbetare, anst\u00e4llda eller elever ett st\u00f6rre kreativt sj\u00e4lvf\u00f6rtroende eller helt enkelt bara f\u00e5 g\u00f6ra n\u00e5got k\u00e4nns meningsfullt.<\/p>\n<h2 class=\"c6\">Se vad som h\u00e4nder, evolution\u00e4r utvecklingsmodell<\/h2>\n<p class=\"c6\"><span class=\"c7\">Kreat\u00f6rer\/inspirat\u00f6rer skiljer sig fr\u00e5n traditionellt utbildade l\u00e4rare, och l\u00e4roprocessen- \u00a0i form av kreativa workshops &#8211; har st\u00f6rre m\u00f6jlighet att v\u00e4cka deltagarens individuella kreativa f\u00f6rm\u00e5gor.\u00a0<\/span><span class=\"c7\">N\u00e4tverket skapar \u201ckulturkrockar\u201d mellan kreat\u00f6rer med olika expertis. Dessa transmediala korsbefruktningar fr\u00e4mjar inspiration, utveckling och nyt\u00e4nkande.<\/span><\/p>\n<h2 class=\"c6\">Ge individer och organisationer ett st\u00f6rre kreativt sj\u00e4lvf\u00f6rtroende<\/h2>\n<p class=\"c6\"><span class=\"c7\">M\u00e5let \u00e4r att p\u00e5 sikt h\u00f6ja den kulturella medvetenheten och vidga det konstn\u00e4rliga utrymmet, i samh\u00e4llet och hos enskilda individer.<\/span><span class=\"c0\">\u00a0<\/span><\/p>\n<p class=\"c6\"><span class=\"c7\">Vi frig\u00f6r utrymmen, skapar konstn\u00e4rliga laboratorium och suddar ut gr\u00e4nser.<\/span><\/p>\n<p>&nbsp;<\/p>\n<p style=\"padding-left: 30px;\">\n","protected":false},"excerpt":{"rendered":"<p>Skapa utrymme i tid och rum En kreativ m\u00f6tesplats f\u00f6r konstn\u00e4rligt och designm\u00e4ssigt skapande med m\u00f6jlighet till att s\u00e4tta upp egna spelregler anpassade till olika m\u00e5lgrupper.\u00a0Vi v\u00e4nder oss till skolor och f\u00f6retag som vill ge medarbetare, anst\u00e4llda eller elever ett st\u00f6rre kreativt sj\u00e4lvf\u00f6rtroende eller helt enkelt bara f\u00e5 g\u00f6ra n\u00e5got k\u00e4nns meningsfullt. Se vad som &#8230; <a title=\"V\u00e5r Vision\" class=\"read-more\" href=\"https:\/\/kiube.se\/zon0\/?page_id=72\" aria-label=\"L\u00e4s mer om V\u00e5r Vision\">L\u00e4s mer<\/a><\/p>\n","protected":false},"author":131,"featured_media":0,"parent":0,"menu_order":0,"comment_status":"closed","ping_status":"closed","template":"","meta":{"jetpack_post_was_ever_published":false,"footnotes":""},"class_list":["post-72","page","type-page","status-publish"],"yoast_head":"<!-- This site is optimized with the Yoast SEO plugin v27.4 - https:\/\/yoast.com\/product\/yoast-seo-wordpress\/ -->\n<title>V\u00e5r Vision - Creators Meeting Point<\/title>\n<meta name=\"robots\" content=\"index, follow, max-snippet:-1, max-image-preview:large, max-video-preview:-1\" \/>\n<link rel=\"canonical\" href=\"https:\/\/kiube.se\/zon0\/?page_id=72\" \/>\n<meta property=\"og:locale\" content=\"sv_SE\" \/>\n<meta property=\"og:type\" content=\"article\" \/>\n<meta property=\"og:title\" content=\"V\u00e5r Vision - Creators Meeting Point\" \/>\n<meta property=\"og:description\" content=\"Skapa utrymme i tid och rum En kreativ m\u00f6tesplats f\u00f6r konstn\u00e4rligt och designm\u00e4ssigt skapande med m\u00f6jlighet till att s\u00e4tta upp egna spelregler anpassade till olika m\u00e5lgrupper.\u00a0Vi v\u00e4nder oss till skolor och f\u00f6retag som vill ge medarbetare, anst\u00e4llda eller elever ett st\u00f6rre kreativt sj\u00e4lvf\u00f6rtroende eller helt enkelt bara f\u00e5 g\u00f6ra n\u00e5got k\u00e4nns meningsfullt. Se vad som ... L\u00e4s mer\" \/>\n<meta property=\"og:url\" content=\"https:\/\/kiube.se\/zon0\/?page_id=72\" \/>\n<meta property=\"og:site_name\" content=\"Creators Meeting Point\" \/>\n<meta property=\"article:modified_time\" content=\"2016-07-25T11:15:04+00:00\" \/>\n<meta name=\"twitter:card\" content=\"summary_large_image\" \/>\n<meta name=\"twitter:label1\" content=\"Ber\u00e4knad l\u00e4stid\" \/>\n\t<meta name=\"twitter:data1\" content=\"1 minut\" \/>\n<script type=\"application\/ld+json\" class=\"yoast-schema-graph\">{\"@context\":\"https:\\\/\\\/schema.org\",\"@graph\":[{\"@type\":\"WebPage\",\"@id\":\"https:\\\/\\\/kiube.se\\\/zon0\\\/?page_id=72\",\"url\":\"https:\\\/\\\/kiube.se\\\/zon0\\\/?page_id=72\",\"name\":\"V\u00e5r Vision - Creators Meeting Point\",\"isPartOf\":{\"@id\":\"https:\\\/\\\/kiube.se\\\/zon0\\\/#website\"},\"datePublished\":\"2016-02-12T07:54:14+00:00\",\"dateModified\":\"2016-07-25T11:15:04+00:00\",\"breadcrumb\":{\"@id\":\"https:\\\/\\\/kiube.se\\\/zon0\\\/?page_id=72#breadcrumb\"},\"inLanguage\":\"sv-SE\",\"potentialAction\":[{\"@type\":\"ReadAction\",\"target\":[\"https:\\\/\\\/kiube.se\\\/zon0\\\/?page_id=72\"]}]},{\"@type\":\"BreadcrumbList\",\"@id\":\"https:\\\/\\\/kiube.se\\\/zon0\\\/?page_id=72#breadcrumb\",\"itemListElement\":[{\"@type\":\"ListItem\",\"position\":1,\"name\":\"Hem\",\"item\":\"https:\\\/\\\/kiube.se\\\/zon0\\\/\"},{\"@type\":\"ListItem\",\"position\":2,\"name\":\"V\u00e5r Vision\"}]},{\"@type\":\"WebSite\",\"@id\":\"https:\\\/\\\/kiube.se\\\/zon0\\\/#website\",\"url\":\"https:\\\/\\\/kiube.se\\\/zon0\\\/\",\"name\":\"Creators Meeting Point\",\"description\":\"Zon | ArtLab\",\"publisher\":{\"@id\":\"https:\\\/\\\/kiube.se\\\/zon0\\\/#organization\"},\"potentialAction\":[{\"@type\":\"SearchAction\",\"target\":{\"@type\":\"EntryPoint\",\"urlTemplate\":\"https:\\\/\\\/kiube.se\\\/zon0\\\/?s={search_term_string}\"},\"query-input\":{\"@type\":\"PropertyValueSpecification\",\"valueRequired\":true,\"valueName\":\"search_term_string\"}}],\"inLanguage\":\"sv-SE\"},{\"@type\":\"Organization\",\"@id\":\"https:\\\/\\\/kiube.se\\\/zon0\\\/#organization\",\"name\":\"Creators Meeting Point\",\"url\":\"https:\\\/\\\/kiube.se\\\/zon0\\\/\",\"logo\":{\"@type\":\"ImageObject\",\"inLanguage\":\"sv-SE\",\"@id\":\"https:\\\/\\\/kiube.se\\\/zon0\\\/#\\\/schema\\\/logo\\\/image\\\/\",\"url\":\"https:\\\/\\\/i0.wp.com\\\/s3.eu-north-1.amazonaws.com\\\/kiube.se\\\/wp-content\\\/uploads\\\/sites\\\/89\\\/2016\\\/05\\\/26181402\\\/cropped-Logotyper-340x340-1.png?fit=340%2C229&ssl=1\",\"contentUrl\":\"https:\\\/\\\/i0.wp.com\\\/s3.eu-north-1.amazonaws.com\\\/kiube.se\\\/wp-content\\\/uploads\\\/sites\\\/89\\\/2016\\\/05\\\/26181402\\\/cropped-Logotyper-340x340-1.png?fit=340%2C229&ssl=1\",\"width\":340,\"height\":229,\"caption\":\"Creators Meeting Point\"},\"image\":{\"@id\":\"https:\\\/\\\/kiube.se\\\/zon0\\\/#\\\/schema\\\/logo\\\/image\\\/\"}}]}<\/script>\n<!-- \/ Yoast SEO plugin. -->","yoast_head_json":{"title":"V\u00e5r Vision - Creators Meeting Point","robots":{"index":"index","follow":"follow","max-snippet":"max-snippet:-1","max-image-preview":"max-image-preview:large","max-video-preview":"max-video-preview:-1"},"canonical":"https:\/\/kiube.se\/zon0\/?page_id=72","og_locale":"sv_SE","og_type":"article","og_title":"V\u00e5r Vision - Creators Meeting Point","og_description":"Skapa utrymme i tid och rum En kreativ m\u00f6tesplats f\u00f6r konstn\u00e4rligt och designm\u00e4ssigt skapande med m\u00f6jlighet till att s\u00e4tta upp egna spelregler anpassade till olika m\u00e5lgrupper.\u00a0Vi v\u00e4nder oss till skolor och f\u00f6retag som vill ge medarbetare, anst\u00e4llda eller elever ett st\u00f6rre kreativt sj\u00e4lvf\u00f6rtroende eller helt enkelt bara f\u00e5 g\u00f6ra n\u00e5got k\u00e4nns meningsfullt. Se vad som ... L\u00e4s mer","og_url":"https:\/\/kiube.se\/zon0\/?page_id=72","og_site_name":"Creators Meeting Point","article_modified_time":"2016-07-25T11:15:04+00:00","twitter_card":"summary_large_image","twitter_misc":{"Ber\u00e4knad l\u00e4stid":"1 minut"},"schema":{"@context":"https:\/\/schema.org","@graph":[{"@type":"WebPage","@id":"https:\/\/kiube.se\/zon0\/?page_id=72","url":"https:\/\/kiube.se\/zon0\/?page_id=72","name":"V\u00e5r Vision - Creators Meeting Point","isPartOf":{"@id":"https:\/\/kiube.se\/zon0\/#website"},"datePublished":"2016-02-12T07:54:14+00:00","dateModified":"2016-07-25T11:15:04+00:00","breadcrumb":{"@id":"https:\/\/kiube.se\/zon0\/?page_id=72#breadcrumb"},"inLanguage":"sv-SE","potentialAction":[{"@type":"ReadAction","target":["https:\/\/kiube.se\/zon0\/?page_id=72"]}]},{"@type":"BreadcrumbList","@id":"https:\/\/kiube.se\/zon0\/?page_id=72#breadcrumb","itemListElement":[{"@type":"ListItem","position":1,"name":"Hem","item":"https:\/\/kiube.se\/zon0\/"},{"@type":"ListItem","position":2,"name":"V\u00e5r Vision"}]},{"@type":"WebSite","@id":"https:\/\/kiube.se\/zon0\/#website","url":"https:\/\/kiube.se\/zon0\/","name":"Creators Meeting Point","description":"Zon | ArtLab","publisher":{"@id":"https:\/\/kiube.se\/zon0\/#organization"},"potentialAction":[{"@type":"SearchAction","target":{"@type":"EntryPoint","urlTemplate":"https:\/\/kiube.se\/zon0\/?s={search_term_string}"},"query-input":{"@type":"PropertyValueSpecification","valueRequired":true,"valueName":"search_term_string"}}],"inLanguage":"sv-SE"},{"@type":"Organization","@id":"https:\/\/kiube.se\/zon0\/#organization","name":"Creators Meeting Point","url":"https:\/\/kiube.se\/zon0\/","logo":{"@type":"ImageObject","inLanguage":"sv-SE","@id":"https:\/\/kiube.se\/zon0\/#\/schema\/logo\/image\/","url":"https:\/\/i0.wp.com\/s3.eu-north-1.amazonaws.com\/kiube.se\/wp-content\/uploads\/sites\/89\/2016\/05\/26181402\/cropped-Logotyper-340x340-1.png?fit=340%2C229&ssl=1","contentUrl":"https:\/\/i0.wp.com\/s3.eu-north-1.amazonaws.com\/kiube.se\/wp-content\/uploads\/sites\/89\/2016\/05\/26181402\/cropped-Logotyper-340x340-1.png?fit=340%2C229&ssl=1","width":340,"height":229,"caption":"Creators Meeting Point"},"image":{"@id":"https:\/\/kiube.se\/zon0\/#\/schema\/logo\/image\/"}}]}},"jetpack_sharing_enabled":true,"jetpack_shortlink":"https:\/\/wp.me\/P7p84Z-1a","jetpack-related-posts":[],"_links":{"self":[{"href":"https:\/\/kiube.se\/zon0\/index.php?rest_route=\/wp\/v2\/pages\/72","targetHints":{"allow":["GET"]}}],"collection":[{"href":"https:\/\/kiube.se\/zon0\/index.php?rest_route=\/wp\/v2\/pages"}],"about":[{"href":"https:\/\/kiube.se\/zon0\/index.php?rest_route=\/wp\/v2\/types\/page"}],"author":[{"embeddable":true,"href":"https:\/\/kiube.se\/zon0\/index.php?rest_route=\/wp\/v2\/users\/131"}],"replies":[{"embeddable":true,"href":"https:\/\/kiube.se\/zon0\/index.php?rest_route=%2Fwp%2Fv2%2Fcomments&post=72"}],"version-history":[{"count":0,"href":"https:\/\/kiube.se\/zon0\/index.php?rest_route=\/wp\/v2\/pages\/72\/revisions"}],"wp:attachment":[{"href":"https:\/\/kiube.se\/zon0\/index.php?rest_route=%2Fwp%2Fv2%2Fmedia&parent=72"}],"curies":[{"name":"wp","href":"https:\/\/api.w.org\/{rel}","templated":true}]}}