{"id":974,"date":"2022-10-13T17:31:04","date_gmt":"2022-10-13T16:31:04","guid":{"rendered":"https:\/\/kiube.se\/x052\/?page_id=974"},"modified":"2022-10-14T16:57:45","modified_gmt":"2022-10-14T14:57:45","slug":"hall-vaning-2","status":"publish","type":"page","link":"https:\/\/kiube.se\/x052\/hall-vaning-2\/","title":{"rendered":"Hall v\u00e5ning 2"},"content":{"rendered":"<div data-carousel-extra='{&quot;blog_id&quot;:7,&quot;permalink&quot;:&quot;https:\/\/kiube.se\/x052\/hall-vaning-2\/&quot;}' id='gallery-1' class='gallery galleryid-974 gallery-columns-3 gallery-size-large'><figure class='gallery-item'>\n\t\t\t<div class='gallery-icon landscape'>\n\t\t\t\t<a href=\"https:\/\/i0.wp.com\/s3.eu-north-1.amazonaws.com\/kiube.se\/wp-content\/uploads\/sites\/7\/2022\/10\/14165602\/IMG_9525-scaled.jpg?ssl=1\"><img data-recalc-dims=\"1\" loading=\"lazy\" decoding=\"async\" width=\"1024\" height=\"768\" src=\"https:\/\/i0.wp.com\/s3.eu-north-1.amazonaws.com\/kiube.se\/wp-content\/uploads\/sites\/7\/2022\/10\/14165602\/IMG_9525-1024x768.jpg?resize=1024%2C768&#038;ssl=1\" class=\"attachment-large size-large\" alt=\"\" srcset=\"https:\/\/s3.eu-north-1.amazonaws.com\/kiube.se\/wp-content\/uploads\/sites\/7\/2022\/10\/14165602\/IMG_9525-scaled.jpg 2560w, https:\/\/s3.eu-north-1.amazonaws.com\/kiube.se\/wp-content\/uploads\/sites\/7\/2022\/10\/14165602\/IMG_9525-scaled.jpg 300w, https:\/\/s3.eu-north-1.amazonaws.com\/kiube.se\/wp-content\/uploads\/sites\/7\/2022\/10\/14165602\/IMG_9525-scaled.jpg 1024w, https:\/\/s3.eu-north-1.amazonaws.com\/kiube.se\/wp-content\/uploads\/sites\/7\/2022\/10\/14165602\/IMG_9525-scaled.jpg 768w, https:\/\/s3.eu-north-1.amazonaws.com\/kiube.se\/wp-content\/uploads\/sites\/7\/2022\/10\/14165602\/IMG_9525-scaled.jpg 1536w, https:\/\/s3.eu-north-1.amazonaws.com\/kiube.se\/wp-content\/uploads\/sites\/7\/2022\/10\/14165602\/IMG_9525-scaled.jpg 2048w, https:\/\/s3.eu-north-1.amazonaws.com\/kiube.se\/wp-content\/uploads\/sites\/7\/2022\/10\/14165602\/IMG_9525-scaled.jpg 1320w, https:\/\/s3.eu-north-1.amazonaws.com\/kiube.se\/wp-content\/uploads\/sites\/7\/2022\/10\/14165602\/IMG_9525-scaled.jpg 2400w\" sizes=\"auto, (max-width: 1024px) 100vw, 1024px\" data-attachment-id=\"992\" data-permalink=\"https:\/\/kiube.se\/x052\/hall-vaning-2\/img_9525\/#main\" data-orig-file=\"https:\/\/i0.wp.com\/s3.eu-north-1.amazonaws.com\/kiube.se\/wp-content\/uploads\/sites\/7\/2022\/10\/14165602\/IMG_9525-scaled.jpg?fit=2560%2C1920&amp;ssl=1\" data-orig-size=\"2560,1920\" data-comments-opened=\"0\" data-image-meta=\"{&quot;aperture&quot;:&quot;1.8&quot;,&quot;credit&quot;:&quot;&quot;,&quot;camera&quot;:&quot;iPhone SE (2nd generation)&quot;,&quot;caption&quot;:&quot;&quot;,&quot;created_timestamp&quot;:&quot;1665743845&quot;,&quot;copyright&quot;:&quot;&quot;,&quot;focal_length&quot;:&quot;3.99&quot;,&quot;iso&quot;:&quot;250&quot;,&quot;shutter_speed&quot;:&quot;0.016666666666667&quot;,&quot;title&quot;:&quot;&quot;,&quot;orientation&quot;:&quot;1&quot;}\" data-image-title=\"IMG_9525\" data-image-description=\"\" data-image-caption=\"\" data-large-file=\"https:\/\/i0.wp.com\/s3.eu-north-1.amazonaws.com\/kiube.se\/wp-content\/uploads\/sites\/7\/2022\/10\/14165602\/IMG_9525-scaled.jpg?fit=1024%2C768&amp;ssl=1\" \/><\/a>\n\t\t\t<\/div><\/figure><figure class='gallery-item'>\n\t\t\t<div class='gallery-icon landscape'>\n\t\t\t\t<a href=\"https:\/\/i0.wp.com\/s3.eu-north-1.amazonaws.com\/kiube.se\/wp-content\/uploads\/sites\/7\/2022\/10\/14165614\/IMG_9524-scaled.jpg?ssl=1\"><img data-recalc-dims=\"1\" loading=\"lazy\" decoding=\"async\" width=\"1024\" height=\"768\" src=\"https:\/\/i0.wp.com\/s3.eu-north-1.amazonaws.com\/kiube.se\/wp-content\/uploads\/sites\/7\/2022\/10\/14165614\/IMG_9524-1024x768.jpg?resize=1024%2C768&#038;ssl=1\" class=\"attachment-large size-large\" alt=\"\" srcset=\"https:\/\/s3.eu-north-1.amazonaws.com\/kiube.se\/wp-content\/uploads\/sites\/7\/2022\/10\/14165614\/IMG_9524-scaled.jpg 2560w, https:\/\/s3.eu-north-1.amazonaws.com\/kiube.se\/wp-content\/uploads\/sites\/7\/2022\/10\/14165614\/IMG_9524-scaled.jpg 300w, https:\/\/s3.eu-north-1.amazonaws.com\/kiube.se\/wp-content\/uploads\/sites\/7\/2022\/10\/14165614\/IMG_9524-scaled.jpg 1024w, https:\/\/s3.eu-north-1.amazonaws.com\/kiube.se\/wp-content\/uploads\/sites\/7\/2022\/10\/14165614\/IMG_9524-scaled.jpg 768w, https:\/\/s3.eu-north-1.amazonaws.com\/kiube.se\/wp-content\/uploads\/sites\/7\/2022\/10\/14165614\/IMG_9524-scaled.jpg 1536w, https:\/\/s3.eu-north-1.amazonaws.com\/kiube.se\/wp-content\/uploads\/sites\/7\/2022\/10\/14165614\/IMG_9524-scaled.jpg 2048w, https:\/\/s3.eu-north-1.amazonaws.com\/kiube.se\/wp-content\/uploads\/sites\/7\/2022\/10\/14165614\/IMG_9524-scaled.jpg 1320w, https:\/\/s3.eu-north-1.amazonaws.com\/kiube.se\/wp-content\/uploads\/sites\/7\/2022\/10\/14165614\/IMG_9524-scaled.jpg 2400w\" sizes=\"auto, (max-width: 1024px) 100vw, 1024px\" data-attachment-id=\"993\" data-permalink=\"https:\/\/kiube.se\/x052\/hall-vaning-2\/img_9524\/#main\" data-orig-file=\"https:\/\/i0.wp.com\/s3.eu-north-1.amazonaws.com\/kiube.se\/wp-content\/uploads\/sites\/7\/2022\/10\/14165614\/IMG_9524-scaled.jpg?fit=2560%2C1920&amp;ssl=1\" data-orig-size=\"2560,1920\" data-comments-opened=\"0\" data-image-meta=\"{&quot;aperture&quot;:&quot;1.8&quot;,&quot;credit&quot;:&quot;&quot;,&quot;camera&quot;:&quot;iPhone SE (2nd generation)&quot;,&quot;caption&quot;:&quot;&quot;,&quot;created_timestamp&quot;:&quot;1665743837&quot;,&quot;copyright&quot;:&quot;&quot;,&quot;focal_length&quot;:&quot;3.99&quot;,&quot;iso&quot;:&quot;250&quot;,&quot;shutter_speed&quot;:&quot;0.016666666666667&quot;,&quot;title&quot;:&quot;&quot;,&quot;orientation&quot;:&quot;1&quot;}\" data-image-title=\"IMG_9524\" data-image-description=\"\" data-image-caption=\"\" data-large-file=\"https:\/\/i0.wp.com\/s3.eu-north-1.amazonaws.com\/kiube.se\/wp-content\/uploads\/sites\/7\/2022\/10\/14165614\/IMG_9524-scaled.jpg?fit=1024%2C768&amp;ssl=1\" \/><\/a>\n\t\t\t<\/div><\/figure><figure class='gallery-item'>\n\t\t\t<div class='gallery-icon landscape'>\n\t\t\t\t<a href=\"https:\/\/i0.wp.com\/s3.eu-north-1.amazonaws.com\/kiube.se\/wp-content\/uploads\/sites\/7\/2022\/10\/14165720\/IMG_9523b-scaled.jpg?ssl=1\"><img data-recalc-dims=\"1\" loading=\"lazy\" decoding=\"async\" width=\"1024\" height=\"768\" src=\"https:\/\/i0.wp.com\/s3.eu-north-1.amazonaws.com\/kiube.se\/wp-content\/uploads\/sites\/7\/2022\/10\/14165720\/IMG_9523b-1024x768.jpg?resize=1024%2C768&#038;ssl=1\" class=\"attachment-large size-large\" alt=\"\" srcset=\"https:\/\/s3.eu-north-1.amazonaws.com\/kiube.se\/wp-content\/uploads\/sites\/7\/2022\/10\/14165720\/IMG_9523b-scaled.jpg 2560w, https:\/\/s3.eu-north-1.amazonaws.com\/kiube.se\/wp-content\/uploads\/sites\/7\/2022\/10\/14165720\/IMG_9523b-scaled.jpg 300w, https:\/\/s3.eu-north-1.amazonaws.com\/kiube.se\/wp-content\/uploads\/sites\/7\/2022\/10\/14165720\/IMG_9523b-scaled.jpg 1024w, https:\/\/s3.eu-north-1.amazonaws.com\/kiube.se\/wp-content\/uploads\/sites\/7\/2022\/10\/14165720\/IMG_9523b-scaled.jpg 768w, https:\/\/s3.eu-north-1.amazonaws.com\/kiube.se\/wp-content\/uploads\/sites\/7\/2022\/10\/14165720\/IMG_9523b-scaled.jpg 1536w, https:\/\/s3.eu-north-1.amazonaws.com\/kiube.se\/wp-content\/uploads\/sites\/7\/2022\/10\/14165720\/IMG_9523b-scaled.jpg 2048w, https:\/\/s3.eu-north-1.amazonaws.com\/kiube.se\/wp-content\/uploads\/sites\/7\/2022\/10\/14165720\/IMG_9523b-scaled.jpg 1320w, https:\/\/s3.eu-north-1.amazonaws.com\/kiube.se\/wp-content\/uploads\/sites\/7\/2022\/10\/14165720\/IMG_9523b-scaled.jpg 2400w\" sizes=\"auto, (max-width: 1024px) 100vw, 1024px\" data-attachment-id=\"995\" data-permalink=\"https:\/\/kiube.se\/x052\/hall-vaning-2\/img_9523b\/#main\" data-orig-file=\"https:\/\/i0.wp.com\/s3.eu-north-1.amazonaws.com\/kiube.se\/wp-content\/uploads\/sites\/7\/2022\/10\/14165720\/IMG_9523b-scaled.jpg?fit=2560%2C1920&amp;ssl=1\" data-orig-size=\"2560,1920\" data-comments-opened=\"0\" data-image-meta=\"{&quot;aperture&quot;:&quot;1.8&quot;,&quot;credit&quot;:&quot;&quot;,&quot;camera&quot;:&quot;iPhone SE (2nd generation)&quot;,&quot;caption&quot;:&quot;&quot;,&quot;created_timestamp&quot;:&quot;1665743817&quot;,&quot;copyright&quot;:&quot;&quot;,&quot;focal_length&quot;:&quot;3.99&quot;,&quot;iso&quot;:&quot;320&quot;,&quot;shutter_speed&quot;:&quot;0.019607843137255&quot;,&quot;title&quot;:&quot;&quot;,&quot;orientation&quot;:&quot;1&quot;}\" data-image-title=\"IMG_9523b\" data-image-description=\"\" data-image-caption=\"\" data-large-file=\"https:\/\/i0.wp.com\/s3.eu-north-1.amazonaws.com\/kiube.se\/wp-content\/uploads\/sites\/7\/2022\/10\/14165720\/IMG_9523b-scaled.jpg?fit=1024%2C768&amp;ssl=1\" \/><\/a>\n\t\t\t<\/div><\/figure>\n\t\t<\/div>\n\n<div data-carousel-extra='{&quot;blog_id&quot;:7,&quot;permalink&quot;:&quot;https:\/\/kiube.se\/x052\/hall-vaning-2\/&quot;}' id='gallery-2' class='gallery galleryid-974 gallery-columns-3 gallery-size-large'><figure class='gallery-item'>\n\t\t\t<div class='gallery-icon portrait'>\n\t\t\t\t<a href=\"https:\/\/i0.wp.com\/s3.eu-north-1.amazonaws.com\/kiube.se\/wp-content\/uploads\/sites\/7\/2022\/10\/13172136\/IMG_9504-scaled.jpg?ssl=1\"><img data-recalc-dims=\"1\" loading=\"lazy\" decoding=\"async\" width=\"768\" height=\"1024\" src=\"https:\/\/i0.wp.com\/s3.eu-north-1.amazonaws.com\/kiube.se\/wp-content\/uploads\/sites\/7\/2022\/10\/13172136\/IMG_9504-768x1024.jpg?resize=768%2C1024&#038;ssl=1\" class=\"attachment-large size-large\" alt=\"\" srcset=\"https:\/\/s3.eu-north-1.amazonaws.com\/kiube.se\/wp-content\/uploads\/sites\/7\/2022\/10\/13172136\/IMG_9504-scaled.jpg 1920w, https:\/\/s3.eu-north-1.amazonaws.com\/kiube.se\/wp-content\/uploads\/sites\/7\/2022\/10\/13172136\/IMG_9504-scaled.jpg 225w, https:\/\/s3.eu-north-1.amazonaws.com\/kiube.se\/wp-content\/uploads\/sites\/7\/2022\/10\/13172136\/IMG_9504-scaled.jpg 768w, https:\/\/s3.eu-north-1.amazonaws.com\/kiube.se\/wp-content\/uploads\/sites\/7\/2022\/10\/13172136\/IMG_9504-scaled.jpg 1152w, https:\/\/s3.eu-north-1.amazonaws.com\/kiube.se\/wp-content\/uploads\/sites\/7\/2022\/10\/13172136\/IMG_9504-scaled.jpg 1536w, https:\/\/s3.eu-north-1.amazonaws.com\/kiube.se\/wp-content\/uploads\/sites\/7\/2022\/10\/13172136\/IMG_9504-scaled.jpg 1320w\" sizes=\"auto, (max-width: 768px) 100vw, 768px\" data-attachment-id=\"975\" data-permalink=\"https:\/\/kiube.se\/x052\/hall-vaning-2\/img_9504\/#main\" data-orig-file=\"https:\/\/i0.wp.com\/s3.eu-north-1.amazonaws.com\/kiube.se\/wp-content\/uploads\/sites\/7\/2022\/10\/13172136\/IMG_9504-scaled.jpg?fit=1920%2C2560&amp;ssl=1\" data-orig-size=\"1920,2560\" data-comments-opened=\"0\" data-image-meta=\"{&quot;aperture&quot;:&quot;1.8&quot;,&quot;credit&quot;:&quot;&quot;,&quot;camera&quot;:&quot;iPhone SE (2nd generation)&quot;,&quot;caption&quot;:&quot;&quot;,&quot;created_timestamp&quot;:&quot;1665679959&quot;,&quot;copyright&quot;:&quot;&quot;,&quot;focal_length&quot;:&quot;3.99&quot;,&quot;iso&quot;:&quot;400&quot;,&quot;shutter_speed&quot;:&quot;0.033333333333333&quot;,&quot;title&quot;:&quot;&quot;,&quot;orientation&quot;:&quot;1&quot;}\" data-image-title=\"IMG_9504\" data-image-description=\"\" data-image-caption=\"\" data-large-file=\"https:\/\/i0.wp.com\/s3.eu-north-1.amazonaws.com\/kiube.se\/wp-content\/uploads\/sites\/7\/2022\/10\/13172136\/IMG_9504-scaled.jpg?fit=768%2C1024&amp;ssl=1\" \/><\/a>\n\t\t\t<\/div><\/figure><figure class='gallery-item'>\n\t\t\t<div class='gallery-icon portrait'>\n\t\t\t\t<a href=\"https:\/\/i0.wp.com\/s3.eu-north-1.amazonaws.com\/kiube.se\/wp-content\/uploads\/sites\/7\/2022\/10\/13172148\/IMG_9505-scaled.jpg?ssl=1\"><img data-recalc-dims=\"1\" loading=\"lazy\" decoding=\"async\" width=\"768\" height=\"1024\" src=\"https:\/\/i0.wp.com\/s3.eu-north-1.amazonaws.com\/kiube.se\/wp-content\/uploads\/sites\/7\/2022\/10\/13172148\/IMG_9505-768x1024.jpg?resize=768%2C1024&#038;ssl=1\" class=\"attachment-large size-large\" alt=\"\" srcset=\"https:\/\/s3.eu-north-1.amazonaws.com\/kiube.se\/wp-content\/uploads\/sites\/7\/2022\/10\/13172148\/IMG_9505-scaled.jpg 1920w, https:\/\/s3.eu-north-1.amazonaws.com\/kiube.se\/wp-content\/uploads\/sites\/7\/2022\/10\/13172148\/IMG_9505-scaled.jpg 225w, https:\/\/s3.eu-north-1.amazonaws.com\/kiube.se\/wp-content\/uploads\/sites\/7\/2022\/10\/13172148\/IMG_9505-scaled.jpg 768w, https:\/\/s3.eu-north-1.amazonaws.com\/kiube.se\/wp-content\/uploads\/sites\/7\/2022\/10\/13172148\/IMG_9505-scaled.jpg 1152w, https:\/\/s3.eu-north-1.amazonaws.com\/kiube.se\/wp-content\/uploads\/sites\/7\/2022\/10\/13172148\/IMG_9505-scaled.jpg 1536w, https:\/\/s3.eu-north-1.amazonaws.com\/kiube.se\/wp-content\/uploads\/sites\/7\/2022\/10\/13172148\/IMG_9505-scaled.jpg 1320w\" sizes=\"auto, (max-width: 768px) 100vw, 768px\" data-attachment-id=\"976\" data-permalink=\"https:\/\/kiube.se\/x052\/hall-vaning-2\/img_9505\/#main\" data-orig-file=\"https:\/\/i0.wp.com\/s3.eu-north-1.amazonaws.com\/kiube.se\/wp-content\/uploads\/sites\/7\/2022\/10\/13172148\/IMG_9505-scaled.jpg?fit=1920%2C2560&amp;ssl=1\" data-orig-size=\"1920,2560\" data-comments-opened=\"0\" data-image-meta=\"{&quot;aperture&quot;:&quot;1.8&quot;,&quot;credit&quot;:&quot;&quot;,&quot;camera&quot;:&quot;iPhone SE (2nd generation)&quot;,&quot;caption&quot;:&quot;&quot;,&quot;created_timestamp&quot;:&quot;1665679969&quot;,&quot;copyright&quot;:&quot;&quot;,&quot;focal_length&quot;:&quot;3.99&quot;,&quot;iso&quot;:&quot;500&quot;,&quot;shutter_speed&quot;:&quot;0.033333333333333&quot;,&quot;title&quot;:&quot;&quot;,&quot;orientation&quot;:&quot;1&quot;}\" data-image-title=\"IMG_9505\" data-image-description=\"\" data-image-caption=\"\" data-large-file=\"https:\/\/i0.wp.com\/s3.eu-north-1.amazonaws.com\/kiube.se\/wp-content\/uploads\/sites\/7\/2022\/10\/13172148\/IMG_9505-scaled.jpg?fit=768%2C1024&amp;ssl=1\" \/><\/a>\n\t\t\t<\/div><\/figure>\n\t\t<\/div>\n\n<h3>Golv<\/h3>\n<p style=\"padding-left: 40px;\"><strong>Bel\u00e4ggning<\/strong>: Slipat tr\u00e4golv<\/p>\n<p style=\"padding-left: 40px;\"><strong>Ytbehandling:<\/strong> Linolje s\u00e5pat golv ca 1 ggn per \u00e5r<\/p>\n<p>&nbsp;<\/p>\n<h3>V\u00e4ggar<\/h3>\n<p style=\"padding-left: 40px;\"><strong>Bel\u00e4ggning:<\/strong> n\u00e5gon typ av gips\/puts\/f\u00e4rg struktur<\/p>\n<p style=\"padding-left: 40px;\"><strong>Ytbehandling<\/strong>: Lasym\u00e5lade v\u00e4ggar<\/p>\n<p style=\"padding-left: 40px;\"><strong>Grundf\u00e4rg:<\/strong><\/p>\n<p style=\"padding-left: 40px;\"><strong>Ytskikt<\/strong> (lasur):<\/p>\n<h3>Golvlister<\/h3>\n<p style=\"padding-left: 40px;\"><strong>Material:<\/strong> Tr\u00e4 antagligen furu<\/p>\n<p style=\"padding-left: 40px;\"><strong>Ytbehandling<\/strong>: snickerif\u00e4rg halvmatt, m\u00e5lad med pensel<\/p>\n<p>&nbsp;<\/p>\n<p>Exempel: <a href=\"https:\/\/viivilla.se\/inredning\/farglara\/lasyrmala-vaggen\/\">Vi i villa<\/a> |<\/p>\n","protected":false},"excerpt":{"rendered":"<p>Golv Bel\u00e4ggning: Slipat tr\u00e4golv Ytbehandling: Linolje s\u00e5pat golv ca 1 ggn per \u00e5r &nbsp; V\u00e4ggar Bel\u00e4ggning: n\u00e5gon typ av gips\/puts\/f\u00e4rg struktur Ytbehandling: Lasym\u00e5lade v\u00e4ggar Grundf\u00e4rg: Ytskikt (lasur): Golvlister Material: Tr\u00e4 antagligen furu Ytbehandling: snickerif\u00e4rg halvmatt, m\u00e5lad med pensel &nbsp; Exempel: Vi i villa |<\/p>\n","protected":false},"author":118,"featured_media":0,"parent":0,"menu_order":0,"comment_status":"closed","ping_status":"closed","template":"","meta":{"jetpack_post_was_ever_published":false,"footnotes":""},"class_list":["post-974","page","type-page","status-publish"],"yoast_head":"<!-- This site is optimized with the Yoast SEO plugin v27.5 - https:\/\/yoast.com\/product\/yoast-seo-wordpress\/ -->\n<title>Hall v\u00e5ning 2 - Husboken Bj\u00f6rkv\u00e4gen 3<\/title>\n<meta name=\"robots\" content=\"index, follow, max-snippet:-1, max-image-preview:large, max-video-preview:-1\" \/>\n<link rel=\"canonical\" href=\"https:\/\/kiube.se\/x052\/hall-vaning-2\/\" \/>\n<meta property=\"og:locale\" content=\"sv_SE\" \/>\n<meta property=\"og:type\" content=\"article\" \/>\n<meta property=\"og:title\" content=\"Hall v\u00e5ning 2 - Husboken Bj\u00f6rkv\u00e4gen 3\" \/>\n<meta property=\"og:description\" content=\"Golv Bel\u00e4ggning: Slipat tr\u00e4golv Ytbehandling: Linolje s\u00e5pat golv ca 1 ggn per \u00e5r &nbsp; V\u00e4ggar Bel\u00e4ggning: n\u00e5gon typ av gips\/puts\/f\u00e4rg struktur Ytbehandling: Lasym\u00e5lade v\u00e4ggar Grundf\u00e4rg: Ytskikt (lasur): Golvlister Material: Tr\u00e4 antagligen furu Ytbehandling: snickerif\u00e4rg halvmatt, m\u00e5lad med pensel &nbsp; Exempel: Vi i villa |\" \/>\n<meta property=\"og:url\" content=\"https:\/\/kiube.se\/x052\/hall-vaning-2\/\" \/>\n<meta property=\"og:site_name\" content=\"Husboken Bj\u00f6rkv\u00e4gen 3\" \/>\n<meta property=\"article:modified_time\" content=\"2022-10-14T14:57:45+00:00\" \/>\n<meta property=\"og:image\" content=\"https:\/\/s3.eu-north-1.amazonaws.com\/kiube.se\/wp-content\/uploads\/sites\/7\/2022\/10\/14165602\/IMG_9525-1024x768.jpg\" \/>\n<meta name=\"twitter:card\" content=\"summary_large_image\" \/>\n<meta name=\"twitter:label1\" content=\"Ber\u00e4knad l\u00e4stid\" \/>\n\t<meta name=\"twitter:data1\" content=\"1 minut\" \/>\n<script type=\"application\/ld+json\" class=\"yoast-schema-graph\">{\"@context\":\"https:\\\/\\\/schema.org\",\"@graph\":[{\"@type\":\"WebPage\",\"@id\":\"https:\\\/\\\/kiube.se\\\/x052\\\/hall-vaning-2\\\/\",\"url\":\"https:\\\/\\\/kiube.se\\\/x052\\\/hall-vaning-2\\\/\",\"name\":\"Hall v\u00e5ning 2 - Husboken Bj\u00f6rkv\u00e4gen 3\",\"isPartOf\":{\"@id\":\"http:\\\/\\\/kiube.se\\\/x052\\\/#website\"},\"datePublished\":\"2022-10-13T16:31:04+00:00\",\"dateModified\":\"2022-10-14T14:57:45+00:00\",\"breadcrumb\":{\"@id\":\"https:\\\/\\\/kiube.se\\\/x052\\\/hall-vaning-2\\\/#breadcrumb\"},\"inLanguage\":\"sv-SE\",\"potentialAction\":[{\"@type\":\"ReadAction\",\"target\":[\"https:\\\/\\\/kiube.se\\\/x052\\\/hall-vaning-2\\\/\"]}]},{\"@type\":\"BreadcrumbList\",\"@id\":\"https:\\\/\\\/kiube.se\\\/x052\\\/hall-vaning-2\\\/#breadcrumb\",\"itemListElement\":[{\"@type\":\"ListItem\",\"position\":1,\"name\":\"Hem\",\"item\":\"http:\\\/\\\/kiube.se\\\/x052\\\/\"},{\"@type\":\"ListItem\",\"position\":2,\"name\":\"Hall v\u00e5ning 2\"}]},{\"@type\":\"WebSite\",\"@id\":\"http:\\\/\\\/kiube.se\\\/x052\\\/#website\",\"url\":\"http:\\\/\\\/kiube.se\\\/x052\\\/\",\"name\":\"Husboken Bj\u00f6rkv\u00e4gen 3\",\"description\":\"Min support\",\"potentialAction\":[{\"@type\":\"SearchAction\",\"target\":{\"@type\":\"EntryPoint\",\"urlTemplate\":\"http:\\\/\\\/kiube.se\\\/x052\\\/?s={search_term_string}\"},\"query-input\":{\"@type\":\"PropertyValueSpecification\",\"valueRequired\":true,\"valueName\":\"search_term_string\"}}],\"inLanguage\":\"sv-SE\"}]}<\/script>\n<!-- \/ Yoast SEO plugin. -->","yoast_head_json":{"title":"Hall v\u00e5ning 2 - Husboken Bj\u00f6rkv\u00e4gen 3","robots":{"index":"index","follow":"follow","max-snippet":"max-snippet:-1","max-image-preview":"max-image-preview:large","max-video-preview":"max-video-preview:-1"},"canonical":"https:\/\/kiube.se\/x052\/hall-vaning-2\/","og_locale":"sv_SE","og_type":"article","og_title":"Hall v\u00e5ning 2 - Husboken Bj\u00f6rkv\u00e4gen 3","og_description":"Golv Bel\u00e4ggning: Slipat tr\u00e4golv Ytbehandling: Linolje s\u00e5pat golv ca 1 ggn per \u00e5r &nbsp; V\u00e4ggar Bel\u00e4ggning: n\u00e5gon typ av gips\/puts\/f\u00e4rg struktur Ytbehandling: Lasym\u00e5lade v\u00e4ggar Grundf\u00e4rg: Ytskikt (lasur): Golvlister Material: Tr\u00e4 antagligen furu Ytbehandling: snickerif\u00e4rg halvmatt, m\u00e5lad med pensel &nbsp; Exempel: Vi i villa |","og_url":"https:\/\/kiube.se\/x052\/hall-vaning-2\/","og_site_name":"Husboken Bj\u00f6rkv\u00e4gen 3","article_modified_time":"2022-10-14T14:57:45+00:00","og_image":[{"url":"https:\/\/s3.eu-north-1.amazonaws.com\/kiube.se\/wp-content\/uploads\/sites\/7\/2022\/10\/14165602\/IMG_9525-1024x768.jpg","type":"","width":"","height":""}],"twitter_card":"summary_large_image","twitter_misc":{"Ber\u00e4knad l\u00e4stid":"1 minut"},"schema":{"@context":"https:\/\/schema.org","@graph":[{"@type":"WebPage","@id":"https:\/\/kiube.se\/x052\/hall-vaning-2\/","url":"https:\/\/kiube.se\/x052\/hall-vaning-2\/","name":"Hall v\u00e5ning 2 - Husboken Bj\u00f6rkv\u00e4gen 3","isPartOf":{"@id":"http:\/\/kiube.se\/x052\/#website"},"datePublished":"2022-10-13T16:31:04+00:00","dateModified":"2022-10-14T14:57:45+00:00","breadcrumb":{"@id":"https:\/\/kiube.se\/x052\/hall-vaning-2\/#breadcrumb"},"inLanguage":"sv-SE","potentialAction":[{"@type":"ReadAction","target":["https:\/\/kiube.se\/x052\/hall-vaning-2\/"]}]},{"@type":"BreadcrumbList","@id":"https:\/\/kiube.se\/x052\/hall-vaning-2\/#breadcrumb","itemListElement":[{"@type":"ListItem","position":1,"name":"Hem","item":"http:\/\/kiube.se\/x052\/"},{"@type":"ListItem","position":2,"name":"Hall v\u00e5ning 2"}]},{"@type":"WebSite","@id":"http:\/\/kiube.se\/x052\/#website","url":"http:\/\/kiube.se\/x052\/","name":"Husboken Bj\u00f6rkv\u00e4gen 3","description":"Min support","potentialAction":[{"@type":"SearchAction","target":{"@type":"EntryPoint","urlTemplate":"http:\/\/kiube.se\/x052\/?s={search_term_string}"},"query-input":{"@type":"PropertyValueSpecification","valueRequired":true,"valueName":"search_term_string"}}],"inLanguage":"sv-SE"}]}},"jetpack_shortlink":"https:\/\/wp.me\/P1Gn8d-fI","jetpack-related-posts":[],"_links":{"self":[{"href":"https:\/\/kiube.se\/x052\/wp-json\/wp\/v2\/pages\/974","targetHints":{"allow":["GET"]}}],"collection":[{"href":"https:\/\/kiube.se\/x052\/wp-json\/wp\/v2\/pages"}],"about":[{"href":"https:\/\/kiube.se\/x052\/wp-json\/wp\/v2\/types\/page"}],"author":[{"embeddable":true,"href":"https:\/\/kiube.se\/x052\/wp-json\/wp\/v2\/users\/118"}],"replies":[{"embeddable":true,"href":"https:\/\/kiube.se\/x052\/wp-json\/wp\/v2\/comments?post=974"}],"version-history":[{"count":0,"href":"https:\/\/kiube.se\/x052\/wp-json\/wp\/v2\/pages\/974\/revisions"}],"wp:attachment":[{"href":"https:\/\/kiube.se\/x052\/wp-json\/wp\/v2\/media?parent=974"}],"curies":[{"name":"wp","href":"https:\/\/api.w.org\/{rel}","templated":true}]}}