{"id":884,"date":"2021-10-30T10:46:48","date_gmt":"2021-10-30T09:46:48","guid":{"rendered":"https:\/\/kiube.se\/x052\/?page_id=884"},"modified":"2021-10-30T11:00:02","modified_gmt":"2021-10-30T10:00:02","slug":"884-2","status":"publish","type":"page","link":"https:\/\/kiube.se\/x052\/884-2\/","title":{"rendered":"K\u00f6ldmedium i Kyl och v\u00e4rmepump"},"content":{"rendered":"<h2>Florerande kolv\u00e4ten \/ freoner<\/h2>\n<p>Enligt <a href=\"https:\/\/drawdown.org\/solutions\/alternative-refrigerants\">projekt Drawdown<\/a>, s\u00e5 \u00e4r HFC den st\u00f6rsta globala orsaken f\u00f6r utsl\u00e4pp av CO2 och har st\u00f6rst potential att minska v\u00e5rt globala CO2 avtryck<\/p>\n<p><iframe loading=\"lazy\" src=\"https:\/\/player.vimeo.com\/video\/182533463?h=1544c4a0a1&amp;color=ffffff\" width=\"640\" height=\"360\" frameborder=\"0\" allowfullscreen=\"allowfullscreen\"><\/iframe><\/p>\n<p><a href=\"https:\/\/vimeo.com\/182533463\">Reducing HFCs with the world\u2019s most successful environmental treaty<\/a> from <a href=\"https:\/\/vimeo.com\/ciffchild\">CIFF<\/a> on <a href=\"https:\/\/vimeo.com\">Vimeo<\/a>.<\/p>\n<p><strong>K\u00e4lla:<\/strong> <a href=\"https:\/\/eia-global.org\/initiatives\/hfc-free-technologies\">HFC technologies<\/a> | <a href=\"https:\/\/sv.wikipedia.org\/wiki\/HFC\">Wikipedia<\/a> | <a href=\"https:\/\/www.researchgate.net\/figure\/History-of-refrigerants_fig1_328494214\">Researchgate<\/a> |<\/p>\n","protected":false},"excerpt":{"rendered":"<p>Florerande kolv\u00e4ten \/ freoner Enligt projekt Drawdown, s\u00e5 \u00e4r HFC den st\u00f6rsta globala orsaken f\u00f6r utsl\u00e4pp av CO2 och har st\u00f6rst potential att minska v\u00e5rt globala CO2 avtryck Reducing HFCs with the world\u2019s most successful environmental treaty from CIFF on Vimeo. K\u00e4lla: HFC technologies | Wikipedia | Researchgate |<\/p>\n","protected":false},"author":118,"featured_media":888,"parent":0,"menu_order":0,"comment_status":"closed","ping_status":"closed","template":"","meta":{"jetpack_post_was_ever_published":false,"footnotes":""},"class_list":["post-884","page","type-page","status-publish","has-post-thumbnail"],"yoast_head":"<!-- This site is optimized with the Yoast SEO plugin v27.5 - https:\/\/yoast.com\/product\/yoast-seo-wordpress\/ -->\n<title>K\u00f6ldmedium i Kyl och v\u00e4rmepump - Husboken Bj\u00f6rkv\u00e4gen 3<\/title>\n<meta name=\"robots\" content=\"index, follow, max-snippet:-1, max-image-preview:large, max-video-preview:-1\" \/>\n<link rel=\"canonical\" href=\"http:\/\/kiube.se\/x052\/884-2\/\" \/>\n<meta property=\"og:locale\" content=\"sv_SE\" \/>\n<meta property=\"og:type\" content=\"article\" \/>\n<meta property=\"og:title\" content=\"K\u00f6ldmedium i Kyl och v\u00e4rmepump - Husboken Bj\u00f6rkv\u00e4gen 3\" \/>\n<meta property=\"og:description\" content=\"Florerande kolv\u00e4ten \/ freoner Enligt projekt Drawdown, s\u00e5 \u00e4r HFC den st\u00f6rsta globala orsaken f\u00f6r utsl\u00e4pp av CO2 och har st\u00f6rst potential att minska v\u00e5rt globala CO2 avtryck Reducing HFCs with the world\u2019s most successful environmental treaty from CIFF on Vimeo. K\u00e4lla: HFC technologies | Wikipedia | Researchgate |\" \/>\n<meta property=\"og:url\" content=\"http:\/\/kiube.se\/x052\/884-2\/\" \/>\n<meta property=\"og:site_name\" content=\"Husboken Bj\u00f6rkv\u00e4gen 3\" \/>\n<meta property=\"article:modified_time\" content=\"2021-10-30T10:00:02+00:00\" \/>\n<meta property=\"og:image\" content=\"https:\/\/i0.wp.com\/s3.eu-north-1.amazonaws.com\/kiube.se\/wp-content\/uploads\/sites\/7\/2021\/10\/30105935\/2021-10-30-11.59.02-am.png?fit=712%2C500\" \/>\n\t<meta property=\"og:image:width\" content=\"712\" \/>\n\t<meta property=\"og:image:height\" content=\"500\" \/>\n\t<meta property=\"og:image:type\" content=\"image\/png\" \/>\n<meta name=\"twitter:card\" content=\"summary_large_image\" \/>\n<meta name=\"twitter:label1\" content=\"Ber\u00e4knad l\u00e4stid\" \/>\n\t<meta name=\"twitter:data1\" content=\"1 minut\" \/>\n<script type=\"application\/ld+json\" class=\"yoast-schema-graph\">{\"@context\":\"https:\\\/\\\/schema.org\",\"@graph\":[{\"@type\":\"WebPage\",\"@id\":\"http:\\\/\\\/kiube.se\\\/x052\\\/884-2\\\/\",\"url\":\"http:\\\/\\\/kiube.se\\\/x052\\\/884-2\\\/\",\"name\":\"K\u00f6ldmedium i Kyl och v\u00e4rmepump - Husboken Bj\u00f6rkv\u00e4gen 3\",\"isPartOf\":{\"@id\":\"http:\\\/\\\/kiube.se\\\/x052\\\/#website\"},\"primaryImageOfPage\":{\"@id\":\"http:\\\/\\\/kiube.se\\\/x052\\\/884-2\\\/#primaryimage\"},\"image\":{\"@id\":\"http:\\\/\\\/kiube.se\\\/x052\\\/884-2\\\/#primaryimage\"},\"thumbnailUrl\":\"https:\\\/\\\/i0.wp.com\\\/s3.eu-north-1.amazonaws.com\\\/kiube.se\\\/wp-content\\\/uploads\\\/sites\\\/7\\\/2021\\\/10\\\/30105935\\\/2021-10-30-11.59.02-am.png?fit=712%2C500&ssl=1\",\"datePublished\":\"2021-10-30T09:46:48+00:00\",\"dateModified\":\"2021-10-30T10:00:02+00:00\",\"breadcrumb\":{\"@id\":\"http:\\\/\\\/kiube.se\\\/x052\\\/884-2\\\/#breadcrumb\"},\"inLanguage\":\"sv-SE\",\"potentialAction\":[{\"@type\":\"ReadAction\",\"target\":[\"http:\\\/\\\/kiube.se\\\/x052\\\/884-2\\\/\"]}]},{\"@type\":\"ImageObject\",\"inLanguage\":\"sv-SE\",\"@id\":\"http:\\\/\\\/kiube.se\\\/x052\\\/884-2\\\/#primaryimage\",\"url\":\"https:\\\/\\\/i0.wp.com\\\/s3.eu-north-1.amazonaws.com\\\/kiube.se\\\/wp-content\\\/uploads\\\/sites\\\/7\\\/2021\\\/10\\\/30105935\\\/2021-10-30-11.59.02-am.png?fit=712%2C500&ssl=1\",\"contentUrl\":\"https:\\\/\\\/i0.wp.com\\\/s3.eu-north-1.amazonaws.com\\\/kiube.se\\\/wp-content\\\/uploads\\\/sites\\\/7\\\/2021\\\/10\\\/30105935\\\/2021-10-30-11.59.02-am.png?fit=712%2C500&ssl=1\",\"width\":712,\"height\":500},{\"@type\":\"BreadcrumbList\",\"@id\":\"http:\\\/\\\/kiube.se\\\/x052\\\/884-2\\\/#breadcrumb\",\"itemListElement\":[{\"@type\":\"ListItem\",\"position\":1,\"name\":\"Hem\",\"item\":\"http:\\\/\\\/kiube.se\\\/x052\\\/\"},{\"@type\":\"ListItem\",\"position\":2,\"name\":\"K\u00f6ldmedium i Kyl och v\u00e4rmepump\"}]},{\"@type\":\"WebSite\",\"@id\":\"http:\\\/\\\/kiube.se\\\/x052\\\/#website\",\"url\":\"http:\\\/\\\/kiube.se\\\/x052\\\/\",\"name\":\"Husboken Bj\u00f6rkv\u00e4gen 3\",\"description\":\"Min support\",\"potentialAction\":[{\"@type\":\"SearchAction\",\"target\":{\"@type\":\"EntryPoint\",\"urlTemplate\":\"http:\\\/\\\/kiube.se\\\/x052\\\/?s={search_term_string}\"},\"query-input\":{\"@type\":\"PropertyValueSpecification\",\"valueRequired\":true,\"valueName\":\"search_term_string\"}}],\"inLanguage\":\"sv-SE\"}]}<\/script>\n<!-- \/ Yoast SEO plugin. -->","yoast_head_json":{"title":"K\u00f6ldmedium i Kyl och v\u00e4rmepump - Husboken Bj\u00f6rkv\u00e4gen 3","robots":{"index":"index","follow":"follow","max-snippet":"max-snippet:-1","max-image-preview":"max-image-preview:large","max-video-preview":"max-video-preview:-1"},"canonical":"http:\/\/kiube.se\/x052\/884-2\/","og_locale":"sv_SE","og_type":"article","og_title":"K\u00f6ldmedium i Kyl och v\u00e4rmepump - Husboken Bj\u00f6rkv\u00e4gen 3","og_description":"Florerande kolv\u00e4ten \/ freoner Enligt projekt Drawdown, s\u00e5 \u00e4r HFC den st\u00f6rsta globala orsaken f\u00f6r utsl\u00e4pp av CO2 och har st\u00f6rst potential att minska v\u00e5rt globala CO2 avtryck Reducing HFCs with the world\u2019s most successful environmental treaty from CIFF on Vimeo. K\u00e4lla: HFC technologies | Wikipedia | Researchgate |","og_url":"http:\/\/kiube.se\/x052\/884-2\/","og_site_name":"Husboken Bj\u00f6rkv\u00e4gen 3","article_modified_time":"2021-10-30T10:00:02+00:00","og_image":[{"width":712,"height":500,"url":"https:\/\/i0.wp.com\/s3.eu-north-1.amazonaws.com\/kiube.se\/wp-content\/uploads\/sites\/7\/2021\/10\/30105935\/2021-10-30-11.59.02-am.png?fit=712%2C500","type":"image\/png"}],"twitter_card":"summary_large_image","twitter_misc":{"Ber\u00e4knad l\u00e4stid":"1 minut"},"schema":{"@context":"https:\/\/schema.org","@graph":[{"@type":"WebPage","@id":"http:\/\/kiube.se\/x052\/884-2\/","url":"http:\/\/kiube.se\/x052\/884-2\/","name":"K\u00f6ldmedium i Kyl och v\u00e4rmepump - Husboken Bj\u00f6rkv\u00e4gen 3","isPartOf":{"@id":"http:\/\/kiube.se\/x052\/#website"},"primaryImageOfPage":{"@id":"http:\/\/kiube.se\/x052\/884-2\/#primaryimage"},"image":{"@id":"http:\/\/kiube.se\/x052\/884-2\/#primaryimage"},"thumbnailUrl":"https:\/\/i0.wp.com\/s3.eu-north-1.amazonaws.com\/kiube.se\/wp-content\/uploads\/sites\/7\/2021\/10\/30105935\/2021-10-30-11.59.02-am.png?fit=712%2C500&ssl=1","datePublished":"2021-10-30T09:46:48+00:00","dateModified":"2021-10-30T10:00:02+00:00","breadcrumb":{"@id":"http:\/\/kiube.se\/x052\/884-2\/#breadcrumb"},"inLanguage":"sv-SE","potentialAction":[{"@type":"ReadAction","target":["http:\/\/kiube.se\/x052\/884-2\/"]}]},{"@type":"ImageObject","inLanguage":"sv-SE","@id":"http:\/\/kiube.se\/x052\/884-2\/#primaryimage","url":"https:\/\/i0.wp.com\/s3.eu-north-1.amazonaws.com\/kiube.se\/wp-content\/uploads\/sites\/7\/2021\/10\/30105935\/2021-10-30-11.59.02-am.png?fit=712%2C500&ssl=1","contentUrl":"https:\/\/i0.wp.com\/s3.eu-north-1.amazonaws.com\/kiube.se\/wp-content\/uploads\/sites\/7\/2021\/10\/30105935\/2021-10-30-11.59.02-am.png?fit=712%2C500&ssl=1","width":712,"height":500},{"@type":"BreadcrumbList","@id":"http:\/\/kiube.se\/x052\/884-2\/#breadcrumb","itemListElement":[{"@type":"ListItem","position":1,"name":"Hem","item":"http:\/\/kiube.se\/x052\/"},{"@type":"ListItem","position":2,"name":"K\u00f6ldmedium i Kyl och v\u00e4rmepump"}]},{"@type":"WebSite","@id":"http:\/\/kiube.se\/x052\/#website","url":"http:\/\/kiube.se\/x052\/","name":"Husboken Bj\u00f6rkv\u00e4gen 3","description":"Min support","potentialAction":[{"@type":"SearchAction","target":{"@type":"EntryPoint","urlTemplate":"http:\/\/kiube.se\/x052\/?s={search_term_string}"},"query-input":{"@type":"PropertyValueSpecification","valueRequired":true,"valueName":"search_term_string"}}],"inLanguage":"sv-SE"}]}},"jetpack_shortlink":"https:\/\/wp.me\/P1Gn8d-eg","jetpack-related-posts":[],"_links":{"self":[{"href":"https:\/\/kiube.se\/x052\/wp-json\/wp\/v2\/pages\/884","targetHints":{"allow":["GET"]}}],"collection":[{"href":"https:\/\/kiube.se\/x052\/wp-json\/wp\/v2\/pages"}],"about":[{"href":"https:\/\/kiube.se\/x052\/wp-json\/wp\/v2\/types\/page"}],"author":[{"embeddable":true,"href":"https:\/\/kiube.se\/x052\/wp-json\/wp\/v2\/users\/118"}],"replies":[{"embeddable":true,"href":"https:\/\/kiube.se\/x052\/wp-json\/wp\/v2\/comments?post=884"}],"version-history":[{"count":0,"href":"https:\/\/kiube.se\/x052\/wp-json\/wp\/v2\/pages\/884\/revisions"}],"wp:featuredmedia":[{"embeddable":true,"href":"https:\/\/kiube.se\/x052\/wp-json\/wp\/v2\/media\/888"}],"wp:attachment":[{"href":"https:\/\/kiube.se\/x052\/wp-json\/wp\/v2\/media?parent=884"}],"curies":[{"name":"wp","href":"https:\/\/api.w.org\/{rel}","templated":true}]}}