{"id":859,"date":"2021-10-29T13:48:42","date_gmt":"2021-10-29T12:48:42","guid":{"rendered":"https:\/\/kiube.se\/x052\/?page_id=859"},"modified":"2021-10-30T09:51:03","modified_gmt":"2021-10-30T08:51:03","slug":"energikostnad","status":"publish","type":"page","link":"https:\/\/kiube.se\/x052\/energikostnad\/","title":{"rendered":"Energikostnad"},"content":{"rendered":"<p><iframe style=\"border: 1px solid #cccccc; width: 650px; height: 460px;\" src=\"https:\/\/docs.google.com\/spreadsheets\/d\/e\/2PACX-1vQzZUt5EFeewQaCYQErfcp770ZV09Jh0tNnSm2fqOOfuJMt_srT7xLkjO5DQMQolfKW4QVDM9fSOVX9\/pubchart?oid=779539722&amp;format=interactive\"><span data-mce-type=\"bookmark\" style=\"display: inline-block; width: 0px; overflow: hidden; line-height: 0;\" class=\"mce_SELRES_start\">\ufeff<\/span><span data-mce-type=\"bookmark\" style=\"display: inline-block; width: 0px; overflow: hidden; line-height: 0;\" class=\"mce_SELRES_start\">\ufeff<\/span><\/iframe><\/p>\n<p><span style=\"color: #008000;\">Elavgift komplett<\/span> | 2021 | <span style=\"color: #008000;\">2020<\/span> | 2019 | 2018 | 2017 | 2016 | 2015 |<\/p>\n<p><span style=\"color: #993300;\">Eln\u00e4t komplett<\/span> | 2021 | <span style=\"color: #993300;\">2020<\/span> | <span style=\"color: #993300;\">2019<\/span> | 2018 | <span style=\"color: #993300;\">2017<\/span> | 2016 | 2015 |<\/p>\n<hr \/>\n<p><strong>K\u00e4lla:<\/strong> | <a href=\"https:\/\/docs.google.com\/spreadsheets\/d\/1WYb-FVnJs_SrhnSEbYkPzX2SmjV8rQlgaCe9mzWmn4Y\/edit#gid=1936373757\">GDrive<\/a> | <a href=\"https:\/\/www.eon.se\/mitt-e-on\/din-forbrukning\">Eon<\/a> | <a href=\"https:\/\/www.jamtkraft.se\/privat\/?gclid=Cj0KCQjwt-6LBhDlARIsAIPRQcJPwQmiJfPZ4vbn388F9Z3qeBA7dqdijfDqJLM5k9lqTQ_gljChhcsaAhu_EALw_wcB\">J\u00e4mtkraft<\/a><\/p>\n","protected":false},"excerpt":{"rendered":"<p>\ufeff\ufeff Elavgift komplett | 2021 | 2020 | 2019 | 2018 | 2017 | 2016 | 2015 | Eln\u00e4t komplett | 2021 | 2020 | 2019 | 2018 | 2017 | 2016 | 2015 | K\u00e4lla: | GDrive | Eon | J\u00e4mtkraft<\/p>\n","protected":false},"author":118,"featured_media":0,"parent":0,"menu_order":0,"comment_status":"closed","ping_status":"closed","template":"","meta":{"jetpack_post_was_ever_published":false,"footnotes":""},"class_list":["post-859","page","type-page","status-publish"],"yoast_head":"<!-- This site is optimized with the Yoast SEO plugin v27.5 - https:\/\/yoast.com\/product\/yoast-seo-wordpress\/ -->\n<title>Energikostnad - Husboken Bj\u00f6rkv\u00e4gen 3<\/title>\n<meta name=\"robots\" content=\"index, follow, max-snippet:-1, max-image-preview:large, max-video-preview:-1\" \/>\n<link rel=\"canonical\" href=\"http:\/\/kiube.se\/x052\/energikostnad\/\" \/>\n<meta property=\"og:locale\" content=\"sv_SE\" \/>\n<meta property=\"og:type\" content=\"article\" \/>\n<meta property=\"og:title\" content=\"Energikostnad - Husboken Bj\u00f6rkv\u00e4gen 3\" \/>\n<meta property=\"og:description\" content=\"\ufeff\ufeff Elavgift komplett | 2021 | 2020 | 2019 | 2018 | 2017 | 2016 | 2015 | Eln\u00e4t komplett | 2021 | 2020 | 2019 | 2018 | 2017 | 2016 | 2015 | K\u00e4lla: | GDrive | Eon | J\u00e4mtkraft\" \/>\n<meta property=\"og:url\" content=\"http:\/\/kiube.se\/x052\/energikostnad\/\" \/>\n<meta property=\"og:site_name\" content=\"Husboken Bj\u00f6rkv\u00e4gen 3\" \/>\n<meta property=\"article:modified_time\" content=\"2021-10-30T08:51:03+00:00\" \/>\n<meta name=\"twitter:card\" content=\"summary_large_image\" \/>\n<script type=\"application\/ld+json\" class=\"yoast-schema-graph\">{\"@context\":\"https:\\\/\\\/schema.org\",\"@graph\":[{\"@type\":\"WebPage\",\"@id\":\"http:\\\/\\\/kiube.se\\\/x052\\\/energikostnad\\\/\",\"url\":\"http:\\\/\\\/kiube.se\\\/x052\\\/energikostnad\\\/\",\"name\":\"Energikostnad - Husboken Bj\u00f6rkv\u00e4gen 3\",\"isPartOf\":{\"@id\":\"http:\\\/\\\/kiube.se\\\/x052\\\/#website\"},\"datePublished\":\"2021-10-29T12:48:42+00:00\",\"dateModified\":\"2021-10-30T08:51:03+00:00\",\"breadcrumb\":{\"@id\":\"http:\\\/\\\/kiube.se\\\/x052\\\/energikostnad\\\/#breadcrumb\"},\"inLanguage\":\"sv-SE\",\"potentialAction\":[{\"@type\":\"ReadAction\",\"target\":[\"http:\\\/\\\/kiube.se\\\/x052\\\/energikostnad\\\/\"]}]},{\"@type\":\"BreadcrumbList\",\"@id\":\"http:\\\/\\\/kiube.se\\\/x052\\\/energikostnad\\\/#breadcrumb\",\"itemListElement\":[{\"@type\":\"ListItem\",\"position\":1,\"name\":\"Hem\",\"item\":\"http:\\\/\\\/kiube.se\\\/x052\\\/\"},{\"@type\":\"ListItem\",\"position\":2,\"name\":\"Energikostnad\"}]},{\"@type\":\"WebSite\",\"@id\":\"http:\\\/\\\/kiube.se\\\/x052\\\/#website\",\"url\":\"http:\\\/\\\/kiube.se\\\/x052\\\/\",\"name\":\"Husboken Bj\u00f6rkv\u00e4gen 3\",\"description\":\"Min support\",\"potentialAction\":[{\"@type\":\"SearchAction\",\"target\":{\"@type\":\"EntryPoint\",\"urlTemplate\":\"http:\\\/\\\/kiube.se\\\/x052\\\/?s={search_term_string}\"},\"query-input\":{\"@type\":\"PropertyValueSpecification\",\"valueRequired\":true,\"valueName\":\"search_term_string\"}}],\"inLanguage\":\"sv-SE\"}]}<\/script>\n<!-- \/ Yoast SEO plugin. -->","yoast_head_json":{"title":"Energikostnad - Husboken Bj\u00f6rkv\u00e4gen 3","robots":{"index":"index","follow":"follow","max-snippet":"max-snippet:-1","max-image-preview":"max-image-preview:large","max-video-preview":"max-video-preview:-1"},"canonical":"http:\/\/kiube.se\/x052\/energikostnad\/","og_locale":"sv_SE","og_type":"article","og_title":"Energikostnad - Husboken Bj\u00f6rkv\u00e4gen 3","og_description":"\ufeff\ufeff Elavgift komplett | 2021 | 2020 | 2019 | 2018 | 2017 | 2016 | 2015 | Eln\u00e4t komplett | 2021 | 2020 | 2019 | 2018 | 2017 | 2016 | 2015 | K\u00e4lla: | GDrive | Eon | J\u00e4mtkraft","og_url":"http:\/\/kiube.se\/x052\/energikostnad\/","og_site_name":"Husboken Bj\u00f6rkv\u00e4gen 3","article_modified_time":"2021-10-30T08:51:03+00:00","twitter_card":"summary_large_image","schema":{"@context":"https:\/\/schema.org","@graph":[{"@type":"WebPage","@id":"http:\/\/kiube.se\/x052\/energikostnad\/","url":"http:\/\/kiube.se\/x052\/energikostnad\/","name":"Energikostnad - Husboken Bj\u00f6rkv\u00e4gen 3","isPartOf":{"@id":"http:\/\/kiube.se\/x052\/#website"},"datePublished":"2021-10-29T12:48:42+00:00","dateModified":"2021-10-30T08:51:03+00:00","breadcrumb":{"@id":"http:\/\/kiube.se\/x052\/energikostnad\/#breadcrumb"},"inLanguage":"sv-SE","potentialAction":[{"@type":"ReadAction","target":["http:\/\/kiube.se\/x052\/energikostnad\/"]}]},{"@type":"BreadcrumbList","@id":"http:\/\/kiube.se\/x052\/energikostnad\/#breadcrumb","itemListElement":[{"@type":"ListItem","position":1,"name":"Hem","item":"http:\/\/kiube.se\/x052\/"},{"@type":"ListItem","position":2,"name":"Energikostnad"}]},{"@type":"WebSite","@id":"http:\/\/kiube.se\/x052\/#website","url":"http:\/\/kiube.se\/x052\/","name":"Husboken Bj\u00f6rkv\u00e4gen 3","description":"Min support","potentialAction":[{"@type":"SearchAction","target":{"@type":"EntryPoint","urlTemplate":"http:\/\/kiube.se\/x052\/?s={search_term_string}"},"query-input":{"@type":"PropertyValueSpecification","valueRequired":true,"valueName":"search_term_string"}}],"inLanguage":"sv-SE"}]}},"jetpack_shortlink":"https:\/\/wp.me\/P1Gn8d-dR","jetpack-related-posts":[],"_links":{"self":[{"href":"https:\/\/kiube.se\/x052\/wp-json\/wp\/v2\/pages\/859","targetHints":{"allow":["GET"]}}],"collection":[{"href":"https:\/\/kiube.se\/x052\/wp-json\/wp\/v2\/pages"}],"about":[{"href":"https:\/\/kiube.se\/x052\/wp-json\/wp\/v2\/types\/page"}],"author":[{"embeddable":true,"href":"https:\/\/kiube.se\/x052\/wp-json\/wp\/v2\/users\/118"}],"replies":[{"embeddable":true,"href":"https:\/\/kiube.se\/x052\/wp-json\/wp\/v2\/comments?post=859"}],"version-history":[{"count":0,"href":"https:\/\/kiube.se\/x052\/wp-json\/wp\/v2\/pages\/859\/revisions"}],"wp:attachment":[{"href":"https:\/\/kiube.se\/x052\/wp-json\/wp\/v2\/media?parent=859"}],"curies":[{"name":"wp","href":"https:\/\/api.w.org\/{rel}","templated":true}]}}