{"id":805,"date":"2020-12-06T10:09:17","date_gmt":"2020-12-06T09:09:17","guid":{"rendered":"http:\/\/kiube.se\/x052\/?page_id=805"},"modified":"2022-01-24T12:09:23","modified_gmt":"2022-01-24T11:09:23","slug":"energilagring-vatgas","status":"publish","type":"page","link":"https:\/\/kiube.se\/x052\/energilagring-vatgas\/","title":{"rendered":"Energilagring &#8211; v\u00e4tgas"},"content":{"rendered":"<pre>K\u00e4llor : <a href=\"https:\/\/www.elinstallatoren.se\/2021\/12\/vatgas-ger-el-och-varme-i-villan-elpriset-spelar-ingen-roll-for-oss\/\">Mr V\u00e4tgas<\/a> | <a href=\"https:\/\/www.energigas.se\/fakta-om-gas\/vaetgas\/vad-aer-vaetgas\/\">Vad \u00e4r v\u00e4tgas<\/a> | <a href=\"https:\/\/mariestad.se\/Mariestads-kommun\/Hallbarhet--miljo\/Strategiskt-hallbarhetsarbete\/Agenda-2030\/ElectriVillage-Mariestad?fbclid=IwAR2DGTMTM_MwywIHcaA1xKYwNo6sWNn38wZ53leX-HkTwamR9S8_e1ao2-o\">ElectriVillage Mariestad<\/a> |<\/pre>\n<p><a href=\"https:\/\/i0.wp.com\/s3.eu-north-1.amazonaws.com\/kiube.se\/wp-content\/uploads\/sites\/7\/2020\/12\/26153542\/vaetgas-fraan-kaella-till-laaga-scaled.jpg\"><img data-recalc-dims=\"1\" loading=\"lazy\" decoding=\"async\" data-attachment-id=\"806\" data-permalink=\"https:\/\/kiube.se\/x052\/energilagring-vatgas\/vaetgas-fraan-kaella-till-laaga\/#main\" data-orig-file=\"https:\/\/i0.wp.com\/s3.eu-north-1.amazonaws.com\/kiube.se\/wp-content\/uploads\/sites\/7\/2020\/12\/26153542\/vaetgas-fraan-kaella-till-laaga-scaled.jpg?fit=2560%2C1536&amp;ssl=1\" data-orig-size=\"2560,1536\" data-comments-opened=\"0\" data-image-meta=\"{&quot;aperture&quot;:&quot;0&quot;,&quot;credit&quot;:&quot;&quot;,&quot;camera&quot;:&quot;&quot;,&quot;caption&quot;:&quot;&quot;,&quot;created_timestamp&quot;:&quot;0&quot;,&quot;copyright&quot;:&quot;&quot;,&quot;focal_length&quot;:&quot;0&quot;,&quot;iso&quot;:&quot;0&quot;,&quot;shutter_speed&quot;:&quot;0&quot;,&quot;title&quot;:&quot;&quot;,&quot;orientation&quot;:&quot;0&quot;}\" data-image-title=\"vaetgas-fraan-kaella-till-laaga\" data-image-description=\"\" data-image-caption=\"\" data-large-file=\"https:\/\/i0.wp.com\/s3.eu-north-1.amazonaws.com\/kiube.se\/wp-content\/uploads\/sites\/7\/2020\/12\/26153542\/vaetgas-fraan-kaella-till-laaga-scaled.jpg?fit=1024%2C615&amp;ssl=1\" class=\"wp-image-806 size-full\" src=\"https:\/\/i0.wp.com\/s3.eu-north-1.amazonaws.com\/kiube.se\/wp-content\/uploads\/sites\/7\/2020\/12\/26153542\/vaetgas-fraan-kaella-till-laaga-scaled.jpg?resize=1200%2C720\" alt=\"\" width=\"1200\" height=\"720\" srcset=\"https:\/\/s3.eu-north-1.amazonaws.com\/kiube.se\/wp-content\/uploads\/sites\/7\/2020\/12\/26153542\/vaetgas-fraan-kaella-till-laaga-scaled.jpg 2560w, https:\/\/s3.eu-north-1.amazonaws.com\/kiube.se\/wp-content\/uploads\/sites\/7\/2020\/12\/26153542\/vaetgas-fraan-kaella-till-laaga-scaled.jpg 300w, https:\/\/s3.eu-north-1.amazonaws.com\/kiube.se\/wp-content\/uploads\/sites\/7\/2020\/12\/26153542\/vaetgas-fraan-kaella-till-laaga-scaled.jpg 1024w, https:\/\/s3.eu-north-1.amazonaws.com\/kiube.se\/wp-content\/uploads\/sites\/7\/2020\/12\/26153542\/vaetgas-fraan-kaella-till-laaga-scaled.jpg 768w, https:\/\/s3.eu-north-1.amazonaws.com\/kiube.se\/wp-content\/uploads\/sites\/7\/2020\/12\/26153542\/vaetgas-fraan-kaella-till-laaga-scaled.jpg 1536w, https:\/\/s3.eu-north-1.amazonaws.com\/kiube.se\/wp-content\/uploads\/sites\/7\/2020\/12\/26153542\/vaetgas-fraan-kaella-till-laaga-scaled.jpg 2048w, https:\/\/s3.eu-north-1.amazonaws.com\/kiube.se\/wp-content\/uploads\/sites\/7\/2020\/12\/26153542\/vaetgas-fraan-kaella-till-laaga-scaled.jpg 1320w, https:\/\/s3.eu-north-1.amazonaws.com\/kiube.se\/wp-content\/uploads\/sites\/7\/2020\/12\/26153542\/vaetgas-fraan-kaella-till-laaga-scaled.jpg 2400w\" sizes=\"auto, (max-width: 1200px) 100vw, 1200px\" \/><\/a><\/p>\n<p>&nbsp;<\/p>\n<div data-carousel-extra='{&quot;blog_id&quot;:7,&quot;permalink&quot;:&quot;https:\/\/kiube.se\/x052\/energilagring-vatgas\/&quot;}' id='gallery-1' class='gallery galleryid-805 gallery-columns-3 gallery-size-large'><figure class='gallery-item'>\n\t\t\t<div class='gallery-icon landscape'>\n\t\t\t\t<a href=\"https:\/\/i0.wp.com\/s3.eu-north-1.amazonaws.com\/kiube.se\/wp-content\/uploads\/sites\/7\/2020\/12\/26153541\/Energipark_c-scaled.jpg?ssl=1\"><img data-recalc-dims=\"1\" loading=\"lazy\" decoding=\"async\" width=\"1024\" height=\"723\" src=\"https:\/\/i0.wp.com\/s3.eu-north-1.amazonaws.com\/kiube.se\/wp-content\/uploads\/sites\/7\/2020\/12\/26153541\/Energipark_c-1024x723.jpg?resize=1024%2C723&#038;ssl=1\" class=\"attachment-large size-large\" alt=\"\" srcset=\"https:\/\/s3.eu-north-1.amazonaws.com\/kiube.se\/wp-content\/uploads\/sites\/7\/2020\/12\/26153541\/Energipark_c-scaled.jpg 2560w, https:\/\/s3.eu-north-1.amazonaws.com\/kiube.se\/wp-content\/uploads\/sites\/7\/2020\/12\/26153541\/Energipark_c-scaled.jpg 300w, https:\/\/s3.eu-north-1.amazonaws.com\/kiube.se\/wp-content\/uploads\/sites\/7\/2020\/12\/26153541\/Energipark_c-scaled.jpg 1024w, https:\/\/s3.eu-north-1.amazonaws.com\/kiube.se\/wp-content\/uploads\/sites\/7\/2020\/12\/26153541\/Energipark_c-scaled.jpg 768w, https:\/\/s3.eu-north-1.amazonaws.com\/kiube.se\/wp-content\/uploads\/sites\/7\/2020\/12\/26153541\/Energipark_c-scaled.jpg 1536w, https:\/\/s3.eu-north-1.amazonaws.com\/kiube.se\/wp-content\/uploads\/sites\/7\/2020\/12\/26153541\/Energipark_c-scaled.jpg 2048w, https:\/\/s3.eu-north-1.amazonaws.com\/kiube.se\/wp-content\/uploads\/sites\/7\/2020\/12\/26153541\/Energipark_c-scaled.jpg 1320w, https:\/\/s3.eu-north-1.amazonaws.com\/kiube.se\/wp-content\/uploads\/sites\/7\/2020\/12\/26153541\/Energipark_c-scaled.jpg 2400w\" sizes=\"auto, (max-width: 1024px) 100vw, 1024px\" data-attachment-id=\"807\" data-permalink=\"https:\/\/kiube.se\/x052\/energilagring-vatgas\/energipark_c\/#main\" data-orig-file=\"https:\/\/i0.wp.com\/s3.eu-north-1.amazonaws.com\/kiube.se\/wp-content\/uploads\/sites\/7\/2020\/12\/26153541\/Energipark_c-scaled.jpg?fit=2560%2C1808&amp;ssl=1\" data-orig-size=\"2560,1808\" data-comments-opened=\"0\" data-image-meta=\"{&quot;aperture&quot;:&quot;0&quot;,&quot;credit&quot;:&quot;&quot;,&quot;camera&quot;:&quot;&quot;,&quot;caption&quot;:&quot;&quot;,&quot;created_timestamp&quot;:&quot;0&quot;,&quot;copyright&quot;:&quot;&quot;,&quot;focal_length&quot;:&quot;0&quot;,&quot;iso&quot;:&quot;0&quot;,&quot;shutter_speed&quot;:&quot;0&quot;,&quot;title&quot;:&quot;&quot;,&quot;orientation&quot;:&quot;1&quot;}\" data-image-title=\"Energipark_c\" data-image-description=\"\" data-image-caption=\"\" data-large-file=\"https:\/\/i0.wp.com\/s3.eu-north-1.amazonaws.com\/kiube.se\/wp-content\/uploads\/sites\/7\/2020\/12\/26153541\/Energipark_c-scaled.jpg?fit=1024%2C723&amp;ssl=1\" \/><\/a>\n\t\t\t<\/div><\/figure>\n\t\t<\/div>\n\n","protected":false},"excerpt":{"rendered":"<p>K\u00e4llor : Mr V\u00e4tgas | Vad \u00e4r v\u00e4tgas | ElectriVillage Mariestad | &nbsp;<\/p>\n","protected":false},"author":118,"featured_media":0,"parent":0,"menu_order":0,"comment_status":"closed","ping_status":"closed","template":"","meta":{"jetpack_post_was_ever_published":false,"footnotes":""},"class_list":["post-805","page","type-page","status-publish"],"yoast_head":"<!-- This site is optimized with the Yoast SEO plugin v27.5 - https:\/\/yoast.com\/product\/yoast-seo-wordpress\/ -->\n<title>Energilagring - v\u00e4tgas - Husboken Bj\u00f6rkv\u00e4gen 3<\/title>\n<meta name=\"robots\" content=\"index, follow, max-snippet:-1, max-image-preview:large, max-video-preview:-1\" \/>\n<link rel=\"canonical\" href=\"http:\/\/kiube.se\/x052\/energilagring-vatgas\/\" \/>\n<meta property=\"og:locale\" content=\"sv_SE\" \/>\n<meta property=\"og:type\" content=\"article\" \/>\n<meta property=\"og:title\" content=\"Energilagring - v\u00e4tgas - Husboken Bj\u00f6rkv\u00e4gen 3\" \/>\n<meta property=\"og:description\" content=\"K\u00e4llor : Mr V\u00e4tgas | Vad \u00e4r v\u00e4tgas | ElectriVillage Mariestad | &nbsp;\" \/>\n<meta property=\"og:url\" content=\"http:\/\/kiube.se\/x052\/energilagring-vatgas\/\" \/>\n<meta property=\"og:site_name\" content=\"Husboken Bj\u00f6rkv\u00e4gen 3\" \/>\n<meta property=\"article:modified_time\" content=\"2022-01-24T11:09:23+00:00\" \/>\n<meta property=\"og:image\" content=\"http:\/\/s3.eu-north-1.amazonaws.com\/kiube.se\/wp-content\/uploads\/sites\/7\/2020\/12\/26153541\/Energipark_c-1024x723.jpg\" \/>\n<meta name=\"twitter:card\" content=\"summary_large_image\" \/>\n<meta name=\"twitter:label1\" content=\"Ber\u00e4knad l\u00e4stid\" \/>\n\t<meta name=\"twitter:data1\" content=\"1 minut\" \/>\n<script type=\"application\/ld+json\" class=\"yoast-schema-graph\">{\"@context\":\"https:\\\/\\\/schema.org\",\"@graph\":[{\"@type\":\"WebPage\",\"@id\":\"http:\\\/\\\/kiube.se\\\/x052\\\/energilagring-vatgas\\\/\",\"url\":\"http:\\\/\\\/kiube.se\\\/x052\\\/energilagring-vatgas\\\/\",\"name\":\"Energilagring - v\u00e4tgas - Husboken Bj\u00f6rkv\u00e4gen 3\",\"isPartOf\":{\"@id\":\"http:\\\/\\\/kiube.se\\\/x052\\\/#website\"},\"primaryImageOfPage\":{\"@id\":\"http:\\\/\\\/kiube.se\\\/x052\\\/energilagring-vatgas\\\/#primaryimage\"},\"image\":{\"@id\":\"http:\\\/\\\/kiube.se\\\/x052\\\/energilagring-vatgas\\\/#primaryimage\"},\"thumbnailUrl\":\"http:\\\/\\\/kiube.se\\\/x052\\\/files\\\/2020\\\/12\\\/vaetgas-fraan-kaella-till-laaga-scaled.jpg\",\"datePublished\":\"2020-12-06T09:09:17+00:00\",\"dateModified\":\"2022-01-24T11:09:23+00:00\",\"breadcrumb\":{\"@id\":\"http:\\\/\\\/kiube.se\\\/x052\\\/energilagring-vatgas\\\/#breadcrumb\"},\"inLanguage\":\"sv-SE\",\"potentialAction\":[{\"@type\":\"ReadAction\",\"target\":[\"http:\\\/\\\/kiube.se\\\/x052\\\/energilagring-vatgas\\\/\"]}]},{\"@type\":\"ImageObject\",\"inLanguage\":\"sv-SE\",\"@id\":\"http:\\\/\\\/kiube.se\\\/x052\\\/energilagring-vatgas\\\/#primaryimage\",\"url\":\"https:\\\/\\\/i0.wp.com\\\/s3.eu-north-1.amazonaws.com\\\/kiube.se\\\/wp-content\\\/uploads\\\/sites\\\/7\\\/2020\\\/12\\\/26153542\\\/vaetgas-fraan-kaella-till-laaga-scaled.jpg?fit=2560%2C1536&ssl=1\",\"contentUrl\":\"https:\\\/\\\/i0.wp.com\\\/s3.eu-north-1.amazonaws.com\\\/kiube.se\\\/wp-content\\\/uploads\\\/sites\\\/7\\\/2020\\\/12\\\/26153542\\\/vaetgas-fraan-kaella-till-laaga-scaled.jpg?fit=2560%2C1536&ssl=1\",\"width\":2560,\"height\":1536},{\"@type\":\"BreadcrumbList\",\"@id\":\"http:\\\/\\\/kiube.se\\\/x052\\\/energilagring-vatgas\\\/#breadcrumb\",\"itemListElement\":[{\"@type\":\"ListItem\",\"position\":1,\"name\":\"Hem\",\"item\":\"http:\\\/\\\/kiube.se\\\/x052\\\/\"},{\"@type\":\"ListItem\",\"position\":2,\"name\":\"Energilagring &#8211; v\u00e4tgas\"}]},{\"@type\":\"WebSite\",\"@id\":\"http:\\\/\\\/kiube.se\\\/x052\\\/#website\",\"url\":\"http:\\\/\\\/kiube.se\\\/x052\\\/\",\"name\":\"Husboken Bj\u00f6rkv\u00e4gen 3\",\"description\":\"Min support\",\"potentialAction\":[{\"@type\":\"SearchAction\",\"target\":{\"@type\":\"EntryPoint\",\"urlTemplate\":\"http:\\\/\\\/kiube.se\\\/x052\\\/?s={search_term_string}\"},\"query-input\":{\"@type\":\"PropertyValueSpecification\",\"valueRequired\":true,\"valueName\":\"search_term_string\"}}],\"inLanguage\":\"sv-SE\"}]}<\/script>\n<!-- \/ Yoast SEO plugin. -->","yoast_head_json":{"title":"Energilagring - v\u00e4tgas - Husboken Bj\u00f6rkv\u00e4gen 3","robots":{"index":"index","follow":"follow","max-snippet":"max-snippet:-1","max-image-preview":"max-image-preview:large","max-video-preview":"max-video-preview:-1"},"canonical":"http:\/\/kiube.se\/x052\/energilagring-vatgas\/","og_locale":"sv_SE","og_type":"article","og_title":"Energilagring - v\u00e4tgas - Husboken Bj\u00f6rkv\u00e4gen 3","og_description":"K\u00e4llor : Mr V\u00e4tgas | Vad \u00e4r v\u00e4tgas | ElectriVillage Mariestad | &nbsp;","og_url":"http:\/\/kiube.se\/x052\/energilagring-vatgas\/","og_site_name":"Husboken Bj\u00f6rkv\u00e4gen 3","article_modified_time":"2022-01-24T11:09:23+00:00","og_image":[{"url":"http:\/\/s3.eu-north-1.amazonaws.com\/kiube.se\/wp-content\/uploads\/sites\/7\/2020\/12\/26153541\/Energipark_c-1024x723.jpg","type":"","width":"","height":""}],"twitter_card":"summary_large_image","twitter_misc":{"Ber\u00e4knad l\u00e4stid":"1 minut"},"schema":{"@context":"https:\/\/schema.org","@graph":[{"@type":"WebPage","@id":"http:\/\/kiube.se\/x052\/energilagring-vatgas\/","url":"http:\/\/kiube.se\/x052\/energilagring-vatgas\/","name":"Energilagring - v\u00e4tgas - Husboken Bj\u00f6rkv\u00e4gen 3","isPartOf":{"@id":"http:\/\/kiube.se\/x052\/#website"},"primaryImageOfPage":{"@id":"http:\/\/kiube.se\/x052\/energilagring-vatgas\/#primaryimage"},"image":{"@id":"http:\/\/kiube.se\/x052\/energilagring-vatgas\/#primaryimage"},"thumbnailUrl":"http:\/\/kiube.se\/x052\/files\/2020\/12\/vaetgas-fraan-kaella-till-laaga-scaled.jpg","datePublished":"2020-12-06T09:09:17+00:00","dateModified":"2022-01-24T11:09:23+00:00","breadcrumb":{"@id":"http:\/\/kiube.se\/x052\/energilagring-vatgas\/#breadcrumb"},"inLanguage":"sv-SE","potentialAction":[{"@type":"ReadAction","target":["http:\/\/kiube.se\/x052\/energilagring-vatgas\/"]}]},{"@type":"ImageObject","inLanguage":"sv-SE","@id":"http:\/\/kiube.se\/x052\/energilagring-vatgas\/#primaryimage","url":"https:\/\/i0.wp.com\/s3.eu-north-1.amazonaws.com\/kiube.se\/wp-content\/uploads\/sites\/7\/2020\/12\/26153542\/vaetgas-fraan-kaella-till-laaga-scaled.jpg?fit=2560%2C1536&ssl=1","contentUrl":"https:\/\/i0.wp.com\/s3.eu-north-1.amazonaws.com\/kiube.se\/wp-content\/uploads\/sites\/7\/2020\/12\/26153542\/vaetgas-fraan-kaella-till-laaga-scaled.jpg?fit=2560%2C1536&ssl=1","width":2560,"height":1536},{"@type":"BreadcrumbList","@id":"http:\/\/kiube.se\/x052\/energilagring-vatgas\/#breadcrumb","itemListElement":[{"@type":"ListItem","position":1,"name":"Hem","item":"http:\/\/kiube.se\/x052\/"},{"@type":"ListItem","position":2,"name":"Energilagring &#8211; v\u00e4tgas"}]},{"@type":"WebSite","@id":"http:\/\/kiube.se\/x052\/#website","url":"http:\/\/kiube.se\/x052\/","name":"Husboken Bj\u00f6rkv\u00e4gen 3","description":"Min support","potentialAction":[{"@type":"SearchAction","target":{"@type":"EntryPoint","urlTemplate":"http:\/\/kiube.se\/x052\/?s={search_term_string}"},"query-input":{"@type":"PropertyValueSpecification","valueRequired":true,"valueName":"search_term_string"}}],"inLanguage":"sv-SE"}]}},"jetpack_shortlink":"https:\/\/wp.me\/P1Gn8d-cZ","jetpack-related-posts":[],"_links":{"self":[{"href":"https:\/\/kiube.se\/x052\/wp-json\/wp\/v2\/pages\/805","targetHints":{"allow":["GET"]}}],"collection":[{"href":"https:\/\/kiube.se\/x052\/wp-json\/wp\/v2\/pages"}],"about":[{"href":"https:\/\/kiube.se\/x052\/wp-json\/wp\/v2\/types\/page"}],"author":[{"embeddable":true,"href":"https:\/\/kiube.se\/x052\/wp-json\/wp\/v2\/users\/118"}],"replies":[{"embeddable":true,"href":"https:\/\/kiube.se\/x052\/wp-json\/wp\/v2\/comments?post=805"}],"version-history":[{"count":0,"href":"https:\/\/kiube.se\/x052\/wp-json\/wp\/v2\/pages\/805\/revisions"}],"wp:attachment":[{"href":"https:\/\/kiube.se\/x052\/wp-json\/wp\/v2\/media?parent=805"}],"curies":[{"name":"wp","href":"https:\/\/api.w.org\/{rel}","templated":true}]}}