{"id":766,"date":"2020-10-19T10:45:14","date_gmt":"2020-10-19T09:45:14","guid":{"rendered":"http:\/\/kiube.se\/x052\/?page_id=766"},"modified":"2020-10-19T10:50:53","modified_gmt":"2020-10-19T09:50:53","slug":"tradgardsskiss-1965","status":"publish","type":"page","link":"https:\/\/kiube.se\/x052\/tradgardsskiss-1965\/","title":{"rendered":"Tr\u00e4dg\u00e5rdsskiss &#8211; 1965"},"content":{"rendered":"<p>&nbsp;<\/p>\n<div data-carousel-extra='{&quot;blog_id&quot;:7,&quot;permalink&quot;:&quot;https:\/\/kiube.se\/x052\/tradgardsskiss-1965\/&quot;}' id='gallery-1' class='gallery galleryid-766 gallery-columns-2 gallery-size-large'><figure class='gallery-item'>\n\t\t\t<div class='gallery-icon portrait'>\n\t\t\t\t<a href=\"https:\/\/i0.wp.com\/s3.eu-north-1.amazonaws.com\/kiube.se\/wp-content\/uploads\/sites\/7\/2020\/10\/26153549\/Skannad-2-scaled.jpeg?ssl=1\"><img data-recalc-dims=\"1\" loading=\"lazy\" decoding=\"async\" width=\"724\" height=\"1024\" src=\"https:\/\/i0.wp.com\/s3.eu-north-1.amazonaws.com\/kiube.se\/wp-content\/uploads\/sites\/7\/2020\/10\/26153549\/Skannad-2-724x1024.jpeg?resize=724%2C1024&#038;ssl=1\" class=\"attachment-large size-large\" alt=\"\" srcset=\"https:\/\/s3.eu-north-1.amazonaws.com\/kiube.se\/wp-content\/uploads\/sites\/7\/2020\/10\/26153549\/Skannad-2-scaled.jpeg 1810w, https:\/\/s3.eu-north-1.amazonaws.com\/kiube.se\/wp-content\/uploads\/sites\/7\/2020\/10\/26153549\/Skannad-2-scaled.jpeg 212w, https:\/\/s3.eu-north-1.amazonaws.com\/kiube.se\/wp-content\/uploads\/sites\/7\/2020\/10\/26153549\/Skannad-2-scaled.jpeg 724w, https:\/\/s3.eu-north-1.amazonaws.com\/kiube.se\/wp-content\/uploads\/sites\/7\/2020\/10\/26153549\/Skannad-2-scaled.jpeg 768w, https:\/\/s3.eu-north-1.amazonaws.com\/kiube.se\/wp-content\/uploads\/sites\/7\/2020\/10\/26153549\/Skannad-2-scaled.jpeg 1086w, https:\/\/s3.eu-north-1.amazonaws.com\/kiube.se\/wp-content\/uploads\/sites\/7\/2020\/10\/26153549\/Skannad-2-scaled.jpeg 1448w, https:\/\/s3.eu-north-1.amazonaws.com\/kiube.se\/wp-content\/uploads\/sites\/7\/2020\/10\/26153549\/Skannad-2-scaled.jpeg 1320w\" sizes=\"auto, (max-width: 724px) 100vw, 724px\" data-attachment-id=\"768\" data-permalink=\"https:\/\/kiube.se\/x052\/tradgardsskiss-1965\/skannad-2\/#main\" data-orig-file=\"https:\/\/i0.wp.com\/s3.eu-north-1.amazonaws.com\/kiube.se\/wp-content\/uploads\/sites\/7\/2020\/10\/26153549\/Skannad-2-scaled.jpeg?fit=1810%2C2560&amp;ssl=1\" data-orig-size=\"1810,2560\" data-comments-opened=\"0\" data-image-meta=\"{&quot;aperture&quot;:&quot;0&quot;,&quot;credit&quot;:&quot;&quot;,&quot;camera&quot;:&quot;C5100 series&quot;,&quot;caption&quot;:&quot;&quot;,&quot;created_timestamp&quot;:&quot;0&quot;,&quot;copyright&quot;:&quot;&quot;,&quot;focal_length&quot;:&quot;0&quot;,&quot;iso&quot;:&quot;0&quot;,&quot;shutter_speed&quot;:&quot;0&quot;,&quot;title&quot;:&quot;&quot;,&quot;orientation&quot;:&quot;1&quot;}\" data-image-title=\"Skannad 2\" data-image-description=\"\" data-image-caption=\"\" data-large-file=\"https:\/\/i0.wp.com\/s3.eu-north-1.amazonaws.com\/kiube.se\/wp-content\/uploads\/sites\/7\/2020\/10\/26153549\/Skannad-2-scaled.jpeg?fit=724%2C1024&amp;ssl=1\" \/><\/a>\n\t\t\t<\/div><\/figure><figure class='gallery-item'>\n\t\t\t<div class='gallery-icon portrait'>\n\t\t\t\t<a href=\"https:\/\/i0.wp.com\/s3.eu-north-1.amazonaws.com\/kiube.se\/wp-content\/uploads\/sites\/7\/2020\/10\/26153548\/Skannad-4-scaled.jpeg?ssl=1\"><img data-recalc-dims=\"1\" loading=\"lazy\" decoding=\"async\" width=\"724\" height=\"1024\" src=\"https:\/\/i0.wp.com\/s3.eu-north-1.amazonaws.com\/kiube.se\/wp-content\/uploads\/sites\/7\/2020\/10\/26153548\/Skannad-4-724x1024.jpeg?resize=724%2C1024&#038;ssl=1\" class=\"attachment-large size-large\" alt=\"\" srcset=\"https:\/\/s3.eu-north-1.amazonaws.com\/kiube.se\/wp-content\/uploads\/sites\/7\/2020\/10\/26153548\/Skannad-4-scaled.jpeg 1810w, https:\/\/s3.eu-north-1.amazonaws.com\/kiube.se\/wp-content\/uploads\/sites\/7\/2020\/10\/26153548\/Skannad-4-scaled.jpeg 212w, https:\/\/s3.eu-north-1.amazonaws.com\/kiube.se\/wp-content\/uploads\/sites\/7\/2020\/10\/26153548\/Skannad-4-scaled.jpeg 724w, https:\/\/s3.eu-north-1.amazonaws.com\/kiube.se\/wp-content\/uploads\/sites\/7\/2020\/10\/26153548\/Skannad-4-scaled.jpeg 768w, https:\/\/s3.eu-north-1.amazonaws.com\/kiube.se\/wp-content\/uploads\/sites\/7\/2020\/10\/26153548\/Skannad-4-scaled.jpeg 1086w, https:\/\/s3.eu-north-1.amazonaws.com\/kiube.se\/wp-content\/uploads\/sites\/7\/2020\/10\/26153548\/Skannad-4-scaled.jpeg 1448w, https:\/\/s3.eu-north-1.amazonaws.com\/kiube.se\/wp-content\/uploads\/sites\/7\/2020\/10\/26153548\/Skannad-4-scaled.jpeg 1320w\" sizes=\"auto, (max-width: 724px) 100vw, 724px\" data-attachment-id=\"771\" data-permalink=\"https:\/\/kiube.se\/x052\/tradgardsskiss-1965\/skannad-4\/#main\" data-orig-file=\"https:\/\/i0.wp.com\/s3.eu-north-1.amazonaws.com\/kiube.se\/wp-content\/uploads\/sites\/7\/2020\/10\/26153548\/Skannad-4-scaled.jpeg?fit=1810%2C2560&amp;ssl=1\" data-orig-size=\"1810,2560\" data-comments-opened=\"0\" data-image-meta=\"{&quot;aperture&quot;:&quot;0&quot;,&quot;credit&quot;:&quot;&quot;,&quot;camera&quot;:&quot;C5100 series&quot;,&quot;caption&quot;:&quot;&quot;,&quot;created_timestamp&quot;:&quot;0&quot;,&quot;copyright&quot;:&quot;&quot;,&quot;focal_length&quot;:&quot;0&quot;,&quot;iso&quot;:&quot;0&quot;,&quot;shutter_speed&quot;:&quot;0&quot;,&quot;title&quot;:&quot;&quot;,&quot;orientation&quot;:&quot;1&quot;}\" data-image-title=\"Skannad 4\" data-image-description=\"\" data-image-caption=\"\" data-large-file=\"https:\/\/i0.wp.com\/s3.eu-north-1.amazonaws.com\/kiube.se\/wp-content\/uploads\/sites\/7\/2020\/10\/26153548\/Skannad-4-scaled.jpeg?fit=724%2C1024&amp;ssl=1\" \/><\/a>\n\t\t\t<\/div><\/figure>\n\t\t<\/div>\n\n","protected":false},"excerpt":{"rendered":"<p>&nbsp;<\/p>\n","protected":false},"author":118,"featured_media":0,"parent":0,"menu_order":0,"comment_status":"closed","ping_status":"closed","template":"","meta":{"jetpack_post_was_ever_published":false,"footnotes":""},"class_list":["post-766","page","type-page","status-publish"],"yoast_head":"<!-- This site is optimized with the Yoast SEO plugin v27.5 - https:\/\/yoast.com\/product\/yoast-seo-wordpress\/ -->\n<title>Tr\u00e4dg\u00e5rdsskiss - 1965 - Husboken Bj\u00f6rkv\u00e4gen 3<\/title>\n<meta name=\"robots\" content=\"index, follow, max-snippet:-1, max-image-preview:large, max-video-preview:-1\" \/>\n<link rel=\"canonical\" href=\"https:\/\/kiube.se\/x052\/tradgardsskiss-1965\/\" \/>\n<meta property=\"og:locale\" content=\"sv_SE\" \/>\n<meta property=\"og:type\" content=\"article\" \/>\n<meta property=\"og:title\" content=\"Tr\u00e4dg\u00e5rdsskiss - 1965 - Husboken Bj\u00f6rkv\u00e4gen 3\" \/>\n<meta property=\"og:description\" content=\"&nbsp;\" \/>\n<meta property=\"og:url\" content=\"https:\/\/kiube.se\/x052\/tradgardsskiss-1965\/\" \/>\n<meta property=\"og:site_name\" content=\"Husboken Bj\u00f6rkv\u00e4gen 3\" \/>\n<meta property=\"article:modified_time\" content=\"2020-10-19T09:50:53+00:00\" \/>\n<meta property=\"og:image\" content=\"https:\/\/s3.eu-north-1.amazonaws.com\/kiube.se\/wp-content\/uploads\/sites\/7\/2020\/10\/26153549\/Skannad-2-724x1024.jpeg\" \/>\n<meta name=\"twitter:card\" content=\"summary_large_image\" \/>\n<script type=\"application\/ld+json\" class=\"yoast-schema-graph\">{\"@context\":\"https:\\\/\\\/schema.org\",\"@graph\":[{\"@type\":\"WebPage\",\"@id\":\"https:\\\/\\\/kiube.se\\\/x052\\\/tradgardsskiss-1965\\\/\",\"url\":\"https:\\\/\\\/kiube.se\\\/x052\\\/tradgardsskiss-1965\\\/\",\"name\":\"Tr\u00e4dg\u00e5rdsskiss - 1965 - Husboken Bj\u00f6rkv\u00e4gen 3\",\"isPartOf\":{\"@id\":\"http:\\\/\\\/kiube.se\\\/x052\\\/#website\"},\"datePublished\":\"2020-10-19T09:45:14+00:00\",\"dateModified\":\"2020-10-19T09:50:53+00:00\",\"breadcrumb\":{\"@id\":\"https:\\\/\\\/kiube.se\\\/x052\\\/tradgardsskiss-1965\\\/#breadcrumb\"},\"inLanguage\":\"sv-SE\",\"potentialAction\":[{\"@type\":\"ReadAction\",\"target\":[\"https:\\\/\\\/kiube.se\\\/x052\\\/tradgardsskiss-1965\\\/\"]}]},{\"@type\":\"BreadcrumbList\",\"@id\":\"https:\\\/\\\/kiube.se\\\/x052\\\/tradgardsskiss-1965\\\/#breadcrumb\",\"itemListElement\":[{\"@type\":\"ListItem\",\"position\":1,\"name\":\"Hem\",\"item\":\"http:\\\/\\\/kiube.se\\\/x052\\\/\"},{\"@type\":\"ListItem\",\"position\":2,\"name\":\"Tr\u00e4dg\u00e5rdsskiss &#8211; 1965\"}]},{\"@type\":\"WebSite\",\"@id\":\"http:\\\/\\\/kiube.se\\\/x052\\\/#website\",\"url\":\"http:\\\/\\\/kiube.se\\\/x052\\\/\",\"name\":\"Husboken Bj\u00f6rkv\u00e4gen 3\",\"description\":\"Min support\",\"potentialAction\":[{\"@type\":\"SearchAction\",\"target\":{\"@type\":\"EntryPoint\",\"urlTemplate\":\"http:\\\/\\\/kiube.se\\\/x052\\\/?s={search_term_string}\"},\"query-input\":{\"@type\":\"PropertyValueSpecification\",\"valueRequired\":true,\"valueName\":\"search_term_string\"}}],\"inLanguage\":\"sv-SE\"}]}<\/script>\n<!-- \/ Yoast SEO plugin. -->","yoast_head_json":{"title":"Tr\u00e4dg\u00e5rdsskiss - 1965 - Husboken Bj\u00f6rkv\u00e4gen 3","robots":{"index":"index","follow":"follow","max-snippet":"max-snippet:-1","max-image-preview":"max-image-preview:large","max-video-preview":"max-video-preview:-1"},"canonical":"https:\/\/kiube.se\/x052\/tradgardsskiss-1965\/","og_locale":"sv_SE","og_type":"article","og_title":"Tr\u00e4dg\u00e5rdsskiss - 1965 - Husboken Bj\u00f6rkv\u00e4gen 3","og_description":"&nbsp;","og_url":"https:\/\/kiube.se\/x052\/tradgardsskiss-1965\/","og_site_name":"Husboken Bj\u00f6rkv\u00e4gen 3","article_modified_time":"2020-10-19T09:50:53+00:00","og_image":[{"url":"https:\/\/s3.eu-north-1.amazonaws.com\/kiube.se\/wp-content\/uploads\/sites\/7\/2020\/10\/26153549\/Skannad-2-724x1024.jpeg","type":"","width":"","height":""}],"twitter_card":"summary_large_image","schema":{"@context":"https:\/\/schema.org","@graph":[{"@type":"WebPage","@id":"https:\/\/kiube.se\/x052\/tradgardsskiss-1965\/","url":"https:\/\/kiube.se\/x052\/tradgardsskiss-1965\/","name":"Tr\u00e4dg\u00e5rdsskiss - 1965 - Husboken Bj\u00f6rkv\u00e4gen 3","isPartOf":{"@id":"http:\/\/kiube.se\/x052\/#website"},"datePublished":"2020-10-19T09:45:14+00:00","dateModified":"2020-10-19T09:50:53+00:00","breadcrumb":{"@id":"https:\/\/kiube.se\/x052\/tradgardsskiss-1965\/#breadcrumb"},"inLanguage":"sv-SE","potentialAction":[{"@type":"ReadAction","target":["https:\/\/kiube.se\/x052\/tradgardsskiss-1965\/"]}]},{"@type":"BreadcrumbList","@id":"https:\/\/kiube.se\/x052\/tradgardsskiss-1965\/#breadcrumb","itemListElement":[{"@type":"ListItem","position":1,"name":"Hem","item":"http:\/\/kiube.se\/x052\/"},{"@type":"ListItem","position":2,"name":"Tr\u00e4dg\u00e5rdsskiss &#8211; 1965"}]},{"@type":"WebSite","@id":"http:\/\/kiube.se\/x052\/#website","url":"http:\/\/kiube.se\/x052\/","name":"Husboken Bj\u00f6rkv\u00e4gen 3","description":"Min support","potentialAction":[{"@type":"SearchAction","target":{"@type":"EntryPoint","urlTemplate":"http:\/\/kiube.se\/x052\/?s={search_term_string}"},"query-input":{"@type":"PropertyValueSpecification","valueRequired":true,"valueName":"search_term_string"}}],"inLanguage":"sv-SE"}]}},"jetpack_shortlink":"https:\/\/wp.me\/P1Gn8d-cm","jetpack-related-posts":[],"_links":{"self":[{"href":"https:\/\/kiube.se\/x052\/wp-json\/wp\/v2\/pages\/766","targetHints":{"allow":["GET"]}}],"collection":[{"href":"https:\/\/kiube.se\/x052\/wp-json\/wp\/v2\/pages"}],"about":[{"href":"https:\/\/kiube.se\/x052\/wp-json\/wp\/v2\/types\/page"}],"author":[{"embeddable":true,"href":"https:\/\/kiube.se\/x052\/wp-json\/wp\/v2\/users\/118"}],"replies":[{"embeddable":true,"href":"https:\/\/kiube.se\/x052\/wp-json\/wp\/v2\/comments?post=766"}],"version-history":[{"count":0,"href":"https:\/\/kiube.se\/x052\/wp-json\/wp\/v2\/pages\/766\/revisions"}],"wp:attachment":[{"href":"https:\/\/kiube.se\/x052\/wp-json\/wp\/v2\/media?parent=766"}],"curies":[{"name":"wp","href":"https:\/\/api.w.org\/{rel}","templated":true}]}}