{"id":113,"date":"2012-01-02T22:16:38","date_gmt":"2012-01-02T21:16:38","guid":{"rendered":"http:\/\/kiube.se\/x052\/?page_id=113"},"modified":"2012-01-02T22:16:38","modified_gmt":"2012-01-02T21:16:38","slug":"energideklaration","status":"publish","type":"page","link":"https:\/\/kiube.se\/x052\/energideklaration\/","title":{"rendered":"Energideklaration"},"content":{"rendered":"<div>\n<p>F\u00f6r denna fastighet har det uppr\u00e4ttats en energideklaration. Syftet med energideklarationen \u00e4r att effektivisera energianv\u00e4ndningen f\u00f6r att f\u00f6rb\u00e4ttra milj\u00f6n och r\u00e4dda klimatet. Genom ett resurssn\u00e5lt beteende kan du som bor och brukar huset bidra till minskad energianv\u00e4ndning. Dessutom s\u00e4nker du din elr\u00e4kning. Nedan f\u00f6ljer ett antal tips p\u00e5 vad du som brukare kan g\u00f6ra f\u00f6r att minska din milj\u00f6p\u00e5verkan.<\/p>\n<h2>Belysning och apparater<\/h2>\n<p>Standby p\u00e5 TV, datorer och annan hush\u00e5llselektronik drar mycket el i on\u00f6dan. St\u00e4ng av med avst\u00e4ngningsknappen. En TV som st\u00e5r p\u00e5 standby kan kosta mellan 50 &#8211; 100 kronor per \u00e5r.<\/p>\n<p>Byt ut gl\u00f6dlampor mot l\u00e5genergilampor. Dessa h\u00e5ller betydligt l\u00e4ngre och anv\u00e4nder bara en femtedel av gl\u00f6dlampans energi.<\/p>\n<p>Sl\u00e4ck lampor i rum d\u00e4r ingen befinner sig. En lampa drar inte mer str\u00f6m f\u00f6r att den t\u00e4nds eller sl\u00e4cks ofta.<\/p>\n<p>Tv\u00e4tt och badrum<\/p>\n<p>Vattensn\u00e5la armaturer ger ett l\u00e5gt grundfl\u00f6de samtidigt som vattenstr\u00e5lens storlek och tryck bibeh\u00e5lls.<\/p>\n<p>Dusch \u00e4r mer energieffektivt \u00e4n bad men duscha inte l\u00e4ngre \u00e4n n\u00f6dv\u00e4ndigt.<br \/>\nByt d\u00e5liga packningar i kranar som l\u00e4cker. En l\u00e4ckande varmvattenkran f\u00f6rbrukar mycket energi. Fyll tv\u00e4ttmaskiner innan du k\u00f6r dem.<\/p>\n<h2>K\u00f6k och matlagning<\/h2>\n<p>Kontrollera temperaturen i kyl- och fryssk\u00e5p. I frysen ska det vara -18 grader och i kylsk\u00e5pet mellan +2 och +6 grader. En grad kallare \u00e4n vad som beh\u00f6vs \u00f6kar energif\u00f6rbrukningen med upp till 5 procent.<\/p>\n<p>Tina mat i kylsk\u00e5pet. Kylsk\u00e5pet drar nytta av kylan.<br \/>\nSe till att du regelbundet frostar av frysen och g\u00f6r ren baksidan p\u00e5 kylsk\u00e5pet.<br \/>\nV\u00e4lj energisn\u00e5la apparater av energiklass A n\u00e4r du k\u00f6per nya.<br \/>\nEn kastrull med lock och plan botten v\u00e4rms upp snabbare. D\u00e4rmed minskar elf\u00f6rbrukningen.<br \/>\nEn vattenkokare \u00e4r mer effektiv \u00e4n en spisplatta.<br \/>\nMikrov\u00e5gsugnen \u00e4r vanligtvis effektivare \u00e4n spisen.<br \/>\n\u00d6ppna inte ugnsluckan i on\u00f6dan. Ugnstemperaturen sjunker med ungef\u00e4r 25 grader varje g\u00e5ng. Diska inte under rinnande vatten och fyll diskmaskinen innan du k\u00f6r den.<\/p>\n<h2>Ventilation och v\u00e4rme<\/h2>\n<p>V\u00e4dra kort. Det r\u00e4cker med 5-10 minuter, d\u00e5 hinner inte v\u00e4ggar och inredning kylas.<\/p>\n<p>H\u00e5ll h\u00f6gst 21 grader i bostaden. S\u00e4nk temperaturen i sovrummet. Ofta sover man b\u00e4ttre om det \u00e4r lite svalt.<\/p>\n<p>N\u00e4r du reser bort kan du s\u00e4nka inomhustemperaturen till cirka 15 grader.<\/p>\n<h2>T\u00e4ta dragiga f\u00f6nster och d\u00f6rrar.<\/h2>\n<p>F\u00e4ll ner persienner eller rullgardiner under vintern\u00e4tterna.<\/p>\n<p>St\u00e4ll inte m\u00f6bler f\u00f6r n\u00e4ra elementet. En stor del av den v\u00e4rme vi f\u00e5r fr\u00e5n elementen kommer genom dess str\u00e5lning.<\/p>\n<\/div>\n","protected":false},"excerpt":{"rendered":"<p>F\u00f6r denna fastighet har det uppr\u00e4ttats en energideklaration. Syftet med energideklarationen \u00e4r att effektivisera energianv\u00e4ndningen f\u00f6r att f\u00f6rb\u00e4ttra milj\u00f6n och r\u00e4dda klimatet. Genom ett resurssn\u00e5lt beteende kan du som bor och brukar huset bidra till minskad energianv\u00e4ndning. Dessutom s\u00e4nker du din elr\u00e4kning. Nedan f\u00f6ljer ett antal tips p\u00e5 vad du som brukare kan g\u00f6ra f\u00f6r &#8230; <a title=\"Energideklaration\" class=\"read-more\" href=\"https:\/\/kiube.se\/x052\/energideklaration\/\" aria-label=\"L\u00e4s mer om Energideklaration\">L\u00e4s mer<\/a><\/p>\n","protected":false},"author":1,"featured_media":0,"parent":0,"menu_order":0,"comment_status":"open","ping_status":"open","template":"","meta":{"jetpack_post_was_ever_published":false,"footnotes":""},"class_list":["post-113","page","type-page","status-publish"],"yoast_head":"<!-- This site is optimized with the Yoast SEO plugin v27.5 - https:\/\/yoast.com\/product\/yoast-seo-wordpress\/ -->\n<title>Energideklaration - Husboken Bj\u00f6rkv\u00e4gen 3<\/title>\n<meta name=\"robots\" content=\"index, follow, max-snippet:-1, max-image-preview:large, max-video-preview:-1\" \/>\n<link rel=\"canonical\" href=\"http:\/\/kiube.se\/x052\/energideklaration\/\" \/>\n<meta property=\"og:locale\" content=\"sv_SE\" \/>\n<meta property=\"og:type\" content=\"article\" \/>\n<meta property=\"og:title\" content=\"Energideklaration - Husboken Bj\u00f6rkv\u00e4gen 3\" \/>\n<meta property=\"og:description\" content=\"F\u00f6r denna fastighet har det uppr\u00e4ttats en energideklaration. Syftet med energideklarationen \u00e4r att effektivisera energianv\u00e4ndningen f\u00f6r att f\u00f6rb\u00e4ttra milj\u00f6n och r\u00e4dda klimatet. Genom ett resurssn\u00e5lt beteende kan du som bor och brukar huset bidra till minskad energianv\u00e4ndning. Dessutom s\u00e4nker du din elr\u00e4kning. Nedan f\u00f6ljer ett antal tips p\u00e5 vad du som brukare kan g\u00f6ra f\u00f6r ... L\u00e4s mer\" \/>\n<meta property=\"og:url\" content=\"http:\/\/kiube.se\/x052\/energideklaration\/\" \/>\n<meta property=\"og:site_name\" content=\"Husboken Bj\u00f6rkv\u00e4gen 3\" \/>\n<meta name=\"twitter:card\" content=\"summary_large_image\" \/>\n<meta name=\"twitter:label1\" content=\"Ber\u00e4knad l\u00e4stid\" \/>\n\t<meta name=\"twitter:data1\" content=\"2 minuter\" \/>\n<script type=\"application\/ld+json\" class=\"yoast-schema-graph\">{\"@context\":\"https:\\\/\\\/schema.org\",\"@graph\":[{\"@type\":\"WebPage\",\"@id\":\"http:\\\/\\\/kiube.se\\\/x052\\\/energideklaration\\\/\",\"url\":\"http:\\\/\\\/kiube.se\\\/x052\\\/energideklaration\\\/\",\"name\":\"Energideklaration - Husboken Bj\u00f6rkv\u00e4gen 3\",\"isPartOf\":{\"@id\":\"http:\\\/\\\/kiube.se\\\/x052\\\/#website\"},\"datePublished\":\"2012-01-02T21:16:38+00:00\",\"breadcrumb\":{\"@id\":\"http:\\\/\\\/kiube.se\\\/x052\\\/energideklaration\\\/#breadcrumb\"},\"inLanguage\":\"sv-SE\",\"potentialAction\":[{\"@type\":\"ReadAction\",\"target\":[\"http:\\\/\\\/kiube.se\\\/x052\\\/energideklaration\\\/\"]}]},{\"@type\":\"BreadcrumbList\",\"@id\":\"http:\\\/\\\/kiube.se\\\/x052\\\/energideklaration\\\/#breadcrumb\",\"itemListElement\":[{\"@type\":\"ListItem\",\"position\":1,\"name\":\"Hem\",\"item\":\"http:\\\/\\\/kiube.se\\\/x052\\\/\"},{\"@type\":\"ListItem\",\"position\":2,\"name\":\"Energideklaration\"}]},{\"@type\":\"WebSite\",\"@id\":\"http:\\\/\\\/kiube.se\\\/x052\\\/#website\",\"url\":\"http:\\\/\\\/kiube.se\\\/x052\\\/\",\"name\":\"Husboken Bj\u00f6rkv\u00e4gen 3\",\"description\":\"Min support\",\"potentialAction\":[{\"@type\":\"SearchAction\",\"target\":{\"@type\":\"EntryPoint\",\"urlTemplate\":\"http:\\\/\\\/kiube.se\\\/x052\\\/?s={search_term_string}\"},\"query-input\":{\"@type\":\"PropertyValueSpecification\",\"valueRequired\":true,\"valueName\":\"search_term_string\"}}],\"inLanguage\":\"sv-SE\"}]}<\/script>\n<!-- \/ Yoast SEO plugin. -->","yoast_head_json":{"title":"Energideklaration - Husboken Bj\u00f6rkv\u00e4gen 3","robots":{"index":"index","follow":"follow","max-snippet":"max-snippet:-1","max-image-preview":"max-image-preview:large","max-video-preview":"max-video-preview:-1"},"canonical":"http:\/\/kiube.se\/x052\/energideklaration\/","og_locale":"sv_SE","og_type":"article","og_title":"Energideklaration - Husboken Bj\u00f6rkv\u00e4gen 3","og_description":"F\u00f6r denna fastighet har det uppr\u00e4ttats en energideklaration. Syftet med energideklarationen \u00e4r att effektivisera energianv\u00e4ndningen f\u00f6r att f\u00f6rb\u00e4ttra milj\u00f6n och r\u00e4dda klimatet. Genom ett resurssn\u00e5lt beteende kan du som bor och brukar huset bidra till minskad energianv\u00e4ndning. Dessutom s\u00e4nker du din elr\u00e4kning. Nedan f\u00f6ljer ett antal tips p\u00e5 vad du som brukare kan g\u00f6ra f\u00f6r ... L\u00e4s mer","og_url":"http:\/\/kiube.se\/x052\/energideklaration\/","og_site_name":"Husboken Bj\u00f6rkv\u00e4gen 3","twitter_card":"summary_large_image","twitter_misc":{"Ber\u00e4knad l\u00e4stid":"2 minuter"},"schema":{"@context":"https:\/\/schema.org","@graph":[{"@type":"WebPage","@id":"http:\/\/kiube.se\/x052\/energideklaration\/","url":"http:\/\/kiube.se\/x052\/energideklaration\/","name":"Energideklaration - Husboken Bj\u00f6rkv\u00e4gen 3","isPartOf":{"@id":"http:\/\/kiube.se\/x052\/#website"},"datePublished":"2012-01-02T21:16:38+00:00","breadcrumb":{"@id":"http:\/\/kiube.se\/x052\/energideklaration\/#breadcrumb"},"inLanguage":"sv-SE","potentialAction":[{"@type":"ReadAction","target":["http:\/\/kiube.se\/x052\/energideklaration\/"]}]},{"@type":"BreadcrumbList","@id":"http:\/\/kiube.se\/x052\/energideklaration\/#breadcrumb","itemListElement":[{"@type":"ListItem","position":1,"name":"Hem","item":"http:\/\/kiube.se\/x052\/"},{"@type":"ListItem","position":2,"name":"Energideklaration"}]},{"@type":"WebSite","@id":"http:\/\/kiube.se\/x052\/#website","url":"http:\/\/kiube.se\/x052\/","name":"Husboken Bj\u00f6rkv\u00e4gen 3","description":"Min support","potentialAction":[{"@type":"SearchAction","target":{"@type":"EntryPoint","urlTemplate":"http:\/\/kiube.se\/x052\/?s={search_term_string}"},"query-input":{"@type":"PropertyValueSpecification","valueRequired":true,"valueName":"search_term_string"}}],"inLanguage":"sv-SE"}]}},"jetpack_shortlink":"https:\/\/wp.me\/P1Gn8d-1P","jetpack-related-posts":[],"_links":{"self":[{"href":"https:\/\/kiube.se\/x052\/wp-json\/wp\/v2\/pages\/113","targetHints":{"allow":["GET"]}}],"collection":[{"href":"https:\/\/kiube.se\/x052\/wp-json\/wp\/v2\/pages"}],"about":[{"href":"https:\/\/kiube.se\/x052\/wp-json\/wp\/v2\/types\/page"}],"author":[{"embeddable":true,"href":"https:\/\/kiube.se\/x052\/wp-json\/wp\/v2\/users\/1"}],"replies":[{"embeddable":true,"href":"https:\/\/kiube.se\/x052\/wp-json\/wp\/v2\/comments?post=113"}],"version-history":[{"count":0,"href":"https:\/\/kiube.se\/x052\/wp-json\/wp\/v2\/pages\/113\/revisions"}],"wp:attachment":[{"href":"https:\/\/kiube.se\/x052\/wp-json\/wp\/v2\/media?parent=113"}],"curies":[{"name":"wp","href":"https:\/\/api.w.org\/{rel}","templated":true}]}}