{"id":601,"date":"2019-07-01T06:34:09","date_gmt":"2019-07-01T04:34:09","guid":{"rendered":"http:\/\/kiube.se\/workshops\/?page_id=601"},"modified":"2019-07-01T06:40:46","modified_gmt":"2019-07-01T04:40:46","slug":"periodiska-systemet","status":"publish","type":"page","link":"https:\/\/kiube.se\/workshops\/?page_id=601","title":{"rendered":"Periodiska systemet"},"content":{"rendered":"<p><img loading=\"lazy\" decoding=\"async\" class=\"alignnone size-full\" src=\"https:\/\/ptable.com\/Images\/periodiska%20systemet.png\" width=\"1502\" height=\"1100\" \/><\/p>\n<p><b>Periodiska systemet<\/b>, \u00e4ven kallat <i>grund\u00e4mnenas ordning<\/i>,<sup id=\"cite_ref-1\" class=\"reference\"><\/sup> \u00e4r en indelning av <a title=\"Grund\u00e4mne\" href=\"https:\/\/sv.wikipedia.org\/wiki\/Grund%C3%A4mne\">grund\u00e4mnen<\/a> och <a title=\"Atomslag\" href=\"https:\/\/sv.wikipedia.org\/wiki\/Atomslag\">atomslag<\/a> efter deras \u00f6kande <a title=\"Atomnummer\" href=\"https:\/\/sv.wikipedia.org\/wiki\/Atomnummer\">atomnummer<\/a> (antal protoner i k\u00e4rnan), och \u00e4ven kemiska och fysikaliska egenskaper samt <a title=\"Elektronkonfiguration\" href=\"https:\/\/sv.wikipedia.org\/wiki\/Elektronkonfiguration\">elektronkonfiguration<\/a> i de yttre elektronskalen. Denna ordning visar <a class=\"mw-redirect\" title=\"Periodiska trender\" href=\"https:\/\/sv.wikipedia.org\/wiki\/Periodiska_trender\">periodiska trender<\/a>, s\u00e5som grund\u00e4mnen med liknande egenskaper i samma kolumn (<a title=\"Periodiska systemets grupper\" href=\"https:\/\/sv.wikipedia.org\/wiki\/Periodiska_systemets_grupper\">grupp<\/a>). Det finns \u00e4ven fyra rektangul\u00e4ra <a title=\"Periodiska systemets block\" href=\"https:\/\/sv.wikipedia.org\/wiki\/Periodiska_systemets_block\">block<\/a> med approximativt likartade kemiska egenskaper. I allm\u00e4nhet inom varje rad (<a title=\"Periodiska systemets perioder\" href=\"https:\/\/sv.wikipedia.org\/wiki\/Periodiska_systemets_perioder\">period<\/a>) \u00e5terfinns <a title=\"Metall\" href=\"https:\/\/sv.wikipedia.org\/wiki\/Metall\">metallerna<\/a> p\u00e5 den v\u00e4nstra sidan, medan <a title=\"Icke-metall\" href=\"https:\/\/sv.wikipedia.org\/wiki\/Icke-metall\">icke-metallerna<\/a> \u00e5terfinns p\u00e5 den h\u00f6gra sidan.<\/p>\n<p>&nbsp;<\/p>\n<p>K\u00e4llor | <a href=\"https:\/\/kemiportalen.wordpress.com\/periodiska-systemet\/\">Kemiportalen<\/a> | <a href=\"https:\/\/ptable.com\/?lang=sv\">ptable<\/a> | <a href=\"https:\/\/sv.wikipedia.org\/wiki\/Periodiska_systemet\">Wikipedia<\/a> |<\/p>\n","protected":false},"excerpt":{"rendered":"<p>Periodiska systemet, \u00e4ven kallat grund\u00e4mnenas ordning, \u00e4r en indelning av grund\u00e4mnen och atomslag efter deras \u00f6kande atomnummer (antal protoner i k\u00e4rnan), och \u00e4ven kemiska och fysikaliska egenskaper samt elektronkonfiguration i de yttre elektronskalen. Denna ordning visar periodiska trender, s\u00e5som grund\u00e4mnen med liknande egenskaper i samma kolumn (grupp). Det finns \u00e4ven fyra rektangul\u00e4ra block med approximativt [&hellip;]<\/p>\n","protected":false},"author":131,"featured_media":0,"parent":0,"menu_order":0,"comment_status":"closed","ping_status":"closed","template":"","meta":{"jetpack_post_was_ever_published":false,"footnotes":""},"class_list":["post-601","page","type-page","status-publish","hentry"],"yoast_head":"<!-- This site is optimized with the Yoast SEO plugin v27.4 - https:\/\/yoast.com\/product\/yoast-seo-wordpress\/ -->\n<title>Periodiska systemet - xFun - Skoj med teknik<\/title>\n<meta name=\"description\" content=\"Periodiska systemet, \u00e4ven kallat grund\u00e4mnenas ordning, \u00e4r en indelning av grund\u00e4mnen och atomslag efter deras \u00f6kande atomnummer (antal protoner i k\u00e4rnan), och \u00e4ven kemiska och fysikaliska egenskaper samt elektronkonfiguration i de yttre elektronskalen.\" \/>\n<meta name=\"robots\" content=\"index, follow, max-snippet:-1, max-image-preview:large, max-video-preview:-1\" \/>\n<link rel=\"canonical\" href=\"https:\/\/kiube.se\/workshops\/?page_id=601\" \/>\n<meta property=\"og:locale\" content=\"sv_SE\" \/>\n<meta property=\"og:type\" content=\"article\" \/>\n<meta property=\"og:title\" content=\"Periodiska systemet - xFun - Skoj med teknik\" \/>\n<meta property=\"og:description\" content=\"Periodiska systemet, \u00e4ven kallat grund\u00e4mnenas ordning, \u00e4r en indelning av grund\u00e4mnen och atomslag efter deras \u00f6kande atomnummer (antal protoner i k\u00e4rnan), och \u00e4ven kemiska och fysikaliska egenskaper samt elektronkonfiguration i de yttre elektronskalen.\" \/>\n<meta property=\"og:url\" content=\"https:\/\/kiube.se\/workshops\/?page_id=601\" \/>\n<meta property=\"og:site_name\" content=\"xFun - Skoj med teknik\" \/>\n<meta property=\"article:modified_time\" content=\"2019-07-01T04:40:46+00:00\" \/>\n<meta property=\"og:image\" content=\"https:\/\/ptable.com\/Images\/periodiska%20systemet.png\" \/>\n<meta name=\"twitter:card\" content=\"summary_large_image\" \/>\n<script type=\"application\/ld+json\" class=\"yoast-schema-graph\">{\"@context\":\"https:\\\/\\\/schema.org\",\"@graph\":[{\"@type\":\"WebPage\",\"@id\":\"https:\\\/\\\/kiube.se\\\/workshops\\\/?page_id=601\",\"url\":\"https:\\\/\\\/kiube.se\\\/workshops\\\/?page_id=601\",\"name\":\"Periodiska systemet - xFun - Skoj med teknik\",\"isPartOf\":{\"@id\":\"https:\\\/\\\/kiube.se\\\/workshops\\\/#website\"},\"primaryImageOfPage\":{\"@id\":\"https:\\\/\\\/kiube.se\\\/workshops\\\/?page_id=601#primaryimage\"},\"image\":{\"@id\":\"https:\\\/\\\/kiube.se\\\/workshops\\\/?page_id=601#primaryimage\"},\"thumbnailUrl\":\"https:\\\/\\\/ptable.com\\\/Images\\\/periodiska%20systemet.png\",\"datePublished\":\"2019-07-01T04:34:09+00:00\",\"dateModified\":\"2019-07-01T04:40:46+00:00\",\"description\":\"Periodiska systemet, \u00e4ven kallat grund\u00e4mnenas ordning, \u00e4r en indelning av grund\u00e4mnen och atomslag efter deras \u00f6kande atomnummer (antal protoner i k\u00e4rnan), och \u00e4ven kemiska och fysikaliska egenskaper samt elektronkonfiguration i de yttre elektronskalen.\",\"breadcrumb\":{\"@id\":\"https:\\\/\\\/kiube.se\\\/workshops\\\/?page_id=601#breadcrumb\"},\"inLanguage\":\"sv-SE\",\"potentialAction\":[{\"@type\":\"ReadAction\",\"target\":[\"https:\\\/\\\/kiube.se\\\/workshops\\\/?page_id=601\"]}]},{\"@type\":\"ImageObject\",\"inLanguage\":\"sv-SE\",\"@id\":\"https:\\\/\\\/kiube.se\\\/workshops\\\/?page_id=601#primaryimage\",\"url\":\"https:\\\/\\\/ptable.com\\\/Images\\\/periodiska%20systemet.png\",\"contentUrl\":\"https:\\\/\\\/ptable.com\\\/Images\\\/periodiska%20systemet.png\"},{\"@type\":\"BreadcrumbList\",\"@id\":\"https:\\\/\\\/kiube.se\\\/workshops\\\/?page_id=601#breadcrumb\",\"itemListElement\":[{\"@type\":\"ListItem\",\"position\":1,\"name\":\"Hem\",\"item\":\"https:\\\/\\\/kiube.se\\\/workshops\\\/\"},{\"@type\":\"ListItem\",\"position\":2,\"name\":\"Periodiska systemet\"}]},{\"@type\":\"WebSite\",\"@id\":\"https:\\\/\\\/kiube.se\\\/workshops\\\/#website\",\"url\":\"https:\\\/\\\/kiube.se\\\/workshops\\\/\",\"name\":\"xFun - Skoj med teknik\",\"description\":\"Med r\u00e4tt kunskap blir allt enkelt, \u00f6vning ger f\u00e4rdighet.\",\"potentialAction\":[{\"@type\":\"SearchAction\",\"target\":{\"@type\":\"EntryPoint\",\"urlTemplate\":\"https:\\\/\\\/kiube.se\\\/workshops\\\/?s={search_term_string}\"},\"query-input\":{\"@type\":\"PropertyValueSpecification\",\"valueRequired\":true,\"valueName\":\"search_term_string\"}}],\"inLanguage\":\"sv-SE\"}]}<\/script>\n<!-- \/ Yoast SEO plugin. -->","yoast_head_json":{"title":"Periodiska systemet - xFun - Skoj med teknik","description":"Periodiska systemet, \u00e4ven kallat grund\u00e4mnenas ordning, \u00e4r en indelning av grund\u00e4mnen och atomslag efter deras \u00f6kande atomnummer (antal protoner i k\u00e4rnan), och \u00e4ven kemiska och fysikaliska egenskaper samt elektronkonfiguration i de yttre elektronskalen.","robots":{"index":"index","follow":"follow","max-snippet":"max-snippet:-1","max-image-preview":"max-image-preview:large","max-video-preview":"max-video-preview:-1"},"canonical":"https:\/\/kiube.se\/workshops\/?page_id=601","og_locale":"sv_SE","og_type":"article","og_title":"Periodiska systemet - xFun - Skoj med teknik","og_description":"Periodiska systemet, \u00e4ven kallat grund\u00e4mnenas ordning, \u00e4r en indelning av grund\u00e4mnen och atomslag efter deras \u00f6kande atomnummer (antal protoner i k\u00e4rnan), och \u00e4ven kemiska och fysikaliska egenskaper samt elektronkonfiguration i de yttre elektronskalen.","og_url":"https:\/\/kiube.se\/workshops\/?page_id=601","og_site_name":"xFun - Skoj med teknik","article_modified_time":"2019-07-01T04:40:46+00:00","og_image":[{"url":"https:\/\/ptable.com\/Images\/periodiska%20systemet.png","type":"","width":"","height":""}],"twitter_card":"summary_large_image","schema":{"@context":"https:\/\/schema.org","@graph":[{"@type":"WebPage","@id":"https:\/\/kiube.se\/workshops\/?page_id=601","url":"https:\/\/kiube.se\/workshops\/?page_id=601","name":"Periodiska systemet - xFun - Skoj med teknik","isPartOf":{"@id":"https:\/\/kiube.se\/workshops\/#website"},"primaryImageOfPage":{"@id":"https:\/\/kiube.se\/workshops\/?page_id=601#primaryimage"},"image":{"@id":"https:\/\/kiube.se\/workshops\/?page_id=601#primaryimage"},"thumbnailUrl":"https:\/\/ptable.com\/Images\/periodiska%20systemet.png","datePublished":"2019-07-01T04:34:09+00:00","dateModified":"2019-07-01T04:40:46+00:00","description":"Periodiska systemet, \u00e4ven kallat grund\u00e4mnenas ordning, \u00e4r en indelning av grund\u00e4mnen och atomslag efter deras \u00f6kande atomnummer (antal protoner i k\u00e4rnan), och \u00e4ven kemiska och fysikaliska egenskaper samt elektronkonfiguration i de yttre elektronskalen.","breadcrumb":{"@id":"https:\/\/kiube.se\/workshops\/?page_id=601#breadcrumb"},"inLanguage":"sv-SE","potentialAction":[{"@type":"ReadAction","target":["https:\/\/kiube.se\/workshops\/?page_id=601"]}]},{"@type":"ImageObject","inLanguage":"sv-SE","@id":"https:\/\/kiube.se\/workshops\/?page_id=601#primaryimage","url":"https:\/\/ptable.com\/Images\/periodiska%20systemet.png","contentUrl":"https:\/\/ptable.com\/Images\/periodiska%20systemet.png"},{"@type":"BreadcrumbList","@id":"https:\/\/kiube.se\/workshops\/?page_id=601#breadcrumb","itemListElement":[{"@type":"ListItem","position":1,"name":"Hem","item":"https:\/\/kiube.se\/workshops\/"},{"@type":"ListItem","position":2,"name":"Periodiska systemet"}]},{"@type":"WebSite","@id":"https:\/\/kiube.se\/workshops\/#website","url":"https:\/\/kiube.se\/workshops\/","name":"xFun - Skoj med teknik","description":"Med r\u00e4tt kunskap blir allt enkelt, \u00f6vning ger f\u00e4rdighet.","potentialAction":[{"@type":"SearchAction","target":{"@type":"EntryPoint","urlTemplate":"https:\/\/kiube.se\/workshops\/?s={search_term_string}"},"query-input":{"@type":"PropertyValueSpecification","valueRequired":true,"valueName":"search_term_string"}}],"inLanguage":"sv-SE"}]}},"jetpack_sharing_enabled":true,"jetpack_shortlink":"https:\/\/wp.me\/P4PDaL-9H","_links":{"self":[{"href":"https:\/\/kiube.se\/workshops\/index.php?rest_route=\/wp\/v2\/pages\/601","targetHints":{"allow":["GET"]}}],"collection":[{"href":"https:\/\/kiube.se\/workshops\/index.php?rest_route=\/wp\/v2\/pages"}],"about":[{"href":"https:\/\/kiube.se\/workshops\/index.php?rest_route=\/wp\/v2\/types\/page"}],"author":[{"embeddable":true,"href":"https:\/\/kiube.se\/workshops\/index.php?rest_route=\/wp\/v2\/users\/131"}],"replies":[{"embeddable":true,"href":"https:\/\/kiube.se\/workshops\/index.php?rest_route=%2Fwp%2Fv2%2Fcomments&post=601"}],"version-history":[{"count":0,"href":"https:\/\/kiube.se\/workshops\/index.php?rest_route=\/wp\/v2\/pages\/601\/revisions"}],"wp:attachment":[{"href":"https:\/\/kiube.se\/workshops\/index.php?rest_route=%2Fwp%2Fv2%2Fmedia&parent=601"}],"curies":[{"name":"wp","href":"https:\/\/api.w.org\/{rel}","templated":true}]}}