{"id":498,"date":"2019-02-20T09:44:18","date_gmt":"2019-02-20T08:44:18","guid":{"rendered":"http:\/\/kiube.se\/workshops\/?page_id=498"},"modified":"2019-02-20T09:48:06","modified_gmt":"2019-02-20T08:48:06","slug":"startsida","status":"publish","type":"page","link":"https:\/\/kiube.se\/workshops\/","title":{"rendered":"Startsida"},"content":{"rendered":"<form autocomplete=\"off\" name=\"wpv-filter-471\" action=\"\/workshops\/index.php?rest_route=%2Fwp%2Fv2%2Fpages%2F498&#038;wpv_view_count=471\" method=\"get\" class=\"wpv-filter-form js-wpv-filter-form js-wpv-filter-form-471 js-wpv-form-full js-wpv-dps-enabled js-wpv-ajax-results-enabled\" data-viewnumber=\"471\" data-viewid=\"471\" data-viewhash=\"eyJuYW1lIjoicG9ydGZvbGlvLXRocmVlLWNvbHVtbi1ncmlkLXdpdGgtY2F0ZWdvcnktZmlsdGVycyJ9\" data-viewwidgetid=\"0\" data-orderby=\"\" data-order=\"\" data-orderbyas=\"\" data-orderbysecond=\"\" data-ordersecond=\"\" data-parametric=\"{&quot;query&quot;:&quot;normal&quot;,&quot;id&quot;:&quot;471&quot;,&quot;view_id&quot;:&quot;471&quot;,&quot;widget_id&quot;:0,&quot;view_hash&quot;:&quot;471&quot;,&quot;action&quot;:&quot;\\\/workshops\\\/index.php?rest_route=%2Fwp%2Fv2%2Fpages%2F498&#038;wpv_view_count=471&quot;,&quot;sort&quot;:{&quot;orderby&quot;:&quot;&quot;,&quot;order&quot;:&quot;&quot;,&quot;orderby_as&quot;:&quot;&quot;,&quot;orderby_second&quot;:&quot;&quot;,&quot;order_second&quot;:&quot;&quot;},&quot;orderby&quot;:&quot;&quot;,&quot;order&quot;:&quot;&quot;,&quot;orderby_as&quot;:&quot;&quot;,&quot;orderby_second&quot;:&quot;&quot;,&quot;order_second&quot;:&quot;&quot;,&quot;ajax_form&quot;:&quot;&quot;,&quot;ajax_results&quot;:&quot;&quot;,&quot;effect&quot;:&quot;fade&quot;,&quot;prebefore&quot;:&quot;&quot;,&quot;before&quot;:&quot;&quot;,&quot;after&quot;:&quot;&quot;,&quot;attributes&quot;:[],&quot;environment&quot;:{&quot;current_post_id&quot;:498,&quot;parent_post_id&quot;:498,&quot;parent_term_id&quot;:0,&quot;parent_user_id&quot;:0,&quot;archive&quot;:{&quot;type&quot;:&quot;&quot;,&quot;name&quot;:&quot;&quot;,&quot;data&quot;:[]}},&quot;loop&quot;:{&quot;type&quot;:&quot;&quot;,&quot;name&quot;:&quot;&quot;,&quot;data&quot;:[],&quot;id&quot;:0}}\" data-attributes=\"[]\" data-environment=\"{&quot;current_post_id&quot;:498,&quot;parent_post_id&quot;:498,&quot;parent_term_id&quot;:0,&quot;parent_user_id&quot;:0,&quot;archive&quot;:{&quot;type&quot;:&quot;&quot;,&quot;name&quot;:&quot;&quot;,&quot;data&quot;:[]}}\"><input type=\"hidden\" class=\"js-wpv-dps-filter-data js-wpv-filter-data-for-this-form\" data-action=\"\/workshops\/index.php?rest_route=%2Fwp%2Fv2%2Fpages%2F498&#038;wpv_view_count=471\" data-page=\"1\" data-ajax=\"enable\" data-effect=\"fade\" data-maxpages=\"0\" data-ajaxprebefore=\"\" data-ajaxbefore=\"\" data-ajaxafter=\"\" \/><input class=\"js-wpv-extra-url-param\" id=\"wpv_param_rest_route\" type=\"hidden\" name=\"rest_route\" value=\"\/wp\/v2\/pages\/498\" \/><input class=\"wpv_view_count wpv_view_count-471\" type=\"hidden\" name=\"wpv_view_count\" value=\"471\" \/>\n\n<div class=\"category-selector\">\n<div class=\"radio\">\n\t\t\t\t\t\t\t\t\t<label for=\"portfolio-category-\"  class=\"\" >\n\t\t\t\t\t\t\t\t\t\t<input id=\"portfolio-category-\"  class=\"js-wpv-filter-trigger\"\n\t\t\t\t\t\t\t\t\t\t\tname=\"wpv-portfolio-category\" type=\"radio\" value=\"0\"  checked='checked'\n\t\t\t\t\t\t\t\t\t\t\/>\n\t\t\t\t\t\t\t\t\t\tall\n\t\t\t\t\t\t\t\t\t<\/label>\n\t\t\t\t\t\t\t\t<\/div><div class=\"radio\"><label for=\"portfolio-category-experiment\"><input type=\"radio\" id=\"portfolio-category-experiment\" class=\"js-wpv-filter-trigger\" name=\"wpv-portfolio-category\" value=\"experiment\" \/>Experiment<\/label><\/div><div class=\"radio\"><label for=\"portfolio-category-ovning\"><input type=\"radio\" id=\"portfolio-category-ovning\" class=\"js-wpv-filter-trigger\" name=\"wpv-portfolio-category\" value=\"ovning\" \/>\u00d6vning<\/label><\/div><div class=\"radio\"><label for=\"portfolio-category-programmering\"><input type=\"radio\" id=\"portfolio-category-programmering\" class=\"js-wpv-filter-trigger\" name=\"wpv-portfolio-category\" value=\"programmering\" \/>Programmering<\/label><\/div>\n<\/div>\n<div style=\"height:25px;text-align:center;\">\n<span style=\"display:none\" class=\"js-wpv-dps-spinner\"><img decoding=\"async\" src=\"https:\/\/ref.toolset.com\/toolset-modules\/wp-content\/plugins\/views-trunk\/embedded\/res\/img\/ajax-loader2.gif\" \/><\/span>\n<\/div>\n\n\n<\/form>\n<div id=\"wpv-view-layout-471\" class=\"js-wpv-view-layout js-wpv-layout-responsive js-wpv-view-layout-471\" data-viewnumber=\"471\" data-pagination=\"{&quot;id&quot;:&quot;471&quot;,&quot;query&quot;:&quot;normal&quot;,&quot;type&quot;:&quot;disabled&quot;,&quot;effect&quot;:&quot;fade&quot;,&quot;duration&quot;:&quot;500&quot;,&quot;speed&quot;:&quot;5&quot;,&quot;pause_on_hover&quot;:&quot;disabled&quot;,&quot;stop_rollover&quot;:&quot;false&quot;,&quot;cache_pages&quot;:&quot;enabled&quot;,&quot;preload_images&quot;:&quot;enabled&quot;,&quot;preload_pages&quot;:&quot;enabled&quot;,&quot;preload_reach&quot;:&quot;1&quot;,&quot;spinner&quot;:&quot;builtin&quot;,&quot;spinner_image&quot;:&quot;https:\/\/ref.toolset.com\/toolset-modules\/wp-content\/plugins\/views-trunk\/embedded\/res\/img\/ajax-loader.gif&quot;,&quot;callback_next&quot;:&quot;&quot;,&quot;manage_history&quot;:&quot;enabled&quot;,&quot;has_controls_in_form&quot;:&quot;disabled&quot;,&quot;infinite_tolerance&quot;:&quot;0&quot;,&quot;max_pages&quot;:0,&quot;page&quot;:1,&quot;base_permalink&quot;:&quot;\/workshops\/index.php?rest_route=%2Fwp%2Fv2%2Fpages%2F498&amp;wpv_view_count=471&amp;wpv_paged=WPV_PAGE_NUM&quot;,&quot;loop&quot;:{&quot;type&quot;:&quot;&quot;,&quot;name&quot;:&quot;&quot;,&quot;data&quot;:[],&quot;id&quot;:0}}\" data-permalink=\"\/workshops\/index.php?rest_route=%2Fwp%2Fv2%2Fpages%2F498&#038;wpv_view_count=471\">\n\n\t\n<div id=\"portfolio-view-1\">\n\t\n\t\n\t\t\n\t\t<div class=\"row \">\n\t\t\t<div class=\"col-sm-4\"><div class=\"portfolio-item\">\n  <a href=\"https:\/\/kiube.se\/workshops\/?portfolio=mqtt-ovning-med-oled-display\"><img decoding=\"async\" src=\"http:\/\/s3.eu-north-1.amazonaws.com\/kiube.se\/wp-content\/uploads\/sites\/66\/2019\/02\/26180241\/image-gps.jpg\" \/><\/a>\n  <div class=\"card-body\"> \n    <h4>Mqtt \u00f6vning med OLED display<\/h4>\n\t<p>En \u00f6vning f\u00f6r att g\u00f6ra en enkel uppkoppling med matt och isa p\u00e5 dn OLED display. \u00a0Principer f\u00f6r hur&#8230;<\/p>\n\n    <p><small>Category: <a href=\"https:\/\/kiube.se\/workshops\/?portfolio-category=experiment\">Experiment<\/a><\/small><\/p>\n    <a class=\"btn btn-default\" href=\"https:\/\/kiube.se\/workshops\/?portfolio=mqtt-ovning-med-oled-display\">View project<\/a>\n  <\/div>\n<\/div><\/div>\n\t\t\n\t\t\n\t\t\t<div class=\"col-sm-4\"><div class=\"portfolio-item\">\n  <a href=\"https:\/\/kiube.se\/workshops\/?portfolio=iron-heart\"><img decoding=\"async\" src=\"http:\/\/s3.eu-north-1.amazonaws.com\/kiube.se\/wp-content\/uploads\/sites\/66\/2014\/07\/26180258\/screen-capture-175.png\" \/><\/a>\n  <div class=\"card-body\"> \n    <h4>Bygga undervattens kamera<\/h4>\n\t<p>En utmaning fr\u00e5n Sir Rickard Branson: hur djupt kan du f\u00e5 din undervattenskamera att komma.<\/p>\n\n    <p><small>Category: <a href=\"https:\/\/kiube.se\/workshops\/?portfolio-category=ovning\">\u00d6vning<\/a><\/small><\/p>\n    <a class=\"btn btn-default\" href=\"https:\/\/kiube.se\/workshops\/?portfolio=iron-heart\">View project<\/a>\n  <\/div>\n<\/div><\/div>\n\t\t\n\t\t\n\t\t\t<div class=\"col-sm-4\"><div class=\"portfolio-item\">\n  <a href=\"https:\/\/kiube.se\/workshops\/?portfolio=iron-horseshoe\"><img decoding=\"async\" src=\"http:\/\/s3.eu-north-1.amazonaws.com\/kiube.se\/wp-content\/uploads\/sites\/66\/2018\/08\/26180243\/screen-capture-290.png\" \/><\/a>\n  <div class=\"card-body\"> \n    <h4>Workshop bygga elcykel<\/h4>\n\t<p>Inneh\u00e5ll Teori och Manualer Workshop 1: Uppstartm\u00f6te \u00d6vning 2: Bygga batteri &#8211; Workshop 2 \u00d6vning 3:&#8230;<\/p>\n\n    <p><small>Category: <a href=\"https:\/\/kiube.se\/workshops\/?portfolio-category=ovning\">\u00d6vning<\/a><\/small><\/p>\n    <a class=\"btn btn-default\" href=\"https:\/\/kiube.se\/workshops\/?portfolio=iron-horseshoe\">View project<\/a>\n  <\/div>\n<\/div><\/div>\n\t\t<\/div>\n\t\t\n\t\t\n\t\t<div class=\"row \">\n\t\t\t<div class=\"col-sm-4\"><div class=\"portfolio-item\">\n  <a href=\"https:\/\/kiube.se\/workshops\/?portfolio=iron-scepter\"><img decoding=\"async\" src=\"http:\/\/s3.eu-north-1.amazonaws.com\/kiube.se\/wp-content\/uploads\/sites\/66\/2015\/05\/26180254\/screen-capture-782-300x87.png\" \/><\/a>\n  <div class=\"card-body\"> \n    <h4>Arduino simulator<\/h4>\n\t<p>H\u00e4r har du m\u00f6jlighet att prova din kod i en simulator innan du bygger en prototyp. TinkerCad Circuit&#8230;<\/p>\n\n    <p><small>Category: <a href=\"https:\/\/kiube.se\/workshops\/?portfolio-category=ovning\">\u00d6vning<\/a><\/small><\/p>\n    <a class=\"btn btn-default\" href=\"https:\/\/kiube.se\/workshops\/?portfolio=iron-scepter\">View project<\/a>\n  <\/div>\n<\/div><\/div>\n\t\t\n\t\t\n\t\t\t<div class=\"col-sm-4\"><div class=\"portfolio-item\">\n  <a href=\"https:\/\/kiube.se\/workshops\/?portfolio=brass-door-ornament\"><img decoding=\"async\" src=\"http:\/\/s3.eu-north-1.amazonaws.com\/kiube.se\/wp-content\/uploads\/sites\/66\/2015\/05\/26180256\/arduino.png\" \/><\/a>\n  <div class=\"card-body\"> \n    <h4>Programmera display<\/h4>\n\t<p>Hur g\u00f6r du f\u00f6r att programmera din Arduinoboard och en LCD display. H\u00e4r f\u00f6ljer en enkel tutorial s\u00e5&#8230;<\/p>\n\n    <p><small>Category: <a href=\"https:\/\/kiube.se\/workshops\/?portfolio-category=programmering\">Programmering<\/a><\/small><\/p>\n    <a class=\"btn btn-default\" href=\"https:\/\/kiube.se\/workshops\/?portfolio=brass-door-ornament\">View project<\/a>\n  <\/div>\n<\/div><\/div>\n\t\t\n\t\t\t<div class=\"col-sm-4\"><\/div>\n\t\t<\/div>\n\t\n\t\n<\/div>\n\t\n\t\n<\/div>\n","protected":false},"excerpt":{"rendered":"","protected":false},"author":131,"featured_media":0,"parent":0,"menu_order":0,"comment_status":"closed","ping_status":"closed","template":"","meta":{"jetpack_post_was_ever_published":false,"footnotes":""},"class_list":["post-498","page","type-page","status-publish","hentry"],"yoast_head":"<!-- This site is optimized with the Yoast SEO plugin v27.4 - https:\/\/yoast.com\/product\/yoast-seo-wordpress\/ -->\n<title>Startsida - xFun - Skoj med teknik<\/title>\n<meta name=\"robots\" content=\"index, follow, max-snippet:-1, max-image-preview:large, max-video-preview:-1\" \/>\n<link rel=\"canonical\" href=\"https:\/\/kiube.se\/workshops\/\" \/>\n<meta property=\"og:locale\" content=\"sv_SE\" \/>\n<meta property=\"og:type\" content=\"article\" \/>\n<meta property=\"og:title\" content=\"Startsida - xFun - Skoj med teknik\" \/>\n<meta property=\"og:url\" content=\"https:\/\/kiube.se\/workshops\/\" \/>\n<meta property=\"og:site_name\" content=\"xFun - Skoj med teknik\" \/>\n<meta property=\"article:modified_time\" content=\"2019-02-20T08:48:06+00:00\" \/>\n<meta name=\"twitter:card\" content=\"summary_large_image\" \/>\n<script type=\"application\/ld+json\" class=\"yoast-schema-graph\">{\"@context\":\"https:\\\/\\\/schema.org\",\"@graph\":[{\"@type\":\"WebPage\",\"@id\":\"https:\\\/\\\/kiube.se\\\/workshops\\\/\",\"url\":\"https:\\\/\\\/kiube.se\\\/workshops\\\/\",\"name\":\"Startsida - xFun - Skoj med teknik\",\"isPartOf\":{\"@id\":\"https:\\\/\\\/kiube.se\\\/workshops\\\/#website\"},\"datePublished\":\"2019-02-20T08:44:18+00:00\",\"dateModified\":\"2019-02-20T08:48:06+00:00\",\"breadcrumb\":{\"@id\":\"https:\\\/\\\/kiube.se\\\/workshops\\\/#breadcrumb\"},\"inLanguage\":\"sv-SE\",\"potentialAction\":[{\"@type\":\"ReadAction\",\"target\":[\"https:\\\/\\\/kiube.se\\\/workshops\\\/\"]}]},{\"@type\":\"BreadcrumbList\",\"@id\":\"https:\\\/\\\/kiube.se\\\/workshops\\\/#breadcrumb\",\"itemListElement\":[{\"@type\":\"ListItem\",\"position\":1,\"name\":\"Hem\",\"item\":\"https:\\\/\\\/kiube.se\\\/workshops\\\/\"},{\"@type\":\"ListItem\",\"position\":2,\"name\":\"Startsida\"}]},{\"@type\":\"WebSite\",\"@id\":\"https:\\\/\\\/kiube.se\\\/workshops\\\/#website\",\"url\":\"https:\\\/\\\/kiube.se\\\/workshops\\\/\",\"name\":\"xFun - Skoj med teknik\",\"description\":\"Med r\u00e4tt kunskap blir allt enkelt, \u00f6vning ger f\u00e4rdighet.\",\"potentialAction\":[{\"@type\":\"SearchAction\",\"target\":{\"@type\":\"EntryPoint\",\"urlTemplate\":\"https:\\\/\\\/kiube.se\\\/workshops\\\/?s={search_term_string}\"},\"query-input\":{\"@type\":\"PropertyValueSpecification\",\"valueRequired\":true,\"valueName\":\"search_term_string\"}}],\"inLanguage\":\"sv-SE\"}]}<\/script>\n<!-- \/ Yoast SEO plugin. -->","yoast_head_json":{"title":"Startsida - xFun - Skoj med teknik","robots":{"index":"index","follow":"follow","max-snippet":"max-snippet:-1","max-image-preview":"max-image-preview:large","max-video-preview":"max-video-preview:-1"},"canonical":"https:\/\/kiube.se\/workshops\/","og_locale":"sv_SE","og_type":"article","og_title":"Startsida - xFun - Skoj med teknik","og_url":"https:\/\/kiube.se\/workshops\/","og_site_name":"xFun - Skoj med teknik","article_modified_time":"2019-02-20T08:48:06+00:00","twitter_card":"summary_large_image","schema":{"@context":"https:\/\/schema.org","@graph":[{"@type":"WebPage","@id":"https:\/\/kiube.se\/workshops\/","url":"https:\/\/kiube.se\/workshops\/","name":"Startsida - xFun - Skoj med teknik","isPartOf":{"@id":"https:\/\/kiube.se\/workshops\/#website"},"datePublished":"2019-02-20T08:44:18+00:00","dateModified":"2019-02-20T08:48:06+00:00","breadcrumb":{"@id":"https:\/\/kiube.se\/workshops\/#breadcrumb"},"inLanguage":"sv-SE","potentialAction":[{"@type":"ReadAction","target":["https:\/\/kiube.se\/workshops\/"]}]},{"@type":"BreadcrumbList","@id":"https:\/\/kiube.se\/workshops\/#breadcrumb","itemListElement":[{"@type":"ListItem","position":1,"name":"Hem","item":"https:\/\/kiube.se\/workshops\/"},{"@type":"ListItem","position":2,"name":"Startsida"}]},{"@type":"WebSite","@id":"https:\/\/kiube.se\/workshops\/#website","url":"https:\/\/kiube.se\/workshops\/","name":"xFun - Skoj med teknik","description":"Med r\u00e4tt kunskap blir allt enkelt, \u00f6vning ger f\u00e4rdighet.","potentialAction":[{"@type":"SearchAction","target":{"@type":"EntryPoint","urlTemplate":"https:\/\/kiube.se\/workshops\/?s={search_term_string}"},"query-input":{"@type":"PropertyValueSpecification","valueRequired":true,"valueName":"search_term_string"}}],"inLanguage":"sv-SE"}]}},"jetpack_sharing_enabled":true,"jetpack_shortlink":"https:\/\/wp.me\/P4PDaL-82","_links":{"self":[{"href":"https:\/\/kiube.se\/workshops\/index.php?rest_route=\/wp\/v2\/pages\/498","targetHints":{"allow":["GET"]}}],"collection":[{"href":"https:\/\/kiube.se\/workshops\/index.php?rest_route=\/wp\/v2\/pages"}],"about":[{"href":"https:\/\/kiube.se\/workshops\/index.php?rest_route=\/wp\/v2\/types\/page"}],"author":[{"embeddable":true,"href":"https:\/\/kiube.se\/workshops\/index.php?rest_route=\/wp\/v2\/users\/131"}],"replies":[{"embeddable":true,"href":"https:\/\/kiube.se\/workshops\/index.php?rest_route=%2Fwp%2Fv2%2Fcomments&post=498"}],"version-history":[{"count":0,"href":"https:\/\/kiube.se\/workshops\/index.php?rest_route=\/wp\/v2\/pages\/498\/revisions"}],"wp:attachment":[{"href":"https:\/\/kiube.se\/workshops\/index.php?rest_route=%2Fwp%2Fv2%2Fmedia&parent=498"}],"curies":[{"name":"wp","href":"https:\/\/api.w.org\/{rel}","templated":true}]}}