{"id":307,"date":"2015-02-13T10:28:13","date_gmt":"2015-02-13T09:28:13","guid":{"rendered":"http:\/\/kiube.se\/workshops\/?page_id=307"},"modified":"2019-02-24T15:46:41","modified_gmt":"2019-02-24T14:46:41","slug":"om-xfun","status":"publish","type":"page","link":"https:\/\/kiube.se\/workshops\/?page_id=307","title":{"rendered":"Om xFun"},"content":{"rendered":"<p>Syftet med xFun \u00e4r att skapa intresse och engagemang f\u00f6r teknik och design och uppt\u00e4cka att man kan sj\u00e4lva skapa och utveckla sina egna id\u00e9er, g\u00e4rna med inspiration av andra.<\/p>\n<p>Medlemmar delar h\u00e4r sina experiment ibland med en kort instruktion hur det \u00e4r gjort.<\/p>\n","protected":false},"excerpt":{"rendered":"<p>Syftet med xFun \u00e4r att skapa intresse och engagemang f\u00f6r teknik och design och uppt\u00e4cka att man kan sj\u00e4lva skapa och utveckla sina egna id\u00e9er, g\u00e4rna med inspiration av andra. Medlemmar delar h\u00e4r sina experiment ibland med en kort instruktion hur det \u00e4r gjort.<\/p>\n","protected":false},"author":131,"featured_media":0,"parent":0,"menu_order":0,"comment_status":"closed","ping_status":"open","template":"","meta":{"jetpack_post_was_ever_published":false,"footnotes":""},"class_list":["post-307","page","type-page","status-publish","hentry"],"yoast_head":"<!-- This site is optimized with the Yoast SEO plugin v27.4 - https:\/\/yoast.com\/product\/yoast-seo-wordpress\/ -->\n<title>Om xFun - xFun - Skoj med teknik<\/title>\n<meta name=\"robots\" content=\"index, follow, max-snippet:-1, max-image-preview:large, max-video-preview:-1\" \/>\n<link rel=\"canonical\" href=\"https:\/\/kiube.se\/workshops\/?page_id=307\" \/>\n<meta property=\"og:locale\" content=\"sv_SE\" \/>\n<meta property=\"og:type\" content=\"article\" \/>\n<meta property=\"og:title\" content=\"Om xFun - xFun - Skoj med teknik\" \/>\n<meta property=\"og:description\" content=\"Syftet med xFun \u00e4r att skapa intresse och engagemang f\u00f6r teknik och design och uppt\u00e4cka att man kan sj\u00e4lva skapa och utveckla sina egna id\u00e9er, g\u00e4rna med inspiration av andra. Medlemmar delar h\u00e4r sina experiment ibland med en kort instruktion hur det \u00e4r gjort.\" \/>\n<meta property=\"og:url\" content=\"https:\/\/kiube.se\/workshops\/?page_id=307\" \/>\n<meta property=\"og:site_name\" content=\"xFun - Skoj med teknik\" \/>\n<meta property=\"article:modified_time\" content=\"2019-02-24T14:46:41+00:00\" \/>\n<meta name=\"twitter:card\" content=\"summary_large_image\" \/>\n<script type=\"application\/ld+json\" class=\"yoast-schema-graph\">{\"@context\":\"https:\\\/\\\/schema.org\",\"@graph\":[{\"@type\":\"WebPage\",\"@id\":\"https:\\\/\\\/kiube.se\\\/workshops\\\/?page_id=307\",\"url\":\"https:\\\/\\\/kiube.se\\\/workshops\\\/?page_id=307\",\"name\":\"Om xFun - xFun - Skoj med teknik\",\"isPartOf\":{\"@id\":\"https:\\\/\\\/kiube.se\\\/workshops\\\/#website\"},\"datePublished\":\"2015-02-13T09:28:13+00:00\",\"dateModified\":\"2019-02-24T14:46:41+00:00\",\"breadcrumb\":{\"@id\":\"https:\\\/\\\/kiube.se\\\/workshops\\\/?page_id=307#breadcrumb\"},\"inLanguage\":\"sv-SE\",\"potentialAction\":[{\"@type\":\"ReadAction\",\"target\":[\"https:\\\/\\\/kiube.se\\\/workshops\\\/?page_id=307\"]}]},{\"@type\":\"BreadcrumbList\",\"@id\":\"https:\\\/\\\/kiube.se\\\/workshops\\\/?page_id=307#breadcrumb\",\"itemListElement\":[{\"@type\":\"ListItem\",\"position\":1,\"name\":\"Hem\",\"item\":\"https:\\\/\\\/kiube.se\\\/workshops\\\/\"},{\"@type\":\"ListItem\",\"position\":2,\"name\":\"Om xFun\"}]},{\"@type\":\"WebSite\",\"@id\":\"https:\\\/\\\/kiube.se\\\/workshops\\\/#website\",\"url\":\"https:\\\/\\\/kiube.se\\\/workshops\\\/\",\"name\":\"xFun - Skoj med teknik\",\"description\":\"Med r\u00e4tt kunskap blir allt enkelt, \u00f6vning ger f\u00e4rdighet.\",\"potentialAction\":[{\"@type\":\"SearchAction\",\"target\":{\"@type\":\"EntryPoint\",\"urlTemplate\":\"https:\\\/\\\/kiube.se\\\/workshops\\\/?s={search_term_string}\"},\"query-input\":{\"@type\":\"PropertyValueSpecification\",\"valueRequired\":true,\"valueName\":\"search_term_string\"}}],\"inLanguage\":\"sv-SE\"}]}<\/script>\n<!-- \/ Yoast SEO plugin. -->","yoast_head_json":{"title":"Om xFun - xFun - Skoj med teknik","robots":{"index":"index","follow":"follow","max-snippet":"max-snippet:-1","max-image-preview":"max-image-preview:large","max-video-preview":"max-video-preview:-1"},"canonical":"https:\/\/kiube.se\/workshops\/?page_id=307","og_locale":"sv_SE","og_type":"article","og_title":"Om xFun - xFun - Skoj med teknik","og_description":"Syftet med xFun \u00e4r att skapa intresse och engagemang f\u00f6r teknik och design och uppt\u00e4cka att man kan sj\u00e4lva skapa och utveckla sina egna id\u00e9er, g\u00e4rna med inspiration av andra. Medlemmar delar h\u00e4r sina experiment ibland med en kort instruktion hur det \u00e4r gjort.","og_url":"https:\/\/kiube.se\/workshops\/?page_id=307","og_site_name":"xFun - Skoj med teknik","article_modified_time":"2019-02-24T14:46:41+00:00","twitter_card":"summary_large_image","schema":{"@context":"https:\/\/schema.org","@graph":[{"@type":"WebPage","@id":"https:\/\/kiube.se\/workshops\/?page_id=307","url":"https:\/\/kiube.se\/workshops\/?page_id=307","name":"Om xFun - xFun - Skoj med teknik","isPartOf":{"@id":"https:\/\/kiube.se\/workshops\/#website"},"datePublished":"2015-02-13T09:28:13+00:00","dateModified":"2019-02-24T14:46:41+00:00","breadcrumb":{"@id":"https:\/\/kiube.se\/workshops\/?page_id=307#breadcrumb"},"inLanguage":"sv-SE","potentialAction":[{"@type":"ReadAction","target":["https:\/\/kiube.se\/workshops\/?page_id=307"]}]},{"@type":"BreadcrumbList","@id":"https:\/\/kiube.se\/workshops\/?page_id=307#breadcrumb","itemListElement":[{"@type":"ListItem","position":1,"name":"Hem","item":"https:\/\/kiube.se\/workshops\/"},{"@type":"ListItem","position":2,"name":"Om xFun"}]},{"@type":"WebSite","@id":"https:\/\/kiube.se\/workshops\/#website","url":"https:\/\/kiube.se\/workshops\/","name":"xFun - Skoj med teknik","description":"Med r\u00e4tt kunskap blir allt enkelt, \u00f6vning ger f\u00e4rdighet.","potentialAction":[{"@type":"SearchAction","target":{"@type":"EntryPoint","urlTemplate":"https:\/\/kiube.se\/workshops\/?s={search_term_string}"},"query-input":{"@type":"PropertyValueSpecification","valueRequired":true,"valueName":"search_term_string"}}],"inLanguage":"sv-SE"}]}},"jetpack_sharing_enabled":true,"jetpack_shortlink":"https:\/\/wp.me\/P4PDaL-4X","_links":{"self":[{"href":"https:\/\/kiube.se\/workshops\/index.php?rest_route=\/wp\/v2\/pages\/307","targetHints":{"allow":["GET"]}}],"collection":[{"href":"https:\/\/kiube.se\/workshops\/index.php?rest_route=\/wp\/v2\/pages"}],"about":[{"href":"https:\/\/kiube.se\/workshops\/index.php?rest_route=\/wp\/v2\/types\/page"}],"author":[{"embeddable":true,"href":"https:\/\/kiube.se\/workshops\/index.php?rest_route=\/wp\/v2\/users\/131"}],"replies":[{"embeddable":true,"href":"https:\/\/kiube.se\/workshops\/index.php?rest_route=%2Fwp%2Fv2%2Fcomments&post=307"}],"version-history":[{"count":0,"href":"https:\/\/kiube.se\/workshops\/index.php?rest_route=\/wp\/v2\/pages\/307\/revisions"}],"wp:attachment":[{"href":"https:\/\/kiube.se\/workshops\/index.php?rest_route=%2Fwp%2Fv2%2Fmedia&parent=307"}],"curies":[{"name":"wp","href":"https:\/\/api.w.org\/{rel}","templated":true}]}}