{"id":9728,"date":"2026-03-30T13:17:27","date_gmt":"2026-03-30T12:17:27","guid":{"rendered":"https:\/\/kiube.se\/projekt\/?page_id=9728"},"modified":"2026-03-30T14:53:16","modified_gmt":"2026-03-30T13:53:16","slug":"projektvy-050-solarxhorto","status":"publish","type":"page","link":"https:\/\/kiube.se\/projekt\/projektvy-050-solarxhorto","title":{"rendered":"Projektvy #050 \u2013 solarXhorto"},"content":{"rendered":"<pre>K\u00e4lla: |<\/pre>\n<hr \/>\n<pre>01 - Batteridriven gr\u00e4sklippare\r\n02 - Batteridriven r\u00f6js\u00e5g\r\n03 - Batteridriven bevattning\r\n04 - Batteridrivet styrsystem \r\n05 - Batteridrivna handverktyg\r\n06 - Batteridriven kompressor\r\n07 - Solcellsdriven Laddanl\u00e4ggning\r\n08 - Energilager [DVDC]\r\n09 - Kylf\u00f6rr\u00e5d [DVDC]\r\n10 -<\/pre>\n","protected":false},"excerpt":{"rendered":"<p>K\u00e4lla: | 01 &#8211; Batteridriven gr\u00e4sklippare 02 &#8211; Batteridriven r\u00f6js\u00e5g 03 &#8211; Batteridriven bevattning 04 &#8211; Batteridrivet styrsystem 05 &#8211; Batteridrivna handverktyg 06 &#8211; Batteridriven kompressor 07 &#8211; Solcellsdriven Laddanl\u00e4ggning 08 &#8211; Energilager [DVDC] 09 &#8211; Kylf\u00f6rr\u00e5d [DVDC] 10 &#8211;<\/p>\n","protected":false},"author":118,"featured_media":0,"parent":0,"menu_order":0,"comment_status":"closed","ping_status":"closed","template":"","meta":{"_monsterinsights_skip_tracking":false,"_monsterinsights_sitenote_active":false,"_monsterinsights_sitenote_note":"","_monsterinsights_sitenote_category":0,"jetpack_post_was_ever_published":false,"footnotes":""},"class_list":["post-9728","page","type-page","status-publish","hentry"],"aioseo_notices":[],"jetpack_shortlink":"https:\/\/wp.me\/P8EJTZ-2wU","jetpack_sharing_enabled":true,"_links":{"self":[{"href":"https:\/\/kiube.se\/projekt\/wp-json\/wp\/v2\/pages\/9728","targetHints":{"allow":["GET"]}}],"collection":[{"href":"https:\/\/kiube.se\/projekt\/wp-json\/wp\/v2\/pages"}],"about":[{"href":"https:\/\/kiube.se\/projekt\/wp-json\/wp\/v2\/types\/page"}],"author":[{"embeddable":true,"href":"https:\/\/kiube.se\/projekt\/wp-json\/wp\/v2\/users\/118"}],"replies":[{"embeddable":true,"href":"https:\/\/kiube.se\/projekt\/wp-json\/wp\/v2\/comments?post=9728"}],"version-history":[{"count":3,"href":"https:\/\/kiube.se\/projekt\/wp-json\/wp\/v2\/pages\/9728\/revisions"}],"predecessor-version":[{"id":9734,"href":"https:\/\/kiube.se\/projekt\/wp-json\/wp\/v2\/pages\/9728\/revisions\/9734"}],"wp:attachment":[{"href":"https:\/\/kiube.se\/projekt\/wp-json\/wp\/v2\/media?parent=9728"}],"curies":[{"name":"wp","href":"https:\/\/api.w.org\/{rel}","templated":true}]}}