{"id":9617,"date":"2025-06-17T08:47:56","date_gmt":"2025-06-17T07:47:56","guid":{"rendered":"https:\/\/kiube.se\/projekt\/?page_id=9617"},"modified":"2025-06-17T09:05:55","modified_gmt":"2025-06-17T08:05:55","slug":"04-it-miljo-oar-hushall","status":"publish","type":"page","link":"https:\/\/kiube.se\/projekt\/036_systemdokumentation\/04-it-miljo-oar-hushall","title":{"rendered":"04 \u2013 It-milj\u00f6 \u00f6ar (Hush\u00e5ll)"},"content":{"rendered":"<p>Struktur: 036_systemdokumentation &gt; 04 \u2013 It-milj\u00f6 \u00f6ar (Hush\u00e5ll) &gt;<\/p>\n<hr \/>\n<h3>Noder i en energigemenskap<\/h3>\n","protected":false},"excerpt":{"rendered":"<p>Struktur: &gt; &gt; Noder i en energigemenskap<\/p>\n","protected":false},"author":118,"featured_media":0,"parent":8010,"menu_order":0,"comment_status":"closed","ping_status":"closed","template":"","meta":{"_monsterinsights_skip_tracking":false,"_monsterinsights_sitenote_active":false,"_monsterinsights_sitenote_note":"","_monsterinsights_sitenote_category":0,"jetpack_post_was_ever_published":false,"footnotes":""},"class_list":["post-9617","page","type-page","status-publish","hentry"],"aioseo_notices":[],"jetpack_shortlink":"https:\/\/wp.me\/P8EJTZ-2v7","jetpack_sharing_enabled":true,"_links":{"self":[{"href":"https:\/\/kiube.se\/projekt\/wp-json\/wp\/v2\/pages\/9617","targetHints":{"allow":["GET"]}}],"collection":[{"href":"https:\/\/kiube.se\/projekt\/wp-json\/wp\/v2\/pages"}],"about":[{"href":"https:\/\/kiube.se\/projekt\/wp-json\/wp\/v2\/types\/page"}],"author":[{"embeddable":true,"href":"https:\/\/kiube.se\/projekt\/wp-json\/wp\/v2\/users\/118"}],"replies":[{"embeddable":true,"href":"https:\/\/kiube.se\/projekt\/wp-json\/wp\/v2\/comments?post=9617"}],"version-history":[{"count":7,"href":"https:\/\/kiube.se\/projekt\/wp-json\/wp\/v2\/pages\/9617\/revisions"}],"predecessor-version":[{"id":9627,"href":"https:\/\/kiube.se\/projekt\/wp-json\/wp\/v2\/pages\/9617\/revisions\/9627"}],"up":[{"embeddable":true,"href":"https:\/\/kiube.se\/projekt\/wp-json\/wp\/v2\/pages\/8010"}],"wp:attachment":[{"href":"https:\/\/kiube.se\/projekt\/wp-json\/wp\/v2\/media?parent=9617"}],"curies":[{"name":"wp","href":"https:\/\/api.w.org\/{rel}","templated":true}]}}