{"id":9390,"date":"2024-03-27T15:49:29","date_gmt":"2024-03-27T14:49:29","guid":{"rendered":"https:\/\/kiube.se\/projekt\/?page_id=9390"},"modified":"2024-03-28T09:02:51","modified_gmt":"2024-03-28T08:02:51","slug":"048-agroecology","status":"publish","type":"page","link":"https:\/\/kiube.se\/projekt\/048-agroecology","title":{"rendered":"#048 \u2013 Agroecology"},"content":{"rendered":"<pre><strong>ProjektId<\/strong>: #048 - 00 |<a href=\"https:\/\/www.agroecology-pool.org\/\">Agroecology Info Pool<\/a> |<\/pre>\n<hr \/>\n<p>001 &#8211; Sj\u00e4lvskattning &#8220;criteria tool&#8221; <a href=\"https:\/\/docs.google.com\/spreadsheets\/d\/1w-3biTH_8dIDlgmRb3tm6q9aFL7-wkxr\/edit#gid=2046328962\">B-ACT<\/a><\/p>\n<p>&nbsp;<\/p>\n<p><a href=\"https:\/\/kiube.se\/projekt\/8823\">M\u00e4lardalens h\u00f6gskola<\/a><br \/>\n002 &#8211;<a href=\"https:\/\/kiube.se\/projekt\/8823\"> SLU presentation<\/a><br \/>\n003 &#8211; Hvilan Utbildning, <a href=\"https:\/\/docs.google.com\/presentation\/d\/1munyUVSvf741yIIhVwVgW7kWVtezz0Sk-qWhkw0ClBM\/edit?usp=sharing\">pedagigiskt mtrl<\/a> | <a href=\"https:\/\/docs.google.com\/presentation\/d\/1vwnAZOQtpr-3TiitvI_ZBkWSJKCzP3R-MnCDp22rgpA\/edit?usp=sharing\">The Big Picture<\/a> |<br \/>\n003 &#8211; Region sk\u00e5ne EU projekt | <a href=\"https:\/\/utveckling.skane.se\/sok\/?query=solbruk\">solbruk<\/a> | <a href=\"https:\/\/kiube.se\/projekt\/9318\">Projektbeskrivning<\/a> |<br \/>\n004 &#8211; Mossag\u00e5rden,<br \/>\n005 &#8211; Per Oden \u00c4ppleodling<br \/>\n006 &#8211; Alnarp Agroecology Farm |CSA\/CSE |<br \/>\n007 &#8211; S\u00f6derlunds Sm\u00e5bruk |<br \/>\n008 &#8211; St Lars Projekt Herrg\u00e4rdan | Ekodistrikt<\/p>\n<p>&nbsp;<\/p>\n<pre><\/pre>\n","protected":false},"excerpt":{"rendered":"<p>ProjektId: #048 &#8211; 00 |Agroecology Info Pool | 001 &#8211; Sj\u00e4lvskattning &#8220;criteria tool&#8221; B-ACT &nbsp; M\u00e4lardalens h\u00f6gskola 002 &#8211; SLU presentation 003 &#8211; Hvilan Utbildning, pedagigiskt mtrl | The Big Picture | 003 &#8211; Region sk\u00e5ne EU projekt | solbruk | Projektbeskrivning | 004 &#8211; Mossag\u00e5rden, 005 &#8211; Per Oden \u00c4ppleodling 006 &#8211; Alnarp Agroecology [&hellip;]<\/p>\n","protected":false},"author":118,"featured_media":0,"parent":0,"menu_order":0,"comment_status":"closed","ping_status":"closed","template":"page.php","meta":{"_monsterinsights_skip_tracking":false,"_monsterinsights_sitenote_active":false,"_monsterinsights_sitenote_note":"","_monsterinsights_sitenote_category":0,"jetpack_post_was_ever_published":false,"footnotes":""},"class_list":["post-9390","page","type-page","status-publish","hentry"],"aioseo_notices":[],"jetpack_shortlink":"https:\/\/wp.me\/P8EJTZ-2rs","jetpack_sharing_enabled":true,"_links":{"self":[{"href":"https:\/\/kiube.se\/projekt\/wp-json\/wp\/v2\/pages\/9390","targetHints":{"allow":["GET"]}}],"collection":[{"href":"https:\/\/kiube.se\/projekt\/wp-json\/wp\/v2\/pages"}],"about":[{"href":"https:\/\/kiube.se\/projekt\/wp-json\/wp\/v2\/types\/page"}],"author":[{"embeddable":true,"href":"https:\/\/kiube.se\/projekt\/wp-json\/wp\/v2\/users\/118"}],"replies":[{"embeddable":true,"href":"https:\/\/kiube.se\/projekt\/wp-json\/wp\/v2\/comments?post=9390"}],"version-history":[{"count":0,"href":"https:\/\/kiube.se\/projekt\/wp-json\/wp\/v2\/pages\/9390\/revisions"}],"wp:attachment":[{"href":"https:\/\/kiube.se\/projekt\/wp-json\/wp\/v2\/media?parent=9390"}],"curies":[{"name":"wp","href":"https:\/\/api.w.org\/{rel}","templated":true}]}}