{"id":9308,"date":"2024-03-18T11:27:24","date_gmt":"2024-03-18T10:27:24","guid":{"rendered":"https:\/\/kiube.se\/projekt\/?page_id=9308"},"modified":"2025-02-04T11:17:29","modified_gmt":"2025-02-04T10:17:29","slug":"047-agrivoltaic","status":"publish","type":"page","link":"https:\/\/kiube.se\/projekt\/047-agrivoltaic","title":{"rendered":"#047 \u2013 Agrivoltaic"},"content":{"rendered":"<pre><strong>ProjektId<\/strong>: #047 - 00 | <a href=\"https:\/\/drive.google.com\/file\/d\/1KZ-NnnAYrVXodr1Ok1_k4ME9R8eDfiJ8\/view\">M\u00e4lardalens h\u00f6gskola<\/a> | Bengts Villablogg | SLU | <a href=\"https:\/\/utveckling.skane.se\/sok\/?query=solbruk\">Region Sk\u00e5ne <\/a> | <a href=\"https:\/\/utveckling.skane.se\/tema\/solbruk\/\">Webbsida<\/a> |<\/pre>\n<hr \/>\n<p>001 &#8211; <a href=\"https:\/\/kiube.se\/projekt\/8823\">M\u00e4lardalens h\u00f6gskola<\/a><br \/>\n002 &#8211;<a href=\"https:\/\/kiube.se\/projekt\/8823\"> SLU presentation<\/a><br \/>\n003 &#8211; Hvilan Utbildning, <a href=\"https:\/\/docs.google.com\/presentation\/d\/1munyUVSvf741yIIhVwVgW7kWVtezz0Sk-qWhkw0ClBM\/edit?usp=sharing\">pedagigiskt mtrl<\/a> | <a href=\"https:\/\/docs.google.com\/presentation\/d\/1vwnAZOQtpr-3TiitvI_ZBkWSJKCzP3R-MnCDp22rgpA\/edit?usp=sharing\">The Big Picture<\/a> |<br \/>\n003 &#8211; Region sk\u00e5ne EU projekt | <a href=\"https:\/\/utveckling.skane.se\/sok\/?query=solbruk\">solbruk<\/a> | <a href=\"https:\/\/kiube.se\/projekt\/9318\">Projektbeskrivning<\/a> |<br \/>\n004 &#8211; Mossag\u00e5rden,<br \/>\n005 &#8211; Per Oden \u00c4ppleodling<br \/>\n006 &#8211; Alnarp Agroecology Farm |CSA\/CSE |<br \/>\n007 &#8211; S\u00f6derlunds Sm\u00e5bruk |<br \/>\n008 &#8211; St Lars Projekt Herrg\u00e4rdan | Ekodistrikt<br \/>\n009 &#8211; <a href=\"https:\/\/kiube.se\/projekt\/x047-009-nalta-solpark-mellangard\">Nalta Solpark Mellang\u00e5rd<\/a><\/p>\n<p>&nbsp;<\/p>\n","protected":false},"excerpt":{"rendered":"<p>ProjektId: #047 &#8211; 00 | M\u00e4lardalens h\u00f6gskola | Bengts Villablogg | SLU | Region Sk\u00e5ne | Webbsida | 001 &#8211; M\u00e4lardalens h\u00f6gskola 002 &#8211; SLU presentation 003 &#8211; Hvilan Utbildning, pedagigiskt mtrl | The Big Picture | 003 &#8211; Region sk\u00e5ne EU projekt | solbruk | Projektbeskrivning | 004 &#8211; Mossag\u00e5rden, 005 &#8211; Per Oden [&hellip;]<\/p>\n","protected":false},"author":118,"featured_media":0,"parent":0,"menu_order":0,"comment_status":"closed","ping_status":"closed","template":"","meta":{"_monsterinsights_skip_tracking":false,"_monsterinsights_sitenote_active":false,"_monsterinsights_sitenote_note":"","_monsterinsights_sitenote_category":0,"jetpack_post_was_ever_published":false,"footnotes":""},"class_list":["post-9308","page","type-page","status-publish","hentry"],"aioseo_notices":[],"jetpack_shortlink":"https:\/\/wp.me\/P8EJTZ-2q8","jetpack_sharing_enabled":true,"_links":{"self":[{"href":"https:\/\/kiube.se\/projekt\/wp-json\/wp\/v2\/pages\/9308","targetHints":{"allow":["GET"]}}],"collection":[{"href":"https:\/\/kiube.se\/projekt\/wp-json\/wp\/v2\/pages"}],"about":[{"href":"https:\/\/kiube.se\/projekt\/wp-json\/wp\/v2\/types\/page"}],"author":[{"embeddable":true,"href":"https:\/\/kiube.se\/projekt\/wp-json\/wp\/v2\/users\/118"}],"replies":[{"embeddable":true,"href":"https:\/\/kiube.se\/projekt\/wp-json\/wp\/v2\/comments?post=9308"}],"version-history":[{"count":0,"href":"https:\/\/kiube.se\/projekt\/wp-json\/wp\/v2\/pages\/9308\/revisions"}],"wp:attachment":[{"href":"https:\/\/kiube.se\/projekt\/wp-json\/wp\/v2\/media?parent=9308"}],"curies":[{"name":"wp","href":"https:\/\/api.w.org\/{rel}","templated":true}]}}