{"id":9299,"date":"2024-03-18T11:16:50","date_gmt":"2024-03-18T10:16:50","guid":{"rendered":"https:\/\/kiube.se\/projekt\/?page_id=9299"},"modified":"2025-11-27T16:11:34","modified_gmt":"2025-11-27T15:11:34","slug":"projektvy-001-lagenergisystem-dvdc","status":"publish","type":"page","link":"https:\/\/kiube.se\/projekt\/projektvy-001-lagenergisystem-dvdc","title":{"rendered":"Projektvy #001 L\u00e5genergisystem DVDC"},"content":{"rendered":"<pre><strong>K\u00e4lla<\/strong>:Design Greenhouse |<\/pre>\n<hr \/>\n<p>#001 &#8211; 00 <a href=\"https:\/\/yellotab.se\/x042\/\">Laddstation 042 &#8211; Stenkrossen<\/a> | <a href=\"https:\/\/kiube.se\/projekt\/category\/projekt\/projekt-001\">Plogg<\/a> |<br \/>\n#001 &#8211; 01 <a href=\"https:\/\/yellotab.se\/x044\/\">Utvecklingsplats x044 &#8211; Stenkrossen<\/a><br \/>\n#001 &#8211; 02 <a href=\"https:\/\/yellotab.se\/portfolio\/x046\/\">F\u00f6rs\u00f6ksanl\u00e4ggning x046<\/a><br \/>\n#001 &#8211;\u00a0 03 Balkongkraft Microinverter 220VAC<\/p>\n","protected":false},"excerpt":{"rendered":"<p>K\u00e4lla:Design Greenhouse | #001 &#8211; 00 Laddstation 042 &#8211; Stenkrossen | Plogg | #001 &#8211; 01 Utvecklingsplats x044 &#8211; Stenkrossen #001 &#8211; 02 F\u00f6rs\u00f6ksanl\u00e4ggning x046 #001 &#8211;\u00a0 03 Balkongkraft Microinverter 220VAC<\/p>\n","protected":false},"author":118,"featured_media":0,"parent":0,"menu_order":0,"comment_status":"closed","ping_status":"closed","template":"","meta":{"_monsterinsights_skip_tracking":false,"_monsterinsights_sitenote_active":false,"_monsterinsights_sitenote_note":"","_monsterinsights_sitenote_category":0,"jetpack_post_was_ever_published":false,"footnotes":""},"class_list":["post-9299","page","type-page","status-publish","hentry"],"aioseo_notices":[],"jetpack_shortlink":"https:\/\/wp.me\/P8EJTZ-2pZ","jetpack_sharing_enabled":true,"_links":{"self":[{"href":"https:\/\/kiube.se\/projekt\/wp-json\/wp\/v2\/pages\/9299","targetHints":{"allow":["GET"]}}],"collection":[{"href":"https:\/\/kiube.se\/projekt\/wp-json\/wp\/v2\/pages"}],"about":[{"href":"https:\/\/kiube.se\/projekt\/wp-json\/wp\/v2\/types\/page"}],"author":[{"embeddable":true,"href":"https:\/\/kiube.se\/projekt\/wp-json\/wp\/v2\/users\/118"}],"replies":[{"embeddable":true,"href":"https:\/\/kiube.se\/projekt\/wp-json\/wp\/v2\/comments?post=9299"}],"version-history":[{"count":3,"href":"https:\/\/kiube.se\/projekt\/wp-json\/wp\/v2\/pages\/9299\/revisions"}],"predecessor-version":[{"id":9698,"href":"https:\/\/kiube.se\/projekt\/wp-json\/wp\/v2\/pages\/9299\/revisions\/9698"}],"wp:attachment":[{"href":"https:\/\/kiube.se\/projekt\/wp-json\/wp\/v2\/media?parent=9299"}],"curies":[{"name":"wp","href":"https:\/\/api.w.org\/{rel}","templated":true}]}}