{"id":9262,"date":"2024-01-26T13:16:45","date_gmt":"2024-01-26T12:16:45","guid":{"rendered":"https:\/\/kiube.se\/projekt\/?page_id=9262"},"modified":"2024-01-26T14:08:43","modified_gmt":"2024-01-26T13:08:43","slug":"034-29-fagelinventering","status":"publish","type":"page","link":"https:\/\/kiube.se\/projekt\/034-29-fagelinventering","title":{"rendered":"#034-29 F\u00e5gelinventering"},"content":{"rendered":"<table class=\"table\" style=\"border-collapse: collapse; width: 100%;\">\n<tbody>\n<tr>\n<td style=\"width: 71.9621%;\">\n<h3>Wildlife ljudinspelningsenhet &#8220;Song Meter Micro&#8221;<\/h3>\n<p>Med denna lilla enhet kan du spela in ljud i naturen som f\u00e5gell\u00e4ten f\u00f6r senare analys, tex med programmet Kaledioscope !<\/td>\n<td style=\"width: 28.0379%; text-align: right;\"><img loading=\"lazy\" decoding=\"async\" width=\"1\" height=\"1\" src=\"https:\/\/kiube.se\/projekt\/files\/2024\/01\/IMG_0373.jpeg\" class=\"attachment-thumbnail size-thumbnail wp-post-image\" alt=\"\" data-attachment-id=\"9263\" data-permalink=\"https:\/\/kiube.se\/projekt\/034-29-fagelinventering\/img_0373\" data-orig-file=\"https:\/\/kiube.se\/projekt\/files\/2024\/01\/IMG_0373.jpeg\" data-orig-size=\"\" data-comments-opened=\"1\" data-image-meta=\"[]\" data-image-title=\"IMG_0373\" data-image-description=\"\" data-image-caption=\"\" data-large-file=\"https:\/\/kiube.se\/projekt\/files\/2024\/01\/IMG_0373.jpeg\" \/><\/td>\n<\/tr>\n<\/tbody>\n<\/table>\n<h4>1. Den \u00f6vergripande processen<\/h4>\n<ol>\n<li>Ladda ner appen<\/li>\n<li>Med appen konfigurera hur och n\u00e4r inspelning sker<\/li>\n<li>Starta inspelning och s\u00e4tt ut enheten i naturen<\/li>\n<li>N\u00e4r inspelning \u00e4r klar, ta ur SD kort och s\u00e4tt in i en dator<\/li>\n<li>Ladd ner inspelningsfil till dator<\/li>\n<li>Anv\u00e4nd program Kaleidoscope f\u00f6r att analysera ljudfiler<\/li>\n<\/ol>\n<table class=\"table\" style=\"border-collapse: collapse; width: 100%;\">\n<tbody>\n<tr>\n<td style=\"width: 50%;\">\n<h4>2a. Koppla ihop (para) mobiltelefon med enheten med bluetooth.<\/h4>\n<ol>\n<li>Ladda ner Song Meter appen till din mobiltelefon<\/li>\n<li>S\u00e4tt i 3 st AA Batteri enheten<\/li>\n<li>Skjut brytare under locket i l\u00e4ge On<\/li>\n<li>H\u00e5ll knapp status\/PAIR nedtryckt s\u00e5 att gr\u00f6n ledd b\u00f6rjar blinka<\/li>\n<\/ol>\n<h4>2b. Starta mobilappen<\/h4>\n<p>Under fliken &#8220;recorders&#8221; v\u00e4lj &#8220;pair&#8221; p\u00e5 sk\u00e4rmen och mobil och enhet \u00e4r parade med varandra och kan utbyta information 3.<\/td>\n<td style=\"width: 50%;\"><a href=\"https:\/\/kiube.se\/projekt\/034-29-fagelinventering\/img_0375-scaled-2\" rel=\"attachment wp-att-9275\"><img loading=\"lazy\" decoding=\"async\" data-attachment-id=\"9275\" data-permalink=\"https:\/\/kiube.se\/projekt\/034-29-fagelinventering\/img_0375-scaled-2\" data-orig-file=\"https:\/\/s3.eu-north-1.amazonaws.com\/kiube.se\/wp-content\/uploads\/sites\/72\/2024\/01\/26135909\/IMG_0375-scaled-2.jpeg\" data-orig-size=\"1920,2560\" data-comments-opened=\"1\" data-image-meta=\"{&quot;aperture&quot;:&quot;1.8&quot;,&quot;credit&quot;:&quot;&quot;,&quot;camera&quot;:&quot;iPhone SE (2nd generation)&quot;,&quot;caption&quot;:&quot;&quot;,&quot;created_timestamp&quot;:&quot;1678644950&quot;,&quot;copyright&quot;:&quot;&quot;,&quot;focal_length&quot;:&quot;3.99&quot;,&quot;iso&quot;:&quot;160&quot;,&quot;shutter_speed&quot;:&quot;0.016666666666667&quot;,&quot;title&quot;:&quot;&quot;,&quot;orientation&quot;:&quot;1&quot;}\" data-image-title=\"IMG_0375-scaled\" data-image-description=\"\" data-image-caption=\"\" data-large-file=\"https:\/\/s3.eu-north-1.amazonaws.com\/kiube.se\/wp-content\/uploads\/sites\/72\/2024\/01\/26135909\/IMG_0375-scaled-2-768x1024.jpeg\" class=\"alignnone size-full wp-image-9275\" src=\"https:\/\/s3.eu-north-1.amazonaws.com\/kiube.se\/wp-content\/uploads\/sites\/72\/2024\/01\/26135909\/IMG_0375-scaled-2.jpeg\" alt=\"\" width=\"1920\" height=\"2560\" srcset=\"https:\/\/s3.eu-north-1.amazonaws.com\/kiube.se\/wp-content\/uploads\/sites\/72\/2024\/01\/26135909\/IMG_0375-scaled-2.jpeg 1920w, https:\/\/s3.eu-north-1.amazonaws.com\/kiube.se\/wp-content\/uploads\/sites\/72\/2024\/01\/26135909\/IMG_0375-scaled-2-225x300.jpeg 225w, https:\/\/s3.eu-north-1.amazonaws.com\/kiube.se\/wp-content\/uploads\/sites\/72\/2024\/01\/26135909\/IMG_0375-scaled-2-768x1024.jpeg 768w, https:\/\/s3.eu-north-1.amazonaws.com\/kiube.se\/wp-content\/uploads\/sites\/72\/2024\/01\/26135909\/IMG_0375-scaled-2-1152x1536.jpeg 1152w, https:\/\/s3.eu-north-1.amazonaws.com\/kiube.se\/wp-content\/uploads\/sites\/72\/2024\/01\/26135909\/IMG_0375-scaled-2-1536x2048.jpeg 1536w, https:\/\/s3.eu-north-1.amazonaws.com\/kiube.se\/wp-content\/uploads\/sites\/72\/2024\/01\/26135909\/IMG_0375-scaled-2-1320x1760.jpeg 1320w\" sizes=\"auto, (max-width: 1920px) 100vw, 1920px\" \/><\/a><\/td>\n<\/tr>\n<\/tbody>\n<\/table>\n<h4>3. Instruktioner\u00a0 f\u00f6r inpelningsenhet micro och dess anv\u00e4ndning<\/h4>\n<p><strong>SD minneskort<\/strong> : <a href=\"https:\/\/yellotab.se\/x056\/2023\/03\/16\/hantera-sd-minneskort\/\">Hantera SD kort<\/a> |<br \/>\n<strong>Handhavande mobilapp<\/strong> | <a href=\"https:\/\/yellotab.se\/x056\/2023\/03\/13\/identifiera-enheten\/\">Identifiera enhet<\/a>\u00a0|\u00a0<a href=\"https:\/\/yellotab.se\/x056\/2022\/09\/26\/uppdatera-firmware-wildlife-micro\/\">Uppdatera firmware<\/a>\u00a0|<br \/>\n<strong>Inspelningsenehet Micro:<\/strong> <a href=\"https:\/\/yellotab.se\/x056\/2023\/03\/13\/handhavande\/\">Handhavande<\/a>\u00a0|<br \/>\n<strong>Program Kaleidoscope:<\/strong> <a href=\"https:\/\/yellotab.se\/x056\/2023\/03\/13\/kaleidoscope-ljud-analys\/\">Beskrivning<\/a>\u00a0| Handhavande |<\/p>\n","protected":false},"excerpt":{"rendered":"<p>Wildlife ljudinspelningsenhet &#8220;Song Meter Micro&#8221; Med denna lilla enhet kan du spela in ljud i naturen som f\u00e5gell\u00e4ten f\u00f6r senare analys, tex med programmet Kaledioscope ! 1. Den \u00f6vergripande processen Ladda ner appen Med appen konfigurera hur och n\u00e4r inspelning sker Starta inspelning och s\u00e4tt ut enheten i naturen N\u00e4r inspelning \u00e4r klar, ta ur [&hellip;]<\/p>\n","protected":false},"author":118,"featured_media":9263,"parent":0,"menu_order":0,"comment_status":"closed","ping_status":"closed","template":"page.php","meta":{"_monsterinsights_skip_tracking":false,"_monsterinsights_sitenote_active":false,"_monsterinsights_sitenote_note":"","_monsterinsights_sitenote_category":0,"jetpack_post_was_ever_published":false,"footnotes":""},"class_list":["post-9262","page","type-page","status-publish","has-post-thumbnail","hentry"],"aioseo_notices":[],"jetpack_shortlink":"https:\/\/wp.me\/P8EJTZ-2po","jetpack_sharing_enabled":true,"_links":{"self":[{"href":"https:\/\/kiube.se\/projekt\/wp-json\/wp\/v2\/pages\/9262","targetHints":{"allow":["GET"]}}],"collection":[{"href":"https:\/\/kiube.se\/projekt\/wp-json\/wp\/v2\/pages"}],"about":[{"href":"https:\/\/kiube.se\/projekt\/wp-json\/wp\/v2\/types\/page"}],"author":[{"embeddable":true,"href":"https:\/\/kiube.se\/projekt\/wp-json\/wp\/v2\/users\/118"}],"replies":[{"embeddable":true,"href":"https:\/\/kiube.se\/projekt\/wp-json\/wp\/v2\/comments?post=9262"}],"version-history":[{"count":0,"href":"https:\/\/kiube.se\/projekt\/wp-json\/wp\/v2\/pages\/9262\/revisions"}],"wp:featuredmedia":[{"embeddable":true,"href":"https:\/\/kiube.se\/projekt\/wp-json\/wp\/v2\/media\/9263"}],"wp:attachment":[{"href":"https:\/\/kiube.se\/projekt\/wp-json\/wp\/v2\/media?parent=9262"}],"curies":[{"name":"wp","href":"https:\/\/api.w.org\/{rel}","templated":true}]}}