{"id":9060,"date":"2023-08-04T08:35:25","date_gmt":"2023-08-04T07:35:25","guid":{"rendered":"https:\/\/kiube.se\/projekt\/?page_id=9060"},"modified":"2023-08-07T19:02:59","modified_gmt":"2023-08-07T18:02:59","slug":"projektvy-29-09-klimatvakt-greta","status":"publish","type":"page","link":"https:\/\/kiube.se\/projekt\/projektvy-29-09-klimatvakt-greta","title":{"rendered":"Projektvy  #029 &#8211; 09 Klimatvakt Greta"},"content":{"rendered":"<p>&nbsp;<\/p>\n<pre><strong>\r\nK\u00e4lla<\/strong>: <a href=\"https:\/\/kiube.se\/projekt\/tag\/029-09\">Plogg<\/a> | <a href=\"https:\/\/www.jidoka.se\/produkt\/miljostation-greta\/\">Showroom<\/a> | <a href=\"https:\/\/drive.google.com\/drive\/u\/0\/folders\/11N8gqAv1bizAyKDbz_lUvZXm30iRIJok\">Projekt #029-09<\/a> | <a href=\"https:\/\/kiube.se\/p007\/29944\/\">Installation<\/a> | <a href=\"https:\/\/drive.google.com\/drive\/u\/0\/folders\/1wk6qH7KlBwkC-X0eFqnAkZtVRuQMnIts\">Support x055<\/a> |<\/pre>\n<hr \/>\n<div data-carousel-extra='{&quot;blog_id&quot;:72,&quot;permalink&quot;:&quot;https:\/\/kiube.se\/projekt\/projektvy-29-09-klimatvakt-greta&quot;}' id='gallery-1' class='gallery galleryid-9060 gallery-columns-5 gallery-size-thumbnail'><figure class='gallery-item'>\n\t\t\t<div class='gallery-icon landscape'>\n\t\t\t\t<a href='https:\/\/s3.eu-north-1.amazonaws.com\/kiube.se\/wp-content\/uploads\/sites\/72\/2020\/05\/26170557\/WhatsApp-Image-2020-05-02-at-18.02.50.jpeg'><img loading=\"lazy\" decoding=\"async\" width=\"150\" height=\"150\" src=\"https:\/\/s3.eu-north-1.amazonaws.com\/kiube.se\/wp-content\/uploads\/sites\/72\/2020\/05\/26170557\/WhatsApp-Image-2020-05-02-at-18.02.50-150x150.jpeg\" class=\"attachment-thumbnail size-thumbnail\" alt=\"\" aria-describedby=\"gallery-1-7050\" data-attachment-id=\"7050\" data-permalink=\"https:\/\/kiube.se\/projekt\/7048\/whatsapp-image-2020-05-02-at-18-02-50\" data-orig-file=\"https:\/\/s3.eu-north-1.amazonaws.com\/kiube.se\/wp-content\/uploads\/sites\/72\/2020\/05\/26170557\/WhatsApp-Image-2020-05-02-at-18.02.50.jpeg\" data-orig-size=\"1600,1200\" data-comments-opened=\"1\" data-image-meta=\"{&quot;aperture&quot;:&quot;0&quot;,&quot;credit&quot;:&quot;&quot;,&quot;camera&quot;:&quot;&quot;,&quot;caption&quot;:&quot;&quot;,&quot;created_timestamp&quot;:&quot;0&quot;,&quot;copyright&quot;:&quot;&quot;,&quot;focal_length&quot;:&quot;0&quot;,&quot;iso&quot;:&quot;0&quot;,&quot;shutter_speed&quot;:&quot;0&quot;,&quot;title&quot;:&quot;&quot;,&quot;orientation&quot;:&quot;0&quot;}\" data-image-title=\"WhatsApp Image 2020-05-02 at 18.02.50\" data-image-description=\"\" data-image-caption=\"&lt;p&gt;Teamet&lt;\/p&gt;\n\" data-large-file=\"https:\/\/s3.eu-north-1.amazonaws.com\/kiube.se\/wp-content\/uploads\/sites\/72\/2020\/05\/26170557\/WhatsApp-Image-2020-05-02-at-18.02.50-1024x768.jpeg\" \/><\/a>\n\t\t\t<\/div>\n\t\t\t\t<figcaption class='wp-caption-text gallery-caption' id='gallery-1-7050'>\n\t\t\t\tTeamet\n\t\t\t\t<\/figcaption><\/figure><figure class='gallery-item'>\n\t\t\t<div class='gallery-icon landscape'>\n\t\t\t\t<a href='https:\/\/s3.eu-north-1.amazonaws.com\/kiube.se\/wp-content\/uploads\/sites\/72\/2020\/06\/26170526\/IMG_4190-scaled.jpg'><img loading=\"lazy\" decoding=\"async\" width=\"150\" height=\"150\" src=\"https:\/\/s3.eu-north-1.amazonaws.com\/kiube.se\/wp-content\/uploads\/sites\/72\/2020\/06\/26170526\/IMG_4190-150x150.jpg\" class=\"attachment-thumbnail size-thumbnail\" alt=\"\" aria-describedby=\"gallery-1-7210\" data-attachment-id=\"7210\" data-permalink=\"https:\/\/kiube.se\/projekt\/7205\/img_4190\" data-orig-file=\"https:\/\/s3.eu-north-1.amazonaws.com\/kiube.se\/wp-content\/uploads\/sites\/72\/2020\/06\/26170526\/IMG_4190-scaled.jpg\" data-orig-size=\"2560,1920\" data-comments-opened=\"1\" data-image-meta=\"{&quot;aperture&quot;:&quot;2.2&quot;,&quot;credit&quot;:&quot;&quot;,&quot;camera&quot;:&quot;iPhone 6s&quot;,&quot;caption&quot;:&quot;&quot;,&quot;created_timestamp&quot;:&quot;1591828898&quot;,&quot;copyright&quot;:&quot;&quot;,&quot;focal_length&quot;:&quot;4.15&quot;,&quot;iso&quot;:&quot;1250&quot;,&quot;shutter_speed&quot;:&quot;0.058823529411765&quot;,&quot;title&quot;:&quot;&quot;,&quot;orientation&quot;:&quot;1&quot;}\" data-image-title=\"IMG_4190\" data-image-description=\"\" data-image-caption=\"&lt;p&gt;Nattvy&lt;\/p&gt;\n\" data-large-file=\"https:\/\/s3.eu-north-1.amazonaws.com\/kiube.se\/wp-content\/uploads\/sites\/72\/2020\/06\/26170526\/IMG_4190-1024x768.jpg\" \/><\/a>\n\t\t\t<\/div>\n\t\t\t\t<figcaption class='wp-caption-text gallery-caption' id='gallery-1-7210'>\n\t\t\t\tNattvy\n\t\t\t\t<\/figcaption><\/figure><figure class='gallery-item'>\n\t\t\t<div class='gallery-icon landscape'>\n\t\t\t\t<a href='https:\/\/s3.eu-north-1.amazonaws.com\/kiube.se\/wp-content\/uploads\/sites\/72\/2020\/06\/26170528\/IMG_4183-scaled.jpg'><img loading=\"lazy\" decoding=\"async\" width=\"150\" height=\"150\" src=\"https:\/\/s3.eu-north-1.amazonaws.com\/kiube.se\/wp-content\/uploads\/sites\/72\/2020\/06\/26170528\/IMG_4183-150x150.jpg\" class=\"attachment-thumbnail size-thumbnail\" alt=\"\" aria-describedby=\"gallery-1-7209\" data-attachment-id=\"7209\" data-permalink=\"https:\/\/kiube.se\/projekt\/7205\/img_4183\" data-orig-file=\"https:\/\/s3.eu-north-1.amazonaws.com\/kiube.se\/wp-content\/uploads\/sites\/72\/2020\/06\/26170528\/IMG_4183-scaled.jpg\" data-orig-size=\"2560,1920\" data-comments-opened=\"1\" data-image-meta=\"{&quot;aperture&quot;:&quot;2.2&quot;,&quot;credit&quot;:&quot;&quot;,&quot;camera&quot;:&quot;iPhone 6s&quot;,&quot;caption&quot;:&quot;&quot;,&quot;created_timestamp&quot;:&quot;1591828772&quot;,&quot;copyright&quot;:&quot;&quot;,&quot;focal_length&quot;:&quot;4.15&quot;,&quot;iso&quot;:&quot;800&quot;,&quot;shutter_speed&quot;:&quot;0.058823529411765&quot;,&quot;title&quot;:&quot;&quot;,&quot;orientation&quot;:&quot;1&quot;}\" data-image-title=\"IMG_4183\" data-image-description=\"\" data-image-caption=\"&lt;p&gt;Sensorl\u00e5da&lt;\/p&gt;\n\" data-large-file=\"https:\/\/s3.eu-north-1.amazonaws.com\/kiube.se\/wp-content\/uploads\/sites\/72\/2020\/06\/26170528\/IMG_4183-1024x768.jpg\" \/><\/a>\n\t\t\t<\/div>\n\t\t\t\t<figcaption class='wp-caption-text gallery-caption' id='gallery-1-7209'>\n\t\t\t\tSensorl\u00e5da\n\t\t\t\t<\/figcaption><\/figure><figure class='gallery-item'>\n\t\t\t<div class='gallery-icon landscape'>\n\t\t\t\t<a href='https:\/\/s3.eu-north-1.amazonaws.com\/kiube.se\/wp-content\/uploads\/sites\/72\/2020\/06\/26170529\/IMG_4158-scaled.jpg'><img loading=\"lazy\" decoding=\"async\" width=\"150\" height=\"150\" src=\"https:\/\/s3.eu-north-1.amazonaws.com\/kiube.se\/wp-content\/uploads\/sites\/72\/2020\/06\/26170529\/IMG_4158-150x150.jpg\" class=\"attachment-thumbnail size-thumbnail\" alt=\"\" aria-describedby=\"gallery-1-7208\" data-attachment-id=\"7208\" data-permalink=\"https:\/\/kiube.se\/projekt\/7205\/img_4158\" data-orig-file=\"https:\/\/s3.eu-north-1.amazonaws.com\/kiube.se\/wp-content\/uploads\/sites\/72\/2020\/06\/26170529\/IMG_4158-scaled.jpg\" data-orig-size=\"2560,1920\" data-comments-opened=\"1\" data-image-meta=\"{&quot;aperture&quot;:&quot;2.2&quot;,&quot;credit&quot;:&quot;&quot;,&quot;camera&quot;:&quot;iPhone 6s&quot;,&quot;caption&quot;:&quot;&quot;,&quot;created_timestamp&quot;:&quot;1591820329&quot;,&quot;copyright&quot;:&quot;&quot;,&quot;focal_length&quot;:&quot;4.15&quot;,&quot;iso&quot;:&quot;32&quot;,&quot;shutter_speed&quot;:&quot;0.01&quot;,&quot;title&quot;:&quot;&quot;,&quot;orientation&quot;:&quot;1&quot;}\" data-image-title=\"IMG_4158\" data-image-description=\"\" data-image-caption=\"&lt;p&gt;Solpaneler&lt;\/p&gt;\n\" data-large-file=\"https:\/\/s3.eu-north-1.amazonaws.com\/kiube.se\/wp-content\/uploads\/sites\/72\/2020\/06\/26170529\/IMG_4158-1024x768.jpg\" \/><\/a>\n\t\t\t<\/div>\n\t\t\t\t<figcaption class='wp-caption-text gallery-caption' id='gallery-1-7208'>\n\t\t\t\tSolpaneler\n\t\t\t\t<\/figcaption><\/figure><figure class='gallery-item'>\n\t\t\t<div class='gallery-icon landscape'>\n\t\t\t\t<a href='https:\/\/s3.eu-north-1.amazonaws.com\/kiube.se\/wp-content\/uploads\/sites\/72\/2020\/06\/26170532\/IMG_4149-scaled.jpg'><img loading=\"lazy\" decoding=\"async\" width=\"150\" height=\"150\" src=\"https:\/\/s3.eu-north-1.amazonaws.com\/kiube.se\/wp-content\/uploads\/sites\/72\/2020\/06\/26170532\/IMG_4149-150x150.jpg\" class=\"attachment-thumbnail size-thumbnail\" alt=\"\" aria-describedby=\"gallery-1-7207\" data-attachment-id=\"7207\" data-permalink=\"https:\/\/kiube.se\/projekt\/7205\/img_4149\" data-orig-file=\"https:\/\/s3.eu-north-1.amazonaws.com\/kiube.se\/wp-content\/uploads\/sites\/72\/2020\/06\/26170532\/IMG_4149-scaled.jpg\" data-orig-size=\"2560,1920\" data-comments-opened=\"1\" data-image-meta=\"{&quot;aperture&quot;:&quot;2.2&quot;,&quot;credit&quot;:&quot;&quot;,&quot;camera&quot;:&quot;iPhone 6s&quot;,&quot;caption&quot;:&quot;&quot;,&quot;created_timestamp&quot;:&quot;1591819705&quot;,&quot;copyright&quot;:&quot;&quot;,&quot;focal_length&quot;:&quot;4.15&quot;,&quot;iso&quot;:&quot;25&quot;,&quot;shutter_speed&quot;:&quot;0.0095238095238095&quot;,&quot;title&quot;:&quot;&quot;,&quot;orientation&quot;:&quot;1&quot;}\" data-image-title=\"IMG_4149\" data-image-description=\"\" data-image-caption=\"&lt;p&gt;Installation&lt;\/p&gt;\n\" data-large-file=\"https:\/\/s3.eu-north-1.amazonaws.com\/kiube.se\/wp-content\/uploads\/sites\/72\/2020\/06\/26170532\/IMG_4149-1024x768.jpg\" \/><\/a>\n\t\t\t<\/div>\n\t\t\t\t<figcaption class='wp-caption-text gallery-caption' id='gallery-1-7207'>\n\t\t\t\tInstallation\n\t\t\t\t<\/figcaption><\/figure>\n\t\t<\/div>\n\n<p>Cirkul\u00e4r ekosystemdesign f\u00f6r h\u00e5llbar resurshantering<\/p>\n<p><strong>Vad \u00e4r din innovation?<\/strong><\/p>\n<p>Klimatvakten Greta \u00e4r en kombination av en rastplats och en sj\u00e4lvf\u00f6rs\u00f6rjande milj\u00f6vakt med lokal energiproduktion f\u00f6r laddning av elektriska apparater och lagring av energi lokalt.<\/p>\n<p><strong>Vilket problem l\u00f6ser din innovation? (Icke-teknisk beskrivning i lekmannens termer)<\/strong><\/p>\n<p>En vacker och enkel m\u00f6bel som kommer att bidra till \u00f6kad medvetenhet och f\u00f6rst\u00e5else om lokal energiproduktion, ekosystem och principer f\u00f6r cirkul\u00e4r resurshantering och deras funktion genom att involvera anv\u00e4ndare \/ medborgare i designprocessen.<\/p>\n<p>Innovationen kommer att byggas och installeras tillsammans med lokala medborgare och v\u00e5rt n\u00e4tverk. I denna prototyp anv\u00e4nder vi en vanlig sittgrupp som finns p\u00e5 vanliga rastplatser (<a href=\"https:\/\/www.trafikverket.se\/resa-och-trafik\/vag\/rastplatser\/\">Rastplats trafikverket<\/a>), som en basstruktur f\u00f6r att bygga upp olika objekt (Milj\u00f6vakt Greta)<\/p>\n<p><strong>Hur fungerar det? (F\u00f6rklara i tekniska termer den centrala kommersiella och tekniska innovationen av din l\u00f6sning)<\/strong><\/p>\n<p>Prototypen \u00e4r tillverkad av en tr\u00e4struktur och en teknikpelare som st\u00f6der olika energik\u00e4llor och m\u00f6jligg\u00f6r \u00f6ppna standardmoduler och enheter som fungerar tillsammans. Modulerna kan ers\u00e4ttas oberoende f\u00f6r uppgradering och service eller utvidgas till fler funktioner f\u00f6r omfattande cirkul\u00e4ra system.<\/p>\n<p>Prototypen \u00e4r tillverkad av material som tillverkas eller anpassas lokalt och g\u00f6rs tillg\u00e4nglig genom opensource design. Strukturen kommer att ha konstruktionsriktlinjer som bygger p\u00e5 cirkularitet och h\u00e5llbarhet med hj\u00e4lp av f\u00f6rnybara, \u00e5teranv\u00e4nda och upcycled s\u00e4tt och material n\u00e4r det \u00e4r m\u00f6jligt. Design g\u00f6rs \u00f6ppen k\u00e4llkod. Riktlinjer och kunskaper som ger enkel \u00e5tkomst till information fr\u00e5n allm\u00e4nheten.<\/p>\n<p>Nyttan av innovationen anv\u00e4nder en systematik som liknar \u201dbostadsr\u00e4tt\u201d och ur anv\u00e4ndarperspektiv betalar anv\u00e4ndaren en ins\u00e4ttning f\u00f6r tillg\u00e5ng till system och en m\u00e5nadsavgift f\u00f6r \u00e5tkomst till varje tj\u00e4nst. solarXbike \u00e4r en tj\u00e4nst kopplad till innovationen som \u00e4r ett system f\u00f6r att \u00e4ga cyklar laddade med solarenergi.<\/p>\n<p>Prototypen kan kombineras med andra funktioner som<\/p>\n<ul>\n<li>Neon (Led) skylt f\u00f6r p\u00e5kallande av uppm\u00e4rksamhet p\u00e5 distans. (\u00d6ppet, st\u00e4ngt)<\/li>\n<li>Laddmodul f\u00f6r laddning av elcyklar<\/li>\n<\/ul>\n","protected":false},"excerpt":{"rendered":"<p>&nbsp; K\u00e4lla: Plogg | Showroom | Projekt #029-09 | Installation | Support x055 | Cirkul\u00e4r ekosystemdesign f\u00f6r h\u00e5llbar resurshantering Vad \u00e4r din innovation? Klimatvakten Greta \u00e4r en kombination av en rastplats och en sj\u00e4lvf\u00f6rs\u00f6rjande milj\u00f6vakt med lokal energiproduktion f\u00f6r laddning av elektriska apparater och lagring av energi lokalt. Vilket problem l\u00f6ser din innovation? (Icke-teknisk beskrivning [&hellip;]<\/p>\n","protected":false},"author":118,"featured_media":7207,"parent":0,"menu_order":0,"comment_status":"closed","ping_status":"closed","template":"page.php","meta":{"_monsterinsights_skip_tracking":false,"_monsterinsights_sitenote_active":false,"_monsterinsights_sitenote_note":"","_monsterinsights_sitenote_category":0,"jetpack_post_was_ever_published":false,"footnotes":""},"class_list":["post-9060","page","type-page","status-publish","has-post-thumbnail","hentry"],"aioseo_notices":[],"jetpack_shortlink":"https:\/\/wp.me\/P8EJTZ-2m8","jetpack_sharing_enabled":true,"_links":{"self":[{"href":"https:\/\/kiube.se\/projekt\/wp-json\/wp\/v2\/pages\/9060","targetHints":{"allow":["GET"]}}],"collection":[{"href":"https:\/\/kiube.se\/projekt\/wp-json\/wp\/v2\/pages"}],"about":[{"href":"https:\/\/kiube.se\/projekt\/wp-json\/wp\/v2\/types\/page"}],"author":[{"embeddable":true,"href":"https:\/\/kiube.se\/projekt\/wp-json\/wp\/v2\/users\/118"}],"replies":[{"embeddable":true,"href":"https:\/\/kiube.se\/projekt\/wp-json\/wp\/v2\/comments?post=9060"}],"version-history":[{"count":0,"href":"https:\/\/kiube.se\/projekt\/wp-json\/wp\/v2\/pages\/9060\/revisions"}],"wp:featuredmedia":[{"embeddable":true,"href":"https:\/\/kiube.se\/projekt\/wp-json\/wp\/v2\/media\/7207"}],"wp:attachment":[{"href":"https:\/\/kiube.se\/projekt\/wp-json\/wp\/v2\/media?parent=9060"}],"curies":[{"name":"wp","href":"https:\/\/api.w.org\/{rel}","templated":true}]}}