{"id":9031,"date":"2023-07-28T06:39:28","date_gmt":"2023-07-28T05:39:28","guid":{"rendered":"https:\/\/kiube.se\/projekt\/?page_id=9031"},"modified":"2024-05-20T10:38:45","modified_gmt":"2024-05-20T09:38:45","slug":"projektvy-034-26-korsbarsgatan","status":"publish","type":"page","link":"https:\/\/kiube.se\/projekt\/projektvy-034-26-korsbarsgatan","title":{"rendered":"Projektvy #034 &#8211; 26 K\u00f6rsb\u00e4rsgatan"},"content":{"rendered":"<div class=\"container-fluid \">\n<div class=\"ddl-full-width-row row ddl-frontend-editor-row ddl-frontend-editor-editable\" data-id='7' data-name='Post content row' data-type='row' data-layout_slug='' data-kind='Row' >\n<div class=\"col-sm-12 ddl-frontend-editor-cell ddl-frontend-editor-editable js-ddl-frontend-editor-cell\" id=\"span1\" data-id='s3973' data-name='Post Content Cell' data-type='cell-text' data-layout_slug='' data-kind='Cell'>\n<pre><strong>K\u00e4lla:<\/strong> <a href=\"https:\/\/yellotab.zendesk.com\/agent\/tickets\/2839\/requester\/requested_tickets\">\u00c4rendehantering<\/a> |<a href=\"https:\/\/kiube.se\/labbstationer\/asset\/oikos-lokstallarna\/\"> Plats<\/a> | <a href=\"https:\/\/parts.solarxbike.se\/produkt\/tunnelvaxthus-24m%c2%b2\/\">Reservdelar<\/a> | <a href=\"https:\/\/kiube.se\/projekt\/ens\/enskorsbarsgatan\" target=\"_blank\" rel=\"noopener\">Ensavtal<\/a> |<\/pre>\n<hr \/>\n<\/div>\n<\/div>\n<\/div>\n<div class=\"container-fluid \">\n<div class=\"ddl-full-width-row row ddl-frontend-editor-row ddl-frontend-editor-editable\" data-id='4017' data-name='Row 2' data-type='row' data-layout_slug='' data-kind='Row' >\n<div class=\"col-sm-12 ddl-frontend-editor-cell ddl-frontend-editor-editable js-ddl-frontend-editor-cell\" data-id='s3993' data-name='View #034 - 26 K\u00f6rsb\u00e4rsgatan' data-type='views-content-grid-cell' data-layout_slug='' data-kind='Cell'><form autocomplete=\"off\" name=\"wpv-filter-9465\" action=\"\/projekt\/wp-json\/wp\/v2\/pages\/9031?wpv_view_count=9465\" method=\"get\" class=\"wpv-filter-form js-wpv-filter-form js-wpv-filter-form-9465 js-wpv-form-full\" data-viewnumber=\"9465\" data-viewid=\"9465\" data-viewhash=\"eyJuYW1lIjoidmlldy0wMzQtMjYta29yc2JhcnNnYXRhbiJ9\" data-viewwidgetid=\"0\" data-orderby=\"\" data-order=\"\" data-orderbyas=\"\" data-orderbysecond=\"\" data-ordersecond=\"\" data-parametric=\"{&quot;query&quot;:&quot;normal&quot;,&quot;id&quot;:&quot;9465&quot;,&quot;view_id&quot;:&quot;9465&quot;,&quot;widget_id&quot;:0,&quot;view_hash&quot;:&quot;9465&quot;,&quot;action&quot;:&quot;\\\/projekt\\\/wp-json\\\/wp\\\/v2\\\/pages\\\/9031?wpv_view_count=9465&quot;,&quot;sort&quot;:{&quot;orderby&quot;:&quot;&quot;,&quot;order&quot;:&quot;&quot;,&quot;orderby_as&quot;:&quot;&quot;,&quot;orderby_second&quot;:&quot;&quot;,&quot;order_second&quot;:&quot;&quot;},&quot;orderby&quot;:&quot;&quot;,&quot;order&quot;:&quot;&quot;,&quot;orderby_as&quot;:&quot;&quot;,&quot;orderby_second&quot;:&quot;&quot;,&quot;order_second&quot;:&quot;&quot;,&quot;ajax_form&quot;:&quot;&quot;,&quot;ajax_results&quot;:&quot;&quot;,&quot;effect&quot;:&quot;fade&quot;,&quot;prebefore&quot;:&quot;&quot;,&quot;before&quot;:&quot;&quot;,&quot;after&quot;:&quot;&quot;,&quot;attributes&quot;:[],&quot;environment&quot;:{&quot;current_post_id&quot;:9031,&quot;parent_post_id&quot;:9031,&quot;parent_term_id&quot;:0,&quot;parent_user_id&quot;:0,&quot;archive&quot;:{&quot;type&quot;:&quot;&quot;,&quot;name&quot;:&quot;&quot;,&quot;data&quot;:[]}},&quot;loop&quot;:{&quot;type&quot;:&quot;&quot;,&quot;name&quot;:&quot;&quot;,&quot;data&quot;:[],&quot;id&quot;:0}}\" data-attributes=\"[]\" data-environment=\"{&quot;current_post_id&quot;:9031,&quot;parent_post_id&quot;:9031,&quot;parent_term_id&quot;:0,&quot;parent_user_id&quot;:0,&quot;archive&quot;:{&quot;type&quot;:&quot;&quot;,&quot;name&quot;:&quot;&quot;,&quot;data&quot;:[]}}\"><input type=\"hidden\" class=\"js-wpv-dps-filter-data js-wpv-filter-data-for-this-form\" data-action=\"\/projekt\/wp-json\/wp\/v2\/pages\/9031?wpv_view_count=9465\" data-page=\"1\" data-ajax=\"disable\" data-effect=\"fade\" data-maxpages=\"1\" data-ajaxprebefore=\"\" data-ajaxbefore=\"\" data-ajaxafter=\"\" \/><input class=\"wpv_view_count wpv_view_count-9465\" type=\"hidden\" name=\"wpv_view_count\" value=\"9465\" \/>\n\n<\/form>\n<div id=\"wpv-view-layout-9465\" class=\"js-wpv-view-layout js-wpv-layout-responsive js-wpv-view-layout-9465\" data-viewnumber=\"9465\" data-pagination=\"{&quot;id&quot;:&quot;9465&quot;,&quot;query&quot;:&quot;normal&quot;,&quot;type&quot;:&quot;paged&quot;,&quot;effect&quot;:&quot;fade&quot;,&quot;duration&quot;:500,&quot;speed&quot;:5,&quot;pause_on_hover&quot;:&quot;enabled&quot;,&quot;stop_rollover&quot;:&quot;false&quot;,&quot;cache_pages&quot;:&quot;enabled&quot;,&quot;preload_images&quot;:&quot;enabled&quot;,&quot;preload_pages&quot;:&quot;enabled&quot;,&quot;preload_reach&quot;:1,&quot;spinner&quot;:&quot;builtin&quot;,&quot;spinner_image&quot;:&quot;https:\/\/kiube.se\/projekt\/wp-content\/plugins\/wp-views\/embedded\/res\/img\/ajax-loader.gif&quot;,&quot;callback_next&quot;:&quot;&quot;,&quot;manage_history&quot;:&quot;enabled&quot;,&quot;has_controls_in_form&quot;:&quot;disabled&quot;,&quot;infinite_tolerance&quot;:&quot;0&quot;,&quot;max_pages&quot;:1,&quot;page&quot;:1,&quot;base_permalink&quot;:&quot;\/projekt\/wp-json\/wp\/v2\/pages\/9031?wpv_view_count=9465&amp;wpv_paged=WPV_PAGE_NUM&quot;,&quot;loop&quot;:{&quot;type&quot;:&quot;&quot;,&quot;name&quot;:&quot;&quot;,&quot;data&quot;:[],&quot;id&quot;:0}}\" data-permalink=\"\/projekt\/wp-json\/wp\/v2\/pages\/9031?wpv_view_count=9465\">\n\n\t\n\t\n\t\n\t\t<article class=\"post post-9430 type-post status-publish format-standard hentry category-aktuellt category-projekt-034 tag-034-26 clearfix margin-bottom\" id=\"9430\">\n  \n  <h2 class=\"post-archive-title\"><a href=\"https:\/\/kiube.se\/projekt\/9430\">Kommunikation med \u00c5hus Universitet<\/a><\/h2>\n  <div class=\"post-meta\">\n    <a href=\"https:\/\/kiube.se\/projekt\/author\/koda\">Lars Lindmark<\/a> | 26 april, 2024 | <a href=\"https:\/\/kiube.se\/projekt\/category\/aktuellt\">Aktuellt<\/a>, <a href=\"https:\/\/kiube.se\/projekt\/category\/projekt\/projekt-034\">Projekt #034<\/a> | <a href=\"https:\/\/kiube.se\/projekt\/tag\/034-26\">#034-26<\/a>\n  <\/div>\n  <p>K\u00e4lla: Mail | Gdrive | &nbsp;<\/p>\n\n\n  <a href=\"https:\/\/kiube.se\/projekt\/9430\">L\u00e4s mer \u00bb<\/a>\n<\/article>\n\t\n\t\t<article class=\"post post-9045 type-post status-publish format-standard has-post-thumbnail hentry category-projekt-034 tag-034-26 clearfix margin-bottom\" id=\"9045\">\n  <img loading=\"lazy\" decoding=\"async\" width=\"300\" height=\"254\" src=\"https:\/\/s3.eu-north-1.amazonaws.com\/kiube.se\/wp-content\/uploads\/sites\/72\/2023\/08\/02095749\/36459-300x254.jpg\" class=\"attachment-medium size-medium alignleft wp-post-image\" alt=\"\" srcset=\"https:\/\/s3.eu-north-1.amazonaws.com\/kiube.se\/wp-content\/uploads\/sites\/72\/2023\/08\/02095749\/36459-300x254.jpg 300w, https:\/\/s3.eu-north-1.amazonaws.com\/kiube.se\/wp-content\/uploads\/sites\/72\/2023\/08\/02095749\/36459.jpg 496w\" sizes=\"auto, (max-width: 300px) 100vw, 300px\" data-attachment-id=\"9046\" data-permalink=\"https:\/\/kiube.se\/projekt\/9045\/attachment\/36459\" data-orig-file=\"https:\/\/s3.eu-north-1.amazonaws.com\/kiube.se\/wp-content\/uploads\/sites\/72\/2023\/08\/02095749\/36459.jpg\" data-orig-size=\"496,420\" data-comments-opened=\"1\" data-image-meta=\"{&quot;aperture&quot;:&quot;0&quot;,&quot;credit&quot;:&quot;&quot;,&quot;camera&quot;:&quot;&quot;,&quot;caption&quot;:&quot;&quot;,&quot;created_timestamp&quot;:&quot;0&quot;,&quot;copyright&quot;:&quot;&quot;,&quot;focal_length&quot;:&quot;0&quot;,&quot;iso&quot;:&quot;0&quot;,&quot;shutter_speed&quot;:&quot;0&quot;,&quot;title&quot;:&quot;&quot;,&quot;orientation&quot;:&quot;0&quot;}\" data-image-title=\"36459\" data-image-description=\"\" data-image-caption=\"&lt;p&gt;Pitting 22mm&lt;\/p&gt;\n\" data-large-file=\"https:\/\/s3.eu-north-1.amazonaws.com\/kiube.se\/wp-content\/uploads\/sites\/72\/2023\/08\/02095749\/36459.jpg\" \/>\n  <h2 class=\"post-archive-title\"><a href=\"https:\/\/kiube.se\/projekt\/9045\">Urk\u00e4rningsmaskin k\u00f6rsb\u00e4r<\/a><\/h2>\n  <div class=\"post-meta\">\n    <a href=\"https:\/\/kiube.se\/projekt\/author\/koda\">Lars Lindmark<\/a> | 2 augusti, 2023 | <a href=\"https:\/\/kiube.se\/projekt\/category\/projekt\/projekt-034\">Projekt #034<\/a> | <a href=\"https:\/\/kiube.se\/projekt\/tag\/034-26\">#034-26<\/a>\n  <\/div>\n  <p>Urk\u00e4rningsmaskin f\u00f6r k\u00f6rsb\u00e4r. Maskiner finns f\u00f6r olika storlekar och olika kapacitet<\/p>\n\n\n  <a href=\"https:\/\/kiube.se\/projekt\/9045\">L\u00e4s mer \u00bb<\/a>\n<\/article>\n\t\n\t\t<article class=\"post post-8101 type-post status-publish format-standard has-post-thumbnail hentry category-projekt-034 tag-034-26 clearfix margin-bottom\" id=\"8101\">\n  <img loading=\"lazy\" decoding=\"async\" width=\"300\" height=\"193\" src=\"https:\/\/s3.eu-north-1.amazonaws.com\/kiube.se\/wp-content\/uploads\/sites\/72\/2022\/07\/30214946\/IMG_9002-300x193.jpg\" class=\"attachment-medium size-medium alignleft wp-post-image\" alt=\"\" srcset=\"https:\/\/s3.eu-north-1.amazonaws.com\/kiube.se\/wp-content\/uploads\/sites\/72\/2022\/07\/30214946\/IMG_9002-300x193.jpg 300w, https:\/\/s3.eu-north-1.amazonaws.com\/kiube.se\/wp-content\/uploads\/sites\/72\/2022\/07\/30214946\/IMG_9002-1024x658.jpg 1024w, https:\/\/s3.eu-north-1.amazonaws.com\/kiube.se\/wp-content\/uploads\/sites\/72\/2022\/07\/30214946\/IMG_9002-768x493.jpg 768w, https:\/\/s3.eu-north-1.amazonaws.com\/kiube.se\/wp-content\/uploads\/sites\/72\/2022\/07\/30214946\/IMG_9002-1536x986.jpg 1536w, https:\/\/s3.eu-north-1.amazonaws.com\/kiube.se\/wp-content\/uploads\/sites\/72\/2022\/07\/30214946\/IMG_9002-2048x1315.jpg 2048w, https:\/\/s3.eu-north-1.amazonaws.com\/kiube.se\/wp-content\/uploads\/sites\/72\/2022\/07\/30214946\/IMG_9002-1320x848.jpg 1320w\" sizes=\"auto, (max-width: 300px) 100vw, 300px\" data-attachment-id=\"8102\" data-permalink=\"https:\/\/kiube.se\/projekt\/8101\/img_9002\" data-orig-file=\"https:\/\/s3.eu-north-1.amazonaws.com\/kiube.se\/wp-content\/uploads\/sites\/72\/2022\/07\/30214946\/IMG_9002-scaled.jpg\" data-orig-size=\"2560,1644\" data-comments-opened=\"1\" data-image-meta=\"{&quot;aperture&quot;:&quot;1.8&quot;,&quot;credit&quot;:&quot;&quot;,&quot;camera&quot;:&quot;iPhone SE (2nd generation)&quot;,&quot;caption&quot;:&quot;&quot;,&quot;created_timestamp&quot;:&quot;1659217248&quot;,&quot;copyright&quot;:&quot;&quot;,&quot;focal_length&quot;:&quot;3.99&quot;,&quot;iso&quot;:&quot;400&quot;,&quot;shutter_speed&quot;:&quot;0.025&quot;,&quot;title&quot;:&quot;&quot;,&quot;orientation&quot;:&quot;1&quot;}\" data-image-title=\"IMG_9002\" data-image-description=\"\" data-image-caption=\"\" data-large-file=\"https:\/\/s3.eu-north-1.amazonaws.com\/kiube.se\/wp-content\/uploads\/sites\/72\/2022\/07\/30214946\/IMG_9002-1024x658.jpg\" \/>\n  <h2 class=\"post-archive-title\"><a href=\"https:\/\/kiube.se\/projekt\/8101\">Projekt k\u00f6rsb\u00e4rsgatan<\/a><\/h2>\n  <div class=\"post-meta\">\n    <a href=\"https:\/\/kiube.se\/projekt\/author\/koda\">Lars Lindmark<\/a> | 30 juli, 2022 | <a href=\"https:\/\/kiube.se\/projekt\/category\/projekt\/projekt-034\">Projekt #034<\/a> | <a href=\"https:\/\/kiube.se\/projekt\/tag\/034-26\">#034-26<\/a>\n  <\/div>\n  \n\n  <a href=\"https:\/\/kiube.se\/projekt\/8101\">L\u00e4s mer \u00bb<\/a>\n<\/article>\n\t\n\t\n\t\n\t\n<\/div>\n<\/div>\n<\/div>\n<\/div>\n","protected":false},"excerpt":{"rendered":"<p>K\u00e4lla: \u00c4rendehantering | Plats | Reservdelar | Ensavtal |<\/p>\n","protected":false},"author":118,"featured_media":9042,"parent":0,"menu_order":0,"comment_status":"closed","ping_status":"closed","template":"","meta":{"_monsterinsights_skip_tracking":false,"_monsterinsights_sitenote_active":false,"_monsterinsights_sitenote_note":"","_monsterinsights_sitenote_category":0,"jetpack_post_was_ever_published":false,"footnotes":""},"class_list":["post-9031","page","type-page","status-publish","has-post-thumbnail","hentry"],"aioseo_notices":[],"jetpack_shortlink":"https:\/\/wp.me\/P8EJTZ-2lF","jetpack_sharing_enabled":true,"_links":{"self":[{"href":"https:\/\/kiube.se\/projekt\/wp-json\/wp\/v2\/pages\/9031","targetHints":{"allow":["GET"]}}],"collection":[{"href":"https:\/\/kiube.se\/projekt\/wp-json\/wp\/v2\/pages"}],"about":[{"href":"https:\/\/kiube.se\/projekt\/wp-json\/wp\/v2\/types\/page"}],"author":[{"embeddable":true,"href":"https:\/\/kiube.se\/projekt\/wp-json\/wp\/v2\/users\/118"}],"replies":[{"embeddable":true,"href":"https:\/\/kiube.se\/projekt\/wp-json\/wp\/v2\/comments?post=9031"}],"version-history":[{"count":0,"href":"https:\/\/kiube.se\/projekt\/wp-json\/wp\/v2\/pages\/9031\/revisions"}],"wp:featuredmedia":[{"embeddable":true,"href":"https:\/\/kiube.se\/projekt\/wp-json\/wp\/v2\/media\/9042"}],"wp:attachment":[{"href":"https:\/\/kiube.se\/projekt\/wp-json\/wp\/v2\/media?parent=9031"}],"curies":[{"name":"wp","href":"https:\/\/api.w.org\/{rel}","templated":true}]}}