{"id":8456,"date":"2022-11-09T13:10:41","date_gmt":"2022-11-09T12:10:41","guid":{"rendered":"https:\/\/kiube.se\/projekt\/?page_id=8456"},"modified":"2022-11-14T17:10:29","modified_gmt":"2022-11-14T16:10:29","slug":"intressentanalys-029-15-radda-kallby-natur","status":"publish","type":"page","link":"https:\/\/kiube.se\/projekt\/intressentanalys-029-15-radda-kallby-natur","title":{"rendered":"Intressentanalys #029-15 R\u00e4dda k\u00e4llby natur"},"content":{"rendered":"<h3>[Friluftsliv]<\/h3>\n<blockquote class=\"wp-embedded-content\" data-secret=\"GjGxFR8FsS\"><p><a href=\"https:\/\/kiube.se\/projekt\/8634\">Intressentanalys Friluftsliv &#8211; R\u00e4dda K\u00e4llby Natur<\/a><\/p><\/blockquote>\n<p><iframe loading=\"lazy\" class=\"wp-embedded-content\" sandbox=\"allow-scripts\" security=\"restricted\" style=\"position: absolute; clip: rect(1px, 1px, 1px, 1px);\" title=\"\u201dIntressentanalys Friluftsliv &#8211; R\u00e4dda K\u00e4llby Natur\u201d &ndash; x Projekt\" src=\"https:\/\/kiube.se\/projekt\/8634\/embed#?secret=6ovpIassry#?secret=GjGxFR8FsS\" data-secret=\"GjGxFR8FsS\" width=\"500\" height=\"282\" frameborder=\"0\" marginwidth=\"0\" marginheight=\"0\" scrolling=\"no\"><\/iframe><\/p>\n<p>&nbsp;<\/p>\n<h3>[ Naturv\u00e4rden]<\/h3>\n<blockquote class=\"wp-embedded-content\" data-secret=\"7RnduaNd7H\"><p><a href=\"https:\/\/kiube.se\/projekt\/8497\">Intressentanalys Naturen &#8211; R\u00e4dda K\u00e4llby Natur<\/a><\/p><\/blockquote>\n<p><iframe loading=\"lazy\" class=\"wp-embedded-content\" sandbox=\"allow-scripts\" security=\"restricted\" style=\"position: absolute; clip: rect(1px, 1px, 1px, 1px);\" title=\"\u201dIntressentanalys Naturen &#8211; R\u00e4dda K\u00e4llby Natur\u201d &ndash; x Projekt\" src=\"https:\/\/kiube.se\/projekt\/8497\/embed#?secret=o6vwIvexpu#?secret=7RnduaNd7H\" data-secret=\"7RnduaNd7H\" width=\"500\" height=\"282\" frameborder=\"0\" marginwidth=\"0\" marginheight=\"0\" scrolling=\"no\"><\/iframe><\/p>\n<h3><\/h3>\n<h3>[ L\u00e4nstyrelsen ]<\/h3>\n<blockquote class=\"wp-embedded-content\" data-secret=\"KEkefGqpOq\"><p><a href=\"https:\/\/kiube.se\/projekt\/8475\">Intressentanalys L\u00e4nstyrelsen &#8211; R\u00e4dda K\u00e4llby Natur<\/a><\/p><\/blockquote>\n<p><iframe loading=\"lazy\" class=\"wp-embedded-content\" sandbox=\"allow-scripts\" security=\"restricted\" style=\"position: absolute; clip: rect(1px, 1px, 1px, 1px);\" title=\"\u201dIntressentanalys L\u00e4nstyrelsen &#8211; R\u00e4dda K\u00e4llby Natur\u201d &ndash; x Projekt\" src=\"https:\/\/kiube.se\/projekt\/8475\/embed#?secret=dSPJzI82am#?secret=KEkefGqpOq\" data-secret=\"KEkefGqpOq\" width=\"500\" height=\"282\" frameborder=\"0\" marginwidth=\"0\" marginheight=\"0\" scrolling=\"no\"><\/iframe><\/p>\n<p>&nbsp;<\/p>\n<h3>[ Lunds Kommun ]<\/h3>\n<blockquote class=\"wp-embedded-content\" data-secret=\"PBdQbfpjtA\"><p><a href=\"https:\/\/kiube.se\/projekt\/8453\">Intressentanalys Lunds kommun &#8211; R\u00e4dda K\u00e4llby Natur<\/a><\/p><\/blockquote>\n<p><iframe loading=\"lazy\" class=\"wp-embedded-content\" sandbox=\"allow-scripts\" security=\"restricted\" style=\"position: absolute; clip: rect(1px, 1px, 1px, 1px);\" title=\"\u201dIntressentanalys Lunds kommun &#8211; R\u00e4dda K\u00e4llby Natur\u201d &ndash; x Projekt\" src=\"https:\/\/kiube.se\/projekt\/8453\/embed#?secret=dSiGNZ83qd#?secret=PBdQbfpjtA\" data-secret=\"PBdQbfpjtA\" width=\"500\" height=\"282\" frameborder=\"0\" marginwidth=\"0\" marginheight=\"0\" scrolling=\"no\"><\/iframe><\/p>\n<p>&nbsp;<\/p>\n<h2>[Naturv\u00e5rdsverket ]<\/h2>\n<blockquote class=\"wp-embedded-content\" data-secret=\"E0YrALnCmQ\"><p><a href=\"https:\/\/kiube.se\/projekt\/8652\">Intressentanalys Naturv\u00e5rdsverket<\/a><\/p><\/blockquote>\n<p><iframe loading=\"lazy\" class=\"wp-embedded-content\" sandbox=\"allow-scripts\" security=\"restricted\" style=\"position: absolute; clip: rect(1px, 1px, 1px, 1px);\" title=\"\u201dIntressentanalys Naturv\u00e5rdsverket\u201d &ndash; x Projekt\" src=\"https:\/\/kiube.se\/projekt\/8652\/embed#?secret=GLOC99xhLg#?secret=E0YrALnCmQ\" data-secret=\"E0YrALnCmQ\" width=\"500\" height=\"282\" frameborder=\"0\" marginwidth=\"0\" marginheight=\"0\" scrolling=\"no\"><\/iframe><\/p>\n<p>&nbsp;<\/p>\n<h2>MSB<\/h2>\n<blockquote class=\"wp-embedded-content\" data-secret=\"tOvGmttay2\"><p><a href=\"https:\/\/kiube.se\/projekt\/8670\">Intressentanalys MSB &#8211; R\u00e4dda k\u00e4llby natur<\/a><\/p><\/blockquote>\n<p><iframe loading=\"lazy\" class=\"wp-embedded-content\" sandbox=\"allow-scripts\" security=\"restricted\" style=\"position: absolute; clip: rect(1px, 1px, 1px, 1px);\" title=\"\u201dIntressentanalys MSB &#8211; R\u00e4dda k\u00e4llby natur\u201d &ndash; x Projekt\" src=\"https:\/\/kiube.se\/projekt\/8670\/embed#?secret=8AgQ0f7FnH#?secret=tOvGmttay2\" data-secret=\"tOvGmttay2\" width=\"500\" height=\"282\" frameborder=\"0\" marginwidth=\"0\" marginheight=\"0\" scrolling=\"no\"><\/iframe><\/p>\n<p>&nbsp;<\/p>\n<h2>[ Riksidrottsf\u00f6rbundet ]<\/h2>\n<blockquote class=\"wp-embedded-content\" data-secret=\"gjcf4JbQGy\"><p><a href=\"https:\/\/kiube.se\/projekt\/8528\">Intressentanalys Riksidrottsf\u00f6rbundet \u2013 R\u00e4dda K\u00e4llby Natur<\/a><\/p><\/blockquote>\n<p><iframe loading=\"lazy\" class=\"wp-embedded-content\" sandbox=\"allow-scripts\" security=\"restricted\" style=\"position: absolute; clip: rect(1px, 1px, 1px, 1px);\" title=\"\u201dIntressentanalys Riksidrottsf\u00f6rbundet \u2013 R\u00e4dda K\u00e4llby Natur\u201d &ndash; x Projekt\" src=\"https:\/\/kiube.se\/projekt\/8528\/embed#?secret=FKSwfMAt23#?secret=gjcf4JbQGy\" data-secret=\"gjcf4JbQGy\" width=\"500\" height=\"282\" frameborder=\"0\" marginwidth=\"0\" marginheight=\"0\" scrolling=\"no\"><\/iframe><\/p>\n<p>&nbsp;<\/p>\n<h2>[ Hems\u00f6 ]<\/h2>\n<blockquote class=\"wp-embedded-content\" data-secret=\"BlKAmcf3vw\"><p><a href=\"https:\/\/kiube.se\/projekt\/8536\">Intressentanalys Hems\u00f6 &#8211; R\u00e4dda K\u00e4llby Natur<\/a><\/p><\/blockquote>\n<p><iframe loading=\"lazy\" class=\"wp-embedded-content\" sandbox=\"allow-scripts\" security=\"restricted\" style=\"position: absolute; clip: rect(1px, 1px, 1px, 1px);\" title=\"\u201dIntressentanalys Hems\u00f6 &#8211; R\u00e4dda K\u00e4llby Natur\u201d &ndash; x Projekt\" src=\"https:\/\/kiube.se\/projekt\/8536\/embed#?secret=Y2wzmNS9rc#?secret=BlKAmcf3vw\" data-secret=\"BlKAmcf3vw\" width=\"500\" height=\"282\" frameborder=\"0\" marginwidth=\"0\" marginheight=\"0\" scrolling=\"no\"><\/iframe><\/p>\n<h2><\/h2>\n<h2>[Lyckeby JM ]<\/h2>\n<blockquote class=\"wp-embedded-content\" data-secret=\"SFytTRuXaI\"><p><a href=\"https:\/\/kiube.se\/projekt\/8619\">Intressentanalys Lyckebacken<\/a><\/p><\/blockquote>\n<p><iframe loading=\"lazy\" class=\"wp-embedded-content\" sandbox=\"allow-scripts\" security=\"restricted\" style=\"position: absolute; clip: rect(1px, 1px, 1px, 1px);\" title=\"\u201dIntressentanalys Lyckebacken\u201d &ndash; x Projekt\" src=\"https:\/\/kiube.se\/projekt\/8619\/embed#?secret=bVcRvZx1sT#?secret=SFytTRuXaI\" data-secret=\"SFytTRuXaI\" width=\"500\" height=\"282\" frameborder=\"0\" marginwidth=\"0\" marginheight=\"0\" scrolling=\"no\"><\/iframe><\/p>\n","protected":false},"excerpt":{"rendered":"<p>[Friluftsliv] Intressentanalys Friluftsliv &#8211; R\u00e4dda K\u00e4llby Natur &nbsp; [ Naturv\u00e4rden] Intressentanalys Naturen &#8211; R\u00e4dda K\u00e4llby Natur [ L\u00e4nstyrelsen ] Intressentanalys L\u00e4nstyrelsen &#8211; R\u00e4dda K\u00e4llby Natur &nbsp; [ Lunds Kommun ] Intressentanalys Lunds kommun &#8211; R\u00e4dda K\u00e4llby Natur &nbsp; [Naturv\u00e5rdsverket ] Intressentanalys Naturv\u00e5rdsverket &nbsp; MSB Intressentanalys MSB &#8211; R\u00e4dda k\u00e4llby natur &nbsp; [ Riksidrottsf\u00f6rbundet ] Intressentanalys [&hellip;]<\/p>\n","protected":false},"author":118,"featured_media":0,"parent":0,"menu_order":0,"comment_status":"closed","ping_status":"closed","template":"page.php","meta":{"_monsterinsights_skip_tracking":false,"_monsterinsights_sitenote_active":false,"_monsterinsights_sitenote_note":"","_monsterinsights_sitenote_category":0,"jetpack_post_was_ever_published":false,"footnotes":""},"class_list":["post-8456","page","type-page","status-publish","hentry"],"aioseo_notices":[],"jetpack_shortlink":"https:\/\/wp.me\/P8EJTZ-2co","jetpack_sharing_enabled":true,"_links":{"self":[{"href":"https:\/\/kiube.se\/projekt\/wp-json\/wp\/v2\/pages\/8456","targetHints":{"allow":["GET"]}}],"collection":[{"href":"https:\/\/kiube.se\/projekt\/wp-json\/wp\/v2\/pages"}],"about":[{"href":"https:\/\/kiube.se\/projekt\/wp-json\/wp\/v2\/types\/page"}],"author":[{"embeddable":true,"href":"https:\/\/kiube.se\/projekt\/wp-json\/wp\/v2\/users\/118"}],"replies":[{"embeddable":true,"href":"https:\/\/kiube.se\/projekt\/wp-json\/wp\/v2\/comments?post=8456"}],"version-history":[{"count":0,"href":"https:\/\/kiube.se\/projekt\/wp-json\/wp\/v2\/pages\/8456\/revisions"}],"wp:attachment":[{"href":"https:\/\/kiube.se\/projekt\/wp-json\/wp\/v2\/media?parent=8456"}],"curies":[{"name":"wp","href":"https:\/\/api.w.org\/{rel}","templated":true}]}}