{"id":8329,"date":"2022-10-07T10:00:44","date_gmt":"2022-10-07T09:00:44","guid":{"rendered":"https:\/\/kiube.se\/projekt\/?page_id=8329"},"modified":"2025-05-27T14:43:19","modified_gmt":"2025-05-27T13:43:19","slug":"projekt-008-2","status":"publish","type":"page","link":"https:\/\/kiube.se\/projekt\/projekt-008-2","title":{"rendered":"Projekt #008"},"content":{"rendered":"<h3>Utvecklingssteg inom projekt #008 &#8211; batteriboxar<\/h3>\n<pre>| <a href=\"https:\/\/kiube.se\/projekt\/projekt-008-2\">Utvecklingssteg<\/a> |<a href=\"https:\/\/kiube.se\/projekt\/project-008-batteriboxar\">Batteri ID<\/a> | <a href=\"https:\/\/drive.google.com\/drive\/folders\/0B_A9H8iRi1kXV1VjTFdjY1ZKOVk\">Arkiv<\/a> |<\/pre>\n<hr \/>\n<ol>\n<li><a href=\"https:\/\/kiube.se\/projekt\/tag\/008-1\">Powerwall modul DVDC 50<\/a> | Experiment 1 |<\/li>\n<li><a href=\"https:\/\/kiube.se\/projekt\/tag\/008-2\">\u00c5teranv\u00e4ndning uttj\u00e4nta batterier i laddstation<\/a> | Experiment 2 |<\/li>\n<li><a href=\"https:\/\/kiube.se\/projekt\/tag\/008-3\">Sandwichmetod f\u00f6r moduler<\/a> | Experiment |<\/li>\n<li><a href=\"https:\/\/kiube.se\/projekt\/tag\/008-4\">Smart batterikontroller TinyBMS<\/a> | Experiment 3 |<\/li>\n<li><a href=\"https:\/\/kiube.se\/projekt\/tag\/008-5\">First spotwelder by Bart<\/a><\/li>\n<li><a href=\"https:\/\/kiube.se\/projekt\/tag\/008-6\">Batterimodul 48DVDC 14S<\/a> | Design |<\/li>\n<li><a href=\"https:\/\/kiube.se\/projekt\/tag\/008-7\">Smartbatteri 42DVDC TinyBMS<\/a> | Prototyp |<\/li>\n<li>Smartbatteri DVDC 50 |Prototyp |<\/li>\n<li><a href=\"https:\/\/kiube.se\/projekt\/tag\/008-9\">F\u00f6rbrukning Smartbatteri DVDC 50<\/a> | M\u00e4texperiment |<\/li>\n<li><a href=\"https:\/\/kiube.se\/projekt\/tag\/008-10\">Konvertering befintligt batteri<\/a> | Inkopplingsschema | Design |<\/li>\n<li><a href=\"https:\/\/kiube.se\/projekt\/tag\/008-11\">Powerwall f\u00f6r moduler<\/a> | Prototyp |<\/li>\n<li><a href=\"https:\/\/kiube.se\/projekt\/tag\/008-12\">Batteril\u00e5da Cargobike<\/a> | Prototyp |<\/li>\n<li><a href=\"https:\/\/kiube.se\/projekt\/tag\/008-13\">Batteribox solarXbike<\/a> | F\u00f6rstudie | Mockup |<\/li>\n<li><a href=\"https:\/\/kiube.se\/projekt\/tag\/008-14\">V\u00e4derskydd batterimodul<\/a> | Prototyp |<\/li>\n<li><a href=\"https:\/\/kiube.se\/projekt\/tag\/008-15\">H\u00e5llare batterimodul<\/a> | Prototyp |<br \/>\n<strong>Vx optimerad laddning<\/strong><\/li>\n<li>Laddningsbox solarXbike 36DVDC. Smart BLE, temp | atran BOXX | \u00a0Produktblad BMS | Shimano | smart BMS Flipsky | Elritning | VESC |<\/li>\n<li>Laddningsbox solarXhorto 50 DVDC | Alul\u00e5da | Produktblad BMS | BMS Ennoid | Elritning | VESC<br \/>\n<strong>\u00a0V1 Normal laddning 2 A<\/strong><\/li>\n<li>Batterimodul 36V utan \u00e5terkoppling | atran BOXX | Shimano \u00a010s4p standard x2 \u00a0| Laddning 2A | BMS Hyelesionek | \u00a0Elritning<\/li>\n<li>Batterimodul 36V temperatur | atran BOXX | \u00a0<a href=\"https:\/\/vin.solarxbike.se\/cykel\/solarxbike_0011\/\">x057- SE-ADD<\/a> | Shimano 10s4p standard x2 | laddning 2A | BMS Flipsky | \u00a0Elritning<br \/>\n<strong>V2 snabbladdning 4A<\/strong><\/li>\n<li>Batterimodul 36 Smart BLE, Temp | atran BOXX | <a href=\"https:\/\/vin.solarxbike.se\/cykel\/se-bbb\/\">solarXbike se-bbb<\/a> | Shimano 10s4p standard x2 | BMS Ennoid |VESC |<\/li>\n<li>Batterimodul 36 \u00a0Smart BLE, temp | Inbyggnad Batavus | Shimano 10s2p + 10S4P | BMS Ennoid Master Slave | VECS |<\/li>\n<li>Batterimodul 36 Smart BLE , temp | xx | \u00a0Segway 10S4p | BMS Tampra | VESC<\/li>\n<\/ol>\n","protected":false},"excerpt":{"rendered":"<p>Utvecklingssteg inom projekt #008 &#8211; batteriboxar | Utvecklingssteg |Batteri ID | Arkiv | Powerwall modul DVDC 50 | Experiment 1 | \u00c5teranv\u00e4ndning uttj\u00e4nta batterier i laddstation | Experiment 2 | Sandwichmetod f\u00f6r moduler | Experiment | Smart batterikontroller TinyBMS | Experiment 3 | First spotwelder by Bart Batterimodul 48DVDC 14S | Design | Smartbatteri 42DVDC [&hellip;]<\/p>\n","protected":false},"author":118,"featured_media":0,"parent":0,"menu_order":0,"comment_status":"closed","ping_status":"closed","template":"","meta":{"_monsterinsights_skip_tracking":false,"_monsterinsights_sitenote_active":false,"_monsterinsights_sitenote_note":"","_monsterinsights_sitenote_category":0,"jetpack_post_was_ever_published":false,"footnotes":""},"class_list":["post-8329","page","type-page","status-publish","hentry"],"aioseo_notices":[],"jetpack_shortlink":"https:\/\/wp.me\/P8EJTZ-2al","jetpack_sharing_enabled":true,"_links":{"self":[{"href":"https:\/\/kiube.se\/projekt\/wp-json\/wp\/v2\/pages\/8329","targetHints":{"allow":["GET"]}}],"collection":[{"href":"https:\/\/kiube.se\/projekt\/wp-json\/wp\/v2\/pages"}],"about":[{"href":"https:\/\/kiube.se\/projekt\/wp-json\/wp\/v2\/types\/page"}],"author":[{"embeddable":true,"href":"https:\/\/kiube.se\/projekt\/wp-json\/wp\/v2\/users\/118"}],"replies":[{"embeddable":true,"href":"https:\/\/kiube.se\/projekt\/wp-json\/wp\/v2\/comments?post=8329"}],"version-history":[{"count":4,"href":"https:\/\/kiube.se\/projekt\/wp-json\/wp\/v2\/pages\/8329\/revisions"}],"predecessor-version":[{"id":9596,"href":"https:\/\/kiube.se\/projekt\/wp-json\/wp\/v2\/pages\/8329\/revisions\/9596"}],"wp:attachment":[{"href":"https:\/\/kiube.se\/projekt\/wp-json\/wp\/v2\/media?parent=8329"}],"curies":[{"name":"wp","href":"https:\/\/api.w.org\/{rel}","templated":true}]}}