{"id":8302,"date":"2022-10-06T16:55:41","date_gmt":"2022-10-06T15:55:41","guid":{"rendered":"https:\/\/kiube.se\/projekt\/?page_id=8302"},"modified":"2022-12-17T12:34:50","modified_gmt":"2022-12-17T11:34:50","slug":"solarxbike-batteribox","status":"publish","type":"page","link":"https:\/\/kiube.se\/projekt\/solarxbike-batteribox","title":{"rendered":"solarXbike batteribox"},"content":{"rendered":"<pre><strong>Utvecklingsprocess:<\/strong> <a href=\"https:\/\/kiube.se\/projekt\/project-008-batteriboxar\">Projektvy<\/a> | <a href=\"https:\/\/kiube.se\/projekt\/tag\/008-7\">7 - Smartbatteri<\/a> | <a href=\"https:\/\/kiube.se\/projekt\/tag\/008-13\">13 - Mockup<\/a> | <a href=\"https:\/\/kiube.se\/projekt\/tag\/008-14\">14 - V\u00e4derskydd<\/a> | <a href=\"https:\/\/kiube.se\/projekt\/tag\/008-15\">15 - H\u00e5llare<\/a> |<\/pre>\n<hr \/>\n<blockquote class=\"wp-embedded-content\" data-secret=\"64DUH8qjzI\"><p><a href=\"https:\/\/kiube.se\/projekt\/8738\">Batteribox solarXbike<\/a><\/p><\/blockquote>\n<p><iframe loading=\"lazy\" class=\"wp-embedded-content\" sandbox=\"allow-scripts\" security=\"restricted\" style=\"position: absolute; clip: rect(1px, 1px, 1px, 1px);\" title=\"\u201dBatteribox solarXbike\u201d &ndash; x Projekt\" src=\"https:\/\/kiube.se\/projekt\/8738\/embed#?secret=vnj9qmiful#?secret=64DUH8qjzI\" data-secret=\"64DUH8qjzI\" width=\"500\" height=\"282\" frameborder=\"0\" marginwidth=\"0\" marginheight=\"0\" scrolling=\"no\"><\/iframe><\/p>\n<p>&nbsp;<\/p>\n<blockquote class=\"wp-embedded-content\" data-secret=\"EiFBExuGe9\"><p><a href=\"https:\/\/kiube.se\/projekt\/8752\">H\u00e5llare batteribox<\/a><\/p><\/blockquote>\n<p><iframe loading=\"lazy\" class=\"wp-embedded-content\" sandbox=\"allow-scripts\" security=\"restricted\" style=\"position: absolute; clip: rect(1px, 1px, 1px, 1px);\" title=\"\u201dH\u00e5llare batteribox\u201d &ndash; x Projekt\" src=\"https:\/\/kiube.se\/projekt\/8752\/embed#?secret=3SGhwVn5p6#?secret=EiFBExuGe9\" data-secret=\"EiFBExuGe9\" width=\"500\" height=\"282\" frameborder=\"0\" marginwidth=\"0\" marginheight=\"0\" scrolling=\"no\"><\/iframe><\/p>\n<p>&nbsp;<\/p>\n<blockquote class=\"wp-embedded-content\" data-secret=\"p6FPPi87on\"><p><a href=\"https:\/\/kiube.se\/projekt\/8309\">Mockup solarXbox<\/a><\/p><\/blockquote>\n<p><iframe loading=\"lazy\" class=\"wp-embedded-content\" sandbox=\"allow-scripts\" security=\"restricted\" style=\"position: absolute; clip: rect(1px, 1px, 1px, 1px);\" title=\"\u201dMockup solarXbox\u201d &ndash; x Projekt\" src=\"https:\/\/kiube.se\/projekt\/8309\/embed#?secret=tUCMWAvtIQ#?secret=p6FPPi87on\" data-secret=\"p6FPPi87on\" width=\"500\" height=\"282\" frameborder=\"0\" marginwidth=\"0\" marginheight=\"0\" scrolling=\"no\"><\/iframe><\/p>\n<p>&nbsp;<\/p>\n<p>&nbsp;<\/p>\n<blockquote class=\"wp-embedded-content\" data-secret=\"2MJIQXgrZz\"><p><a href=\"https:\/\/kiube.se\/projekt\/8217\">F\u00f6rstudie till solarXbox<\/a><\/p><\/blockquote>\n<p><iframe loading=\"lazy\" class=\"wp-embedded-content\" sandbox=\"allow-scripts\" security=\"restricted\" style=\"position: absolute; clip: rect(1px, 1px, 1px, 1px);\" title=\"\u201dF\u00f6rstudie till solarXbox\u201d &ndash; x Projekt\" src=\"https:\/\/kiube.se\/projekt\/8217\/embed#?secret=LNUl8aj2SD#?secret=2MJIQXgrZz\" data-secret=\"2MJIQXgrZz\" width=\"500\" height=\"282\" frameborder=\"0\" marginwidth=\"0\" marginheight=\"0\" scrolling=\"no\"><\/iframe><\/p>\n<blockquote class=\"wp-embedded-content\" data-secret=\"pExy893qK8\"><p><a href=\"https:\/\/kiube.se\/projekt\/6885\">Smart Batteri 36V 500Wh<\/a><\/p><\/blockquote>\n<p><iframe loading=\"lazy\" class=\"wp-embedded-content\" sandbox=\"allow-scripts\" security=\"restricted\" style=\"position: absolute; clip: rect(1px, 1px, 1px, 1px);\" title=\"\u201dSmart Batteri 36V 500Wh\u201d &ndash; x Projekt\" src=\"https:\/\/kiube.se\/projekt\/6885\/embed#?secret=frm1clU2FW#?secret=pExy893qK8\" data-secret=\"pExy893qK8\" width=\"500\" height=\"282\" frameborder=\"0\" marginwidth=\"0\" marginheight=\"0\" scrolling=\"no\"><\/iframe><\/p>\n","protected":false},"excerpt":{"rendered":"<p>Utvecklingsprocess: Projektvy | 7 &#8211; Smartbatteri | 13 &#8211; Mockup | 14 &#8211; V\u00e4derskydd | 15 &#8211; H\u00e5llare | Batteribox solarXbike &nbsp; H\u00e5llare batteribox &nbsp; Mockup solarXbox &nbsp; &nbsp; F\u00f6rstudie till solarXbox Smart Batteri 36V 500Wh<\/p>\n","protected":false},"author":118,"featured_media":8303,"parent":0,"menu_order":0,"comment_status":"closed","ping_status":"closed","template":"page.php","meta":{"_monsterinsights_skip_tracking":false,"_monsterinsights_sitenote_active":false,"_monsterinsights_sitenote_note":"","_monsterinsights_sitenote_category":0,"jetpack_post_was_ever_published":false,"footnotes":""},"class_list":["post-8302","page","type-page","status-publish","has-post-thumbnail","hentry"],"aioseo_notices":[],"jetpack_shortlink":"https:\/\/wp.me\/P8EJTZ-29U","jetpack_sharing_enabled":true,"_links":{"self":[{"href":"https:\/\/kiube.se\/projekt\/wp-json\/wp\/v2\/pages\/8302","targetHints":{"allow":["GET"]}}],"collection":[{"href":"https:\/\/kiube.se\/projekt\/wp-json\/wp\/v2\/pages"}],"about":[{"href":"https:\/\/kiube.se\/projekt\/wp-json\/wp\/v2\/types\/page"}],"author":[{"embeddable":true,"href":"https:\/\/kiube.se\/projekt\/wp-json\/wp\/v2\/users\/118"}],"replies":[{"embeddable":true,"href":"https:\/\/kiube.se\/projekt\/wp-json\/wp\/v2\/comments?post=8302"}],"version-history":[{"count":0,"href":"https:\/\/kiube.se\/projekt\/wp-json\/wp\/v2\/pages\/8302\/revisions"}],"wp:featuredmedia":[{"embeddable":true,"href":"https:\/\/kiube.se\/projekt\/wp-json\/wp\/v2\/media\/8303"}],"wp:attachment":[{"href":"https:\/\/kiube.se\/projekt\/wp-json\/wp\/v2\/media?parent=8302"}],"curies":[{"name":"wp","href":"https:\/\/api.w.org\/{rel}","templated":true}]}}