{"id":8143,"date":"2022-08-23T08:32:31","date_gmt":"2022-08-23T07:32:31","guid":{"rendered":"https:\/\/kiube.se\/projekt\/?page_id=8143"},"modified":"2022-10-06T14:42:34","modified_gmt":"2022-10-06T13:42:34","slug":"renovera-garagetak","status":"publish","type":"page","link":"https:\/\/kiube.se\/projekt\/renovera-garagetak","title":{"rendered":"Renovera garagetak"},"content":{"rendered":"<pre><strong>K\u00e4lla:<\/strong> Inl\u00e4gg <a href=\"https:\/\/kiube.se\/projekt\/tag\/034-25\">#034-25<\/a><\/pre>\n<h2>Olika taklutningar<\/h2>\n<p>\u2013 Tak med lutning p\u00e5 ca 22\u00b0 kallas f\u00f6r branta tak.<br \/>\n\u2013 Tak med lutning p\u00e5 ca 14\u00b0 kallas f\u00f6r l\u00e5glutande tak.<br \/>\n\u2013 Tak med lutning p\u00e5 ca 4\u00b0 kallas f\u00f6r flacka tak.<br \/>\n\u2013 Tak med mindre lutning \u00e4n 3\u00b0 eller l\u00e4gre brukar betraktas som terrasstak.<\/p>\n<pre><a href=\"https:\/\/www.teccaworld.com\/kunskapsbank\/berakningsverktyg\"><img loading=\"lazy\" decoding=\"async\" data-attachment-id=\"8168\" data-permalink=\"https:\/\/kiube.se\/projekt\/renovera-garagetak\/screen-capture-769\" data-orig-file=\"https:\/\/s3.eu-north-1.amazonaws.com\/kiube.se\/wp-content\/uploads\/sites\/72\/2022\/08\/30110253\/screen-capture-769.png\" data-orig-size=\"1144,484\" data-comments-opened=\"1\" data-image-meta=\"{&quot;aperture&quot;:&quot;0&quot;,&quot;credit&quot;:&quot;&quot;,&quot;camera&quot;:&quot;&quot;,&quot;caption&quot;:&quot;&quot;,&quot;created_timestamp&quot;:&quot;0&quot;,&quot;copyright&quot;:&quot;&quot;,&quot;focal_length&quot;:&quot;0&quot;,&quot;iso&quot;:&quot;0&quot;,&quot;shutter_speed&quot;:&quot;0&quot;,&quot;title&quot;:&quot;&quot;,&quot;orientation&quot;:&quot;0&quot;}\" data-image-title=\"screen-capture-769\" data-image-description=\"\" data-image-caption=\"\" data-large-file=\"https:\/\/s3.eu-north-1.amazonaws.com\/kiube.se\/wp-content\/uploads\/sites\/72\/2022\/08\/30110253\/screen-capture-769-1024x433.png\" class=\"alignnone size-full wp-image-8168\" src=\"https:\/\/s3.eu-north-1.amazonaws.com\/kiube.se\/wp-content\/uploads\/sites\/72\/2022\/08\/30110253\/screen-capture-769.png\" alt=\"\" width=\"1144\" height=\"484\" srcset=\"https:\/\/s3.eu-north-1.amazonaws.com\/kiube.se\/wp-content\/uploads\/sites\/72\/2022\/08\/30110253\/screen-capture-769.png 1144w, https:\/\/s3.eu-north-1.amazonaws.com\/kiube.se\/wp-content\/uploads\/sites\/72\/2022\/08\/30110253\/screen-capture-769-300x127.png 300w, https:\/\/s3.eu-north-1.amazonaws.com\/kiube.se\/wp-content\/uploads\/sites\/72\/2022\/08\/30110253\/screen-capture-769-1024x433.png 1024w, https:\/\/s3.eu-north-1.amazonaws.com\/kiube.se\/wp-content\/uploads\/sites\/72\/2022\/08\/30110253\/screen-capture-769-768x325.png 768w\" sizes=\"auto, (max-width: 1144px) 100vw, 1144px\" \/><\/a><\/pre>\n<h3>Manualer<\/h3>\n<p><strong>Handbok h\u00e4ngr\u00e4nnor<\/strong> |<a href=\"https:\/\/jhl.nu\/hus-bygg\/bygg\/tak\/takavvattning\/plannja-krok-125-lang-pl01-svart\"> Planja<\/a> |<a href=\"https:\/\/cdn.hornbach.se\/data\/shop\/D04\/001\/780\/492\/050\/663\/5099485_Doc_02_SE_20210503114750.pdf\"> Lindab<\/a> | <a href=\"https:\/\/wijo.se\/sites\/default\/files\/2021-06\/monteringsanvisning.pdf\">Wijo<\/a> |<\/p>\n<p><strong>Handbok Mataki<\/strong> | Haloten Fotpl\u00e5tsremsa | <a href=\"https:\/\/mataki.se\/storage\/37764693BB7E40315CE26DA176A04ACC3DB1B3232FA759B052ED43935EE2F08F\/dae391813ed84c908850ea7566bf94ab\/pdf\/media\/647b1085690347c4bf47bfb1341f3c0c\/Mataki%20YAM_YAP_YEP_MA.pdf\">Underlagspapp YAM2000<\/a> | <a href=\"https:\/\/mataki.se\/storage\/B243344AD28CEBBD1ACDF804A6D98CA0A2AF876FB79E876F78299DC5ABDAC228\/c194cd2149864eefb54330574f41671e\/pdf\/media\/81f767f54724473b8133ee66bde9feac\/Mataki%20Sj%C3%A4lvt%C3%A4ck%203_MA.pdf\">Sj\u00e4lvt\u00e4ck 3<\/a> |<\/p>\n<h3>Designbeslut<\/h3>\n<p style=\"padding-left: 40px;\">H\u00e4ngr\u00e4nna f\u00e4rg: Svart<br \/>\nKrokar f\u00e4rg: Svart<br \/>\nKrokar: <a href=\"https:\/\/www.bauhaus.se\/rannkrok-icopal-vit-o125x160mm-stal#go-to-description\">R\u00c4NNKROK NABB ICOPAL SVART<\/a>\u00a0(Bauhaus)<br \/>\nR\u00e5spont 20&#215;95 (Beijers)<br \/>\nUnderlagspapp Matakit YAM2000 (Hornabach)<br \/>\nYtpapp:<strong> Sj\u00e4lvt\u00e4ck 3<\/strong> (Hornbach)<\/p>\n<p>Mataki YAM 2000 \u00e4r en underlagspapp med mineralstomme som g\u00f6r att den \u00e4r formstabil vid temperaturskillnader. YAM 2000 t\u00e5ler v\u00e4rme vid svetsning av bitumenbaserade t\u00e4tskikt. Produkten anv\u00e4nds \u00e4ven under Mataki Sj\u00e4lvt\u00e4ck 3 och Mataki Ytpapp Klassisk f\u00f6r att klara g\u00e4llande brandkrav.<\/p>\n<p>Mataki Sj\u00e4lvt\u00e4ck 3 \u00e4r en ytpapp som monteras som ytskikt p\u00e5 byggnader med en taklutning ned till 3 grader (6 cm\/m), exempelvis garage, f\u00f6rr\u00e5dsbyggnader eller sommarstuga. Sj\u00e4lvt\u00e4ck 3 skruvas med Mataki Skruv &amp; Bricka c\/c 300 mm i den speciellt framtagna inf\u00e4stningsv\u00e5den, markeringar p\u00e5 produkten guidar dig till r\u00e4tt position. De v\u00e4l tilltagna dubbelklistrande kanterna skapar en l\u00e5ngvarig vattent\u00e4t skarv. F\u00f6r att f\u00e5 en vattent\u00e4t tv\u00e4rskarvning anv\u00e4nd Mataki Specialklister. Sj\u00e4lvt\u00e4ck 3 \u00e4r en produkt f\u00f6r g\u00f6r-det-sj\u00e4lvaren eller byggentrepren\u00f6ren.<\/p>\n<h3>L\u00e4rdomar \/misstag<\/h3>\n<p style=\"padding-left: 40px;\">R\u00e5spont dimension 95, \u00e4r i sj\u00e4lva verket 82mm bred, m\u00e5ttet 95 utg\u00e5r ifr\u00e5n totala bredd inklusive not<\/p>\n<h3>Material<\/h3>\n<ul>\n<li>4 st r\u00e5sport 20&#215;95 4200mm<\/li>\n<li>2 st r\u00e5sport 20&#215;95 3600mm<\/li>\n<li>9 st H\u00e4ngr\u00e4nnekrokar fasta | <a href=\"https:\/\/www.hornbach.se\/shop\/Rannkrok-LINDAB-KFL-svart-lang-125\/5099511\/artikel-detaljer.html\">Lindab fast 125mm<\/a> | <a href=\"https:\/\/www.bauhaus.se\/rannkrok-icopal-svart-o100x210mm-stal?gclid=Cj0KCQjw9ZGYBhCEARIsAEUXITWVJzjKwsaIIaGEY9eyqTNZZExgfDzdPyH8qTE-m5gm2e2_hPvARJ4aAsMlEALw_wcB\">Icopal 100mm<\/a> |<a href=\"https:\/\/jhl.nu\/hus-bygg\/bygg\/tak\/takavvattning\/plannja-krok-125-lang-pl01-svart\"> Planja 125 mm<\/a> |<\/li>\n<li>3st Underlagspapp | <a href=\"https:\/\/www.hornbach.se\/shop\/Underlagspapp-MATAKI-YAM-2000-3-0-7x15m\/5108186\/artikel-detaljer.html\">Hornbach 259:- \/ rulle<\/a> | Beijers |<\/li>\n<\/ul>\n<h3>L\u00f6sning<\/h3>\n<ol>\n<li>Byta ut takfotsbr\u00e4dor (r\u00e5spont)<\/li>\n<li>Montera nya takkrokar<\/li>\n<li>L\u00e4gga takfotspl\u00e5t<\/li>\n<li>L\u00e4gga underlagspapp<\/li>\n<li>L\u00e4gga t\u00e4tskikt<\/li>\n<\/ol>\n<blockquote class=\"wp-embedded-content\" data-secret=\"Aik4tzi3Uv\"><p><a href=\"https:\/\/kiube.se\/p007\/25172\">Montera krokar h\u00e4ngr\u00e4nna<\/a><\/p><\/blockquote>\n<p><iframe loading=\"lazy\" class=\"wp-embedded-content\" sandbox=\"allow-scripts\" security=\"restricted\" style=\"position: absolute; clip: rect(1px, 1px, 1px, 1px);\" title=\"\u201dMontera krokar h\u00e4ngr\u00e4nna\u201d &ndash; Lejonkungen Leopold\" src=\"https:\/\/kiube.se\/p007\/25172\/embed#?secret=JBrVruWcqp#?secret=Aik4tzi3Uv\" data-secret=\"Aik4tzi3Uv\" width=\"500\" height=\"282\" frameborder=\"0\" marginwidth=\"0\" marginheight=\"0\" scrolling=\"no\"><\/iframe><\/p>\n<blockquote class=\"wp-embedded-content\" data-secret=\"gyLSGKimTJ\"><p><a href=\"https:\/\/kiube.se\/p007\/25170\">Montera h\u00e4ngr\u00e4nna<\/a><\/p><\/blockquote>\n<p><iframe loading=\"lazy\" class=\"wp-embedded-content\" sandbox=\"allow-scripts\" security=\"restricted\" style=\"position: absolute; clip: rect(1px, 1px, 1px, 1px);\" title=\"\u201dMontera h\u00e4ngr\u00e4nna\u201d &ndash; Lejonkungen Leopold\" src=\"https:\/\/kiube.se\/p007\/25170\/embed#?secret=d6d6Q24nKo#?secret=gyLSGKimTJ\" data-secret=\"gyLSGKimTJ\" width=\"500\" height=\"282\" frameborder=\"0\" marginwidth=\"0\" marginheight=\"0\" scrolling=\"no\"><\/iframe><\/p>\n<blockquote class=\"wp-embedded-content\" data-secret=\"GGmAmLCis1\"><p><a href=\"https:\/\/kiube.se\/projekt\/8175\">Underlagspapp<\/a><\/p><\/blockquote>\n<p><iframe loading=\"lazy\" class=\"wp-embedded-content\" sandbox=\"allow-scripts\" security=\"restricted\" style=\"position: absolute; clip: rect(1px, 1px, 1px, 1px);\" title=\"\u201dUnderlagspapp\u201d &ndash; x Projekt\" src=\"https:\/\/kiube.se\/projekt\/8175\/embed#?secret=JooGO2XVtW#?secret=GGmAmLCis1\" data-secret=\"GGmAmLCis1\" width=\"500\" height=\"282\" frameborder=\"0\" marginwidth=\"0\" marginheight=\"0\" scrolling=\"no\"><\/iframe><\/p>\n<p>&nbsp;<\/p>\n<blockquote class=\"wp-embedded-content\" data-secret=\"78LMNSZEtg\"><p><a href=\"https:\/\/kiube.se\/p007\/25164\">L\u00e4ggapapptak<\/a><\/p><\/blockquote>\n<p><iframe loading=\"lazy\" class=\"wp-embedded-content\" sandbox=\"allow-scripts\" security=\"restricted\" style=\"position: absolute; clip: rect(1px, 1px, 1px, 1px);\" title=\"\u201dL\u00e4ggapapptak\u201d &ndash; Lejonkungen Leopold\" src=\"https:\/\/kiube.se\/p007\/25164\/embed#?secret=hIWYWtrIpx#?secret=78LMNSZEtg\" data-secret=\"78LMNSZEtg\" width=\"500\" height=\"282\" frameborder=\"0\" marginwidth=\"0\" marginheight=\"0\" scrolling=\"no\"><\/iframe><\/p>\n<p>&nbsp;<\/p>\n<p>&nbsp;<\/p>\n","protected":false},"excerpt":{"rendered":"<p>K\u00e4lla: Inl\u00e4gg #034-25 Olika taklutningar \u2013 Tak med lutning p\u00e5 ca 22\u00b0 kallas f\u00f6r branta tak. \u2013 Tak med lutning p\u00e5 ca 14\u00b0 kallas f\u00f6r l\u00e5glutande tak. \u2013 Tak med lutning p\u00e5 ca 4\u00b0 kallas f\u00f6r flacka tak. \u2013 Tak med mindre lutning \u00e4n 3\u00b0 eller l\u00e4gre brukar betraktas som terrasstak. Manualer Handbok h\u00e4ngr\u00e4nnor | [&hellip;]<\/p>\n","protected":false},"author":118,"featured_media":0,"parent":0,"menu_order":0,"comment_status":"closed","ping_status":"closed","template":"page.php","meta":{"_monsterinsights_skip_tracking":false,"_monsterinsights_sitenote_active":false,"_monsterinsights_sitenote_note":"","_monsterinsights_sitenote_category":0,"footnotes":""},"class_list":["post-8143","page","type-page","status-publish","hentry"],"aioseo_notices":[],"jetpack_shortlink":"https:\/\/wp.me\/P8EJTZ-27l","jetpack_sharing_enabled":true,"_links":{"self":[{"href":"https:\/\/kiube.se\/projekt\/wp-json\/wp\/v2\/pages\/8143","targetHints":{"allow":["GET"]}}],"collection":[{"href":"https:\/\/kiube.se\/projekt\/wp-json\/wp\/v2\/pages"}],"about":[{"href":"https:\/\/kiube.se\/projekt\/wp-json\/wp\/v2\/types\/page"}],"author":[{"embeddable":true,"href":"https:\/\/kiube.se\/projekt\/wp-json\/wp\/v2\/users\/118"}],"replies":[{"embeddable":true,"href":"https:\/\/kiube.se\/projekt\/wp-json\/wp\/v2\/comments?post=8143"}],"version-history":[{"count":0,"href":"https:\/\/kiube.se\/projekt\/wp-json\/wp\/v2\/pages\/8143\/revisions"}],"wp:attachment":[{"href":"https:\/\/kiube.se\/projekt\/wp-json\/wp\/v2\/media?parent=8143"}],"curies":[{"name":"wp","href":"https:\/\/api.w.org\/{rel}","templated":true}]}}