{"id":8049,"date":"2022-07-16T14:22:58","date_gmt":"2022-07-16T13:22:58","guid":{"rendered":"https:\/\/kiube.se\/projekt\/?page_id=8049"},"modified":"2022-07-17T18:13:14","modified_gmt":"2022-07-17T17:13:14","slug":"intressentanalys-projekt-029-14-slu-alnarp","status":"publish","type":"page","link":"https:\/\/kiube.se\/projekt\/intressentanalys-projekt-029-14-slu-alnarp","title":{"rendered":"Intressentanalys projekt #029-14-SLU Alnarp"},"content":{"rendered":"<h2>Intressenter<\/h2>\n<ul>\n<li>SLU Alnarp &gt;&gt; Ombud framtida tj\u00e4nste\u00e4gare<\/li>\n<li>L\u00f6nntorps forskningsanl\u00e4ggning SLU Alnarp &gt;&gt; M\u00e4ter milj\u00f6m\u00e5l<\/li>\n<li>Agroekology Camp &gt;&gt; Behovs\u00e4gare<\/li>\n<\/ul>\n<blockquote class=\"wp-embedded-content\" data-secret=\"chw1xowEgf\"><p><a href=\"https:\/\/kiube.se\/projekt\/8067\">Intressent analys Alnarp SLU \/ L\u00f6nntorps f\u00f6rs\u00f6ksanl\u00e4ggning<\/a><\/p><\/blockquote>\n<p><iframe loading=\"lazy\" class=\"wp-embedded-content\" sandbox=\"allow-scripts\" security=\"restricted\" style=\"position: absolute; clip: rect(1px, 1px, 1px, 1px);\" title=\"\u201dIntressent analys Alnarp SLU \/ L\u00f6nntorps f\u00f6rs\u00f6ksanl\u00e4ggning\u201d &ndash; x Projekt\" src=\"https:\/\/kiube.se\/projekt\/8067\/embed#?secret=byhOefIr7B#?secret=chw1xowEgf\" data-secret=\"chw1xowEgf\" width=\"500\" height=\"282\" frameborder=\"0\" marginwidth=\"0\" marginheight=\"0\" scrolling=\"no\"><\/iframe><\/p>\n<p>&nbsp;<\/p>\n<p>[Alnarp SLU Mats Svensson]<\/p>\n<p>[ Alnarp Agroecology Camp]<\/p>\n","protected":false},"excerpt":{"rendered":"<p>Intressenter SLU Alnarp &gt;&gt; Ombud framtida tj\u00e4nste\u00e4gare L\u00f6nntorps forskningsanl\u00e4ggning SLU Alnarp &gt;&gt; M\u00e4ter milj\u00f6m\u00e5l Agroekology Camp &gt;&gt; Behovs\u00e4gare Intressent analys Alnarp SLU \/ L\u00f6nntorps f\u00f6rs\u00f6ksanl\u00e4ggning &nbsp; [Alnarp SLU Mats Svensson] [ Alnarp Agroecology Camp]<\/p>\n","protected":false},"author":118,"featured_media":0,"parent":0,"menu_order":0,"comment_status":"closed","ping_status":"closed","template":"page.php","meta":{"_monsterinsights_skip_tracking":false,"_monsterinsights_sitenote_active":false,"_monsterinsights_sitenote_note":"","_monsterinsights_sitenote_category":0,"jetpack_post_was_ever_published":false,"footnotes":""},"class_list":["post-8049","page","type-page","status-publish","hentry"],"aioseo_notices":[],"jetpack_shortlink":"https:\/\/wp.me\/P8EJTZ-25P","jetpack_sharing_enabled":true,"_links":{"self":[{"href":"https:\/\/kiube.se\/projekt\/wp-json\/wp\/v2\/pages\/8049","targetHints":{"allow":["GET"]}}],"collection":[{"href":"https:\/\/kiube.se\/projekt\/wp-json\/wp\/v2\/pages"}],"about":[{"href":"https:\/\/kiube.se\/projekt\/wp-json\/wp\/v2\/types\/page"}],"author":[{"embeddable":true,"href":"https:\/\/kiube.se\/projekt\/wp-json\/wp\/v2\/users\/118"}],"replies":[{"embeddable":true,"href":"https:\/\/kiube.se\/projekt\/wp-json\/wp\/v2\/comments?post=8049"}],"version-history":[{"count":0,"href":"https:\/\/kiube.se\/projekt\/wp-json\/wp\/v2\/pages\/8049\/revisions"}],"wp:attachment":[{"href":"https:\/\/kiube.se\/projekt\/wp-json\/wp\/v2\/media?parent=8049"}],"curies":[{"name":"wp","href":"https:\/\/api.w.org\/{rel}","templated":true}]}}