{"id":8010,"date":"2022-06-25T08:58:28","date_gmt":"2022-06-25T07:58:28","guid":{"rendered":"https:\/\/kiube.se\/projekt\/?page_id=8010"},"modified":"2025-06-23T10:59:12","modified_gmt":"2025-06-23T09:59:12","slug":"036_systemdokumentation","status":"publish","type":"page","link":"https:\/\/kiube.se\/projekt\/036_systemdokumentation","title":{"rendered":"Projekt_#036_-_Systemdokumentation"},"content":{"rendered":"<pre><strong>System<\/strong>: \u00d6versikt | <a href=\"https:\/\/yellotab.se\/x056\/systemsakerhet\/\">S\u00e4kerhet<\/a> | <a href=\"https:\/\/yellotab.se\/x056\/systemrelationer\/\">Relationer<\/a> |<\/pre>\n<hr \/>\n<figure style=\"width: 374px\" class=\"wp-caption alignright\"><img loading=\"lazy\" decoding=\"async\" src=\"https:\/\/docs.google.com\/drawings\/d\/e\/2PACX-1vQkC_2x5kIMx1QX42OEp72J2G1ZQw6A9kEo_WoAwIgAaNpQcfZ9bHD6SmNaFV7KtUr9PJ9zAnM-yuLq\/pub?w=960&amp;h=720\" alt=\"\" width=\"374\" height=\"280\" \/><figcaption class=\"wp-caption-text\">| <a href=\"https:\/\/docs.google.com\/drawings\/d\/1eqFcjTUXISHkabSZub1B4qNZAYancrYB4Dv3G07pQqs\/edit\">Redigera<\/a> | <a href=\"https:\/\/docs.google.com\/drawings\/d\/e\/2PACX-1vQkC_2x5kIMx1QX42OEp72J2G1ZQw6A9kEo_WoAwIgAaNpQcfZ9bHD6SmNaFV7KtUr9PJ9zAnM-yuLq\/pub?w=960&amp;h=720\">Utskrift<\/a> |<\/figcaption><\/figure>\n<p>01 &#8211; Besserwisser principen<\/p>\n<p><a href=\"https:\/\/kiube.se\/projekt\/036_systemdokumentation\/036-02-programmering-zendesk-api\">02 &#8211; Programmering Zendesk API<\/a><\/p>\n<p><a href=\"https:\/\/kiube.se\/projekt\/036_systemdokumentation\/036-03-freja-testmilo-pilot-test\">03 &#8211; Freja Testmil\u00f6 [Pilot test] \/ Identifiering anv\u00e4ndare<\/a><\/p>\n<p><a href=\"https:\/\/kiube.se\/projekt\/systemdokumentation\/04-it-miljo-oar-hushall\">04 &#8211; It-milj\u00f6 \u00f6ar (Hush\u00e5ll)<\/a><\/p>\n<p>05 &#8211; Energisystem \u00f6ar (hush\u00e5ll)<\/p>\n<p>06 &#8211; Energisystem mobilitet (transporter)<\/p>\n<p>07 &#8211; IoT F\u00e4ltbuss (kommunikation)<\/p>\n<p>08 &#8211; IoT enhet (Funktion)<\/p>\n<p>&nbsp;<\/p>\n<hr \/>\n<h2>Relaterade projekt<\/h2>\n<blockquote class=\"wp-embedded-content\" data-secret=\"B28gNAGua3\"><p><a href=\"https:\/\/kiube.se\/projekt\/projekt-037\">Projekt #037 &#8211; Energigemenskap<\/a><\/p><\/blockquote>\n<p><iframe loading=\"lazy\" class=\"wp-embedded-content\" sandbox=\"allow-scripts\" security=\"restricted\" style=\"position: absolute; visibility: hidden;\" title=\"\u201dProjekt #037 &#8211; Energigemenskap\u201d &ndash; Designstuga\" src=\"https:\/\/kiube.se\/projekt\/projekt-037\/embed#?secret=UAzktm0tGA#?secret=B28gNAGua3\" data-secret=\"B28gNAGua3\" width=\"500\" height=\"282\" frameborder=\"0\" marginwidth=\"0\" marginheight=\"0\" scrolling=\"no\"><\/iframe><br \/>\n&nbsp;<\/p>\n<hr \/>\n<pre><strong>Forskning<\/strong>: Beskrivning | Examensarbete | <a href=\"https:\/\/kiube.se\/p007\/5002\/\">Rivna bullar<\/a> | <a href=\"https:\/\/kiube.se\/p007\/4970\/\">Teknisk information<\/a>| <a href=\"https:\/\/kiube.se\/p007\/4998\/\">Knowledge transfer<\/a>\r\n| <a href=\"https:\/\/kiube.se\/p007\/4994\/\">Mobil informatik<\/a> | <a href=\"https:\/\/kiube.se\/p007\/4990\/\">e-business<\/a> | <a href=\"https:\/\/kiube.se\/p007\/4986\/\">Usability <\/a>| <a href=\"https:\/\/kiube.se\/p007\/4981\/\">Fels\u00f6kning<\/a> | <a href=\"https:\/\/kiube.se\/p007\/4974\/\">Utbildning Interface<\/a> |<\/pre>\n","protected":false},"excerpt":{"rendered":"<p>System: \u00d6versikt | S\u00e4kerhet | Relationer | 01 &#8211; Besserwisser principen 02 &#8211; Programmering Zendesk API 03 &#8211; Freja Testmil\u00f6 [Pilot test] \/ Identifiering anv\u00e4ndare 04 &#8211; It-milj\u00f6 \u00f6ar (Hush\u00e5ll) 05 &#8211; Energisystem \u00f6ar (hush\u00e5ll) 06 &#8211; Energisystem mobilitet (transporter) 07 &#8211; IoT F\u00e4ltbuss (kommunikation) 08 &#8211; IoT enhet (Funktion) &nbsp; Relaterade projekt Projekt #037 [&hellip;]<\/p>\n","protected":false},"author":118,"featured_media":0,"parent":0,"menu_order":0,"comment_status":"closed","ping_status":"closed","template":"","meta":{"_monsterinsights_skip_tracking":false,"_monsterinsights_sitenote_active":false,"_monsterinsights_sitenote_note":"","_monsterinsights_sitenote_category":0,"jetpack_post_was_ever_published":false,"footnotes":""},"class_list":["post-8010","page","type-page","status-publish","hentry"],"aioseo_notices":[],"jetpack_shortlink":"https:\/\/wp.me\/P8EJTZ-25c","jetpack_sharing_enabled":true,"_links":{"self":[{"href":"https:\/\/kiube.se\/projekt\/wp-json\/wp\/v2\/pages\/8010","targetHints":{"allow":["GET"]}}],"collection":[{"href":"https:\/\/kiube.se\/projekt\/wp-json\/wp\/v2\/pages"}],"about":[{"href":"https:\/\/kiube.se\/projekt\/wp-json\/wp\/v2\/types\/page"}],"author":[{"embeddable":true,"href":"https:\/\/kiube.se\/projekt\/wp-json\/wp\/v2\/users\/118"}],"replies":[{"embeddable":true,"href":"https:\/\/kiube.se\/projekt\/wp-json\/wp\/v2\/comments?post=8010"}],"version-history":[{"count":17,"href":"https:\/\/kiube.se\/projekt\/wp-json\/wp\/v2\/pages\/8010\/revisions"}],"predecessor-version":[{"id":9598,"href":"https:\/\/kiube.se\/projekt\/wp-json\/wp\/v2\/pages\/8010\/revisions\/9598"}],"wp:attachment":[{"href":"https:\/\/kiube.se\/projekt\/wp-json\/wp\/v2\/media?parent=8010"}],"curies":[{"name":"wp","href":"https:\/\/api.w.org\/{rel}","templated":true}]}}