{"id":7905,"date":"2022-05-25T08:40:55","date_gmt":"2022-05-25T07:40:55","guid":{"rendered":"https:\/\/kiube.se\/projekt\/?page_id=7905"},"modified":"2022-07-16T14:55:46","modified_gmt":"2022-07-16T13:55:46","slug":"projektskiss-for-alnarp-agroecology-camp","status":"publish","type":"page","link":"https:\/\/kiube.se\/projekt\/projektskiss-for-alnarp-agroecology-camp","title":{"rendered":"Projektskiss f\u00f6r SLU Alnarp (Agroecology camp)"},"content":{"rendered":"<pre><strong>Projektskiss<\/strong> | plogg | <a href=\"https:\/\/www.icloud.com\/pages\/010yQTmE5FO6tKW6a0wpR0DXg#Projektskiss_Alnarp_Agroecology_Camp\">Icloud pages<\/a> | <a href=\"https:\/\/kiube.se\/projekt\/intressentanalys-projekt-029-14-slu-alnarp\">Intressentanalys<\/a> |<\/pre>\n<hr \/>\n<p><strong>Aff\u00e4rside:<\/strong> Att tillhandah\u00e5lla elfordon f\u00f6r transport av livsmedel och persontransport<\/p>\n<p><strong>Projektet<\/strong> inneb\u00e4r att s\u00e4tta upp en resurspool av transportfordon (el-assisterade cykelfordon) som laddas med solenergi genom en solcellsdriven laddstation. Detta \u00e4r en systeml\u00f6sning som inneh\u00e5ller alla delar som fordon laddningsinfrastruktur och digitalt betalningssystem.<\/p>\n<p><strong>En organisation<\/strong> skapas enligt Elinor Ostroms 8 principer f\u00f6r att f\u00f6rvalta de gemensamma resurserna. Ostrom s\u00e5g ocks\u00e5 att det trots alla dessa teoretiska f\u00f6ruts\u00e4gelser<br \/>\nom det om\u00f6jliga med interna l\u00f6sningar faktiskt fanns en m\u00e4ngd sj\u00e4lvreglerande och stabila institutionella ordningar f\u00f6r sk\u00f6tsel och nyttjande av gemensamma resurspooler<\/p>\n<p>\u2013 ge tillf\u00f6rlitlig och relevant information<br \/>\n\u2013 kunna behandla och l\u00f6sa konflikter<br \/>\n\u2013 st\u00e4rka \u00e5tlydnaden av lagar och regler<br \/>\n\u2013 ge en effektiv infrastruktur f\u00f6r resursens brukande<br \/>\n\u2013 uppmuntra anpassning och f\u00f6r\u00e4ndring.<\/p>\n<p><strong>Fordonen<\/strong> (biohybrider) tillhandah\u00e5lls genom en app och digitala l\u00e5s. Nyttjaren betalar vid anv\u00e4ndning f\u00f6r cykelunderh\u00e5ll och risk.<\/p>\n<p><strong>Behov:<\/strong> att transportera livsmedel och personer i n\u00e4romr\u00e5det med l\u00e5gt klimatavtryck inom ramarna f\u00f6r att uppn\u00e5 Parisvtalet<\/p>\n<p><strong>M\u00e5ls\u00e4ttning:<\/strong> Vi str\u00e4var efter att tillgodose alla v\u00e5ra planerbara ekologiska energibehov med 100% f\u00f6rnyelsebara energislag. Och att s\u00e4kerst\u00e4lla s\u00e4kerhet kring fordon f\u00f6r of\u00f6ruts\u00e4gbara stillest\u00e5nd och f\u00f6rlust av fordon, genom digitalsp\u00e5rbarhet, underh\u00e5llsdokumentation och underh\u00e5llsavtal.<\/p>\n<p><strong>M\u00f6jliga intressenter<\/strong>: Alnarp SLU, Acroecology projekt, Den goda jorden, solarxbike, Hela sverige ska leva. Naturskyddsf\u00f6reningen<\/p>\n<p><strong>Utlysning<\/strong>: Energimyndigheten<\/p>\n","protected":false},"excerpt":{"rendered":"<p>Projektskiss | plogg | Icloud pages | Intressentanalys | Aff\u00e4rside: Att tillhandah\u00e5lla elfordon f\u00f6r transport av livsmedel och persontransport Projektet inneb\u00e4r att s\u00e4tta upp en resurspool av transportfordon (el-assisterade cykelfordon) som laddas med solenergi genom en solcellsdriven laddstation. Detta \u00e4r en systeml\u00f6sning som inneh\u00e5ller alla delar som fordon laddningsinfrastruktur och digitalt betalningssystem. En organisation skapas [&hellip;]<\/p>\n","protected":false},"author":118,"featured_media":0,"parent":0,"menu_order":0,"comment_status":"closed","ping_status":"closed","template":"page.php","meta":{"_monsterinsights_skip_tracking":false,"_monsterinsights_sitenote_active":false,"_monsterinsights_sitenote_note":"","_monsterinsights_sitenote_category":0,"jetpack_post_was_ever_published":false,"footnotes":""},"class_list":["post-7905","page","type-page","status-publish","hentry"],"aioseo_notices":[],"jetpack_shortlink":"https:\/\/wp.me\/P8EJTZ-23v","jetpack_sharing_enabled":true,"_links":{"self":[{"href":"https:\/\/kiube.se\/projekt\/wp-json\/wp\/v2\/pages\/7905","targetHints":{"allow":["GET"]}}],"collection":[{"href":"https:\/\/kiube.se\/projekt\/wp-json\/wp\/v2\/pages"}],"about":[{"href":"https:\/\/kiube.se\/projekt\/wp-json\/wp\/v2\/types\/page"}],"author":[{"embeddable":true,"href":"https:\/\/kiube.se\/projekt\/wp-json\/wp\/v2\/users\/118"}],"replies":[{"embeddable":true,"href":"https:\/\/kiube.se\/projekt\/wp-json\/wp\/v2\/comments?post=7905"}],"version-history":[{"count":0,"href":"https:\/\/kiube.se\/projekt\/wp-json\/wp\/v2\/pages\/7905\/revisions"}],"wp:attachment":[{"href":"https:\/\/kiube.se\/projekt\/wp-json\/wp\/v2\/media?parent=7905"}],"curies":[{"name":"wp","href":"https:\/\/api.w.org\/{rel}","templated":true}]}}