{"id":7726,"date":"2021-10-22T11:01:34","date_gmt":"2021-10-22T10:01:34","guid":{"rendered":"https:\/\/kiube.se\/projekt\/?page_id=7726"},"modified":"2024-04-12T09:18:31","modified_gmt":"2024-04-12T08:18:31","slug":"projekt-037","status":"publish","type":"page","link":"https:\/\/kiube.se\/projekt\/projekt-037","title":{"rendered":"Projekt #037 &#8211; Energigemenskap"},"content":{"rendered":"<pre>#037 - 00 | Koncept | Plogg | <a href=\"https:\/\/lucris.lub.lu.se\/ws\/portalfiles\/portal\/150145199\/Energigemenskaper_och_modeller.pdf\">Modeller \u00e4gande<\/a> | <a href=\"https:\/\/www.iiiee.lu.se\/jenny-palm\/publication\/329279c7-c464-48f9-b841-7846141991d6\">Olika typer<\/a> | <a href=\"https:\/\/www.lantm.lth.se\/fileadmin\/fastighetsvetenskap\/utbildning\/Examensarbete\/13_5267_Annika_Andersson__Anna_Joelsson.pdf\">jordbruksmark<\/a> | <a href=\"https:\/\/s3-eu-west-1.amazonaws.com\/static.wm3.se\/sites\/400\/media\/416933_Co2mmunity-handbook-SE-Handbok-Sverige.pdf?1586239000\">Handbok<\/a> |<\/pre>\n<hr \/>\n<p>Energigemenskap, ett s\u00e4tt att binda samman olika akt\u00f6rer i ett ekodistrikt f\u00f6r att skapa ett h\u00e5llbart l\u00e5genergisamah\u00e4lle med f\u00f6rnyelsebara transporter. Som genom komplement\u00e4ra aff\u00e4rsmodeller som genom nya \u00e4gande strukturer kan bidra till cirkul\u00e4ra system och positiva effekter p\u00e5 milj\u00f6<\/p>\n<ol>\n<li>Federation<\/li>\n<li>Komplement\u00e4rt \u00c4gande av allm\u00e4nningar f\u00f6r styrning av effekter<\/li>\n<li>Cirkul\u00e4r ekologi<\/li>\n<li>K\u00e4llby Natur &#8211; Koloni och odlingslotter<\/li>\n<li>V\u00e4rpinge g\u00e5rd &#8211; Agrivoltaic<\/li>\n<li><\/li>\n<\/ol>\n","protected":false},"excerpt":{"rendered":"<p>#037 &#8211; 00 | Koncept | Plogg | Modeller \u00e4gande | Olika typer | jordbruksmark | Handbok | Energigemenskap, ett s\u00e4tt att binda samman olika akt\u00f6rer i ett ekodistrikt f\u00f6r att skapa ett h\u00e5llbart l\u00e5genergisamah\u00e4lle med f\u00f6rnyelsebara transporter. Som genom komplement\u00e4ra aff\u00e4rsmodeller som genom nya \u00e4gande strukturer kan bidra till cirkul\u00e4ra system och positiva effekter [&hellip;]<\/p>\n","protected":false},"author":118,"featured_media":0,"parent":0,"menu_order":0,"comment_status":"closed","ping_status":"closed","template":"","meta":{"_monsterinsights_skip_tracking":false,"_monsterinsights_sitenote_active":false,"_monsterinsights_sitenote_note":"","_monsterinsights_sitenote_category":0,"jetpack_post_was_ever_published":false,"footnotes":""},"class_list":["post-7726","page","type-page","status-publish","hentry"],"aioseo_notices":[],"jetpack_shortlink":"https:\/\/wp.me\/P8EJTZ-20C","jetpack_sharing_enabled":true,"_links":{"self":[{"href":"https:\/\/kiube.se\/projekt\/wp-json\/wp\/v2\/pages\/7726","targetHints":{"allow":["GET"]}}],"collection":[{"href":"https:\/\/kiube.se\/projekt\/wp-json\/wp\/v2\/pages"}],"about":[{"href":"https:\/\/kiube.se\/projekt\/wp-json\/wp\/v2\/types\/page"}],"author":[{"embeddable":true,"href":"https:\/\/kiube.se\/projekt\/wp-json\/wp\/v2\/users\/118"}],"replies":[{"embeddable":true,"href":"https:\/\/kiube.se\/projekt\/wp-json\/wp\/v2\/comments?post=7726"}],"version-history":[{"count":0,"href":"https:\/\/kiube.se\/projekt\/wp-json\/wp\/v2\/pages\/7726\/revisions"}],"wp:attachment":[{"href":"https:\/\/kiube.se\/projekt\/wp-json\/wp\/v2\/media?parent=7726"}],"curies":[{"name":"wp","href":"https:\/\/api.w.org\/{rel}","templated":true}]}}