{"id":7613,"date":"2021-07-02T15:19:13","date_gmt":"2021-07-02T14:19:13","guid":{"rendered":"https:\/\/kiube.se\/projekt\/?page_id=7613"},"modified":"2025-10-21T13:11:11","modified_gmt":"2025-10-21T12:11:11","slug":"projekt-034","status":"publish","type":"page","link":"https:\/\/kiube.se\/projekt\/projekt-034","title":{"rendered":"Projekt #034"},"content":{"rendered":"<pre>| Start | <a href=\"https:\/\/docs.google.com\/document\/d\/15ivVOWKFaqgypma4OEJ8aqLBRs3AnTyAuB4HJpLMb2Q\/edit#\">Inneh\u00e5llsf\u00f6rteckning<\/a> |<\/pre>\n<div data-carousel-extra='{&quot;blog_id&quot;:72,&quot;permalink&quot;:&quot;https:\/\/kiube.se\/projekt\/projekt-034&quot;}' id='gallery-1' class='gallery galleryid-7613 gallery-columns-2 gallery-size-large'><figure class='gallery-item'>\n\t\t\t<div class='gallery-icon landscape'>\n\t\t\t\t<a href='https:\/\/s3.eu-north-1.amazonaws.com\/kiube.se\/wp-content\/uploads\/sites\/72\/2023\/01\/15133352\/Skannad-3-scaled.jpeg'><img loading=\"lazy\" decoding=\"async\" width=\"1024\" height=\"744\" src=\"https:\/\/s3.eu-north-1.amazonaws.com\/kiube.se\/wp-content\/uploads\/sites\/72\/2023\/01\/15133352\/Skannad-3-1024x744.jpeg\" class=\"attachment-large size-large\" alt=\"\" srcset=\"https:\/\/s3.eu-north-1.amazonaws.com\/kiube.se\/wp-content\/uploads\/sites\/72\/2023\/01\/15133352\/Skannad-3-1024x744.jpeg 1024w, https:\/\/s3.eu-north-1.amazonaws.com\/kiube.se\/wp-content\/uploads\/sites\/72\/2023\/01\/15133352\/Skannad-3-300x218.jpeg 300w, https:\/\/s3.eu-north-1.amazonaws.com\/kiube.se\/wp-content\/uploads\/sites\/72\/2023\/01\/15133352\/Skannad-3-768x558.jpeg 768w, https:\/\/s3.eu-north-1.amazonaws.com\/kiube.se\/wp-content\/uploads\/sites\/72\/2023\/01\/15133352\/Skannad-3-1536x1116.jpeg 1536w, https:\/\/s3.eu-north-1.amazonaws.com\/kiube.se\/wp-content\/uploads\/sites\/72\/2023\/01\/15133352\/Skannad-3-2048x1489.jpeg 2048w, https:\/\/s3.eu-north-1.amazonaws.com\/kiube.se\/wp-content\/uploads\/sites\/72\/2023\/01\/15133352\/Skannad-3-1320x959.jpeg 1320w\" sizes=\"auto, (max-width: 1024px) 100vw, 1024px\" data-attachment-id=\"8812\" data-permalink=\"https:\/\/kiube.se\/projekt\/projekt-034\/skannad-3-2\" data-orig-file=\"https:\/\/s3.eu-north-1.amazonaws.com\/kiube.se\/wp-content\/uploads\/sites\/72\/2023\/01\/15133352\/Skannad-3-scaled.jpeg\" data-orig-size=\"2560,1861\" data-comments-opened=\"1\" data-image-meta=\"{&quot;aperture&quot;:&quot;0&quot;,&quot;credit&quot;:&quot;&quot;,&quot;camera&quot;:&quot;&quot;,&quot;caption&quot;:&quot;&quot;,&quot;created_timestamp&quot;:&quot;0&quot;,&quot;copyright&quot;:&quot;&quot;,&quot;focal_length&quot;:&quot;0&quot;,&quot;iso&quot;:&quot;0&quot;,&quot;shutter_speed&quot;:&quot;0&quot;,&quot;title&quot;:&quot;&quot;,&quot;orientation&quot;:&quot;1&quot;}\" data-image-title=\"Skannad 3\" data-image-description=\"\" data-image-caption=\"\" data-large-file=\"https:\/\/s3.eu-north-1.amazonaws.com\/kiube.se\/wp-content\/uploads\/sites\/72\/2023\/01\/15133352\/Skannad-3-1024x744.jpeg\" \/><\/a>\n\t\t\t<\/div><\/figure><figure class='gallery-item'>\n\t\t\t<div class='gallery-icon landscape'>\n\t\t\t\t<a href='https:\/\/s3.eu-north-1.amazonaws.com\/kiube.se\/wp-content\/uploads\/sites\/72\/2023\/01\/15133343\/Skannad-2-scaled.jpeg'><img loading=\"lazy\" decoding=\"async\" width=\"1024\" height=\"744\" src=\"https:\/\/s3.eu-north-1.amazonaws.com\/kiube.se\/wp-content\/uploads\/sites\/72\/2023\/01\/15133343\/Skannad-2-1024x744.jpeg\" class=\"attachment-large size-large\" alt=\"\" srcset=\"https:\/\/s3.eu-north-1.amazonaws.com\/kiube.se\/wp-content\/uploads\/sites\/72\/2023\/01\/15133343\/Skannad-2-1024x744.jpeg 1024w, https:\/\/s3.eu-north-1.amazonaws.com\/kiube.se\/wp-content\/uploads\/sites\/72\/2023\/01\/15133343\/Skannad-2-300x218.jpeg 300w, https:\/\/s3.eu-north-1.amazonaws.com\/kiube.se\/wp-content\/uploads\/sites\/72\/2023\/01\/15133343\/Skannad-2-768x558.jpeg 768w, https:\/\/s3.eu-north-1.amazonaws.com\/kiube.se\/wp-content\/uploads\/sites\/72\/2023\/01\/15133343\/Skannad-2-1536x1116.jpeg 1536w, https:\/\/s3.eu-north-1.amazonaws.com\/kiube.se\/wp-content\/uploads\/sites\/72\/2023\/01\/15133343\/Skannad-2-2048x1489.jpeg 2048w, https:\/\/s3.eu-north-1.amazonaws.com\/kiube.se\/wp-content\/uploads\/sites\/72\/2023\/01\/15133343\/Skannad-2-1320x959.jpeg 1320w\" sizes=\"auto, (max-width: 1024px) 100vw, 1024px\" data-attachment-id=\"8811\" data-permalink=\"https:\/\/kiube.se\/projekt\/projekt-034\/skannad-2-4\" data-orig-file=\"https:\/\/s3.eu-north-1.amazonaws.com\/kiube.se\/wp-content\/uploads\/sites\/72\/2023\/01\/15133343\/Skannad-2-scaled.jpeg\" data-orig-size=\"2560,1861\" data-comments-opened=\"1\" data-image-meta=\"{&quot;aperture&quot;:&quot;0&quot;,&quot;credit&quot;:&quot;&quot;,&quot;camera&quot;:&quot;&quot;,&quot;caption&quot;:&quot;&quot;,&quot;created_timestamp&quot;:&quot;0&quot;,&quot;copyright&quot;:&quot;&quot;,&quot;focal_length&quot;:&quot;0&quot;,&quot;iso&quot;:&quot;0&quot;,&quot;shutter_speed&quot;:&quot;0&quot;,&quot;title&quot;:&quot;&quot;,&quot;orientation&quot;:&quot;1&quot;}\" data-image-title=\"Skannad 2\" data-image-description=\"\" data-image-caption=\"\" data-large-file=\"https:\/\/s3.eu-north-1.amazonaws.com\/kiube.se\/wp-content\/uploads\/sites\/72\/2023\/01\/15133343\/Skannad-2-1024x744.jpeg\" \/><\/a>\n\t\t\t<\/div><\/figure>\n\t\t<\/div>\n\n<p>Delprojekt portfolios<\/p>\n<ol>\n<li style=\"font-weight: 400;\" aria-level=\"1\"><span style=\"font-weight: 400;\">Solf\u00e5ngare v\u00e4rmer vatten<\/span><\/li>\n<li style=\"font-weight: 400;\" aria-level=\"1\"><span style=\"font-weight: 400;\">Cykelutflykter<\/span><\/li>\n<li style=\"font-weight: 400;\" aria-level=\"1\"><span style=\"font-weight: 400;\">Reconnect<\/span><\/li>\n<li style=\"font-weight: 400;\" aria-level=\"1\"><span style=\"font-weight: 400;\">Himmelsberget<\/span><\/li>\n<li style=\"font-weight: 400;\" aria-level=\"1\"><span style=\"font-weight: 400;\">Jordgubbsbj\u00f6rk<\/span><\/li>\n<li style=\"font-weight: 400;\" aria-level=\"1\"><span style=\"font-weight: 400;\">Mullvadsh\u00f6gen<\/span><\/li>\n<li style=\"font-weight: 400;\" aria-level=\"1\"><span style=\"font-weight: 400;\">Odlings triangel<\/span><\/li>\n<li style=\"font-weight: 400;\" aria-level=\"1\"><span style=\"font-weight: 400;\">Odlingsb\u00e4ddar<\/span><\/li>\n<li style=\"font-weight: 400;\" aria-level=\"1\"><span style=\"font-weight: 400;\">V\u00e4gg odling<\/span><\/li>\n<li style=\"font-weight: 400;\" aria-level=\"1\"><span style=\"font-weight: 400;\">Leo\u2019s kompostmaskin<\/span><\/li>\n<li style=\"font-weight: 400;\" aria-level=\"1\"><span style=\"font-weight: 400;\">Hush\u00e5lla med resurser \/relationer \/ kommunikation \/ bokf\u00f6ra \u00a0 <\/span><b>[Relation]<\/b><\/li>\n<li style=\"font-weight: 400;\" aria-level=\"1\"><span style=\"font-weight: 400;\">Gr\u00f6na Jobb<\/span><\/li>\n<li style=\"font-weight: 400;\" aria-level=\"1\"><span style=\"font-weight: 400;\">Hemsida \/ kommunikation donationer<\/span> <span style=\"font-weight: 400;\"> \u00a0 \u00a0 \u00a0 <\/span><b>[Donation]<\/b><\/li>\n<li style=\"font-weight: 400;\" aria-level=\"1\"><span style=\"font-weight: 400;\">Energigemenskap<\/span><\/li>\n<li style=\"font-weight: 400;\" aria-level=\"1\"><span style=\"font-weight: 400;\">Cargobikes att hyra<\/span><\/li>\n<li style=\"font-weight: 400;\" aria-level=\"1\"><span style=\"font-weight: 400;\">CPR [Common pool Resource]<\/span> <span style=\"font-weight: 400;\">\u00a0 \u00a0 <\/span><b>[Uppf\u00f6ljning]<\/b><\/li>\n<li style=\"font-weight: 400;\" aria-level=\"1\"><span style=\"font-weight: 400;\">F\u00f6r\u00e4dling av r\u00e5varor<\/span><\/li>\n<li style=\"font-weight: 400;\" aria-level=\"1\"><span style=\"font-weight: 400;\">\u00c5teranv\u00e4nda vatten fr\u00e5n v\u00e4rmepump<\/span><\/li>\n<li style=\"font-weight: 400;\" aria-level=\"1\"><span style=\"font-weight: 400;\">Krukor\u00a0<\/span><\/li>\n<li style=\"font-weight: 400;\" aria-level=\"1\"><span style=\"font-weight: 400;\">Repurpose och laga<\/span><\/li>\n<li>Innerf\u00f6nster<\/li>\n<li>Ogr\u00e4shantering<\/li>\n<li>Elstol<\/li>\n<li>Veckost\u00e4dning<\/li>\n<li>L\u00e4gga papptak garage<\/li>\n<li><a href=\"https:\/\/kiube.se\/projekt\/projektvy-034-26-korsbarsgatan\">K\u00f6rsb\u00e4rsgatan<\/a><\/li>\n<li><a href=\"https:\/\/kiube.se\/projekt\/034-27-lindensalix\">Lindensalix<\/a><\/li>\n<li>Spaljev\u00e4gg plast (Gustav)<\/li>\n<li><a href=\"https:\/\/kiube.se\/projekt\/034-29-fagelinventering\">F\u00e5gelinventering<\/a><\/li>\n<li>Lilla toalett<\/li>\n<li>Timprisstyrning V\u00e4rmepump Ngenic ( <a href=\"https:\/\/yellotab.zendesk.com\/agent\/tickets\/2895\">2895<\/a>)<\/li>\n<li>Timprisstyrning cirkulationspump 2 (<a href=\"https:\/\/yellotab.zendesk.com\/agent\/tickets\/3244\">3244<\/a>)<\/li>\n<li>R\u00f6kdetektor Shelly och smarta elpluggar ( <a href=\"https:\/\/yellotab.zendesk.com\/agent\/tickets\/3231\">3231<\/a> )<\/li>\n<li>Golvbj\u00e4lklag Poolen, ( <a href=\"https:\/\/yellotab.zendesk.com\/agent\/tickets\/3295\">3295<\/a> )<\/li>\n<li>Ekologisk tr\u00e4dg\u00e5rdsodling med Marina<\/li>\n<\/ol>\n","protected":false},"excerpt":{"rendered":"<p>| Start | Inneh\u00e5llsf\u00f6rteckning | Delprojekt portfolios Solf\u00e5ngare v\u00e4rmer vatten Cykelutflykter Reconnect Himmelsberget Jordgubbsbj\u00f6rk Mullvadsh\u00f6gen Odlings triangel Odlingsb\u00e4ddar V\u00e4gg odling Leo\u2019s kompostmaskin Hush\u00e5lla med resurser \/relationer \/ kommunikation \/ bokf\u00f6ra \u00a0 [Relation] Gr\u00f6na Jobb Hemsida \/ kommunikation donationer \u00a0 \u00a0 \u00a0 [Donation] Energigemenskap Cargobikes att hyra CPR [Common pool Resource] \u00a0 \u00a0 [Uppf\u00f6ljning] F\u00f6r\u00e4dling av [&hellip;]<\/p>\n","protected":false},"author":118,"featured_media":0,"parent":0,"menu_order":0,"comment_status":"closed","ping_status":"closed","template":"","meta":{"_monsterinsights_skip_tracking":false,"_monsterinsights_sitenote_active":false,"_monsterinsights_sitenote_note":"","_monsterinsights_sitenote_category":0,"jetpack_post_was_ever_published":false,"footnotes":""},"class_list":["post-7613","page","type-page","status-publish","hentry"],"aioseo_notices":[],"jetpack_shortlink":"https:\/\/wp.me\/P8EJTZ-1YN","jetpack_sharing_enabled":true,"_links":{"self":[{"href":"https:\/\/kiube.se\/projekt\/wp-json\/wp\/v2\/pages\/7613","targetHints":{"allow":["GET"]}}],"collection":[{"href":"https:\/\/kiube.se\/projekt\/wp-json\/wp\/v2\/pages"}],"about":[{"href":"https:\/\/kiube.se\/projekt\/wp-json\/wp\/v2\/types\/page"}],"author":[{"embeddable":true,"href":"https:\/\/kiube.se\/projekt\/wp-json\/wp\/v2\/users\/118"}],"replies":[{"embeddable":true,"href":"https:\/\/kiube.se\/projekt\/wp-json\/wp\/v2\/comments?post=7613"}],"version-history":[{"count":3,"href":"https:\/\/kiube.se\/projekt\/wp-json\/wp\/v2\/pages\/7613\/revisions"}],"predecessor-version":[{"id":9658,"href":"https:\/\/kiube.se\/projekt\/wp-json\/wp\/v2\/pages\/7613\/revisions\/9658"}],"wp:attachment":[{"href":"https:\/\/kiube.se\/projekt\/wp-json\/wp\/v2\/media?parent=7613"}],"curies":[{"name":"wp","href":"https:\/\/api.w.org\/{rel}","templated":true}]}}