{"id":6670,"date":"2020-01-04T13:08:14","date_gmt":"2020-01-04T12:08:14","guid":{"rendered":"https:\/\/kiube.se\/projekt\/?page_id=6670"},"modified":"2023-09-04T08:17:03","modified_gmt":"2023-09-04T07:17:03","slug":"6670-2","status":"publish","type":"page","link":"https:\/\/kiube.se\/projekt\/6670-2","title":{"rendered":"#030 &#8211; Projekt trafikverket"},"content":{"rendered":"<pre>| <a href=\"https:\/\/kiube.se\/projekt\/project-030-trafikverket\">#030 - Projekt Trafikverket<\/a> | Uppf\u00f6ljning<\/pre>\n<p>H\u00e4r kommer dat att visas som visualiserar hur projektet g\u00e5r utifr\u00e5n de effekter vi vill uppn\u00e5.<\/p>\n<p style=\"padding-left: 40px;\">Klimatnytta<\/p>\n<p style=\"padding-left: 40px;\">H\u00e4lsonytta<\/p>\n<p style=\"padding-left: 40px;\">S\u00e4kerhet<\/p>\n<p style=\"padding-left: 40px;\">\n","protected":false},"excerpt":{"rendered":"<p>| #030 &#8211; Projekt Trafikverket | Uppf\u00f6ljning H\u00e4r kommer dat att visas som visualiserar hur projektet g\u00e5r utifr\u00e5n de effekter vi vill uppn\u00e5. Klimatnytta H\u00e4lsonytta S\u00e4kerhet<\/p>\n","protected":false},"author":131,"featured_media":6671,"parent":0,"menu_order":0,"comment_status":"closed","ping_status":"closed","template":"","meta":{"_monsterinsights_skip_tracking":false,"_monsterinsights_sitenote_active":false,"_monsterinsights_sitenote_note":"","_monsterinsights_sitenote_category":0,"jetpack_post_was_ever_published":false,"footnotes":""},"class_list":["post-6670","page","type-page","status-publish","has-post-thumbnail","hentry"],"aioseo_notices":[],"jetpack_shortlink":"https:\/\/wp.me\/P8EJTZ-1JA","jetpack_sharing_enabled":true,"_links":{"self":[{"href":"https:\/\/kiube.se\/projekt\/wp-json\/wp\/v2\/pages\/6670","targetHints":{"allow":["GET"]}}],"collection":[{"href":"https:\/\/kiube.se\/projekt\/wp-json\/wp\/v2\/pages"}],"about":[{"href":"https:\/\/kiube.se\/projekt\/wp-json\/wp\/v2\/types\/page"}],"author":[{"embeddable":true,"href":"https:\/\/kiube.se\/projekt\/wp-json\/wp\/v2\/users\/131"}],"replies":[{"embeddable":true,"href":"https:\/\/kiube.se\/projekt\/wp-json\/wp\/v2\/comments?post=6670"}],"version-history":[{"count":0,"href":"https:\/\/kiube.se\/projekt\/wp-json\/wp\/v2\/pages\/6670\/revisions"}],"wp:featuredmedia":[{"embeddable":true,"href":"https:\/\/kiube.se\/projekt\/wp-json\/wp\/v2\/media\/6671"}],"wp:attachment":[{"href":"https:\/\/kiube.se\/projekt\/wp-json\/wp\/v2\/media?parent=6670"}],"curies":[{"name":"wp","href":"https:\/\/api.w.org\/{rel}","templated":true}]}}