{"id":6467,"date":"2019-11-16T12:13:51","date_gmt":"2019-11-16T11:13:51","guid":{"rendered":"https:\/\/kiube.se\/projekt\/?page_id=6467"},"modified":"2021-01-22T13:11:08","modified_gmt":"2021-01-22T12:11:08","slug":"project-030-trafikverket","status":"publish","type":"page","link":"https:\/\/kiube.se\/projekt\/project-030-trafikverket","title":{"rendered":"Project #030 &#8211; Cykelkultur i LUND"},"content":{"rendered":"<pre>  <a href=\"https:\/\/docs.google.com\/document\/d\/1uPUIQbCszq9vKgHZLZyf_pztY7RJ2r3C7DSvyHqknTw\/edit\">Projektans\u00f6kan<\/a> |  <a href=\"https:\/\/kiube.se\/projekt\/6670-2\">Uppf\u00f6ljning<\/a> | <a href=\"https:\/\/docs.google.com\/spreadsheets\/d\/1WVO5Go-ouGlGSS5a4PPlY_jwc3H0g9U14VcYIe05-fg\/edit#gid=411250715\">STATUS<\/a> | <a href=\"https:\/\/drive.google.com\/open?id=11g_IdgjXGqV19YUdkBVxJIW7xO7hKXxr\">Google Drive<\/a> |\r\n<\/pre>\n<h3>Projekt<\/h3>\n<p>01 &#8211; Projektans\u00f6kan trafikverket | Andrea, Tasos och Lars | <a href=\"https:\/\/docs.google.com\/document\/d\/1uPUIQbCszq9vKgHZLZyf_pztY7RJ2r3C7DSvyHqknTw\/edit\">Projektans\u00f6kan<\/a> |<a href=\"https:\/\/docs.google.com\/spreadsheets\/d\/1yM78MBFhODnC6j7vGiBkccDxJfUnb9OgE5RaY9IVnaM\/edit#gid=0\">Budget<\/a> | <a href=\"https:\/\/docs.google.com\/document\/d\/1xXTWLSdj3PM8iLvmGiQC3GBQtx0Ji8EG7jt5c3C-nNg\/edit\">Organisation<\/a> | <a href=\"https:\/\/docs.google.com\/spreadsheets\/d\/1wANjZDhYrCu533TSpmuPr1XsZDNLo57IV5b5-fN4UDU\/edit?folder=11g_IdgjXGqV19YUdkBVxJIW7xO7hKXxr#gid=0\">Riskhantering<\/a> | <a href=\"https:\/\/kiube.se\/projekt\/project-030-trafikverket\/bokforing-ekonomi\">Bokf\u00f6ring<\/a> |<br \/>\n02 &#8211; Cykelutflykter | Tasos, Lars och Helge |<br \/>\n03 &#8211; Hyllor till cykeldelar och l\u00e5dor | Clemens |<br \/>\n04 &#8211; Hemsida Cykelkultur | Lars och Clemens |<br \/>\n05 &#8211; The beast &#8211; elektrifiering cargobike | Babak och Lars |<br \/>\n06 &#8211; L\u00e5dor till Verktyg | David |<br \/>\n07 &#8211; V\u00e4ggtavla f\u00f6r instruktioner | Lars och Babak |<br \/>\n08 &#8211; Cyklar cykelskolan | Lars och Annita |<br \/>\n09 &#8211; L\u00e5necyklar |solarXbike | <a href=\"https:\/\/docs.google.com\/document\/d\/1cJboqdffGWBmthOEcoemKC7DTcpQ5XUjjlLdtxBhUko\/edit#heading=h.y0coi9a0c6ia\">Projektskiss<\/a> |<br \/>\n10 &#8211; Gemensamt skapa tryggare LUND | Peter, Lars |<\/p>\n<p>Aktiviteter<\/p>\n<ol>\n<li>Bike building workshop<\/li>\n<li>Bike lending<\/li>\n<li>Trips by bike in the surrounding in LUND<\/li>\n<li>Data collection and measure<\/li>\n<\/ol>\n<p><a href=\"https:\/\/docs.google.com\/spreadsheets\/d\/1WVO5Go-ouGlGSS5a4PPlY_jwc3H0g9U14VcYIe05-fg\/edit#gid=44112974\">Detaljerad online dokument med aktiviteter | Plannering | status |<\/a><\/p>\n","protected":false},"excerpt":{"rendered":"<p>Projektans\u00f6kan | Uppf\u00f6ljning | STATUS | Google Drive | Projekt 01 &#8211; Projektans\u00f6kan trafikverket | Andrea, Tasos och Lars | Projektans\u00f6kan |Budget | Organisation | Riskhantering | Bokf\u00f6ring | 02 &#8211; Cykelutflykter | Tasos, Lars och Helge | 03 &#8211; Hyllor till cykeldelar och l\u00e5dor | Clemens | 04 &#8211; Hemsida Cykelkultur | Lars och [&hellip;]<\/p>\n","protected":false},"author":131,"featured_media":0,"parent":0,"menu_order":0,"comment_status":"closed","ping_status":"closed","template":"page.php","meta":{"_monsterinsights_skip_tracking":false,"_monsterinsights_sitenote_active":false,"_monsterinsights_sitenote_note":"","_monsterinsights_sitenote_category":0,"jetpack_post_was_ever_published":false,"footnotes":""},"class_list":["post-6467","page","type-page","status-publish","hentry"],"aioseo_notices":[],"jetpack_shortlink":"https:\/\/wp.me\/P8EJTZ-1Gj","jetpack_sharing_enabled":true,"_links":{"self":[{"href":"https:\/\/kiube.se\/projekt\/wp-json\/wp\/v2\/pages\/6467","targetHints":{"allow":["GET"]}}],"collection":[{"href":"https:\/\/kiube.se\/projekt\/wp-json\/wp\/v2\/pages"}],"about":[{"href":"https:\/\/kiube.se\/projekt\/wp-json\/wp\/v2\/types\/page"}],"author":[{"embeddable":true,"href":"https:\/\/kiube.se\/projekt\/wp-json\/wp\/v2\/users\/131"}],"replies":[{"embeddable":true,"href":"https:\/\/kiube.se\/projekt\/wp-json\/wp\/v2\/comments?post=6467"}],"version-history":[{"count":0,"href":"https:\/\/kiube.se\/projekt\/wp-json\/wp\/v2\/pages\/6467\/revisions"}],"wp:attachment":[{"href":"https:\/\/kiube.se\/projekt\/wp-json\/wp\/v2\/media?parent=6467"}],"curies":[{"name":"wp","href":"https:\/\/api.w.org\/{rel}","templated":true}]}}