{"id":6233,"date":"2019-10-24T10:10:42","date_gmt":"2019-10-24T09:10:42","guid":{"rendered":"https:\/\/kiube.se\/projekt\/?page_id=6233"},"modified":"2020-04-03T08:08:54","modified_gmt":"2020-04-03T07:08:54","slug":"projektvy-ansokningar","status":"publish","type":"page","link":"https:\/\/kiube.se\/projekt\/projektvy-ansokningar","title":{"rendered":"Projektvy &#8211; ans\u00f6kningar"},"content":{"rendered":"<pre>#017 \u2013 Ans\u00f6kningar| M\u00f6jliga utlysningar |<\/pre>\n<p>&nbsp;<\/p>\n<p><span style=\"color: #008000;\">Almi<\/span><\/p>\n<p style=\"padding-left: 40px;\">Ans\u00f6kan 2013? | H\u00e4lsoboken &#8211; H\u00e4lsomedicinskt center<\/p>\n<p><strong><span style=\"color: #993300;\">Sparbankstiftelsen<\/span>\u00a0<\/strong><\/p>\n<p style=\"padding-left: 40px;\">Ans\u00f6kan 2015 | <a href=\"https:\/\/kiube.se\/p007\/?p=8126\">solarXbike f\u00f6renklar omst\u00e4llning till en gr\u00f6n ekonomi och klimatsmart mobilitet<\/a> | <a href=\"https:\/\/www.icloud.com\/pages\/0MI_BiTj9Q5eUHSgn8TaVkKsQ#Finansiering_%2301\">Projektskiss<\/a> | <a href=\"https:\/\/kiube.se\/p007\/files\/2016\/09\/Arende2016561.pdf\">ans\u00f6kan<\/a> |<\/p>\n<p style=\"padding-left: 40px;\">\u00a0Ans\u00f6kan 201? | Aktiva transporter f\u00f6r en h\u00e4lsosam vardag<\/p>\n<p><span style=\"color: #993300;\"><strong>Vinnova<\/strong><\/span><\/p>\n<p style=\"padding-left: 40px;\"><span style=\"color: #993300;\"><strong>Ans\u00f6kan 2013\u00a0<\/strong><\/span>| <a href=\"https:\/\/kiube.se\/p007\/files\/2017\/02\/H%C3%A4lsoboken-Vinnova-ans%C3%B6kan.pdf\">H\u00e4lsoboken Vinnova ans\u00f6kan<\/a> | <a href=\"https:\/\/kiube.se\/p007\/?p=9266\">bakgrund<\/a> |<br \/>\n<span style=\"color: #993300;\"><strong>Ans\u00f6kan 2015\u00a0<\/strong><\/span>| <a href=\"https:\/\/kiube.se\/p007\/files\/2017\/02\/Designstuga-Vinnova-ans%C3%B6kan.pdf\">Designstuga f\u00f6r ungdomar<\/a> | <a href=\"https:\/\/kiube.se\/p007\/?p=9269\">Bakgrund<\/a> |<br \/>\n<span style=\"color: #993300;\"><strong>Ans\u00f6kan 2017<\/strong><\/span>\u00a0| <a href=\"https:\/\/kiube.se\/p007\/?p=9402\">Innovationer f\u00f6r ett h\u00e5llbart samh\u00e4lle: milj\u00f6 och transport 2017<\/a><\/p>\n<p><span style=\"color: #993300;\"><strong>Energimyndigheten<\/strong><\/span><\/p>\n<p style=\"padding-left: 40px;\"><span style=\"color: #993300;\"><strong>Ans\u00f6kan 2017\u00a0<\/strong><\/span>| <a href=\"https:\/\/drive.google.com\/open?id=1ABIDpm7xVkAU1lwH_utHe3gGCfX0HRmL\">Kon 2017 &#8211; Lokal energi (DVDC) f\u00f6r biohybrider och andra l\u00e4ttviktsfordon<\/a>\u00a0|<br \/>\n<span style=\"color: #993300;\"><strong>Ans\u00f6kan 2018<\/strong><\/span>\u00a0| <a href=\"https:\/\/drive.google.com\/open?id=1IebnNnn61EAHOVGT0CNU852meUFFEDzM\">Kon 2018 &#8211; \u201dKonceptutveckling av nya energiinnovationer \u2013 med aff\u00e4rsfokus\u201d<\/a>\u00a0 | <a href=\"https:\/\/kiube.se\/p007\/?p=12443\">bakgrund<\/a> | resultat<br \/>\n<span style=\"color: #993300;\"><strong>Ans\u00f6kan 2018?\u00a0<\/strong><\/span>| <a href=\"https:\/\/drive.google.com\/drive\/u\/2\/folders\/0B_A9H8iRi1kXVnExZW55WGZvOHM\">Vindkraftans\u00f6kan<\/a> |\u00a0<a href=\"https:\/\/kiube.se\/p007\/?p=9445\">bakgrund<\/a> | resultat<br \/>\n<span style=\"color: #993300;\"><strong>Ans\u00f6kan 01<\/strong><\/span>\u00a0| <a href=\"https:\/\/kiube.se\/p007\/?p=13223\">A Challange from Sweden<\/a>\u00a0 | ej inskickad<\/p>\n<p><span style=\"color: #993300;\"><strong>Scandinavian Cleantech<\/strong><\/span><\/p>\n<p style=\"padding-left: 40px;\"><span style=\"color: #993300;\"><strong>Ans\u00f6kan 2017\u00a0<\/strong><\/span>| <a href=\"https:\/\/kiube.se\/zon5\/2017\/04\/19\/feedback-nordic-cleantech-open-application\/\">Scandinavian Cleantech Open<\/a> | <a href=\"https:\/\/drive.google.com\/drive\/u\/2\/folders\/1XBm4MdJowpIcjvRC2fqCXKCDy43jVgzJ\">Bed\u00f6mning<\/a> | resultat<\/p>\n<p><span style=\"color: #993300;\"><strong>Climate KIC<\/strong><\/span><\/p>\n<p style=\"padding-left: 40px;\"><span style=\"color: #993300;\"><strong>Ans\u00f6kan 2018\u00a0<\/strong><\/span>| <a href=\"https:\/\/drive.google.com\/drive\/u\/2\/folders\/1WYhkTp1ZlLzgN3iC9Yb8C41Xvfxne3eN\">Greenhouse<\/a> + <a href=\"https:\/\/drive.google.com\/drive\/u\/2\/folders\/1XBm4MdJowpIcjvRC2fqCXKCDy43jVgzJ\">ans\u00f6kan<\/a> |<br \/>\n<span style=\"color: #993300;\"><strong>Ans\u00f6kan 2019\u00a0<\/strong><\/span>| <a href=\"https:\/\/kiube.se\/projekt\/6123\">Climate KIC 2019<\/a> | Resultat: avslag<\/p>\n<p><strong><span style=\"color: #008000;\">Stenkrossen<\/span>\u00a0<\/strong><\/p>\n<p style=\"padding-left: 40px;\"><strong><span style=\"color: #008000;\">Ans\u00f6kan 2015\u00a0<\/span><\/strong>| Design Greenhouse 2015 |<br \/>\n<strong><span style=\"color: #008000;\">Ans\u00f6kan 2019\u00a0<\/span><\/strong>| <a href=\"https:\/\/drive.google.com\/drive\/u\/2\/folders\/1QYwY_cBqbhEjkjRrL6gn5itVXfmJ33Xv\">Cykelkultur 2019 3-\u00e5r<\/a> |<\/p>\n<p><span style=\"color: #993300;\"><strong>Postkodlotteriet |<\/strong><\/span><\/p>\n<p style=\"padding-left: 40px;\"><span style=\"color: #993300;\"><strong>Ans\u00f6kan 05<\/strong><\/span>\u00a0| <a href=\"https:\/\/kiube.se\/p007\/files\/2019\/05\/Koncept-solarXbike-by-Jidoka-Innovation-AB-3.pdf\">Green Challange Ans\u00f6kan<\/a> | <a href=\"https:\/\/kiube.se\/p007\/?p=13853\">Bakgrund<\/a> | Resultat |<\/p>\n<p><span style=\"color: #993300;\"><strong>Eon:agile<\/strong><\/span><\/p>\n<p style=\"padding-left: 40px;\"><span style=\"color: #993300;\"><strong>Ans\u00f6kan 2019 &#8211; \u00a0<\/strong><\/span>| <a href=\"https:\/\/kiube.se\/p007\/?p=10704\">Incubator 2019<\/a> | Result:avslag<\/p>\n<p><span style=\"color: #993300;\"><strong>Trafikverket<\/strong><\/span><\/p>\n<p style=\"padding-left: 40px;\"><strong><span style=\"color: #993300;\">Ans\u00f6kan 2020<\/span> &#8211; <a href=\"https:\/\/www.trafikverket.se\/tjanster\/ansok-om\/ansok-om-bidrag\/\">Trafikverket<\/a> | Klimatcykel | Ideel organisation | Arbetsorganisation |<\/strong><\/p>\n<p style=\"padding-left: 40px;\">| <a href=\"https:\/\/kiube.se\/p007\/?p=13065\">Projektid\u00e9<\/a> | <a href=\"https:\/\/docs.google.com\/document\/d\/1Rd87nnhZevfyI1SE9R4GBMTOBpAkOw9gQ9gKiTqAHNA\/edit\">Organisationsbidrag 2020<\/a> | <a href=\"https:\/\/docs.google.com\/document\/d\/1uPUIQbCszq9vKgHZLZyf_pztY7RJ2r3C7DSvyHqknTw\/edit\">Projektst\u00f6d klimatcykel<\/a> | <a href=\"https:\/\/yellotab.se\/zon4\/2019\/10\/24\/inbjudan-till-planeringsmote\/\">Kommunikation<\/a> |<\/p>\n<hr \/>\n<p>P\u00e5g\u00e5ende 2020<\/p>\n<p>Ans\u00f6kan 18 &#8211; Aktiva transporter f\u00f6r en h\u00e4lsosam vardag med energi fr\u00e5n solen | Prova p\u00e5 f\u00f6r\u00a0akademin\u00a0|<\/p>\n<p style=\"padding-left: 40px;\">| <a href=\"https:\/\/kiube.se\/p007\/?p=13628\">Projektid\u00e9<\/a> |<\/p>\n<p>Ans\u00f6kan 19 &#8211; \u00a0Tj\u00e4nst hyrcyklar med underh\u00e5ll<\/p>\n<p style=\"padding-left: 40px;\">| Laddstation | <a href=\"https:\/\/drive.google.com\/drive\/u\/0\/folders\/0B_A9H8iRi1kXN3NQeWZSbHlGaGM\">Cyklar<\/a> |<\/p>\n<p><strong>Ans\u00f6kan 20 &#8211; Aktiva transporter f\u00f6r en h\u00e4lsosam vardag<\/strong><\/p>\n<p style=\"padding-left: 40px;\">Sparbanksstiftelsen Finn | Cykelkultur i LUND | Projektledare: Lars Lindmark | Ans\u00f6ka iCloud | Ans\u00f6kan inskickad<\/p>\n<p>Ans\u00f6kan 21 &#8211; Last mile transport p\u00e5 Kullaberg<\/p>\n<p style=\"padding-left: 40px;\">| <a href=\"https:\/\/kiube.se\/projekt\/6994\">id\u00e9skiss<\/a> |<\/p>\n","protected":false},"excerpt":{"rendered":"<p>#017 \u2013 Ans\u00f6kningar| M\u00f6jliga utlysningar | &nbsp; Almi Ans\u00f6kan 2013? | H\u00e4lsoboken &#8211; H\u00e4lsomedicinskt center Sparbankstiftelsen\u00a0 Ans\u00f6kan 2015 | solarXbike f\u00f6renklar omst\u00e4llning till en gr\u00f6n ekonomi och klimatsmart mobilitet | Projektskiss | ans\u00f6kan | \u00a0Ans\u00f6kan 201? | Aktiva transporter f\u00f6r en h\u00e4lsosam vardag Vinnova Ans\u00f6kan 2013\u00a0| H\u00e4lsoboken Vinnova ans\u00f6kan | bakgrund | Ans\u00f6kan 2015\u00a0| Designstuga [&hellip;]<\/p>\n","protected":false},"author":131,"featured_media":0,"parent":0,"menu_order":0,"comment_status":"closed","ping_status":"closed","template":"page.php","meta":{"_monsterinsights_skip_tracking":false,"_monsterinsights_sitenote_active":false,"_monsterinsights_sitenote_note":"","_monsterinsights_sitenote_category":0,"jetpack_post_was_ever_published":false,"footnotes":""},"class_list":["post-6233","page","type-page","status-publish","hentry"],"aioseo_notices":[],"jetpack_shortlink":"https:\/\/wp.me\/P8EJTZ-1Cx","jetpack_sharing_enabled":true,"_links":{"self":[{"href":"https:\/\/kiube.se\/projekt\/wp-json\/wp\/v2\/pages\/6233","targetHints":{"allow":["GET"]}}],"collection":[{"href":"https:\/\/kiube.se\/projekt\/wp-json\/wp\/v2\/pages"}],"about":[{"href":"https:\/\/kiube.se\/projekt\/wp-json\/wp\/v2\/types\/page"}],"author":[{"embeddable":true,"href":"https:\/\/kiube.se\/projekt\/wp-json\/wp\/v2\/users\/131"}],"replies":[{"embeddable":true,"href":"https:\/\/kiube.se\/projekt\/wp-json\/wp\/v2\/comments?post=6233"}],"version-history":[{"count":0,"href":"https:\/\/kiube.se\/projekt\/wp-json\/wp\/v2\/pages\/6233\/revisions"}],"wp:attachment":[{"href":"https:\/\/kiube.se\/projekt\/wp-json\/wp\/v2\/media?parent=6233"}],"curies":[{"name":"wp","href":"https:\/\/api.w.org\/{rel}","templated":true}]}}