{"id":6134,"date":"2019-08-20T13:32:13","date_gmt":"2019-08-20T12:32:13","guid":{"rendered":"https:\/\/kiube.se\/projekt\/?page_id=6134"},"modified":"2026-03-09T20:30:59","modified_gmt":"2026-03-09T19:30:59","slug":"projekt-029","status":"publish","type":"page","link":"https:\/\/kiube.se\/projekt\/projekt-029","title":{"rendered":"#029 \u2013 Powerhouse med sj\u00e4lvstyrande noder"},"content":{"rendered":"<pre> Projektvy | <a href=\"https:\/\/docs.google.com\/spreadsheets\/d\/1b96i17M_99ucJpuTQB0irVykKOIyfmLpsJYbIbl5ouQ\/edit#gid=546558272\">Kontakter<\/a> | <a href=\"https:\/\/app.asana.com\/0\/home\/151048908605885\">Asana<\/a> | <a href=\"https:\/\/kiube.se\/projekt\/029-smartgreenbike\/strategisk-plan\">Strategi<\/a> | <a href=\"https:\/\/docs.google.com\/spreadsheets\/d\/e\/2PACX-1vTG1OQqH8URZrJEoCzELaevDvVxfqvXxFUPgBiP4YH000yRqQHbhJSjkKiZQj3DpPSZvaA99kNXdjYm\/pubhtml\">Progress<\/a> | Value Proposition | <a href=\"https:\/\/drive.google.com\/drive\/u\/0\/folders\/1qj51oYHVvhLP7hbB-39oB9mrxDFSl253\">Arkiv<\/a> |<\/pre>\n<hr \/>\n<h3>Hubbar och integrationsplatser &#8211; offerter<\/h3>\n<p>01 &#8211; Climate-KIC application | <a href=\"https:\/\/drive.google.com\/drive\/u\/1\/folders\/1q-v1o6xZ1_WlUaUZnml3TP9YSJL98mwT\">Application Folder<\/a>\u00a0 | <a href=\"https:\/\/docs.google.com\/spreadsheets\/d\/1-NpWbmwAJAKj-FbB5qNct0CmZ5TBlLbiJHGqEUgKa_k\/edit#gid=0\">Business Cost<\/a> | Business case 1 | <a href=\"https:\/\/docs.google.com\/presentation\/d\/1Pt4lYDe1OEBsBKJGHd3H1dcxC83ysZobvaKDFvnUBRQ\/edit#slide=id.g5f07f2c3ad_3_10\">Presentation<\/a> |<\/p>\n<p>02 &#8211; Kronetorp | <a href=\"https:\/\/docs.google.com\/spreadsheets\/d\/1w5xoUgu6ru5F8DxRnPvJ6Y1tCE5QDkaleD6KqSosIFI\/edit#gid=0\">Self cost<\/a> |<a href=\"https:\/\/docs.google.com\/spreadsheets\/d\/1C-lRmkGnfJH6FgyBGP3o-vCAVB6j9ej_CTjRz5J7TnY\/edit#gid=1313275049\"> kalkyl<\/a> | <a href=\"https:\/\/docs.google.com\/spreadsheets\/d\/1IVOlhqKzex2AjIVZ7Brqxf8iGI_GigUbc-px3JVwwj4\/edit#gid=1279216750\">Energif\u00f6rbrukning<\/a> | <a href=\"https:\/\/docs.google.com\/presentation\/d\/1-8tIc5u42y8SLIlCVomZiBabe0Z6-W0-xeBHvSF6fDI\/edit#slide=id.g5f07f2c3ad_3_10\">Presentation (Proposal)<\/a> |<\/p>\n<p>03 &#8211; Business Sweden | <a href=\"https:\/\/drive.google.com\/drive\/u\/0\/folders\/1KFEH_kTYDKQzmaI5RMcSXaf9Te4jDTU6\">Arkiv<\/a> |\u00a0<a href=\"https:\/\/docs.google.com\/spreadsheets\/d\/1UO0WohSeINwWy5MooJOPgX-zHIq3YZPp-UmFn-GSXSQ\/edit#gid=1078649698\">Market Analysis SGS1<\/a>\u00a0|\u00a0<a href=\"https:\/\/docs.google.com\/spreadsheets\/d\/1NOT3TuAU2T7x6kEn-XtWuLWnK3bVklhIGFQ9hOk5TqM\/edit#gid=1078649698\">Market Analysis SGS2<\/a> | <a href=\"https:\/\/docs.google.com\/spreadsheets\/d\/1FBI30LslVG1semq4QtEt_w765oF0K8vTegu9k1uIIBU\/edit#gid=1397042792\">Cost of entry<\/a> | <a href=\"https:\/\/docs.google.com\/spreadsheets\/d\/1GiIlvMLFtXRZdtvzFcLKpvJ7_sOEzsADlSguwESkFRI\/edit#gid=468992435\">Cost of Engineering<\/a><\/p>\n<p>04 &#8211; Tandl\u00e4karh\u00f6gskolan | <a href=\"http:\/\/snowballcapital.com\/contact.html\">Snowball Capital AB<\/a> | <a href=\"https:\/\/www.google.se\/maps\/@55.591928,13.0005476,160m\/data=!3m1!1e3\">Google Maps<\/a> | <a href=\"https:\/\/kiube.se\/projekt\/projektskiss029-004\">Projektskiss<\/a> |<\/p>\n<p><a href=\"https:\/\/kiube.se\/projekt\/tag\/05\">05<\/a> &#8211; <a href=\"https:\/\/www.burlovcenter.se\/kontakt\/\">Burl\u00f6v center<\/a> | <a href=\"https:\/\/www.grosvenor.com\/\">Grosvenor<\/a> |<\/p>\n<p>06 &#8211; Burl\u00f6v Kommun |<\/p>\n<p>07 &#8211; Smarta Byar (Veber\u00f6d) | <a href=\"http:\/\/veberod.nu\">hemsida<\/a> |<\/p>\n<p>08 &#8211; Thoren Gruppen | Presentation |<\/p>\n<p><span style=\"color: #008000;\">09 &#8211; Kullaberg | <a href=\"https:\/\/kiube.se\/projekt\/7056\">Offert<\/a> <\/span>| <a href=\"https:\/\/yellotab.se\/x055\/09-kullaberg\/\">Design<\/a> | <a href=\"https:\/\/kiube.se\/projekt\/projekt-status\/029-09-kullaberg\">Best\u00e4llningar<\/a> | <a href=\"https:\/\/kiube.se\/projekt\/projektvy-29-09-klimatvakt-greta\">Projektvy<\/a> |<\/p>\n<p>10 &#8211; Burl\u00f6vs Bost\u00e4der AB |<\/p>\n<p>11 &#8211; Stenkrossen LED belysning test | <a href=\"https:\/\/yellotab.se\/x055\/11-stenkrossen-led-belysning\/\">Design<\/a> |<\/p>\n<p>12 &#8211; Koloniomr\u00e5de &#8211; St M\u00e5nslyckan ( + ev Arl\u00f6v) | <a href=\"https:\/\/kiube.se\/projekt\/projektvy-12-koloni\">Design<\/a> |<\/p>\n<p>13 &#8211;\u00a0 Hems\u00f6 St Lars | <a href=\"https:\/\/kiube.se\/projekt\/design-029-13-hemso-st-lars\">Design<\/a> | <a href=\"https:\/\/kiube.se\/projekt\/tag\/029-13\">Lyckebacken<\/a> |<\/p>\n<p>14 &#8211; Alnarp Agroecology camp | <a href=\"https:\/\/kiube.se\/projekt\/projektskiss-for-alnarp-agroecology-camp\">Projektskiss<\/a> |<\/p>\n<p>15 &#8211; R\u00e4dda K\u00e4llby Natur ( Kolonitr\u00e4dg\u00e5rdar) | <a href=\"https:\/\/kiube.se\/projekt\/projekt-0029-15-radda-kallby-natur\">Projektskiss<\/a> | <a href=\"https:\/\/kiube.se\/projekt\/tag\/029-15\">Plogg<\/a> |<\/p>\n<p>16 &#8211;\u00a0\u00a0Forsvik<\/p>\n<p>17 &#8211; <strong>V\u00e4rpinge G\u00e5rd<\/strong>| <a href=\"https:\/\/kiube.se\/labbstationer\/asset\/varpinge-gard\/\" target=\"_blank\" rel=\"noopener\">Anl\u00e4ggning<\/a> [inlogg kr\u00e4vs]| Support | <a href=\"https:\/\/apps5.fortnox.se\/app\/5610c48c1434446f8a4fe29c01488262\/common\/customer\/46\/sub\/business\">Kundkort<\/a> |<\/p>\n<p>18 &#8211; Hvilan Utbildning | <a href=\"https:\/\/kiube.se\/projekt\/029-19-hvilan-utbildning\">\u00d6versikt<\/a> |<\/p>\n<p>19 &#8211; Lokstallarna &#8211; Farmers market : <a href=\"https:\/\/kiube.se\/projekt\/029-15-folkets-marknad\">\u00d6versikt<\/a> | <a href=\"https:\/\/kiube.se\/projekt\/tag\/029-20\">Plogg<\/a> | <a href=\"https:\/\/docs.google.com\/spreadsheets\/d\/12bc6fQTxdfblSvfQ7vwNvEZVfHA8fkrs6pUYN5XQHX4\/edit#gid=0\">Excel<\/a> | <a href=\"https:\/\/cryptpad.fr\/sheet\/#\/3\/sheet\/edit\/5ffb4c8cfa108d3d0eea8e5c1b623b47\/p\/\">Suppliers list<\/a> | <a href=\"https:\/\/kiube.se\/labbstationer\/asset\/oikos-lokstallarna\/\">Anl\u00e4ggning<\/a> |<\/p>\n<p>20 &#8211; N\u00e4ktergalen Hj\u00e4rup<\/p>\n<p>21 &#8211; <strong>Bj\u00f6rkhimlen<\/strong><\/p>\n<p>22 &#8211; Hunnerup 30, St Lars | <a href=\"https:\/\/drive.google.com\/drive\/u\/0\/folders\/116vltMDek_IHt60LJrIMye1owTzeFk4O\">Arkiv<\/a> |<\/p>\n<p>23 &#8211; Sege Park<\/p>\n<p>24 &#8211; H\u00f6rjelg\u00e5rden | Anl\u00e4ggning |<\/p>\n<p>25 &#8211; Sigvard M\u00e5nsg\u00e5rd<\/p>\n<p>26 &#8211; Holma Folkh\u00f6gskola | Anl\u00e4ggning |<\/p>\n<p>27 &#8211; Alnarp Campus \/ Mellang\u00e5rd | Anl\u00e4ggning |<\/p>\n<p>28 &#8211; Mossag\u00e5rden | Anl\u00e4ggning |<\/p>\n<p>29 &#8211; Rekobyn R\u00f6st\u00e5nga | <a href=\"https:\/\/www.rekobyn.se\/\">Hemsida<\/a> |<\/p>\n<p>30 &#8211; S\u00f6derlunds sm\u00e5bruk<\/p>\n<p>31 &#8211; Karindals g\u00e5rd ( Ann-Mari Lind\u00e9n) | <a href=\"https:\/\/kiube.se\/labbstationer\/asset\/starbyvagen-5\/\">Anl\u00e4ggning<\/a> |<\/p>\n<p>32 &#8211; Bj\u00f6rkv\u00e4gen 6B, \u00c5karp | <a href=\"https:\/\/kiube.se\/labbstationer\/asset\/bjorkvagen-6b\/\">Anl\u00e4ggning<\/a> | <a href=\"https:\/\/yellotab.zendesk.com\/agent\/users\/24417166315922\/requested_tickets\">\u00c4rende:24417166315922<\/a> | <a href=\"https:\/\/kiube.se\/projekt\/9568\">Status<\/a> |<\/p>\n<p>33 &#8211; <strong>Backa K\u00e5ken:<\/strong> <a href=\"https:\/\/kiube.se\/labbstationer\/asset\/backa-kaken\/\">Anl\u00e4ggning<\/a> | <a href=\"https:\/\/drive.google.com\/drive\/u\/0\/folders\/1Rd_7CKZnz3znMEz8rvAYOuRoLlKWw15C\">Arkiv<\/a> |<\/p>\n","protected":false},"excerpt":{"rendered":"<p>Projektvy | Kontakter | Asana | Strategi | Progress | Value Proposition | Arkiv | Hubbar och integrationsplatser &#8211; offerter 01 &#8211; Climate-KIC application | Application Folder\u00a0 | Business Cost | Business case 1 | Presentation | 02 &#8211; Kronetorp | Self cost | kalkyl | Energif\u00f6rbrukning | Presentation (Proposal) | 03 &#8211; Business Sweden [&hellip;]<\/p>\n","protected":false},"author":131,"featured_media":0,"parent":0,"menu_order":0,"comment_status":"closed","ping_status":"closed","template":"","meta":{"_monsterinsights_skip_tracking":false,"_monsterinsights_sitenote_active":false,"_monsterinsights_sitenote_note":"","_monsterinsights_sitenote_category":0,"jetpack_post_was_ever_published":false,"footnotes":""},"class_list":["post-6134","page","type-page","status-publish","hentry"],"aioseo_notices":[],"jetpack_shortlink":"https:\/\/wp.me\/P8EJTZ-1AW","jetpack_sharing_enabled":true,"_links":{"self":[{"href":"https:\/\/kiube.se\/projekt\/wp-json\/wp\/v2\/pages\/6134","targetHints":{"allow":["GET"]}}],"collection":[{"href":"https:\/\/kiube.se\/projekt\/wp-json\/wp\/v2\/pages"}],"about":[{"href":"https:\/\/kiube.se\/projekt\/wp-json\/wp\/v2\/types\/page"}],"author":[{"embeddable":true,"href":"https:\/\/kiube.se\/projekt\/wp-json\/wp\/v2\/users\/131"}],"replies":[{"embeddable":true,"href":"https:\/\/kiube.se\/projekt\/wp-json\/wp\/v2\/comments?post=6134"}],"version-history":[{"count":7,"href":"https:\/\/kiube.se\/projekt\/wp-json\/wp\/v2\/pages\/6134\/revisions"}],"predecessor-version":[{"id":9715,"href":"https:\/\/kiube.se\/projekt\/wp-json\/wp\/v2\/pages\/6134\/revisions\/9715"}],"wp:attachment":[{"href":"https:\/\/kiube.se\/projekt\/wp-json\/wp\/v2\/media?parent=6134"}],"curies":[{"name":"wp","href":"https:\/\/api.w.org\/{rel}","templated":true}]}}