{"id":5788,"date":"2019-02-05T17:43:01","date_gmt":"2019-02-05T16:43:01","guid":{"rendered":"https:\/\/kiube.se\/projekt\/?page_id=5788"},"modified":"2026-04-12T16:39:54","modified_gmt":"2026-04-12T15:39:54","slug":"plogg","status":"publish","type":"page","link":"https:\/\/kiube.se\/projekt\/","title":{"rendered":"Projekt logg"},"content":{"rendered":"<p>Senaste aktiviter visas, v\u00e4lj ditt projekt i menyn nedan fr\u00e5n aktuella projekt eller aktivitet \u00a0i meny till h\u00f6ger.<\/p>\n<p>#001 &#8211; Utvecklingsmilj\u00f6 Laddstation DVDC\u00a0| <a href=\"http:\/\/kiube.se\/i001\/\">System Design<\/a> | <a href=\"https:\/\/kiube.se\/projekt\/projektvy-001-lagenergisystem-dvdc\">Projektvy<\/a> | <a href=\"https:\/\/kiube.se\/projekt\/category\/projekt\/projekt-001\">Plogg<\/a>\u00a0| <a href=\"http:\/\/yellotab.se\/x042\/\">Servicebok<\/a>\u00a0| <a href=\"https:\/\/drive.google.com\/drive\/u\/0\/folders\/0B_A9H8iRi1kXfmczWHE4TVdnNlVlRjhNZE8xWktlTmZVdmpzNHo2elg2OENLV0N0Z1hFa1E\">Google Drive<\/a><br \/>\n#002 &#8211; Elsystem solcellsfarkost | <a href=\"https:\/\/kiube.se\/projekt\/projekt-002\">Utvecklingssteg<\/a> |\u00a0<a href=\"https:\/\/kiube.se\/projekt\/category\/projekt\/projekt-002\">Plogg\u00a0<\/a>|<br \/>\n#003 &#8211; Moduler | System Design | <a href=\"https:\/\/kiube.se\/projekt\/category\/projekt\/projekt-003\">Plogg<\/a>\u00a0| <a href=\"https:\/\/cad.onshape.com\/documents\/3f3a389e9d5a4370b952bdce\/w\/ac5a66cb6bc9446581d67661\/e\/b1e744281e1b46268634ef49\">Onshape<\/a> |<br \/>\n#004 &#8211; Elfordon 100N50Y\u00a0| <a href=\"http:\/\/kiube.se\/no004\/\">System Design<\/a> | <a href=\"http:\/\/kiube.se\/projekt\/projekt\/projekt-004\">Plogg<\/a>\u00a0|<br \/>\n#005 &#8211; Design Greenhouse koncept utveckling\u00a0| <a href=\"https:\/\/kiube.se\/projekt\/category\/projekt\/projekt-005\">Plogg\u00a0<\/a>| <a href=\"http:\/\/kiube.se\/zon3\/\">Hemsida<\/a> | <a href=\"https:\/\/cad.onshape.com\/documents\/f9ec8ea95c38278e891ecb8c\/w\/a201eb582369a4985201cd1c\/e\/56e17d53626b12c58b8fb566\">Onshape<\/a> |<br \/>\n#006 &#8211; HMI, Interaktiv enstavla | <a href=\"https:\/\/kiube.se\/projekt\/006-hmi-enstavla\">Projektvy<\/a> | \u00a0<a href=\"https:\/\/kiube.se\/projekt\/category\/projekt\/projekt-006\">Plogg<\/a>\u00a0|<br \/>\n#007 &#8211;\u00a0\u00a0Soltak 20kW solceller DVDC | <a href=\"https:\/\/kiube.se\/projekt\/007-soltak\">Projektvy<\/a> |<a href=\"https:\/\/kiube.se\/projekt\/category\/projekt\/projekt-007\">Plogg<\/a>\u00a0|<br \/>\n#008 &#8211; Batterier och Powerwall (lagring DVDC) |<a href=\"https:\/\/kiube.se\/projekt\/projekt-008-2\"> Projektvy<\/a> \u00a0|<a href=\"http:\/\/kiube.se\/i008\/\">System Design<\/a>\u00a0| <a href=\"https:\/\/kiube.se\/projekt\/category\/projekt\/projekt-008\">Plogg<\/a>\u00a0| <a href=\"https:\/\/drive.google.com\/drive\/folders\/0B_A9H8iRi1kXV1VjTFdjY1ZKOVk\">Google Drive<\/a> | <a href=\"https:\/\/cad.onshape.com\/documents\/079dee89cbfb56d61fbb6e0c\/w\/ce5c0e093a7ce4e2cbcedd80\/e\/b3d9379188624b9a67f4c6fe\">Onshore<\/a> | <a href=\"https:\/\/docs.google.com\/spreadsheets\/d\/0B_A9H8iRi1kXcnlCMlcxdnJiRDhiTi1BcHlYZVBNRDRDbUd3\/edit#gid=1689288663\">Batterisystem<\/a> |<br \/>\n#009 &#8211; DVDC controlsystem | <a href=\"https:\/\/kiube.se\/projekt\/projekt-009-dvdc-kontrollsystem\">Projektvy<\/a> | <a href=\"http:\/\/kiube.se\/projekt\/category\/projekt\/projekt-009\">Plogg<\/a> | <a href=\"https:\/\/drive.google.com\/drive\/u\/0\/folders\/1KZMOEPJVQhoZ_lnEMeJ05zt1dYxf9Y8U\">G-Drive<\/a> |<br \/>\n#010 &#8211; Laddstation F\u00f6rs\u00f6ksanl\u00e4ggning |<a href=\"http:\/\/kiube.se\/i010\/\"> System Design<\/a> |\u00a0<a href=\"http:\/\/kiube.se\/projekt\/category\/projekt\/projekt-010\">Plogg<\/a>\u00a0| <a href=\"https:\/\/yellotab.se\/x046\/\">Servicebok<\/a>| <a href=\"https:\/\/cad.onshape.com\/documents\/dafe1b98457af2c9488a3628\/w\/0439bd5fd74ea99fd176debd\/e\/fb44e17c48164f5e16947c30\">Onshape<\/a> | <a href=\"https:\/\/cad.onshape.com\/documents\/a1a488f191599aee59f571a7\/w\/0075290605a2075086c6d6ea\/e\/315cab9a0c8adc1ad1fe517f\">Onshape Sandbox<\/a> | Drawings | <a href=\"https:\/\/docs.google.com\/spreadsheets\/d\/1xB1LFdicq9PW1XXEUlx4bfxcRbMHCtjusf9EWf0rHrY\/edit?usp=sharing\">BoM<\/a> | <a href=\"https:\/\/drive.google.com\/file\/d\/1qEdlD9tOvf2K13IMqwU7khicJZPMoLhY\/view?usp=sharing\">Budget<\/a> |<br \/>\n#011 &#8211; solarXbike | <a href=\"https:\/\/kiube.se\/projekt\/projektvy-solarxbike\">Projektvy<\/a> |<a href=\"http:\/\/kiube.se\/i011\/\">System Design<\/a>\u00a0|\u00a0<a href=\"https:\/\/kiube.se\/projekt\/category\/projekt\/nr011\">Plogg<\/a> |\u00a0<a href=\"https:\/\/keep.google.com\/u\/0\/#label\/#011\">ToDo<\/a> | <a href=\"http:\/\/solarxbike.se\">Hemsida<\/a>\u00a0| <a href=\"https:\/\/yellotab.se\/x045\/\">Servicebok<\/a>\u00a0|<br \/>\n#012 &#8211; Resiliens\/servicebarhet\/motst\u00e5ndskraft\/standard\/moduler\u00a0 |\u00a0<a href=\"http:\/\/kiube.se\/projekt\/category\/projekt\/projekt-012\">Plogg<\/a>\u00a0| <a href=\"http:\/\/yellotab.se\/x044\">Serviceboken<\/a> |<br \/>\n#013 &#8211; Gr\u00e4nsnitt\u00a0|<a href=\"http:\/\/kiube.se\/i013\/\">\u00a0System Design\u00a0<\/a>|\u00a0<a href=\"https:\/\/kiube.se\/projekt\/category\/projekt\/projekt-013\">Plogg<\/a>\u00a0| <a href=\"https:\/\/drive.google.com\/open?id=1ef-hBJinU-PSz3gd8wqs5Jo965L0S-xSnAPudXNuMmI\">BoM<\/a> | <a href=\"https:\/\/parts.solarxbike.se\/systemoversikt\/?wpv-portfolio-category=dc-kopplingar&amp;wpv_aux_current_post_id=413&amp;wpv_aux_parent_post_id=413&amp;wpv_view_count=88\">Integrationsplats<\/a>\u00a0<a href=\"http:\/\/kiube.se\/i013\/\"><br \/>\n<\/a>#014 &#8211; Cykelr\u00e4ttsf\u00f6rening |\u00a0<a href=\"http:\/\/yellotab.se\/zon0\/\">Hemsida<\/a>\u00a0|<br \/>\n#015 &#8211; Donkey.bikes &#8211; hyrcyklar | Plogg | <a href=\"https:\/\/www.donkey.bike\">Hemsida<\/a> |\u00a0<a href=\"https:\/\/yellotab.se\/x047\/\">Servicebok<\/a>\u00a0|<br \/>\n#016 &#8211; Managed fellowship \u00a0| <a href=\"https:\/\/kiube.se\/projekt\/016-managed-fellowship\">Projektvy<\/a> | <a href=\"http:\/\/kiube.se\/projekt\/category\/projekt\/projekt-016\">Plogg<\/a> | hemsida |<br \/>\n#017 &#8211; Utlysningar\u00a0 \u00a0| <a href=\"https:\/\/kiube.se\/projekt\/projektvy-ansokningar\">Projektvy<\/a> | Aktuellt |<br \/>\n#018 &#8211; Growroom Space10:\u00a0 <a href=\"https:\/\/kiube.se\/projekt\/projektvy-018-growing-green-globe\">\u00a0Projektvy<\/a> |<a href=\"http:\/\/kiube.se\/p007\/?p=9737\"> Skiss<\/a> | <a href=\"https:\/\/keep.google.com\/u\/0\/#label\/#018\">Keep<\/a> | <a href=\"http:\/\/kiube.se\/projekt\/category\/projekt\/projekt-018\">Plogg<\/a> | <a href=\"https:\/\/www.loomio.org\/g\/XZBt0TQu\/projekt-018-growroom\">Loomio<\/a>\u00a0| <a href=\"https:\/\/drive.google.com\/drive\/u\/0\/folders\/0B_A9H8iRi1kXVGtCaExHajB4RTA\">Google Drive<\/a>\u00a0 |<br \/>\n#019 &#8211; solarXgenerator till Folkets Park (Sagohuset)\u00a0| Skiss | <a href=\"http:\/\/yellotab.se\/x061\/?page_id=2231\">ToDo<\/a> | <a href=\"http:\/\/kiube.se\/projekt\/category\/projekt\/projekt-019\">Plogg<\/a>\u00a0| <a href=\"https:\/\/cad.onshape.com\/documents\/905fbd9407f122974020b857\/w\/ed215683e7e242c29faa60ab\/e\/c5045b17579e9f49d5ddee00\">Onshape<\/a>\u00a0 |\u00a0<a href=\"https:\/\/drive.google.com\/a\/jidoka.se\/file\/d\/0B_A9H8iRi1kXU09xR01jclNUMUU\/view?usp=sharing\">IO draw\u00a0<\/a>|\u00a0<a href=\"http:\/\/yellotab.se\/x061\">Servicebok<\/a>\u00a0| <a href=\"https:\/\/drive.google.com\/open?id=0B_A9H8iRi1kXT2NnQlV4TjBqOEE\">Google Drive<\/a> |<br \/>\n#020 &#8211; Festivaler Aktuella &#8220;H\u00e5llbarhetsfestivalen LUND&#8221; Sk\u00e5ne Innovation Week&#8221;\u00a0| ToDo\u00a0|\u00a0<a href=\"http:\/\/kiube.se\/projekt\/category\/projekt\/projekt-020\">Plogg<\/a>\u00a0|<br \/>\n#021 &#8211; Distribuerat filsystem p\u00e5 raspberry Pi med f\u00f6rnyelsebar energi\u00a0| <a href=\"https:\/\/storj.readme.io\/docs\/build-a-renewable-energy-storj-farm\">Skiss<\/a>\u00a0| <a href=\"http:\/\/kiube.se\/projekt\/category\/projekt\/projekt-021\">Plogg<\/a>\u00a0|<br \/>\n#022 &#8211; Digital Marknadsf\u00f6ring \/Slutprojekt mediautbildning |\u00a0<a href=\"http:\/\/kiube.se\/projekt\/category\/projekt\/projekt-022\">Plogg<\/a>\u00a0|<br \/>\n#023 &#8211; L\u00e5sbara cykelst\u00e4ll | <a href=\"http:\/\/kiube.se\/projekt\/category\/projekt\/projekt-023\">Plogg<\/a> |<br \/>\n#024 &#8211; Design Greenhouse &#8211; \u00d6vningsobjekt | <a href=\"https:\/\/kiube.se\/projekt\/projektvy-024\">\u00d6versikt<\/a> |<a href=\"http:\/\/kiube.se\/projekt\/category\/projekt\/projekt-024\"> Plogg<\/a> | <a href=\"https:\/\/drive.google.com\/open?id=1UnrQF2YGKOYQnkafAWOiBB9Dk-yDryw0\">Team drive<\/a> | <a href=\"https:\/\/drive.google.com\/drive\/u\/0\/folders\/1QsKGOd5e_vCKNG77wD2gE2IwhUIwB_gu\">Greenhouse drive<\/a> | <a href=\"https:\/\/drive.google.com\/open?id=1dnIBnsJnTjox3wBcDpXp3NUESeugbjIV\">Agreements<\/a> | <a href=\"https:\/\/docs.google.com\/spreadsheets\/d\/15FvtsyCQlP0vdv9Koo5MpDrnObUnPDBR9rPWw8SDUyI\/edit#gid=0\">Budget<\/a> | <a href=\"https:\/\/docs.google.com\/spreadsheets\/d\/1y5TFT8gKdVIIFgo1jiNoaRU3oj_O8Lp4iCntlyVdwzE\/edit?usp=sharing\">BoM<\/a> | <a href=\"https:\/\/docs.google.com\/spreadsheets\/d\/1-eA8N3QUEt0eYmrW6b97oMwc8XqjZLBfG6PuNXugfk4\/edit?usp=sharing\">Risk<\/a> |\u00a0<a href=\"http:\/\/yellotab.se\/x051\">Servicebok<\/a><br \/>\n#025 &#8211; Cykelkultur \/ Stenkrossen 3-\u00e5rs projekt | <a href=\"http:\/\/kiube.se\/projekt\/category\/projekt\/projekt-025\">Plogg<\/a> | <a href=\"https:\/\/drive.google.com\/drive\/u\/0\/folders\/1QYwY_cBqbhEjkjRrL6gn5itVXfmJ33Xv\">Dokument<\/a> |\u00a0\u00a0<a href=\"https:\/\/docs.google.com\/document\/d\/1WFJsuY0ruIeWcqoPRhdUduZOIh3pZ4aFfgeSur_cp-k\/edit\">Budget<\/a> | <a href=\"https:\/\/docs.google.com\/document\/d\/1w5xZ-_yUZuo5zRUdNpgrbOjP36uy20BY-G_cLR4v2m0\/edit\">Effektstyrning<\/a> |<br \/>\n#026 &#8211; User interface | <a href=\"http:\/\/kiube.se\/projekt\/category\/projekt\/projekt-026\">Plogg<\/a> | <a href=\"https:\/\/drive.google.com\/drive\/u\/0\/folders\/1VUZtzSPmdSJ7HZ1txxNufrR1iiSu1gyc\">Google Drive<\/a> |<br \/>\n#027 &#8211; <a href=\"https:\/\/s3.eu-north-1.amazonaws.com\/kiube.se\/wp-content\/uploads\/sites\/72\/2019\/03\/26170812\/Projekt%C3%B6versikt-En-klimatcykel-Lars-Lindmark.pdf\">Projekt Klimatcykel<\/a>\u00a0| <a href=\"https:\/\/kiube.se\/projekt\/projektvy-027-klimatcykel\">Projektvy<\/a> | <a href=\"https:\/\/kiube.se\/projekt\/5699\">Plan<\/a> |<a href=\"https:\/\/kiube.se\/projekt\/5708\">Policy<\/a> | <a href=\"https:\/\/kiube.se\/i027\/\">Design<\/a> | <a href=\"https:\/\/kiube.se\/projekt\/category\/projekt\/027\">Plogg<\/a> | <a href=\"https:\/\/docs.google.com\/spreadsheets\/d\/1pY4so_BUeiexuZdOZoOSsJxxSVOeFbhjuxPOJjByM10\/edit?usp=sharing\">BoM<\/a> | <a href=\"https:\/\/drive.google.com\/drive\/u\/0\/folders\/1jJfJTGlfBfVQ3l1-SV6uUJuHuZ6zagA2\">Dokument<\/a> | Ritningar | <a href=\"https:\/\/cad.onshape.com\/documents\/d065d1173aaa21a01631f540\/w\/f9fa024cdee2be658408f545\/e\/13ca57849cd89e8df3d3d14d\">CAD 3D<\/a> | <a href=\"https:\/\/yellotab.se\/x061\/portfolio\/rigg1\/\">Rigg 1<\/a>| <a href=\"https:\/\/yellotab.se\/x053\/\">Resultat 2<\/a> |<br \/>\n#028 &#8211; Gusse dummy molndatabas | <a href=\"https:\/\/kiube.se\/projekt\/design-spec-028-gusse-dummy\">Design<\/a> | \u00a0<a href=\"https:\/\/kiube.se\/projekt\/category\/projekt\/028\">Plogg<\/a>\u00a0|<br \/>\n#029 &#8211; Powerhouse med sj\u00e4lvstyrande noder | <a href=\"https:\/\/kiube.se\/projekt\/projekt-029\">Projektvy<\/a> | <a href=\"https:\/\/kiube.se\/projekt\/category\/projekt\/projekt-029\">Plogg<\/a> |<br \/>\n#030 &#8211; Cykelkultur projekt | <a href=\"https:\/\/kiube.se\/projekt\/project-030-trafikverket\">Projektvy<\/a> |<a href=\"https:\/\/kiube.se\/projekt\/category\/projekt\/projekt-030\">Plogg<\/a> |<br \/>\n#031 &#8211; 180 DC &#8211; 4 stakholder model | <a href=\"https:\/\/kiube.se\/projekt\/project-aims-180-dc-4-stakeholder-model\">Projekt skiss<\/a> | <a href=\"https:\/\/kiube.se\/projekt\/category\/projekt\/projekt-031\">Plogg<\/a> | <a href=\"https:\/\/drive.google.com\/open?id=1667TGDbPYl5jOlNC3VT19fkGSeOVvhSI\">Arkiv Gdrive<\/a> |<br \/>\n#032 &#8211; Gr\u00f6na tj\u00e4nster | <a href=\"https:\/\/kiube.se\/projekt\/032-grona-tjanster\">Projektvy\u00a0<\/a> | <a href=\"https:\/\/kiube.se\/projekt\/category\/projekt\/projekt-032\">Plogg<\/a> |<br \/>\n#033 &#8211; Mobil laddstation Cargo (kategori 326) | <a href=\"https:\/\/kiube.se\/projekt\/projektvy-033-mobil-cargo-laddstation\">Projektvy<\/a> | <a href=\"https:\/\/kiube.se\/projekt\/category\/projekt\/projekt-033\">Plogg<\/a> | <a href=\"https:\/\/cad.onshape.com\/documents\/42173515f67654362f4956ab\/w\/18de25b4f0d5d8f856568555\/e\/ed32b153f312bb8ba559b260\">Onshape<\/a> |<br \/>\n#034 &#8211; Reconnect Bj\u00f6rkv\u00e4gen | <a href=\"https:\/\/kiube.se\/projekt\/projekt-034\">Projektvy<\/a> |\u00a0<a href=\"https:\/\/kiube.se\/projekt\/category\/projekt\/projekt-034\"> Plogg<\/a> | <a href=\"https:\/\/drive.google.com\/drive\/u\/0\/folders\/1na2AK78y33a-jwbzggM3ouK73YXsulsR\">G-Drive<\/a> | <a href=\"https:\/\/solarxbike.wordpress.com\">P2<\/a> | <a href=\"https:\/\/reconnect.solarxbike.se\">Homepage<\/a> | <a href=\"https:\/\/cad.onshape.com\/documents\/8c9e5cd18b17e0366e336aa9\/w\/d9a59179c2f90f14669c2f7c\/e\/b5eb221df12261f3f8c8dbf8?renderMode=0&amp;uiState=62279658a839ed51f3696a00\">Onshape<\/a> |<br \/>\n#035 &#8211; Laddboxar | Projektvy | Plogg | G-drive |<br \/>\n#036 &#8211; Systemdokumentation\u00a0 Cirkul\u00e4r Ekonomi (Bokf\u00f6ring uppf\u00f6ljning) | <a href=\"https:\/\/kiube.se\/projekt\/036_systemdokumentation\">Projektvy<\/a> | <a href=\"https:\/\/kiube.se\/projekt\/category\/projekt\/projekt-036\">Plogg<\/a> |<br \/>\n#037 &#8211; Energigemenskap (CRP) | <a href=\"https:\/\/kiube.se\/projekt\/projekt-037\">Projektvy<\/a> | <a href=\"https:\/\/kiube.se\/projekt\/category\/projekt\/projekt-037\">Plogg<\/a> |<br \/>\n#038 &#8211; MongoDB | <a href=\"https:\/\/kiube.se\/projekt\/category\/projekt\/projekt-038\">Plogg<\/a> |<br \/>\n#039 \u2013 Aff\u00e4rsmodell &#8211; cirkul\u00e4r ekonomi | <a href=\"https:\/\/drive.google.com\/drive\/u\/0\/folders\/1Q8S0nG93P1icyO8aP3mBfKEP1mQAxG-M\">Arkivet<\/a> |<br \/>\n#040 \u2013 HMI &#8211; Diggen &#8211; HMI<br \/>\n#041 \u2013 IoT &#8211; sensorn\u00e4tverk- data uppf\u00f6ljning | <a href=\"https:\/\/kiube.se\/projekt\/projekt-041\">Projektvy<\/a> | <a href=\"https:\/\/kiube.se\/projekt\/category\/projekt\/projekt-041\">Plogg<\/a> | <a href=\"https:\/\/drive.google.com\/drive\/folders\/14D621E5UdQ7m_MzdvM6063zpY2ThiIjD?usp=sharing\">Arkiv gDrive<\/a> |<br \/>\n#042 &#8211;\u00a0 Ensgruppen Cirklar | <a href=\"https:\/\/kiube.se\/projekt\/042-hemsidor-och-domaner\">Projektvy<\/a> | \u00a0<a href=\"https:\/\/kiube.se\/projekt\/category\/projekt\/projekt-042\">Plogg<\/a> | <a href=\"https:\/\/drive.google.com\/drive\/folders\/1SUm1zhXNyKb_QPtQ8sFY2Pt-G17gIcXT\">Arkivet gDrive<\/a> |<br \/>\n#043 &#8211; Modulsystem lastcykel | Projektvy | <a href=\"https:\/\/kiube.se\/projekt\/category\/projekt\/projekt-043\">Plogg<\/a> |<br \/>\n#044 &#8211;\u00a0 Carbon Capture tree | Projektvy | <a href=\"https:\/\/kiube.se\/projekt\/category\/projekt\/projekt-044\">Plogg<\/a> |<br \/>\n#045 &#8211;\u00a0 Massatillverkning fr\u00e5n jordbruk | <a href=\"https:\/\/kiube.se\/projekt\/045-pappersmassa-fran-jordbruk\">Projektvy<\/a> | <a href=\"https:\/\/kiube.se\/projekt\/category\/projekt\/projekt-045\">Plogg<\/a> | <a href=\"https:\/\/drive.google.com\/drive\/folders\/1QukTpKlsB-dOWiMsh0qSZdEGLWyBPrxx?usp=share_link\">Arkiv<\/a> |<br \/>\n#046 &#8211; Evenemang | <a href=\"https:\/\/kiube.se\/projekt\/046-evenemang\">Projektvy<\/a> |<br \/>\n#047 &#8211; Agrivoltaic CSE | <a href=\"https:\/\/kiube.se\/projekt\/047-agrivoltaic\">Projektvy<\/a> |<a href=\"https:\/\/kiube.se\/projekt\/category\/projekt-047\"> Plogg<\/a> |<br \/>\n#048 &#8211; Agroecology CSA | <a href=\"https:\/\/kiube.se\/projekt\/048-agroecology\">Projektvy<\/a> | <a href=\"https:\/\/kiube.se\/projekt\/category\/projekt\/projekt-048\">Plogg<\/a> |<br \/>\n#049 &#8211; Dom\u00e4ner (Egendomar) | <a href=\"https:\/\/kiube.se\/projekt\/049-egendomar\">Projektvy<\/a> |Plogg | k-st\u00e4lle |<br \/>\n#050 &#8211; solarXhorto | <a href=\"https:\/\/kiube.se\/projekt\/projektvy-050-solarxhorto\">Projektvy<\/a> |<\/p>\n","protected":false},"excerpt":{"rendered":"<p>Senaste aktiviter visas, v\u00e4lj ditt projekt i menyn nedan fr\u00e5n aktuella projekt eller aktivitet \u00a0i meny till h\u00f6ger. #001 &#8211; Utvecklingsmilj\u00f6 Laddstation DVDC\u00a0| System Design | Projektvy | Plogg\u00a0| Servicebok\u00a0| Google Drive #002 &#8211; Elsystem solcellsfarkost | Utvecklingssteg |\u00a0Plogg\u00a0| #003 &#8211; Moduler | System Design | Plogg\u00a0| Onshape | #004 &#8211; Elfordon 100N50Y\u00a0| System Design [&hellip;]<\/p>\n","protected":false},"author":131,"featured_media":0,"parent":0,"menu_order":0,"comment_status":"closed","ping_status":"closed","template":"","meta":{"_monsterinsights_skip_tracking":false,"_monsterinsights_sitenote_active":false,"_monsterinsights_sitenote_note":"","_monsterinsights_sitenote_category":0,"jetpack_post_was_ever_published":false,"footnotes":""},"class_list":["post-5788","page","type-page","status-publish","hentry"],"aioseo_notices":[],"jetpack_shortlink":"https:\/\/wp.me\/P8EJTZ-1vm","jetpack_sharing_enabled":true,"_links":{"self":[{"href":"https:\/\/kiube.se\/projekt\/wp-json\/wp\/v2\/pages\/5788","targetHints":{"allow":["GET"]}}],"collection":[{"href":"https:\/\/kiube.se\/projekt\/wp-json\/wp\/v2\/pages"}],"about":[{"href":"https:\/\/kiube.se\/projekt\/wp-json\/wp\/v2\/types\/page"}],"author":[{"embeddable":true,"href":"https:\/\/kiube.se\/projekt\/wp-json\/wp\/v2\/users\/131"}],"replies":[{"embeddable":true,"href":"https:\/\/kiube.se\/projekt\/wp-json\/wp\/v2\/comments?post=5788"}],"version-history":[{"count":11,"href":"https:\/\/kiube.se\/projekt\/wp-json\/wp\/v2\/pages\/5788\/revisions"}],"predecessor-version":[{"id":9737,"href":"https:\/\/kiube.se\/projekt\/wp-json\/wp\/v2\/pages\/5788\/revisions\/9737"}],"wp:attachment":[{"href":"https:\/\/kiube.se\/projekt\/wp-json\/wp\/v2\/media?parent=5788"}],"curies":[{"name":"wp","href":"https:\/\/api.w.org\/{rel}","templated":true}]}}