{"id":5742,"date":"2019-02-02T17:20:13","date_gmt":"2019-02-02T16:20:13","guid":{"rendered":"https:\/\/kiube.se\/projekt\/?page_id=5742"},"modified":"2023-09-06T11:40:41","modified_gmt":"2023-09-06T10:40:41","slug":"members-2","status":"publish","type":"page","link":"https:\/\/kiube.se\/projekt\/members-2","title":{"rendered":"Members"},"content":{"rendered":"<p>F\u00f6r att underl\u00e4tta kommunikation i flera olika projekt med flera olika personer, sk m\u00e5nga till m\u00e5nga kommunikation har vi skapat denna kommunikationstavla, f\u00f6r att g\u00f6ra det enkelt f\u00f6r alla inblandade att l\u00e4tt n\u00e5 mottagaren <strong>p\u00e5 mottagarens villkor<\/strong><\/p>\n<hr \/>\n\n\n\n<div id=\"member-view-4\"><div id=\"wpv-view-layout-5741\" class=\"js-wpv-view-layout js-wpv-layout-responsive js-wpv-view-layout-5741\" data-viewnumber=\"5741\" data-pagination=\"{&quot;id&quot;:&quot;5741&quot;,&quot;query&quot;:&quot;normal&quot;,&quot;type&quot;:&quot;disabled&quot;,&quot;effect&quot;:&quot;fade&quot;,&quot;duration&quot;:&quot;500&quot;,&quot;speed&quot;:&quot;5&quot;,&quot;pause_on_hover&quot;:&quot;disabled&quot;,&quot;stop_rollover&quot;:&quot;false&quot;,&quot;cache_pages&quot;:&quot;enabled&quot;,&quot;preload_images&quot;:&quot;enabled&quot;,&quot;preload_pages&quot;:&quot;enabled&quot;,&quot;preload_reach&quot;:&quot;1&quot;,&quot;spinner&quot;:&quot;builtin&quot;,&quot;spinner_image&quot;:&quot;https:\/\/ref.toolset.com\/toolset-modules\/wp-content\/plugins\/views-trunk\/embedded\/res\/img\/ajax-loader.gif&quot;,&quot;callback_next&quot;:&quot;&quot;,&quot;manage_history&quot;:&quot;enabled&quot;,&quot;has_controls_in_form&quot;:&quot;disabled&quot;,&quot;infinite_tolerance&quot;:&quot;0&quot;,&quot;max_pages&quot;:0,&quot;page&quot;:1,&quot;base_permalink&quot;:&quot;\/projekt\/wp-json\/wp\/v2\/pages\/5742?wpv_view_count=5741&amp;wpv_paged=WPV_PAGE_NUM&quot;,&quot;loop&quot;:{&quot;type&quot;:&quot;&quot;,&quot;name&quot;:&quot;&quot;,&quot;data&quot;:[],&quot;id&quot;:0}}\" data-permalink=\"\/projekt\/wp-json\/wp\/v2\/pages\/5742?wpv_view_count=5741\">\n\n\t\n\t\n\t\n\t\t\n\t\t<div class=\"row \">\n\t\t\t<div class=\"col-sm-4\"><div class=\"member-item\">\n  \n  <div class=\"img-wrapper\">\n    <a href=\"https:\/\/kiube.se\/projekt\/member\/christofer-lundin\"><img decoding=\"async\" src=\"https:\/\/s3.eu-north-1.amazonaws.com\/kiube.se\/wp-content\/uploads\/sites\/72\/2019\/02\/25182718\/IMG_8926.jpg\" class=\"attachment-custom member-img\" \/><\/a>\n  <\/div>\n  <h2><a href=\"https:\/\/kiube.se\/projekt\/member\/christofer-lundin\">Christofer Lundin<\/a><\/h2>\n  <p class=\"member-lang\"><a href=\"https:\/\/kiube.se\/projekt\/spoken-language\/english\">English<\/a>, <a href=\"https:\/\/kiube.se\/projekt\/spoken-language\/swedish\">Swedish<\/a><\/p>\n  <p class=\"member-description\">Grundare och teknisk trollkarl<\/p>\n<\/div><\/div>\n\t\t\n\t\t\n\t\t\t<div class=\"col-sm-4\"><div class=\"member-item\">\n  <img decoding=\"async\" src=\"https:\/\/s3.eu-north-1.amazonaws.com\/kiube.se\/wp-content\/uploads\/sites\/72\/2018\/08\/04211752\/solenergi.jpg\" class=\"attachment-full member-city-img\" \/>\n  <div class=\"img-wrapper\">\n    <a href=\"https:\/\/kiube.se\/projekt\/member\/lars-lindmark\"><img decoding=\"async\" src=\"https:\/\/s3.eu-north-1.amazonaws.com\/kiube.se\/wp-content\/uploads\/sites\/72\/2018\/08\/12091656\/IMG_8547.jpg\" class=\"attachment-custom member-img\" \/><\/a>\n  <\/div>\n  <h2><a href=\"https:\/\/kiube.se\/projekt\/member\/lars-lindmark\">Lars Lindmark<\/a><\/h2>\n  <p class=\"member-lang\"><a href=\"https:\/\/kiube.se\/projekt\/spoken-language\/english\">English<\/a>, <a href=\"https:\/\/kiube.se\/projekt\/spoken-language\/french\">French<\/a>, <a href=\"https:\/\/kiube.se\/projekt\/spoken-language\/german\">German<\/a>, <a href=\"https:\/\/kiube.se\/projekt\/spoken-language\/swedish\">Swedish<\/a><\/p>\n  <p class=\"member-description\">Jido Kommunikationskanaler | AboutMe | LinkedIN | Twitter | Bsky | BanbrytareLateral t\u00e4nkareFilosof och reflekterande tankePionj\u00e4r som f\u00f6reg\u00e5r med gott exempelIdealist lite f\u00f6re min tidArtist med svaghet f\u00f6r perfektionSugen p\u00e5 merVision\u00e4r med ett nytt perspektivSvara p\u00e5 fr\u00e5gorna som \u00e4r doldaId\u00e9er som blir milstolparIndividualist som s\u00e4tter tydliga m\u00e5lSom fokuserar p\u00e5 det &#8230;<\/p>\n<\/div><\/div>\n\t\t\n\t\t\t<div class=\"col-sm-4\"><\/div>\n\t\t<\/div>\n\t\n\t\n\t\n\t\n<\/div><\/div>\n","protected":false},"excerpt":{"rendered":"<p>F\u00f6r att underl\u00e4tta kommunikation i flera olika projekt med flera olika personer, sk m\u00e5nga till m\u00e5nga kommunikation har vi skapat denna kommunikationstavla, f\u00f6r att g\u00f6ra det enkelt f\u00f6r alla inblandade att l\u00e4tt n\u00e5 mottagaren p\u00e5 mottagarens villkor<\/p>\n","protected":false},"author":131,"featured_media":0,"parent":0,"menu_order":0,"comment_status":"closed","ping_status":"closed","template":"","meta":{"_monsterinsights_skip_tracking":false,"_monsterinsights_sitenote_active":false,"_monsterinsights_sitenote_note":"","_monsterinsights_sitenote_category":0,"jetpack_post_was_ever_published":false,"footnotes":""},"class_list":["post-5742","page","type-page","status-publish","hentry"],"aioseo_notices":[],"jetpack_shortlink":"https:\/\/wp.me\/P8EJTZ-1uC","jetpack_sharing_enabled":true,"_links":{"self":[{"href":"https:\/\/kiube.se\/projekt\/wp-json\/wp\/v2\/pages\/5742","targetHints":{"allow":["GET"]}}],"collection":[{"href":"https:\/\/kiube.se\/projekt\/wp-json\/wp\/v2\/pages"}],"about":[{"href":"https:\/\/kiube.se\/projekt\/wp-json\/wp\/v2\/types\/page"}],"author":[{"embeddable":true,"href":"https:\/\/kiube.se\/projekt\/wp-json\/wp\/v2\/users\/131"}],"replies":[{"embeddable":true,"href":"https:\/\/kiube.se\/projekt\/wp-json\/wp\/v2\/comments?post=5742"}],"version-history":[{"count":0,"href":"https:\/\/kiube.se\/projekt\/wp-json\/wp\/v2\/pages\/5742\/revisions"}],"wp:attachment":[{"href":"https:\/\/kiube.se\/projekt\/wp-json\/wp\/v2\/media?parent=5742"}],"curies":[{"name":"wp","href":"https:\/\/api.w.org\/{rel}","templated":true}]}}