{"id":2648,"date":"2015-04-28T11:46:35","date_gmt":"2015-04-28T10:46:35","guid":{"rendered":"http:\/\/kiube.se\/projekt\/?page_id=2648"},"modified":"2024-05-02T16:10:16","modified_gmt":"2024-05-02T15:10:16","slug":"fadder","status":"publish","type":"page","link":"https:\/\/kiube.se\/projekt\/fadder","title":{"rendered":"Fadderskap"},"content":{"rendered":"<p>Nedan kan du se vilka solceller som har en fadder. Du kan ocks\u00e5 bidra genom att<a href=\"http:\/\/kiube.se\/?product=solcellsfadder\"> bli fadder h\u00e4r<\/a>.<\/p>\n<hr \/>\n<p><!--themify_builder_static--><\/p>\n<p><a href=\"http:\/\/s3.eu-north-1.amazonaws.com\/kiube.se\/wp-content\/uploads\/sites\/72\/2015\/08\/26171211\/615894_60578949.jpg\"><img loading=\"lazy\" decoding=\"async\" class=\"alignnone\" src=\"http:\/\/s3.eu-north-1.amazonaws.com\/kiube.se\/wp-content\/uploads\/sites\/72\/2015\/08\/26171211\/615894_60578949.jpg\" alt=\"615894_60578949\" width=\"767\" height=\"575\" \/><\/a><\/p>\n<p><b>Som fadder visar du ditt st\u00f6d att utveckla energisn\u00e5la och milj\u00f6v\u00e4nliga prylar. Du f\u00e5r uppdaterad information hur projekten l\u00f6per. Och kan dela projektets fram- och motg\u00e5ngar.<\/b><\/p>\n<p><b>V\u00e5ra medlemmar\u00a0f\u00e5r genom xProjekt tillg\u00e5ng till en\u00a0 kultur och utvecklingsmilj\u00f6 som fr\u00e4mjar kreativitet.\u00a0<\/b><\/p>\n<p>Vi som ambition att utveckla energisn\u00e5la och milj\u00f6v\u00e4nliga prylar. Vi har d\u00e4rf\u00f6r tagit fram en innovationsmilj\u00f6 och kultur som ska underl\u00e4tta f\u00f6r v\u00e5ra medlemmar\u00a0att starta projekt.<\/p>\n<p>En kultur och ett innovationsklimat som tar tillvara varje individs egen potential att v\u00e4xa och utvecklas som m\u00e4nniska d\u00e4r experiment och misslyckande ses som ett s\u00e4tt att l\u00e4ra.<\/p>\n<p>Genom att du ger ditt st\u00f6d visar du att detta \u00e4r viktigt f\u00f6r att p\u00e5 sikt n\u00e5 ett h\u00e5llbart och milj\u00f6v\u00e4nligt samh\u00e4lle. Samt bidrar till att m\u00e4nniskor\u00a0kan f\u00e5 jobba med det som de tycker \u00e4r viktigt.<\/p>\n<p>Du f\u00e5r en egen cell p\u00e5 en solpanel som du kan f\u00f6lja p\u00e5 n\u00e4tet.<\/p>\n<p><iframe loading=\"lazy\" src=\"https:\/\/docs.google.com\/spreadsheets\/d\/1YVkMv7v5nTmYxsABCdSj9ElGAGcbf2ASbfQAyJVVJ6U\/pubhtml?widget=true&amp;headers=false\" width=\"360\" height=\"550\"><\/iframe><\/p>\n<p><!--\/themify_builder_static--><\/p>\n","protected":false},"excerpt":{"rendered":"<p>Nedan kan du se vilka solceller som har en fadder. Du kan ocks\u00e5 bidra genom att bli fadder h\u00e4r. Som fadder visar du ditt st\u00f6d att utveckla energisn\u00e5la och milj\u00f6v\u00e4nliga prylar. Du f\u00e5r uppdaterad information hur projekten l\u00f6per. Och kan dela projektets fram- och motg\u00e5ngar. V\u00e5ra medlemmar\u00a0f\u00e5r genom xProjekt tillg\u00e5ng till en\u00a0 kultur och utvecklingsmilj\u00f6 [&hellip;]<\/p>\n","protected":false},"author":131,"featured_media":0,"parent":0,"menu_order":0,"comment_status":"open","ping_status":"open","template":"","meta":{"_monsterinsights_skip_tracking":false,"_monsterinsights_sitenote_active":false,"_monsterinsights_sitenote_note":"","_monsterinsights_sitenote_category":0,"jetpack_post_was_ever_published":false,"footnotes":""},"class_list":["post-2648","page","type-page","status-publish","hentry"],"aioseo_notices":[],"jetpack_shortlink":"https:\/\/wp.me\/P8EJTZ-GI","jetpack_sharing_enabled":true,"_links":{"self":[{"href":"https:\/\/kiube.se\/projekt\/wp-json\/wp\/v2\/pages\/2648","targetHints":{"allow":["GET"]}}],"collection":[{"href":"https:\/\/kiube.se\/projekt\/wp-json\/wp\/v2\/pages"}],"about":[{"href":"https:\/\/kiube.se\/projekt\/wp-json\/wp\/v2\/types\/page"}],"author":[{"embeddable":true,"href":"https:\/\/kiube.se\/projekt\/wp-json\/wp\/v2\/users\/131"}],"replies":[{"embeddable":true,"href":"https:\/\/kiube.se\/projekt\/wp-json\/wp\/v2\/comments?post=2648"}],"version-history":[{"count":0,"href":"https:\/\/kiube.se\/projekt\/wp-json\/wp\/v2\/pages\/2648\/revisions"}],"wp:attachment":[{"href":"https:\/\/kiube.se\/projekt\/wp-json\/wp\/v2\/media?parent=2648"}],"curies":[{"name":"wp","href":"https:\/\/api.w.org\/{rel}","templated":true}]}}