{"id":2536,"date":"2015-03-03T14:47:08","date_gmt":"2015-03-03T13:47:08","guid":{"rendered":"http:\/\/kiube.se\/projekt\/?page_id=2536"},"modified":"2017-12-02T16:07:46","modified_gmt":"2017-12-02T15:07:46","slug":"nyhetsbrev","status":"publish","type":"page","link":"https:\/\/kiube.se\/projekt\/nyhetsbrev","title":{"rendered":"Medlemskap"},"content":{"rendered":"<p>Medlem betyder att du f\u00e5r information om vad som h\u00e4nder i xProjekt, och i v\u00e5r Designstuga. En plats f\u00f6r dig som vill starta och driva projekt som andra kan bli delaktiga i.<\/p>\n<p>Medlemskapet \u00e4r gratis och som passiv medlem och v\u00e4n f\u00e5r du ett nyhetsbrev 4 ggr \/\u00e5r. Du kan n\u00e4r som helst avsluta din prenumeration i det nyhetsbrevet som du f\u00e5r.<!--themify_builder_static--><\/p>\n<h2>Bli medlem<\/h2>\n<form id=\"form-\" method=\"post\" action=\"#wysija\">\n<p> <label>E-post *<\/label> <input type=\"text\" name=\"wysija[user][email]\" title=\"E-post\" value=\"\" \/> <input type=\"text\" name=\"wysija[user][abs][email]\" value=\"\" \/> <\/p>\n<p>V\u00e4lj lista\/listor():<\/p>\n<p><label><input name=\"wysija[user_list][list_id][]\" type=\"checkbox\" value=\"1\" \/> Passiv medlemslista<\/label><\/p>\n<p><label><input name=\"wysija[user_list][list_id][]\" type=\"checkbox\" value=\"5\" \/> Aktiva medlemmar<\/label><\/p>\n<p><label><input name=\"wysija[user_list][list_id][]\" type=\"checkbox\" value=\"6\" \/> F\u00f6retagsmedlemmar<\/label><\/p>\n<p><input type=\"submit\" value=\"Prenumerera!\" \/><br \/>\n <input type=\"hidden\" name=\"form_id\" value=\"1\" \/> <input type=\"hidden\" name=\"action\" value=\"save\" \/> <input type=\"hidden\" name=\"controller\" value=\"subscribers\" \/> <input type=\"hidden\" value=\"1\" name=\"wysija-page\" \/><br \/>\n <\/form>\n<p><strong>V\u00e5ra fyra medlemskap<br \/> <\/strong><\/p>\n<p><strong>Passiva medlemmar (v\u00e4n)93 st<\/strong><\/p>\n<p>&#8211; Nyhetsbrev (4ggr\/\u00e5r)<\/p>\n<p><strong>Aktiva medlemmar (gratis)\u00a093 st<\/strong><\/p>\n<p>&#8211; Nyhetsbrev (1ggr\/m\u00e5nad)<br \/> &#8211; Skapa konto i digitala arkivet<br \/> &#8211; Samla cred f\u00f6r aktiviteter i v\u00e5ra Designstugor<br \/> &#8211; Starta projekt med startkapital<br \/> &#8211; Praktik och sommarjobb p\u00e5 partnerf\u00f6retag<\/p>\n<p><strong>St\u00f6dmedlem (Fadder)\u00a093\u00a0st<\/strong><\/p>\n<p>-Nyhetsbrev<br \/>&#8211; F\u00f6rm\u00e5ner (&#8220;perks&#8221;)<br \/>&#8211; &#8220;provap\u00e5 dagar&#8221;<br \/>&#8211; Studiebes\u00f6k p\u00e5 partnerf\u00f6retag<\/p>\n<p><strong>Samarbetspartner<\/strong><\/p>\n<p>Kommuner<\/p>\n<p>\u00a0<\/p>\n<p>Skolor<\/p>\n<p>\u00a0<\/p>\n<p>F\u00f6retag<\/p>\n<p>\u00a0<\/p>\n<p><!--\/themify_builder_static--><\/p>\n","protected":false},"excerpt":{"rendered":"<p>Medlem betyder att du f\u00e5r information om vad som h\u00e4nder i xProjekt, och i v\u00e5r Designstuga. En plats f\u00f6r dig som vill starta och driva projekt som andra kan bli delaktiga i. Medlemskapet \u00e4r gratis och som passiv medlem och v\u00e4n f\u00e5r du ett nyhetsbrev 4 ggr \/\u00e5r. Du kan n\u00e4r som helst avsluta din [&hellip;]<\/p>\n","protected":false},"author":118,"featured_media":0,"parent":0,"menu_order":0,"comment_status":"open","ping_status":"open","template":"page.php","meta":{"_monsterinsights_skip_tracking":false,"_monsterinsights_sitenote_active":false,"_monsterinsights_sitenote_note":"","_monsterinsights_sitenote_category":0,"jetpack_post_was_ever_published":false,"footnotes":""},"class_list":["post-2536","page","type-page","status-publish","hentry"],"aioseo_notices":[],"jetpack_shortlink":"https:\/\/wp.me\/P8EJTZ-EU","jetpack_sharing_enabled":true,"_links":{"self":[{"href":"https:\/\/kiube.se\/projekt\/wp-json\/wp\/v2\/pages\/2536","targetHints":{"allow":["GET"]}}],"collection":[{"href":"https:\/\/kiube.se\/projekt\/wp-json\/wp\/v2\/pages"}],"about":[{"href":"https:\/\/kiube.se\/projekt\/wp-json\/wp\/v2\/types\/page"}],"author":[{"embeddable":true,"href":"https:\/\/kiube.se\/projekt\/wp-json\/wp\/v2\/users\/118"}],"replies":[{"embeddable":true,"href":"https:\/\/kiube.se\/projekt\/wp-json\/wp\/v2\/comments?post=2536"}],"version-history":[{"count":0,"href":"https:\/\/kiube.se\/projekt\/wp-json\/wp\/v2\/pages\/2536\/revisions"}],"wp:attachment":[{"href":"https:\/\/kiube.se\/projekt\/wp-json\/wp\/v2\/media?parent=2536"}],"curies":[{"name":"wp","href":"https:\/\/api.w.org\/{rel}","templated":true}]}}