{"id":2429,"date":"2015-02-09T13:13:57","date_gmt":"2015-02-09T12:13:57","guid":{"rendered":"http:\/\/kiube.se\/projekt\/?page_id=2429"},"modified":"2017-12-02T16:07:40","modified_gmt":"2017-12-02T15:07:40","slug":"ordlista","status":"publish","type":"page","link":"https:\/\/kiube.se\/projekt\/ordlista","title":{"rendered":"Ordlista"},"content":{"rendered":"<p>H\u00e4r hittar du ord som kan vara bra att k\u00e4nna till och som anv\u00e4nds p\u00e5 denna xProjektplats.<\/p>\n","protected":false},"excerpt":{"rendered":"<p>H\u00e4r hittar du ord som kan vara bra att k\u00e4nna till och som anv\u00e4nds p\u00e5 denna xProjektplats.<\/p>\n","protected":false},"author":131,"featured_media":0,"parent":0,"menu_order":0,"comment_status":"open","ping_status":"open","template":"page.php","meta":{"_monsterinsights_skip_tracking":false,"_monsterinsights_sitenote_active":false,"_monsterinsights_sitenote_note":"","_monsterinsights_sitenote_category":0,"jetpack_post_was_ever_published":false,"footnotes":""},"class_list":["post-2429","page","type-page","status-publish","hentry"],"aioseo_notices":[],"jetpack_shortlink":"https:\/\/wp.me\/P8EJTZ-Db","jetpack_sharing_enabled":true,"_links":{"self":[{"href":"https:\/\/kiube.se\/projekt\/wp-json\/wp\/v2\/pages\/2429","targetHints":{"allow":["GET"]}}],"collection":[{"href":"https:\/\/kiube.se\/projekt\/wp-json\/wp\/v2\/pages"}],"about":[{"href":"https:\/\/kiube.se\/projekt\/wp-json\/wp\/v2\/types\/page"}],"author":[{"embeddable":true,"href":"https:\/\/kiube.se\/projekt\/wp-json\/wp\/v2\/users\/131"}],"replies":[{"embeddable":true,"href":"https:\/\/kiube.se\/projekt\/wp-json\/wp\/v2\/comments?post=2429"}],"version-history":[{"count":0,"href":"https:\/\/kiube.se\/projekt\/wp-json\/wp\/v2\/pages\/2429\/revisions"}],"wp:attachment":[{"href":"https:\/\/kiube.se\/projekt\/wp-json\/wp\/v2\/media?parent=2429"}],"curies":[{"name":"wp","href":"https:\/\/api.w.org\/{rel}","templated":true}]}}